{"id":5173,"date":"2024-08-21T10:42:43","date_gmt":"2024-08-21T10:42:43","guid":{"rendered":"https:\/\/aiviouvapes.com\/?page_id=5173"},"modified":"2026-02-02T10:25:50","modified_gmt":"2026-02-02T02:25:50","slug":"coupons-offer","status":"publish","type":"page","link":"https:\/\/aiviouvapes.com\/pl\/coupons-offer\/","title":{"rendered":"Kupony i oferty"},"content":{"rendered":"<div class=\"row\"  id=\"row-771102662\">\n\n\t<div id=\"col-855194554\" class=\"col medium-6 small-12 large-6\"  >\n\t\t\t\t<div class=\"col-inner text-center\"  >\n\t\t\t\n\t\t\t\n\t<div id=\"text-1374614024\" class=\"text\">\n\t\t\n<h2>2026 Dost\u0119pny ekskluzywny kod kuponu!<\/h2>\n<p>Zaloguj si\u0119 na swoje konto i przejd\u017a do strony z kodem kuponu, aby odblokowa\u0107 spersonalizowan\u0105 zni\u017ck\u0119 i zacz\u0105\u0107 oszcz\u0119dza\u0107 ju\u017c dzi\u015b.<\/p>\n\t\t\n<style>\n#text-1374614024 {\n  text-align: center;\n}\n<\/style>\n\t<\/div>\n\t\n<a href=\"https:\/\/aiviouvapes.com\/pl\/my-account\/smart-coupons\/\" class=\"button primary box-shadow-3 box-shadow-1-hover\" >\n\t\t<span>Wy\u015bwietl kupony<\/span>\n\t<\/a>\n\n\t\t<\/div>\n\t\t\t\t\t<\/div>\n\n\t\n\n\t<div id=\"col-1907612415\" class=\"col medium-6 small-12 large-6\"  >\n\t\t\t\t<div class=\"col-inner text-center\"  >\n\t\t\t\n\t\t\t\n<div id=\"text-3360396666\" class=\"text\">\n<h2 style=\"text-align: left;\">Jednorazowe kupony i oferty Vape od AIVIOU VAPES<\/h2>\n<\/div>\n<p style=\"text-align: left;\">Witamy na stronie aiviouvapes.com, najlepszym miejscu online dla najwy\u017cszej jako\u015bci jednorazowych produkt\u00f3w vape. Odkryj nasz\u0105 bogat\u0105 kolekcj\u0119 renomowanych marek, w tym Doloda, Elf Box, Bang King, Al Fakher Vape, Vapeme, Waspe, RandM Tornado, Bang Box i wiele innych. Pami\u0119taj, aby cz\u0119sto sprawdza\u0107 nasz\u0105 stron\u0119 internetow\u0105 pod k\u0105tem ekskluzywnych ofert i ofert specjalnych, zapewniaj\u0105c, \u017ce nasze wyj\u0105tkowe produkty vape pozostaj\u0105 dost\u0119pne dla wszystkich.<\/p>\n<p style=\"text-align: left;\">Jeste\u015bmy profesjonalnym hurtowym dystrybutorem jednorazowych vape. Nasze mar\u017ce zysku s\u0105 minimalne, a my dok\u0142adamy wszelkich stara\u0144, oferuj\u0105c kupony rabatowe, d\u0105\u017c\u0105c do d\u0142ugoterminowej i stabilnej wsp\u00f3\u0142pracy z naszymi klientami.<\/p>\n<a href=\"https:\/\/aiviouvapes.com\/pl\/shop\/\" class=\"button primary box-shadow-3 box-shadow-1-hover\" >\n\t\t<span>Zam\u00f3w teraz<\/span>\n\t<\/a>\n\n\t\t<\/div>\n\t\t\t\t\t<\/div>\n\n\t\n<\/div>\n\t<div id=\"gap-1310807152\" class=\"gap-element clearfix\" style=\"display:block; height:auto;\">\n\t\t\n<style>\n#gap-1310807152 {\n  padding-top: 30px;\n}\n<\/style>\n\t<\/div>\n\t\n<div class=\"container section-title-container\" ><h3 class=\"section-title section-title-normal\"><b aria-hidden=\"true\"><\/b><span class=\"section-title-main\" >Biblioteka kupon\u00f3w partnerskich (do u\u017cytku publicznego)<\/span><b aria-hidden=\"true\"><\/b><\/h3><\/div>\n<table style=\"width:100%; border-collapse:collapse; font-family:Arial, sans-serif; text-align:left; border:1px solid #ddd;\">\n<thead style=\"background:#f7f7f7;\">\n<tr>\n<th style=\"padding:10px; border:1px solid #ddd;\">\ud83c\udf9f\ufe0f Kod kuponu<\/th>\n<th style=\"padding:10px; border:1px solid #ddd;\">Zni\u017cka<\/th>\n<th style=\"padding:10px; border:1px solid #ddd;\">Minimalne zam\u00f3wienie<\/th>\n<th style=\"padding:10px; border:1px solid #ddd;\">Wa\u017cne do<\/th>\n<th style=\"padding:10px; border:1px solid #ddd;\">Opis<\/th>\n<th style=\"padding:10px; border:1px solid #ddd;\">Sugerowana linia reklamowa<\/th>\n<\/tr>\n<\/thead>\n<tbody>\n<tr>\n<td style=\"padding:10px; border:1px solid #ddd;\"><b>BULKSAVE300<\/b><\/td>\n<td style=\"padding:10px; border:1px solid #ddd;\">2% OFF<\/td>\n<td style=\"padding:10px; border:1px solid #ddd;\">\u20ac300+<\/td>\n<td style=\"padding:10px; border:1px solid #ddd;\">31 grudnia 2026 r.<\/td>\n<td style=\"padding:10px; border:1px solid #ddd;\">Zaoszcz\u0119d\u017a du\u017co przy zam\u00f3wieniu powy\u017cej 300 \u20ac!<\/td>\n<td style=\"padding:10px; border:1px solid #ddd;\">Wydawaj m\u0105drze, oszcz\u0119dzaj wi\u0119cej! Get <b>2% OFF<\/b> zam\u00f3wienia powy\u017cej 300 EUR.<\/td>\n<\/tr>\n<tr>\n<td style=\"padding:10px; border:1px solid #ddd;\"><b>BULKSAVE<\/b><\/td>\n<td style=\"padding:10px; border:1px solid #ddd;\">3% OFF<\/td>\n<td style=\"padding:10px; border:1px solid #ddd;\">\u20ac500+<\/td>\n<td style=\"padding:10px; border:1px solid #ddd;\">31 grudnia 2026 r.<\/td>\n<td style=\"padding:10px; border:1px solid #ddd;\">Ciesz si\u0119 wi\u0119kszymi oszcz\u0119dno\u015bciami przy zam\u00f3wieniach powy\u017cej 500 \u20ac!<\/td>\n<td style=\"padding:10px; border:1px solid #ddd;\">Du\u017ce zam\u00f3wienia = du\u017ce nagrody! <b>3% OFF<\/b> powy\u017cej 500 euro.<\/td>\n<\/tr>\n<tr>\n<td style=\"padding:10px; border:1px solid #ddd;\"><b>BULKSAVE1500<\/b><\/td>\n<td style=\"padding:10px; border:1px solid #ddd;\">3.01% WY\u0141.<\/td>\n<td style=\"padding:10px; border:1px solid #ddd;\">\u20ac1500+<\/td>\n<td style=\"padding:10px; border:1px solid #ddd;\">31 grudnia 2026 r.<\/td>\n<td style=\"padding:10px; border:1px solid #ddd;\">Specjalna zni\u017cka dla kupuj\u0105cych du\u017ce ilo\u015bci.<\/td>\n<td style=\"padding:10px; border:1px solid #ddd;\">\ud83c\udff7\ufe0f Mega Saver! Wydaj ponad 1500 \u20ac i otrzymaj <b>3.01% WY\u0141.<\/b>.<\/td>\n<\/tr>\n<tr>\n<td style=\"padding:10px; border:1px solid #ddd;\"><b>NOV2026<\/b><\/td>\n<td style=\"padding:10px; border:1px solid #ddd;\">5 \u20ac OFF<\/td>\n<td style=\"padding:10px; border:1px solid #ddd;\">\u20ac90+<\/td>\n<td style=\"padding:10px; border:1px solid #ddd;\">30 listopada 2026 r.<\/td>\n<td style=\"padding:10px; border:1px solid #ddd;\">Listopadowa promocja - 5 \u20ac zni\u017cki na koszyk!<\/td>\n<td style=\"padding:10px; border:1px solid #ddd;\">Zaoszcz\u0119d\u017a natychmiast 5 \u20ac dzi\u0119ki <b>NOV2026<\/b> przez ca\u0142y listopad!<\/td>\n<\/tr>\n<tr>\n<td style=\"padding:10px; border:1px solid #ddd;\"><b>BlackFriday<\/b><\/td>\n<td style=\"padding:10px; border:1px solid #ddd;\">10 \u20ac OFF<\/td>\n<td style=\"padding:10px; border:1px solid #ddd;\">\u20ac90+<\/td>\n<td style=\"padding:10px; border:1px solid #ddd;\">27 listopada 2026 r.<\/td>\n<td style=\"padding:10px; border:1px solid #ddd;\">Specjalne oszcz\u0119dno\u015bci z okazji Czarnego Pi\u0105tku na kwalifikuj\u0105ce si\u0119 zam\u00f3wienia.<\/td>\n<td style=\"padding:10px; border:1px solid #ddd;\">Kradzie\u017c w Czarny Pi\u0105tek: Zdob\u0105d\u017a <b>10 \u20ac OFF<\/b> przy wydatkach powy\u017cej 90 \u20ac!<\/td>\n<\/tr>\n<tr>\n<td style=\"padding:10px; border:1px solid #ddd;\"><b>CyberMonday<\/b><\/td>\n<td style=\"padding:10px; border:1px solid #ddd;\">10 \u20ac OFF<\/td>\n<td style=\"padding:10px; border:1px solid #ddd;\">\u20ac90+<\/td>\n<td style=\"padding:10px; border:1px solid #ddd;\">30 listopada 2026 r.<\/td>\n<td style=\"padding:10px; border:1px solid #ddd;\">Rozszerzenie Cyber Monday - dodatkowy czas na oszcz\u0119dzanie!<\/td>\n<td style=\"padding:10px; border:1px solid #ddd;\">Kliknij, koszyk, zapisz: <b>10 \u20ac OFF<\/b> zam\u00f3wienia 90\u20ac+!<\/td>\n<\/tr>\n<tr>\n<td style=\"padding:10px; border:1px solid #ddd;\"><b>ChristmasDay<\/b><\/td>\n<td style=\"padding:10px; border:1px solid #ddd;\">10 \u20ac OFF<\/td>\n<td style=\"padding:10px; border:1px solid #ddd;\">\u20ac90+<\/td>\n<td style=\"padding:10px; border:1px solid #ddd;\">26 grudnia 2026 r.<\/td>\n<td style=\"padding:10px; border:1px solid #ddd;\">\u015awi\u0105teczne oszcz\u0119dno\u015bci dla kupuj\u0105cych na Bo\u017ce Narodzenie.<\/td>\n<td style=\"padding:10px; border:1px solid #ddd;\">Rozpakuj <b>10 \u20ac OFF<\/b> na ponad 90 \u20ac w te \u015awi\u0119ta!<\/td>\n<\/tr>\n<tr>\n<td style=\"padding:10px; border:1px solid #ddd;\"><b>BoxingDay<\/b><\/td>\n<td style=\"padding:10px; border:1px solid #ddd;\">10 \u20ac OFF<\/td>\n<td style=\"padding:10px; border:1px solid #ddd;\">\u20ac90+<\/td>\n<td style=\"padding:10px; border:1px solid #ddd;\">27 grudnia 2026 r.<\/td>\n<td style=\"padding:10px; border:1px solid #ddd;\">Oferta Boxing Day na kwalifikuj\u0105ce si\u0119 koszyki.<\/td>\n<td style=\"padding:10px; border:1px solid #ddd;\">Day-After Deal: <b>10 \u20ac OFF<\/b> przy wydatkach powy\u017cej 90 \u20ac.<\/td>\n<\/tr>\n<tr>\n<td style=\"padding:10px; border:1px solid #ddd;\"><b>NewYearDay<\/b><\/td>\n<td style=\"padding:10px; border:1px solid #ddd;\">10 \u20ac OFF<\/td>\n<td style=\"padding:10px; border:1px solid #ddd;\">\u20ac90+<\/td>\n<td style=\"padding:10px; border:1px solid #ddd;\">2 stycznia 2027 r.<\/td>\n<td style=\"padding:10px; border:1px solid #ddd;\">Rozpocznij nowy rok z natychmiastowymi oszcz\u0119dno\u015bciami.<\/td>\n<td style=\"padding:10px; border:1px solid #ddd;\">Nowy rok, nowe oszcz\u0119dno\u015bci: <b>10 \u20ac OFF<\/b> \u20ac90+!<\/td>\n<\/tr>\n<p><!-- 2026 Monthly Coupons --><\/p>\n<tr>\n<td style=\"padding:10px; border:1px solid #ddd;\"><b>FEB2026<\/b><\/td>\n<td style=\"padding:10px; border:1px solid #ddd;\">5 \u20ac OFF<\/td>\n<td style=\"padding:10px; border:1px solid #ddd;\">\u20ac90+<\/td>\n<td style=\"padding:10px; border:1px solid #ddd;\">28 lutego 2026 r.<\/td>\n<td style=\"padding:10px; border:1px solid #ddd;\">Lutowa oferta - \u0142atwe oszcz\u0119dno\u015bci.<\/td>\n<td style=\"padding:10px; border:1px solid #ddd;\">\u2764\ufe0f Uwielbiam t\u0119 cen\u0119! <b>5 \u20ac OFF<\/b> z FEB2026.<\/td>\n<\/tr>\n<tr>\n<td style=\"padding:10px; border:1px solid #ddd;\"><b>MAR2026<\/b><\/td>\n<td style=\"padding:10px; border:1px solid #ddd;\">5 \u20ac OFF<\/td>\n<td style=\"padding:10px; border:1px solid #ddd;\">\u20ac90+<\/td>\n<td style=\"padding:10px; border:1px solid #ddd;\">31 marca 2026 r.<\/td>\n<td style=\"padding:10px; border:1px solid #ddd;\">Marcowe oszcz\u0119dno\u015bci sta\u0142y si\u0119 proste.<\/td>\n<td style=\"padding:10px; border:1px solid #ddd;\">Wiosenny start: <b>5 \u20ac OFF<\/b> z MAR2026.<\/td>\n<\/tr>\n<tr>\n<td style=\"padding:10px; border:1px solid #ddd;\"><b>APR2026<\/b><\/td>\n<td style=\"padding:10px; border:1px solid #ddd;\">5 \u20ac OFF<\/td>\n<td style=\"padding:10px; border:1px solid #ddd;\">\u20ac90+<\/td>\n<td style=\"padding:10px; border:1px solid #ddd;\">30 kwietnia 2026 r.<\/td>\n<td style=\"padding:10px; border:1px solid #ddd;\">Kwietniowy bonus do koszyka.<\/td>\n<td style=\"padding:10px; border:1px solid #ddd;\">\u015awie\u017ce oferty: <b>5 \u20ac OFF<\/b> APR2026.<\/td>\n<\/tr>\n<tr>\n<td style=\"padding:10px; border:1px solid #ddd;\"><b>MAY2026<\/b><\/td>\n<td style=\"padding:10px; border:1px solid #ddd;\">5 \u20ac OFF<\/td>\n<td style=\"padding:10px; border:1px solid #ddd;\">\u20ac90+<\/td>\n<td style=\"padding:10px; border:1px solid #ddd;\">31 maja 2026 r.<\/td>\n<td style=\"padding:10px; border:1px solid #ddd;\">Majowe specjalne oszcz\u0119dno\u015bci.<\/td>\n<td style=\"padding:10px; border:1px solid #ddd;\">Jasne oszcz\u0119dno\u015bci dzi\u0119ki <b>MAY2026<\/b>.<\/td>\n<\/tr>\n<tr>\n<td style=\"padding:10px; border:1px solid #ddd;\"><b>JUN2026<\/b><\/td>\n<td style=\"padding:10px; border:1px solid #ddd;\">5 \u20ac OFF<\/td>\n<td style=\"padding:10px; border:1px solid #ddd;\">\u20ac90+<\/td>\n<td style=\"padding:10px; border:1px solid #ddd;\">30 czerwca 2026 r.<\/td>\n<td style=\"padding:10px; border:1px solid #ddd;\">Czerwcowy bonus kasowy.<\/td>\n<td style=\"padding:10px; border:1px solid #ddd;\">\u2600\ufe0f Letnie oszcz\u0119dzanie: <b>5 \u20ac OFF<\/b> JUN2026.<\/td>\n<\/tr>\n<tr>\n<td style=\"padding:10px; border:1px solid #ddd;\"><b>JUL2026<\/b><\/td>\n<td style=\"padding:10px; border:1px solid #ddd;\">5 \u20ac OFF<\/td>\n<td style=\"padding:10px; border:1px solid #ddd;\">\u20ac90+<\/td>\n<td style=\"padding:10px; border:1px solid #ddd;\">31 lipca 2026 r.<\/td>\n<td style=\"padding:10px; border:1px solid #ddd;\">Gor\u0105ca oferta lipca.<\/td>\n<td style=\"padding:10px; border:1px solid #ddd;\">Podgrzej oszcz\u0119dno\u015bci z JUL2026.<\/td>\n<\/tr>\n<tr>\n<td style=\"padding:10px; border:1px solid #ddd;\"><b>AUG2026<\/b><\/td>\n<td style=\"padding:10px; border:1px solid #ddd;\">5 \u20ac OFF<\/td>\n<td style=\"padding:10px; border:1px solid #ddd;\">\u20ac90+<\/td>\n<td style=\"padding:10px; border:1px solid #ddd;\">31 sierpnia 2026 r.<\/td>\n<td style=\"padding:10px; border:1px solid #ddd;\">\u0141atwa zni\u017cka w sierpniu.<\/td>\n<td style=\"padding:10px; border:1px solid #ddd;\">Zapis jednym klikni\u0119ciem: AUG2026.<\/td>\n<\/tr>\n<tr>\n<td style=\"padding:10px; border:1px solid #ddd;\"><b>SEP2026<\/b><\/td>\n<td style=\"padding:10px; border:1px solid #ddd;\">5 \u20ac OFF<\/td>\n<td style=\"padding:10px; border:1px solid #ddd;\">\u20ac90+<\/td>\n<td style=\"padding:10px; border:1px solid #ddd;\">30 wrze\u015bnia 2026 r.<\/td>\n<td style=\"padding:10px; border:1px solid #ddd;\">Premia za wrzesie\u0144.<\/td>\n<td style=\"padding:10px; border:1px solid #ddd;\">Jesienne oszcz\u0119dno\u015bci z SEP2026.<\/td>\n<\/tr>\n<tr>\n<td style=\"padding:10px; border:1px solid #ddd;\"><b>OCT2026<\/b><\/td>\n<td style=\"padding:10px; border:1px solid #ddd;\">5 \u20ac OFF<\/td>\n<td style=\"padding:10px; border:1px solid #ddd;\">\u20ac90+<\/td>\n<td style=\"padding:10px; border:1px solid #ddd;\">31 pa\u017adziernika 2026 r.<\/td>\n<td style=\"padding:10px; border:1px solid #ddd;\">Pa\u017adziernikowy pocz\u0119stunek.<\/td>\n<td style=\"padding:10px; border:1px solid #ddd;\">\ud83c\udf83 Upiornie dobra oferta: OCT2026.<\/td>\n<\/tr>\n<tr>\n<td style=\"padding:10px; border:1px solid #ddd;\"><b>DEC2026<\/b><\/td>\n<td style=\"padding:10px; border:1px solid #ddd;\">5 \u20ac OFF<\/td>\n<td style=\"padding:10px; border:1px solid #ddd;\">\u20ac90+<\/td>\n<td style=\"padding:10px; border:1px solid #ddd;\">31 grudnia 2026 r.<\/td>\n<td style=\"padding:10px; border:1px solid #ddd;\">Premia na koniec grudnia.<\/td>\n<td style=\"padding:10px; border:1px solid #ddd;\">Mocne zako\u0144czenie: <b>5 \u20ac OFF<\/b> DEC2026.<\/td>\n<\/tr>\n<\/tbody>\n<\/table>\n\t<div id=\"gap-157767083\" class=\"gap-element clearfix\" style=\"display:block; height:auto;\">\n\t\t\n<style>\n#gap-157767083 {\n  padding-top: 30px;\n}\n<\/style>\n\t<\/div>\n\t\n<div class=\"container section-title-container\" ><h3 class=\"section-title section-title-normal\"><b aria-hidden=\"true\"><\/b><span class=\"section-title-main\" >Zarabiaj z AIVIOU Vapes<\/span><b aria-hidden=\"true\"><\/b><\/h3><\/div>\n<p>Do\u0142\u0105cz do jednej z najszybciej rozwijaj\u0105cych si\u0119 marek vape i zacznij zarabia\u0107 <strong>15%<\/strong> prowizja od ka\u017cdej sprzeda\u017cy! AIVIOU Vapes oferuje szerok\u0105 gam\u0119 najlepiej sprzedaj\u0105cych si\u0119 jednorazowych waporyzator\u00f3w, e-liquid\u00f3w i akcesori\u00f3w, kt\u00f3re klienci uwielbiaj\u0105 - dzi\u0119ki czemu partnerzy mog\u0105 bardzo \u0142atwo wygrywa\u0107 prowizje. Dzi\u0119ki gor\u0105cym produktom, wysokim wsp\u00f3\u0142czynnikom konwersji i nowym promocjom ka\u017cdego miesi\u0105ca, wsp\u00f3\u0142praca z AIVIOU Vapes oznacza, \u017ce Twoje zarobki mog\u0105 szybko wzrosn\u0105\u0107. \ud83d\udca8<\/p>\n<p><strong>Do\u0142\u0105cz ju\u017c dzi\u015b i zacznij zarabia\u0107 z AIVIOU Vapes - gdzie smak \u0142\u0105czy si\u0119 z zyskiem!<\/strong><\/p>\n<a href=\"https:\/\/ui.awin.com\/express-signup\/us\/awin\/121568\/d01af3da-9031-45f4-bc25-92d66ffdc756?t=VVP9UbjOfvjddyNyvkNBB71Pni2G_dqZqpIZPRdRWII\" target=\"_blank\" class=\"button primary\" rel=\"noopener\">\n\t\t<span>Do\u0142\u0105cz do programu partnerskiego Aiviou Vapes<\/span>\n\t<\/a>","protected":false},"excerpt":{"rendered":"<p>\ud83c\udf9f\ufe0f Coupon Code \ud83d\udcb0 Discount \ud83d\uded2 Minimum Order \ud83d\udcc5 Valid Until \ud83e\udded Description \ud83d\udce2 Suggested Ad Line BULKSAVE300 2% OFF \u20ac300+ Dec 31, 2026 Save big when you order over \u20ac300! \ud83d\udcb8 Spend Smart, Save More! Get 2% OFF orders above \u20ac300. BULKSAVE 3% OFF \u20ac500+ Dec 31, 2026 Enjoy bigger savings for orders over [&#8230;]\n","protected":false},"author":1,"featured_media":0,"parent":0,"menu_order":0,"comment_status":"closed","ping_status":"closed","template":"page-blank-title-center.php","meta":{"footnotes":""},"class_list":["post-5173","page","type-page","status-publish","hentry"],"jetpack_sharing_enabled":true,"_links":{"self":[{"href":"https:\/\/aiviouvapes.com\/pl\/wp-json\/wp\/v2\/pages\/5173","targetHints":{"allow":["GET"]}}],"collection":[{"href":"https:\/\/aiviouvapes.com\/pl\/wp-json\/wp\/v2\/pages"}],"about":[{"href":"https:\/\/aiviouvapes.com\/pl\/wp-json\/wp\/v2\/types\/page"}],"author":[{"embeddable":true,"href":"https:\/\/aiviouvapes.com\/pl\/wp-json\/wp\/v2\/users\/1"}],"replies":[{"embeddable":true,"href":"https:\/\/aiviouvapes.com\/pl\/wp-json\/wp\/v2\/comments?post=5173"}],"version-history":[{"count":8,"href":"https:\/\/aiviouvapes.com\/pl\/wp-json\/wp\/v2\/pages\/5173\/revisions"}],"predecessor-version":[{"id":105685,"href":"https:\/\/aiviouvapes.com\/pl\/wp-json\/wp\/v2\/pages\/5173\/revisions\/105685"}],"wp:attachment":[{"href":"https:\/\/aiviouvapes.com\/pl\/wp-json\/wp\/v2\/media?parent=5173"}],"curies":[{"name":"wp","href":"https:\/\/api.w.org\/{rel}","templated":true}]}}