{"id":4558,"date":"2024-08-21T10:35:58","date_gmt":"2024-08-21T10:35:58","guid":{"rendered":"https:\/\/aiviouvapes.com\/?page_id=4558"},"modified":"2024-11-29T02:58:48","modified_gmt":"2024-11-28T18:58:48","slug":"payment-method","status":"publish","type":"page","link":"https:\/\/aiviouvapes.com\/pl\/payment-method\/","title":{"rendered":"Metoda p\u0142atno\u015bci"},"content":{"rendered":"<div class=\"row\"  id=\"row-250966463\">\n\n\t<div id=\"col-1381804168\" class=\"col medium-6 small-12 large-6\"  >\n\t\t\t\t<div class=\"col-inner\"  >\n\t\t\t\n\t\t\t\n<p>Witamy w <strong>AiviouVape<\/strong> \u2013 Twoje zaufane globalne miejsce docelowe dla najwy\u017cszej jako\u015bci jednorazowych produkt\u00f3w vape. Dzi\u0119ki wysy\u0142ce na ca\u0142y \u015bwiat jeste\u015bmy zobowi\u0105zani do obs\u0142ugi klient\u00f3w na ca\u0142ym \u015bwiecie.<\/p>\n<p><strong>W AiviouVape priorytetowo traktujemy wygod\u0119 i bezpiecze\u0144stwo, aby ulepszy\u0107 Twoj\u0105 podr\u00f3\u017c zakupow\u0105. Oferujemy r\u00f3\u017cnorodne opcje p\u0142atno\u015bci, aby spe\u0142ni\u0107 Twoje potrzeby:<\/strong><\/p>\n<p>1. **PayPal**: Ciesz si\u0119 bezpiecznymi i \u0142atwymi p\u0142atno\u015bciami za po\u015brednictwem PayPal na naszej platformie. <strong>(20% VAT)<\/strong><\/p>\n<p>2. **Karta kredytowa**: Akceptujemy wszystkie najwa\u017cniejsze karty kredytowe, zapewniaj\u0105c prost\u0105 i niezawodn\u0105 obs\u0142ug\u0119 p\u0142atno\u015bci. <strong>(20% VAT)<\/strong><\/p>\n<p>3. **Przelew bankowy**: Dla os\u00f3b preferuj\u0105cych tradycyjne metody p\u0142atno\u015bci, oferujemy przelewy bankowe jako bezpieczn\u0105 opcj\u0119. <strong>(BEZ VAT)<\/strong><\/p>\n<p>4. **Kryptowaluta**: Skorzystaj z nowoczesnych finans\u00f3w dzi\u0119ki naszej opcji p\u0142atno\u015bci w kryptowalucie. <strong>(BEZ VAT)<\/strong><\/p>\n<p>5. **Wise Transfer**: Skorzystaj z ekonomicznych i wydajnych p\u0142atno\u015bci za pomoc\u0105 Wise Transfer. <strong>(BEZ VAT)<\/strong><\/p>\n<p>Je\u015bli masz jakie\u015b pytania lub konkretne pro\u015bby o p\u0142atno\u015b\u0107, skontaktuj si\u0119 z naszym zespo\u0142em obs\u0142ugi klienta. Jeste\u015bmy tutaj, aby zapewni\u0107 Ci do\u015bwiadczenie z <strong>AiviouVape<\/strong> jest p\u0142ynna, bezpieczna i satysfakcjonuj\u0105ca.<\/p>\n<p><strong>Dzi\u0119kujemy za zaufanie firmie AiviouVape jako \u017ar\u00f3d\u0142u wysokiej jako\u015bci jednorazowych produkt\u00f3w do waporyzacji.<\/strong><\/p>\n\t\t<\/div>\n\t\t\t\t\t<\/div>\n\n\t\n\n\t<div id=\"col-562760563\" class=\"col medium-6 small-12 large-6\"  >\n\t\t\t\t<div class=\"col-inner\"  >\n\t\t\t\n\t\t\t\n\t<div class=\"img has-hover x md-x lg-x y md-y lg-y\" id=\"image_278416471\">\n\t\t\t\t\t\t\t\t<div class=\"img-inner dark\" >\n\t\t\t<img loading=\"lazy\" decoding=\"async\" width=\"1020\" height=\"797\" src=\"https:\/\/i0.wp.com\/aiviouvapes.com\/wp-content\/uploads\/2024\/08\/%E5%AE%A3%E4%BC%A0%E5%9B%BE2-2.jpg?fit=1020%2C797&amp;ssl=1\" class=\"attachment-large size-large\" alt=\"Metoda p\u0142atno\u015bci\" title=\"\">\t\t\t\t\t\t\n\t\t\t\t\t<\/div>\n\t\t\t\t\t\t\t\t\n<style>\n#image_278416471 {\n  width: 100%;\n}\n<\/style>\n\t<\/div>\n\t\n\t\t<\/div>\n\t\t\t\t\t<\/div>\n\n\t\n<\/div>\n<div class=\"row align-middle\"  id=\"row-1885106706\">\n\n\t<div id=\"col-1046588033\" class=\"col small-12 large-12\"  >\n\t\t\t\t<div class=\"col-inner text-center\"  >\n\t\t\t\n\t\t\t\n<a href=\"https:\/\/aiviouvapes.com\/pl\/shop\/\" class=\"button primary is-shade is-larger box-shadow-4 box-shadow-5-hover\" style=\"border-radius:10px;\">\n\t\t<span>Kup teraz<\/span>\n\t<\/a>\n\n\t\t<\/div>\n\t\t\t\t\n<style>\n#col-1046588033 > .col-inner {\n  padding: 20px 0px 0px 0px;\n}\n<\/style>\n\t<\/div>\n\n\t\n<\/div>","protected":false},"excerpt":{"rendered":"","protected":false},"author":1,"featured_media":0,"parent":0,"menu_order":0,"comment_status":"closed","ping_status":"closed","template":"page-blank-title-center.php","meta":{"footnotes":""},"class_list":["post-4558","page","type-page","status-publish","hentry"],"jetpack_sharing_enabled":true,"_links":{"self":[{"href":"https:\/\/aiviouvapes.com\/pl\/wp-json\/wp\/v2\/pages\/4558","targetHints":{"allow":["GET"]}}],"collection":[{"href":"https:\/\/aiviouvapes.com\/pl\/wp-json\/wp\/v2\/pages"}],"about":[{"href":"https:\/\/aiviouvapes.com\/pl\/wp-json\/wp\/v2\/types\/page"}],"author":[{"embeddable":true,"href":"https:\/\/aiviouvapes.com\/pl\/wp-json\/wp\/v2\/users\/1"}],"replies":[{"embeddable":true,"href":"https:\/\/aiviouvapes.com\/pl\/wp-json\/wp\/v2\/comments?post=4558"}],"version-history":[{"count":0,"href":"https:\/\/aiviouvapes.com\/pl\/wp-json\/wp\/v2\/pages\/4558\/revisions"}],"wp:attachment":[{"href":"https:\/\/aiviouvapes.com\/pl\/wp-json\/wp\/v2\/media?parent=4558"}],"curies":[{"name":"wp","href":"https:\/\/api.w.org\/{rel}","templated":true}]}}