{"id":3,"date":"2024-08-08T04:38:08","date_gmt":"2024-08-08T04:38:08","guid":{"rendered":"https:\/\/aiviouvapes.com\/?page_id=3"},"modified":"2024-11-19T21:37:05","modified_gmt":"2024-11-19T13:37:05","slug":"privacy-policy","status":"publish","type":"page","link":"https:\/\/aiviouvapes.com\/pl\/privacy-policy\/","title":{"rendered":"Polityka prywatno\u015bci"},"content":{"rendered":"<p>W AiviouVape priorytetowo traktujemy ochron\u0119 i poufno\u015b\u0107 danych osobowych u\u017cytkownik\u00f3w. Niniejsza Polityka prywatno\u015bci opisuje, w jaki spos\u00f3b gromadzimy, wykorzystujemy i chronimy informacje, kt\u00f3re podajesz podczas korzystania z naszej strony internetowej.<\/p>\n<p><strong>Zbieranie informacji<\/strong><\/p>\n<p>Kiedy odwiedzasz nasz\u0105 stron\u0119 internetow\u0105, mo\u017cemy zbiera\u0107 nast\u0119puj\u0105ce rodzaje informacji: \u2013 Dane osobowe, takie jak imi\u0119 i nazwisko, adres e-mail i dane kontaktowe, kt\u00f3re podajesz podczas dokonywania zakupu lub kontaktowania si\u0119 z nami. \u2013 Informacje o Twoim zachowaniu w sieci i urz\u0105dzeniu, zbierane za pomoc\u0105 plik\u00f3w cookie i podobnych technologii. \u2013 Wszelkie inne informacje, kt\u00f3rymi zdecydujesz si\u0119 z nami podzieli\u0107.<\/p>\n<p><strong>Wykorzystanie informacji<\/strong><\/p>\n<p>Wykorzystujemy zebrane informacje do nast\u0119puj\u0105cych cel\u00f3w: \u2013 Przetwarzanie i realizacja zam\u00f3wie\u0144 sk\u0142adanych na naszej stronie internetowej. \u2013 Komunikowanie si\u0119 z Tob\u0105 w sprawie Twoich zam\u00f3wie\u0144, zapyta\u0144 i promocji. \u2013 Ulepszanie naszej strony internetowej i us\u0142ug w oparciu o Twoje interakcje i opinie. \u2013 Ochrona naszej strony internetowej i zapobieganie dzia\u0142aniom oszuka\u0144czym.<\/p>\n<p><strong>Udost\u0119pnianie informacji<\/strong><\/p>\n<p>Nie sprzedajemy ani nie ujawniamy danych osobowych u\u017cytkownika stronom trzecim bez jego zgody, z wyj\u0105tkiem sytuacji, gdy jest to konieczne do spe\u0142nienia \u017c\u0105da\u0144 u\u017cytkownika, na przyk\u0142ad partnerom wysy\u0142kowym lub gdy jest to wymagane przez prawo.<\/p>\n<p><strong>Bezpiecze\u0144stwo danych<\/strong><\/p>\n<p>Stosujemy r\u00f3\u017cne \u015brodki bezpiecze\u0144stwa w celu ochrony informacji u\u017cytkownika, w tym szyfrowanie, technologi\u0119 Secure Socket Layer (SSL) i rutynowe oceny bezpiecze\u0144stwa.<\/p>\n<p><strong>Prawa u\u017cytkownika<\/strong><\/p>\n<p>U\u017cytkownik ma prawo w dowolnym momencie uzyska\u0107 dost\u0119p do swoich danych osobowych, zaktualizowa\u0107 je lub usun\u0105\u0107. U\u017cytkownik mo\u017ce r\u00f3wnie\u017c zrezygnowa\u0107 z otrzymywania od nas wiadomo\u015bci marketingowych.<\/p>\n<p><strong>Aktualizacje polityki<\/strong><\/p>\n<p>Mo\u017cemy okresowo zmienia\u0107 t\u0119 Polityk\u0119 prywatno\u015bci, aby odzwierciedli\u0107 zmiany w naszych praktykach lub wymogach prawnych. Zalecamy regularne przegl\u0105danie tej polityki. Korzystaj\u0105c z naszej witryny, zgadzasz si\u0119 na warunki okre\u015blone w niniejszej Polityce prywatno\u015bci. Je\u015bli masz jakiekolwiek pytania lub w\u0105tpliwo\u015bci dotycz\u0105ce naszych praktyk prywatno\u015bci, skontaktuj si\u0119 z nami pod adresem support@aiviouvape.com. Dzi\u0119kujemy za wybranie AiviouVape do swoich jednorazowych elektronicznych papieros\u00f3w (Vape).<\/p>\n<div class=\"row align-middle\"  id=\"row-1073035086\"> \n\t<div id=\"col-311325106\" class=\"col small-12 large-12\"  >\n\t\t\t\t<div class=\"col-inner text-center\"  >\n\t\t\t\n\t\t\t <a href=\"https:\/\/aiviouvapes.com\/pl\/shop\/\" class=\"button primary is-shade is-larger box-shadow-4 box-shadow-5-hover\" style=\"border-radius:10px;\">\n\t\t<span>Kup teraz<\/span>\n\t<\/a>\n \t\t<\/div>\n\t\t\t\t\n<style>\n#col-311325106 > .col-inner {\n  padding: 20px 0px 0px 0px;\n}\n<\/style>\n\t<\/div>\n\n\t <\/div>","protected":false},"excerpt":{"rendered":"<p>At\u00a0AiviouVape, we prioritize the protection and confidentiality of your personal information. This Privacy Policy describes how we collect, use, and safeguard the information you provide while using our website. Information Collection When you visit our website, we may collect the following types of information: \u2013 Personal information such as your name, email address, and contact [&#8230;]\n","protected":false},"author":1,"featured_media":0,"parent":0,"menu_order":0,"comment_status":"closed","ping_status":"closed","template":"page-blank-title-center.php","meta":{"footnotes":""},"class_list":["post-3","page","type-page","status-publish","hentry"],"jetpack_sharing_enabled":true,"_links":{"self":[{"href":"https:\/\/aiviouvapes.com\/pl\/wp-json\/wp\/v2\/pages\/3","targetHints":{"allow":["GET"]}}],"collection":[{"href":"https:\/\/aiviouvapes.com\/pl\/wp-json\/wp\/v2\/pages"}],"about":[{"href":"https:\/\/aiviouvapes.com\/pl\/wp-json\/wp\/v2\/types\/page"}],"author":[{"embeddable":true,"href":"https:\/\/aiviouvapes.com\/pl\/wp-json\/wp\/v2\/users\/1"}],"replies":[{"embeddable":true,"href":"https:\/\/aiviouvapes.com\/pl\/wp-json\/wp\/v2\/comments?post=3"}],"version-history":[{"count":0,"href":"https:\/\/aiviouvapes.com\/pl\/wp-json\/wp\/v2\/pages\/3\/revisions"}],"wp:attachment":[{"href":"https:\/\/aiviouvapes.com\/pl\/wp-json\/wp\/v2\/media?parent=3"}],"curies":[{"name":"wp","href":"https:\/\/api.w.org\/{rel}","templated":true}]}}