{"id":10,"date":"2024-08-12T12:49:21","date_gmt":"2024-08-12T12:49:21","guid":{"rendered":"https:\/\/aiviouvapes.com\/?page_id=10"},"modified":"2024-12-26T09:53:11","modified_gmt":"2024-12-26T01:53:11","slug":"refund_returns","status":"publish","type":"page","link":"https:\/\/aiviouvapes.com\/pl\/refund_returns\/","title":{"rendered":"Polityka zwrot\u00f3w i refundacji"},"content":{"rendered":"<h2 class=\"wp-block-heading\">Polityka zwrot\u00f3w AiviouVape<\/h2>\r\n<p><strong>7-dniowa polityka zwrot\u00f3w<\/strong><\/p>\r\n<p>My w AiviouVape z przyjemno\u015bci\u0105 oferujemy 7-dniow\u0105 polityk\u0119 zwrot\u00f3w. Oznacza to, \u017ce od dnia otrzymania przedmiotu masz siedem dni na zainicjowanie wniosku o zwrot, je\u015bli nie jeste\u015b zadowolony ze swojego zakupu.<\/p>\r\n<p><strong>Uprawnienia do zwrotu<\/strong><\/p>\r\n<p>Aby kwalifikowa\u0107 si\u0119 do zwrotu, przedmiot musi pozosta\u0107 w stanie, w jakim zosta\u0142 odebrany \u2014 nieu\u017cywany, z do\u0142\u0105czonymi metkami i w oryginalnym opakowaniu. Upewnij si\u0119, \u017ce masz paragon lub dow\u00f3d zakupu, aby u\u0142atwi\u0107 proces zwrotu.<\/p>\r\n<p><strong>Jak rozpocz\u0105\u0107 zwrot<\/strong><\/p>\r\n<p>Je\u015bli chcesz rozpocz\u0105\u0107 zwrot, skontaktuj si\u0119 z nami pod adresem support@aiviouvape.com. Po zatwierdzeniu zwrotu dostarczymy przedp\u0142acon\u0105 etykiet\u0119 zwrotn\u0105 i instrukcje dotycz\u0105ce wysy\u0142ki paczki. Zwroty wys\u0142ane bez wcze\u015bniejszej autoryzacji nie b\u0119d\u0105 akceptowane, dlatego skontaktuj si\u0119 z nami najpierw.<\/p>\r\n<p><strong>Zg\u0142aszanie uszkodze\u0144 i problem\u00f3w<\/strong><\/p>\r\n<p>Zach\u0119camy do sprawdzenia zam\u00f3wienia zaraz po jego otrzymaniu. Je\u015bli odkryjesz, \u017ce przedmiot jest uszkodzony, wadliwy lub nieprawid\u0142owy, skontaktuj si\u0119 z nami natychmiast, aby\u015bmy mogli szybko rozwi\u0105za\u0107 problem.<\/p>\r\n<p><strong>Przedmioty nie podlegaj\u0105ce zwrotowi<\/strong><\/p>\r\n<p>Niekt\u00f3re produkty nie kwalifikuj\u0105 si\u0119 do zwrotu, w tym towary nietrwa\u0142e, produkty na zam\u00f3wienie, artyku\u0142y do piel\u0119gnacji osobistej, materia\u0142y niebezpieczne oraz \u0142atwopalne p\u0142yny lub gazy. Je\u015bli nie masz pewno\u015bci co do kwalifikowalno\u015bci konkretnego produktu, skontaktuj si\u0119 z nami w celu uzyskania wyja\u015bnie\u0144.<\/p>\r\n<p><strong>Proces wymiany<\/strong><\/p>\r\n<p>W przypadku wymiany zalecamy najpierw zwr\u00f3ci\u0107 oryginalny przedmiot. Po zatwierdzeniu zwrotu mo\u017cesz z\u0142o\u017cy\u0107 oddzielne zam\u00f3wienie na nowy przedmiot, aby zapewni\u0107 szybk\u0105 realizacj\u0119.<\/p>\r\n<p><strong>14-dniowy okres odst\u0105pienia od umowy dla klient\u00f3w z UE<\/strong><\/p>\r\n<p>Dla klient\u00f3w z Unii Europejskiej oferujemy 14-dniowy okres odst\u0105pienia od umowy. Oznacza to, \u017ce mo\u017cesz anulowa\u0107 lub zwr\u00f3ci\u0107 zam\u00f3wienie w ci\u0105gu 14 dni od jego otrzymania, bez podawania przyczyny. Produkty musz\u0105 by\u0107 w oryginalnym stanie, nieu\u017cywane, z do\u0142\u0105czonymi metkami i w oryginalnym opakowaniu. Wymagany b\u0119dzie r\u00f3wnie\u017c paragon lub dow\u00f3d zakupu.<\/p>\r\n<p><strong>Proces zwrotu pieni\u0119dzy<\/strong><\/p>\r\n<p>Po otrzymaniu i sprawdzeniu zwrotu poinformujemy Ci\u0119 o statusie zatwierdzenia zwrotu. Je\u015bli zwrot zostanie zatwierdzony, przetworzymy zwrot na Twoj\u0105 oryginaln\u0105 metod\u0119 p\u0142atno\u015bci w ci\u0105gu 10 dni roboczych. Pami\u0119taj, \u017ce Tw\u00f3j bank lub dostawca karty kredytowej mo\u017ce potrzebowa\u0107 dodatkowego czasu na dokonanie zwrotu. Je\u015bli nie otrzyma\u0142e\u015b zwrotu w ci\u0105gu 15 dni roboczych od zatwierdzenia, skontaktuj si\u0119 z nami pod adresem support@aiviouvape.com.<\/p>\r\n<p><strong>Dzi\u0119kujemy za wybranie AiviouVape. Twoja satysfakcja pozostaje naszym najwy\u017cszym priorytetem.<\/strong><\/p>\r\n\r\n<div class=\"row align-middle\"  id=\"row-1705605951\"> \n\t<div id=\"col-1005414332\" class=\"col small-12 large-12\"  >\n\t\t\t\t<div class=\"col-inner text-center\"  >\n\t\t\t\n\t\t\t <a href=\"https:\/\/aiviouvapes.com\/pl\/shop\/\" class=\"button primary is-shade is-larger box-shadow-4 box-shadow-5-hover\" style=\"border-radius:10px;\">\n\t\t<span>Kup teraz<\/span>\n\t<\/a>\n \t\t<\/div>\n\t\t\t\t\n<style>\n#col-1005414332 > .col-inner {\n  padding: 20px 0px 0px 0px;\n}\n<\/style>\n\t<\/div>\n\n\t <\/div>","protected":false},"excerpt":{"rendered":"<p>AiviouVape Refund Policy 7-Day Return Policy We at AiviouVape are pleased to offer a 7-day return policy. This means that from the day you receive your item, you have seven days to initiate a return request if you are unsatisfied with your purchase. Return Eligibility To qualify for a return, your item must remain in [&#8230;]\n","protected":false},"author":1,"featured_media":0,"parent":0,"menu_order":0,"comment_status":"closed","ping_status":"closed","template":"page-blank-title-center.php","meta":{"footnotes":""},"class_list":["post-10","page","type-page","status-publish","hentry"],"jetpack_sharing_enabled":true,"_links":{"self":[{"href":"https:\/\/aiviouvapes.com\/pl\/wp-json\/wp\/v2\/pages\/10","targetHints":{"allow":["GET"]}}],"collection":[{"href":"https:\/\/aiviouvapes.com\/pl\/wp-json\/wp\/v2\/pages"}],"about":[{"href":"https:\/\/aiviouvapes.com\/pl\/wp-json\/wp\/v2\/types\/page"}],"author":[{"embeddable":true,"href":"https:\/\/aiviouvapes.com\/pl\/wp-json\/wp\/v2\/users\/1"}],"replies":[{"embeddable":true,"href":"https:\/\/aiviouvapes.com\/pl\/wp-json\/wp\/v2\/comments?post=10"}],"version-history":[{"count":0,"href":"https:\/\/aiviouvapes.com\/pl\/wp-json\/wp\/v2\/pages\/10\/revisions"}],"wp:attachment":[{"href":"https:\/\/aiviouvapes.com\/pl\/wp-json\/wp\/v2\/media?parent=10"}],"curies":[{"name":"wp","href":"https:\/\/api.w.org\/{rel}","templated":true}]}}