{"id":111831,"date":"2026-02-28T11:05:29","date_gmt":"2026-02-28T03:05:29","guid":{"rendered":"https:\/\/aiviouvapes.com\/?post_type=product&#038;p=111831"},"modified":"2026-03-19T14:48:38","modified_gmt":"2026-03-19T06:48:38","slug":"bang-king-250k","status":"publish","type":"product","link":"https:\/\/aiviouvapes.com\/nl\/product\/bang-king-250k\/","title":{"rendered":"Bang King 250K | 4-in-1 quad smaak, 250000 trekjes, langdurige, bulk wegwerp vape"},"content":{"rendered":"<h2>Bang King 250K | 4-in-1 quad smaak 250000 puffs hoge capaciteit bulk wegwerp vape<\/h2>\n<p><strong>Bang King 250K quad smaak 4-in-1 wegwerp vape<\/strong> is ontworpen voor maximale prestaties en vari\u00ebteit. Met 4 ingebouwde smaken in \u00e9\u00e9n apparaat, een enorme e-liquid capaciteit en krachtige quad 1.0\u03a9 coils, is deze high-puff disposable ideaal voor vape shops, distributeurs en heavy users die langdurige waarde en spannende smaak rotatie willen. \ud83d\udd25\ud83d\udca8<\/p>\n<h3>Waarom kiezen voor Bang King 250K quad smaak 4-in-1 wegwerp vape? \ud83d\ude80<\/h3>\n<ul>\n<li><strong>Tot 250.000 trekjes:<\/strong> Ultrahoog aantal pufjes, ontworpen voor langdurig gebruik en een sterke aantrekkingskracht voor de detailhandel.<\/li>\n<li><strong>4-in-1 Quad smaaksysteem:<\/strong> Schakel tussen vier smaken in \u00e9\u00e9n apparaat - meer plezier, meer variatie! \ud83c\udf53\ud83c\udf49\ud83c\udf4b<\/li>\n<li><strong>4 x 15ml E-Liquid Capaciteit:<\/strong> Totaal 60ml voor langdurig vapen zonder vaak te hoeven vervangen.<\/li>\n<li><strong>650mAh ingebouwde batterij:<\/strong> Stabiele vermogensafgifte voor soepele en consistente prestaties.<\/li>\n<li><strong>1.0\u03a9 x4 mesh spoelen:<\/strong> Sterke smaakafgifte en dichte dampproductie.<\/li>\n<li><strong>Klaar voor de groothandel Verpakking:<\/strong> Geoptimaliseerd doosformaat voor bulkverzending en distributie.<\/li>\n<li><strong>Zwaargewicht Premium gevoel:<\/strong> 130 gram per apparaat voor een solide en hoogwaardig handgevoel.<\/li>\n<\/ul>\n<h3>Bang King 250K specificaties \ud83d\udcca<\/h3>\n<table>\n<tbody>\n<tr>\n<td><strong>Productnaam<\/strong><\/td>\n<td>Bang King 250K quad smaak 4-in-1 wegwerp vape<\/td>\n<\/tr>\n<tr>\n<td><strong>Aantal trekjes<\/strong><\/td>\n<td>Tot 250.000 trekjes<\/td>\n<\/tr>\n<tr>\n<td><strong>Batterijcapaciteit<\/strong><\/td>\n<td>650mAh ingebouwde batterij<\/td>\n<\/tr>\n<tr>\n<td><strong>E-liquid Capaciteit<\/strong><\/td>\n<td>15ml x 4 (totaal 60ml)<\/td>\n<\/tr>\n<tr>\n<td><strong>Spoel<\/strong><\/td>\n<td>1.0\u03a9 x4 spoelen<\/td>\n<\/tr>\n<tr>\n<td><strong>Gewicht apparaat<\/strong><\/td>\n<td>130g per eenheid<\/td>\n<\/tr>\n<tr>\n<td><strong>10 Eenheden Gewicht<\/strong><\/td>\n<td>1300g<\/td>\n<\/tr>\n<tr>\n<td><strong>200 Eenheden Gewicht<\/strong><\/td>\n<td>27 kg<\/td>\n<\/tr>\n<tr>\n<td><strong>Afmetingen doos<\/strong><\/td>\n<td>227 x 92 x 128 mm<\/td>\n<\/tr>\n<tr>\n<td><strong>Kartonformaat<\/strong><\/td>\n<td>48 x 47 x 28 cm<\/td>\n<\/tr>\n<\/tbody>\n<\/table>\n<h3>Smaaksets - 4 smaken in 1 apparaat \ud83c\udf79\ud83c\udf53<\/h3>\n<p><strong>Citroenlimoen \/ Watermeloenijs \/ Zwart ijs Dragonfruit Aardbei \/ Love66<\/strong><br \/>\nFrisse citrus kick, ijzige watermeloen chill, exotische mix van drakenfruit en klassieke Love66 shisha-stijl mix.<\/p>\n<p><strong>Citroenlimoen \/ Aardbeienijs \/ Frambooswatermeloen \/ Fizy Kers<\/strong><br \/>\nZoete koelte van aardbei, sappige frambozenwatermeloen en sprankelende kersenfinish.<\/p>\n<p><strong>Vanille Cola \/ Citroen Perzik \/ Aardbei Framboos Kersenijs \/ Druivenijs<\/strong><br \/>\nRomige colazoete, fruitige perzik-citroenbalans, drievoudige bessenijsuitbarsting en koele druif.<\/p>\n<p><strong>Roze limonade \/ Kiwi passievrucht Guave \/ Perzik bes \/ Aardbei banaan<\/strong><br \/>\nTropische zoetheid met zachte banaan en verfrissende citrus twist.<\/p>\n<p><strong>Druif Burst \/ Lychee IJs \/ Perzik Bes \/ Kiwi Passievrucht Guave<\/strong><br \/>\nStoere druivensnoepjes, ijzige frisheid van lychee en een fusie van tropisch fruit.<\/p>\n<p><strong>Aardbei Mango \/ Blauwe Framboos Limonade \/ Vanille IJs \/ Zure Tripelbes<\/strong><br \/>\nZoete mangomix, pittige blue razz limonade, romige desserttoon en zure bessenpunch.<\/p>\n<p><strong>Watermeloen IJs \/ Aardbei Mango \/ Bosbessen IJs \/ Fizy Kers<\/strong><br \/>\nKlassieke ijsvruchten met zoete bessen.<\/p>\n<p><strong>Gemengde Bessen \/ Kersen Citroen \/ Aardbei Kiwi \/ Aardbei Watermeloen Kauwgom<\/strong><br \/>\nSnoepachtige fruitcombinaties met verfrissende citruslagen.<\/p>\n<p><strong>Aardbei Watermeloen \/ Kersencola \/ Sappig Perzikijs \/ Grapefruitverfrisser<\/strong><br \/>\nZoet duo-fruit, cola fizz, perzikijs zachtheid en citrus grapefruit kick.<\/p>\n<p><strong>Mojito \/ Monster Mango \/ Lady Killer \/ Roze limonade<\/strong><br \/>\nMunt mojito frisheid, krachtige mango energie, premium shisha mix en pittige roze limonade.<\/p>\n<h3>Perfect voor detailhandel en groothandel \ud83c\udfea\ud83d\udce6<\/h3>\n<p>Bang King 250K is gemaakt voor zware gebruikers die langdurig willen vapen, smaakjagers die graag van smaak wisselen en vape shops die op zoek zijn naar wegwerpapparaten met een hoge marge. Het grote aantal trekjes en het multismaaksysteem maken het zeer aantrekkelijk voor winkeldisplays en groothandelsdistributie over de hele wereld.<\/p>\n<h3>FAQ\u2753 Bang King 250K<\/h3>\n<p><strong>V1: Is Bang King 250K oplaadbaar?<\/strong><br \/>\nHet apparaat heeft een ingebouwde 650mAh batterij die ontworpen is om de grote e-liquid capaciteit te ondersteunen voor langdurig gebruik.<\/p>\n<p><strong>V2: Hoe werkt het 4-in-1 smaaksysteem?<\/strong><br \/>\nElk apparaat bevat vier aparte 15ml smaakkamers, zodat gebruikers op elk moment kunnen wisselen tussen smaken voor een frisse ervaring.<\/p>\n<p><strong>V3: Is dit product geschikt voor groothandelbestellingen?<\/strong><br \/>\nJa. Dankzij het geoptimaliseerde doosformaat en de bulkverpakking (200 eenheden per doos) is het ideaal voor distributeurs en inkopers van grote hoeveelheden.<\/p>\n<p><strong>V4: Voor wie is dit apparaat het meest geschikt?<\/strong><br \/>\nHet is perfect voor intensieve gebruikers, liefhebbers van smaken, vape-winkeliers en wereldwijde groothandelaren die op zoek zijn naar disposables van hoge kwaliteit.<\/p>\n<p><strong>V5: Wat onderscheidt dit model op de markt?<\/strong><br \/>\nHet ultrahoge aantal trekjes, het viervoudige smaakschakelsysteem en de sterke smaakoutput van 1.0\u03a9 coils maken het een concurrerende bestseller in de bulk wegwerp vape markt. \ud83d\udca8\ud83d\udd25<\/p>\n<h3><img data-recalc-dims=\"1\" loading=\"lazy\" decoding=\"async\" class=\"alignnone size-full wp-image-111896\" src=\"https:\/\/i0.wp.com\/aiviouvapes.com\/wp-content\/uploads\/2026\/02\/Bang-King-250k-11.jpg?resize=774%2C1920&#038;ssl=1\" alt=\"Bang King 250k\" width=\"774\" height=\"1920\" title=\"\" srcset=\"https:\/\/i0.wp.com\/aiviouvapes.com\/wp-content\/uploads\/2026\/02\/Bang-King-250k-11.jpg?w=774&amp;ssl=1 774w, https:\/\/i0.wp.com\/aiviouvapes.com\/wp-content\/uploads\/2026\/02\/Bang-King-250k-11.jpg?resize=121%2C300&amp;ssl=1 121w, https:\/\/i0.wp.com\/aiviouvapes.com\/wp-content\/uploads\/2026\/02\/Bang-King-250k-11.jpg?resize=413%2C1024&amp;ssl=1 413w, https:\/\/i0.wp.com\/aiviouvapes.com\/wp-content\/uploads\/2026\/02\/Bang-King-250k-11.jpg?resize=768%2C1905&amp;ssl=1 768w, https:\/\/i0.wp.com\/aiviouvapes.com\/wp-content\/uploads\/2026\/02\/Bang-King-250k-11.jpg?resize=619%2C1536&amp;ssl=1 619w, https:\/\/i0.wp.com\/aiviouvapes.com\/wp-content\/uploads\/2026\/02\/Bang-King-250k-11.jpg?resize=5%2C12&amp;ssl=1 5w\" sizes=\"auto, (max-width: 774px) 100vw, 774px\" \/><\/h3>","protected":false},"excerpt":{"rendered":"<p>Bang King 250K quad smaak 4-in-1 wegwerp vape met tot 250000 puffs, 650mAh batterij, 4x15ml e-liquid en 1.0\u03a9 quad coils. Perfect voor groothandelaren, distributeurs en zware vape-gebruikers die op zoek zijn naar apparaten met een hoge puf in bulk.<\/p>","protected":false},"featured_media":112376,"comment_status":"open","ping_status":"closed","template":"","meta":[],"product_brand":[239],"product_cat":[37,336],"product_tag":[517,408,349,478,518],"class_list":{"0":"post-111831","1":"product","2":"type-product","3":"status-publish","4":"has-post-thumbnail","6":"product_brand-bang","7":"product_cat-bang","8":"product_cat-100k-puffs-disposable-vape","9":"product_tag-250k-disposable-vape","10":"product_tag-4-in-1-disposable-vape","11":"product_tag-bulk-disposable-vape","12":"product_tag-high-puff-disposable-vape","13":"product_tag-quad-flavor-vape","15":"first","16":"instock","17":"shipping-taxable","18":"purchasable","19":"product-type-variable","20":"has-default-attributes"},"jetpack_sharing_enabled":true,"tiered_pricing_type":"fixed","tiered_pricing_fixed_rules":{"30":9.589999999999999857891452847979962825775146484375,"50":7.9900000000000002131628207280300557613372802734375,"100":7.519999999999999573674358543939888477325439453125,"200":6.87000000000000010658141036401502788066864013671875,"400":6.3499999999999996447286321199499070644378662109375},"tiered_pricing_product_settings":{"layout":"default","base_unit_name":{"singular":null,"plural":null},"default_variation":null},"tiered_pricing_minimum_quantity":10,"tiered_pricing_roles_data":[],"tiered_pricing_percentage_rules":[],"tiered_pricing_maximum_quantity":null,"tiered_pricing_quantity_step":"10","_links":{"self":[{"href":"https:\/\/aiviouvapes.com\/nl\/wp-json\/wp\/v2\/product\/111831","targetHints":{"allow":["GET"]}}],"collection":[{"href":"https:\/\/aiviouvapes.com\/nl\/wp-json\/wp\/v2\/product"}],"about":[{"href":"https:\/\/aiviouvapes.com\/nl\/wp-json\/wp\/v2\/types\/product"}],"replies":[{"embeddable":true,"href":"https:\/\/aiviouvapes.com\/nl\/wp-json\/wp\/v2\/comments?post=111831"}],"wp:featuredmedia":[{"embeddable":true,"href":"https:\/\/aiviouvapes.com\/nl\/wp-json\/wp\/v2\/media\/112376"}],"wp:attachment":[{"href":"https:\/\/aiviouvapes.com\/nl\/wp-json\/wp\/v2\/media?parent=111831"}],"wp:term":[{"taxonomy":"product_brand","embeddable":true,"href":"https:\/\/aiviouvapes.com\/nl\/wp-json\/wp\/v2\/product_brand?post=111831"},{"taxonomy":"product_cat","embeddable":true,"href":"https:\/\/aiviouvapes.com\/nl\/wp-json\/wp\/v2\/product_cat?post=111831"},{"taxonomy":"product_tag","embeddable":true,"href":"https:\/\/aiviouvapes.com\/nl\/wp-json\/wp\/v2\/product_tag?post=111831"}],"curies":[{"name":"wp","href":"https:\/\/api.w.org\/{rel}","templated":true}]}}