{"id":110883,"date":"2026-02-26T23:42:34","date_gmt":"2026-02-26T15:42:34","guid":{"rendered":"https:\/\/aiviouvapes.com\/?post_type=product&#038;p=110883"},"modified":"2026-03-17T11:12:02","modified_gmt":"2026-03-17T03:12:02","slug":"bang-box-160k","status":"publish","type":"product","link":"https:\/\/aiviouvapes.com\/nl\/product\/bang-box-160k\/","title":{"rendered":"Bang Box 160K | 4-in-1 160000 puffs, quad smaak, 1.0\u03a9 mesh spoel, LCD-scherm, 0%-5% nicotine, oplaadbare bulk wegwerp vape"},"content":{"rendered":"<h3>\ud83d\udd25 Bang Box 160K 4-in-1 wegwerpvape Overzicht<\/h3>\n<p>Maak kennis met de <strong>Bang Box 160K 4-in-1 wegwerpvape<\/strong> - een krachtpatser die is ontworpen voor een extreem lange levensduur, krachtige smaakprestaties en commerci\u00eble aantrekkingskracht. Ontworpen met <strong>vier smaken in \u00e9\u00e9n apparaat<\/strong>, deze disposable met hoge capaciteit levert tot <strong>160.000 trekjes<\/strong> met een soepele uitvoer en consistente dampproductie.<\/p>\n<p>Uitgerust met een <strong>1.0\u03a9 mesh coil<\/strong>, <strong>LCD-scherm<\/strong>en <strong>650mAh oplaadbare Type-C batterij<\/strong>, Bang Box 160K combineert geavanceerde technologie met veelzijdigheid in smaken. Perfect voor heavy users, vape shops, distributeurs en bulkinkopers die op zoek zijn naar een premium product met een hoge marge. \ud83d\udca8\u26a1<\/p>\n<h3>\u2699\ufe0f Bang Box 160K 4-in-1 Specificaties<\/h3>\n<table>\n<tbody>\n<tr>\n<td><strong>Naam apparaat<\/strong><\/td>\n<td>Bang Box 160K 4-in-1 wegwerpvape<\/td>\n<\/tr>\n<tr>\n<td><strong>Aantal trekjes<\/strong><\/td>\n<td>Tot 160.000 trekjes<\/td>\n<\/tr>\n<tr>\n<td><strong>Smaak Systeem<\/strong><\/td>\n<td>4 smaken in 1 apparaat<\/td>\n<\/tr>\n<tr>\n<td><strong>Nicotinesterkte<\/strong><\/td>\n<td>0% \/ 2% \/ 3% \/ 5%<\/td>\n<\/tr>\n<tr>\n<td><strong>Batterijcapaciteit<\/strong><\/td>\n<td>650mAh oplaadbaar<\/td>\n<\/tr>\n<tr>\n<td><strong>Oplaadpoort<\/strong><\/td>\n<td>Type-C<\/td>\n<\/tr>\n<tr>\n<td><strong>Type spoel<\/strong><\/td>\n<td>1,0\u03a9 mesh-spoel<\/td>\n<\/tr>\n<tr>\n<td><strong>Weergave<\/strong><\/td>\n<td>LCD-scherm<\/td>\n<\/tr>\n<tr>\n<td><strong>Smaakopties<\/strong><\/td>\n<td>10 edities met vier smaken<\/td>\n<\/tr>\n<\/tbody>\n<\/table>\n<h3>\ud83c\udf53 Bang Box 160K 4-in-1 smaakcombo's (4-in-1 edities)<\/h3>\n<table>\n<tbody>\n<tr>\n<td><strong>Editie<\/strong><\/td>\n<td><strong>Smaak 1<\/strong><\/td>\n<td><strong>Smaak 2<\/strong><\/td>\n<td><strong>Smaak 3<\/strong><\/td>\n<td><strong>Smaak 4<\/strong><\/td>\n<\/tr>\n<tr>\n<td>01<\/td>\n<td>Kers Veenbes<\/td>\n<td>Driedubbele bes<\/td>\n<td>Pitaya Aardbei<\/td>\n<td>Watermeloen Bubblegum<\/td>\n<\/tr>\n<tr>\n<td>02<\/td>\n<td>Druivenijs<\/td>\n<td>Lychee-ijs<\/td>\n<td>Perzik Bessen<\/td>\n<td>Kiwi Passievrucht Guave<\/td>\n<\/tr>\n<tr>\n<td>03<\/td>\n<td>Citroen Limoen<\/td>\n<td>Aardbeienijs<\/td>\n<td>Framboos Watermeloen<\/td>\n<td>Mango Perzik<\/td>\n<\/tr>\n<tr>\n<td>04<\/td>\n<td>Citroen Limoen<\/td>\n<td>Watermeloen ijs<\/td>\n<td>Zwart ijs Dragon Fruit Aardbei<\/td>\n<td>Love66<\/td>\n<\/tr>\n<tr>\n<td>05<\/td>\n<td>Aardbei Watermeloen<\/td>\n<td>Roze limonade<\/td>\n<td>Triple Honeydew<\/td>\n<td>Zwarte draak ijs<\/td>\n<\/tr>\n<tr>\n<td>06<\/td>\n<td>Zure Mango Ananas<\/td>\n<td>Citroen Cola Soda<\/td>\n<td>Perzik Bessen<\/td>\n<td>Aardbei Banaan<\/td>\n<\/tr>\n<tr>\n<td>07<\/td>\n<td>Aardbei Mango<\/td>\n<td>Aardbei Vanille Cola<\/td>\n<td>Blue Razz ijs<\/td>\n<td>Aardbei Kiwi<\/td>\n<\/tr>\n<tr>\n<td>08<\/td>\n<td>Aardbei Watermeloen<\/td>\n<td>Red Bull<\/td>\n<td>Sappig perzikijs<\/td>\n<td>Grapefruit verfrisser<\/td>\n<\/tr>\n<tr>\n<td>09<\/td>\n<td>Vanille Cola<\/td>\n<td>Citroen Perzik<\/td>\n<td>Aardbei Framboos Kersenijs<\/td>\n<td>Druivenijs<\/td>\n<\/tr>\n<tr>\n<td>10<\/td>\n<td>Watermeloen ijs<\/td>\n<td>Aardbei Mango<\/td>\n<td>Bosbessen ijs<\/td>\n<td>Bruisende Kers<\/td>\n<\/tr>\n<\/tbody>\n<\/table>\n<h3>\ud83d\udc8e Waarom kiezen voor Bang Box 160K?<\/h3>\n<ul>\n<li>\ud83d\udd25 Massief <strong>160.000 manchet<\/strong> capaciteit voor langdurig gebruik<\/li>\n<li>\ud83c\udfaf 4-in-1 multi-smaakschakeling voor maximale variatie<\/li>\n<li>\u26a1 Oplaadbare 650mAh-batterij met snelladen Type-C<\/li>\n<li>\ud83d\udcca Slim LCD-scherm voor batterij- en verbruikscontrole<\/li>\n<li>\ud83d\udca8 1,0\u03a9 gaasbatterij voor soepele, dichte dampproductie<\/li>\n<li>\ud83d\udce6 Ideaal voor groothandel en detailhandel met hoge marges<\/li>\n<li>\ud83c\udf0d Meerdere nicotineopties om aan de marktvraag te voldoen<\/li>\n<\/ul>\n<h3>\ud83d\ude80 Perfect voor detailhandel en groothandel<\/h3>\n<p>De Bang Box 160K is gebouwd voor <strong>zware gebruikers<\/strong> die uithoudingsvermogen vereisen, <strong>smaakjagers<\/strong> die hunkeren naar afwisseling, en <strong>vape shops &amp; distributeurs<\/strong> op zoek naar een premium apparaat met hoge capaciteit dat opvalt in de schappen. Het systeem met vier smaken, de lange levensduur en het moderne LCD-scherm maken het een krachtige aanvulling op elke bulkvoorraad.<\/p>\n<p>Als je je richt op grote aantallen wegwerpvape-klanten of je groothandelcatalogus wilt uitbreiden met een apparaat van een hoger niveau, dan is de Bang Box 160K 4-in-1 ontworpen om herhalingsverkopen en sterke winstmarges te stimuleren. \ud83d\udcbc\ud83d\udca8<\/p>\n<h3>\u2753 FAQ<\/h3>\n<p><strong>V1: Hoe lang gaat de Bang Box 160K mee?<\/strong><br \/>\nHij levert tot 160.000 trekjes, afhankelijk van de gebruiksgewoonten en de gekozen nicotinesterkte.<\/p>\n<p><strong>V2: Is het apparaat oplaadbaar?<\/strong><br \/>\nJa. Hij heeft een oplaadbare batterij van 650 mAh met ondersteuning voor Type-C opladen.<\/p>\n<p><strong>V3: Kunnen gebruikers wisselen tussen smaken?<\/strong><br \/>\nJa. Elk apparaat bevat vier ge\u00efntegreerde smaken in \u00e9\u00e9n apparaat.<\/p>\n<p><strong>V4: Welke nicotinesterktes zijn er verkrijgbaar?<\/strong><br \/>\nVerkrijgbaar in 0%, 2%, 3% en 5% nicotineopties.<\/p>\n<p><strong>V5: Is dit geschikt voor groothandelbestellingen?<\/strong><br \/>\nAbsoluut. De Bang Box 160K is ontworpen voor bulkinkopers, distributeurs en vape-verkopers die op zoek zijn naar wegwerpapparaten met een hoge capaciteit waar veel vraag naar is.<\/p>","protected":false},"excerpt":{"rendered":"<p>Bang Box 160K 4-in-1 wegwerp vape levert 160000 puffs, quad smaken, mesh coil kracht, en oplaadbaar gemak voor detailhandel en groothandel kopers.<\/p>","protected":false},"featured_media":110978,"comment_status":"open","ping_status":"closed","template":"","meta":[],"product_brand":[239],"product_cat":[37,126,127],"product_tag":[506,351,507,468],"class_list":{"0":"post-110883","1":"product","2":"type-product","3":"status-publish","4":"has-post-thumbnail","6":"product_brand-bang","7":"product_cat-bang","8":"product_cat-15000-puffs-disposable-vape","9":"product_cat-16000-puffs-disposable-vape","10":"product_tag-160000-puffs-disposable-vape","11":"product_tag-4-in-1-flavor-vape","12":"product_tag-high-capacity-mesh-coil-vape","13":"product_tag-rechargeable-bulk-disposable-vape","15":"first","16":"instock","17":"shipping-taxable","18":"purchasable","19":"product-type-variable","20":"has-default-attributes"},"jetpack_sharing_enabled":true,"tiered_pricing_type":"fixed","tiered_pricing_fixed_rules":{"30":9.4000000000000003552713678800500929355621337890625,"50":7.839999999999999857891452847979962825775146484375,"100":7.32000000000000028421709430404007434844970703125,"200":6.79999999999999982236431605997495353221893310546875,"400":6.160000000000000142108547152020037174224853515625},"tiered_pricing_product_settings":{"layout":"default","base_unit_name":{"singular":null,"plural":null},"default_variation":null},"tiered_pricing_minimum_quantity":10,"tiered_pricing_roles_data":[],"tiered_pricing_percentage_rules":[],"tiered_pricing_maximum_quantity":null,"tiered_pricing_quantity_step":"10","_links":{"self":[{"href":"https:\/\/aiviouvapes.com\/nl\/wp-json\/wp\/v2\/product\/110883","targetHints":{"allow":["GET"]}}],"collection":[{"href":"https:\/\/aiviouvapes.com\/nl\/wp-json\/wp\/v2\/product"}],"about":[{"href":"https:\/\/aiviouvapes.com\/nl\/wp-json\/wp\/v2\/types\/product"}],"replies":[{"embeddable":true,"href":"https:\/\/aiviouvapes.com\/nl\/wp-json\/wp\/v2\/comments?post=110883"}],"wp:featuredmedia":[{"embeddable":true,"href":"https:\/\/aiviouvapes.com\/nl\/wp-json\/wp\/v2\/media\/110978"}],"wp:attachment":[{"href":"https:\/\/aiviouvapes.com\/nl\/wp-json\/wp\/v2\/media?parent=110883"}],"wp:term":[{"taxonomy":"product_brand","embeddable":true,"href":"https:\/\/aiviouvapes.com\/nl\/wp-json\/wp\/v2\/product_brand?post=110883"},{"taxonomy":"product_cat","embeddable":true,"href":"https:\/\/aiviouvapes.com\/nl\/wp-json\/wp\/v2\/product_cat?post=110883"},{"taxonomy":"product_tag","embeddable":true,"href":"https:\/\/aiviouvapes.com\/nl\/wp-json\/wp\/v2\/product_tag?post=110883"}],"curies":[{"name":"wp","href":"https:\/\/api.w.org\/{rel}","templated":true}]}}