{"id":9135,"date":"2024-08-21T10:54:29","date_gmt":"2024-08-21T10:54:29","guid":{"rendered":"https:\/\/aiviouvapes.com\/?page_id=9135"},"modified":"2024-12-02T02:32:31","modified_gmt":"2024-12-01T18:32:31","slug":"buy-vapes-in-belgium-with-bancontact","status":"publish","type":"page","link":"https:\/\/aiviouvapes.com\/nl\/buy-vapes-in-belgium-with-bancontact\/","title":{"rendered":"Vapes kopen in Belgi\u00eb met Bancontact"},"content":{"rendered":"<p>Bancontact is een populair elektronisch betalingssysteem in Belgi\u00eb, dat een veilige, effici\u00ebnte en gebruiksvriendelijke methode biedt voor het voltooien van transacties, zowel online als offline. Als een nationaal erkende betalingsoptie, maakt Bancontact naadloze en betrouwbare transacties mogelijk voor Belgische consumenten en bedrijven. Het systeem ondersteunt een breed scala aan betalingsscenario&#039;s, van contactloze en mobiele betalingen tot online aankopen, waardoor het een veelzijdige en handige keuze is voor dagelijks gebruik.<\/p>\n<h3>Waarom kiezen voor Bancontact?<\/h3>\n<p><strong>1. Eenvoudige en flexibele betalingen voor alle bedragen<\/strong><br \/>\nBancontact is ontworpen om transacties van elke omvang te verwerken, of u nu een kleine aankoop doet of een grotere betaling. Met Bancontact kunnen gebruikers hun kaart met vertrouwen gebruiken voor elk bedrag, waardoor het een handige optie is voor alle soorten uitgaven, van boodschappen tot grote uitgaven.<\/p>\n<p><strong>2. Snelle contactloze betalingen<\/strong><br \/>\nVoor degenen die waarde hechten aan snelheid en gemak, biedt Bancontact contactloze betalingsmogelijkheden. Houd uw Bancontact-kaart gewoon bij een contactloze terminal en de betaling wordt direct voltooid. Deze functie is perfect voor snelle aankopen, waardoor de kassarijen sneller en effici\u00ebnter worden.<\/p>\n<p><strong>3. Veilig online winkelen<\/strong><br \/>\nBancontact wordt breed geaccepteerd door online retailers, waardoor Belgische consumenten gemakkelijk kunnen winkelen bij verschillende webwinkels. De naadloze integratie van Bancontact in e-commerceplatforms biedt een veilige, effici\u00ebnte betaalmethode voor online winkelen, waardoor consumenten vol vertrouwen vanuit huis kunnen winkelen.<\/p>\n<p><strong>4. Mobiele betalingen eenvoudig gemaakt<\/strong><br \/>\nVia de Payconiq by Bancontact-app kunnen gebruikers mobiel betalen in winkels, online en zelfs in restaurants. Deze app breidt de bruikbaarheid van Bancontact verder uit, waardoor consumenten onderweg betalingen kunnen doen met hun mobiele apparaten, waar Bancontact of Payconiq ook wordt geaccepteerd.<\/p>\n<p><strong>5. Gemakkelijk geld opnemen<\/strong><br \/>\nBancontact stelt gebruikers ook in staat om veilig en eenvoudig geld op te nemen, waardoor ze altijd toegang hebben tot hun geld. Deze flexibiliteit is vooral gunstig voor degenen die liever contant geld beschikbaar hebben voor bepaalde aankopen.<\/p>\n<hr \/>\n<h2>Koop Wegwerp Vapes met Bancontact bij AiviouVapes<\/h2>\n<p>AiviouVapes is verheugd om aan te kondigen dat we nu Bancontact accepteren als betaalmethode voor de aankoop van wegwerpbare vapes. Deze nieuwe toevoeging past bij onze toewijding om flexibele en handige betaalopties te bieden voor onze Belgische klanten. Dit is waarom Bancontact een uitstekende keuze is voor de aankoop van wegwerpbare vapes van AiviouVapes:<\/p>\n<p><strong>1. Probleemloze transacties<\/strong><br \/>\nBancontact gebruiken bij AiviouVapes zorgt voor een soepele, effici\u00ebnte aankoopervaring. Of u nu een enkele vape koopt of uw favoriete smaken inslaat, Bancontact verwerkt betalingen veilig en snel.<\/p>\n<p><strong>2. Veilige en betrouwbare betalingen<\/strong><br \/>\nBancontact maakt gebruik van geavanceerde beveiligingsmaatregelen, die de financi\u00eble informatie van gebruikers beschermen en transacties beschermen tegen fraude. Deze gemoedsrust zorgt ervoor dat onze klanten vol vertrouwen aankopen kunnen doen op onze site.<\/p>\n<p><strong>3. Directe betalingsbevestiging<\/strong><br \/>\nBancontact-transacties worden direct verwerkt, zodat uw bestelling direct wordt bevestigd en klaargemaakt voor verzending. Deze directe bevestiging is ideaal voor klanten die hun vapes snel geleverd willen hebben.<\/p>\n<hr \/>\n<h3>Hoe gebruik je Bancontact bij AiviouVapes?<\/h3>\n<p><strong>Stapsgewijze handleiding voor betalen met Bancontact:<\/strong><\/p>\n<ol>\n<li><strong>Producten toevoegen aan winkelwagen:<\/strong>\n<ul>\n<li>Bekijk ons assortiment wegwerp-vapes en selecteer de producten die u wilt kopen.<\/li>\n<\/ul>\n<\/li>\n<li><strong>Ga verder naar de kassa:<\/strong>\n<ul>\n<li>Zodra u uw artikelen heeft gekozen, gaat u naar de afrekenpagina.<\/li>\n<\/ul>\n<\/li>\n<li><strong>Selecteer Bancontact:<\/strong>\n<ul>\n<li>Kies bij de betaalopties voor Bancontact als uw voorkeursmethode.<\/li>\n<\/ul>\n<\/li>\n<li><strong>Betalingsgegevens invoeren:<\/strong>\n<ul>\n<li>Volg de instructies om uw Bancontact-kaartgegevens in te voeren of gebruik de Payconiq by Bancontact-app voor een mobiele betaling.<\/li>\n<\/ul>\n<\/li>\n<li><strong>Bevestig uw betaling:<\/strong>\n<ul>\n<li>Rond uw betaling af om de transactie te voltooien. U ontvangt direct een bevestiging van uw bestelling.<\/li>\n<\/ul>\n<\/li>\n<li><strong>Orderverwerking:<\/strong>\n<ul>\n<li>Uw bestelling wordt verwerkt en verzonden naar het door u gekozen adres. Geniet van uw AiviouVapes wegwerp vapes!<\/li>\n<\/ul>\n<\/li>\n<\/ol>\n<p>Bekijk de vapes hier:<\/p>\n<p><a href=\"https:\/\/aiviouvapes.com\/nl\/shop\/\">https:\/\/aiviouvapes.com\/shop\/<\/a><\/p>","protected":false},"excerpt":{"rendered":"<p>Bancontact is a popular electronic payment system in Belgium, providing a secure, efficient, and user-friendly method for completing transactions both online and offline. As a nationally recognized payment option, Bancontact enables seamless and reliable transactions for Belgian consumers and businesses alike. The system supports a wide range of payment scenarios, from contactless and mobile payments [&#8230;]\n","protected":false},"author":1,"featured_media":0,"parent":0,"menu_order":0,"comment_status":"closed","ping_status":"closed","template":"page-blank-title-center.php","meta":{"footnotes":""},"class_list":["post-9135","page","type-page","status-publish","hentry"],"jetpack_sharing_enabled":true,"_links":{"self":[{"href":"https:\/\/aiviouvapes.com\/nl\/wp-json\/wp\/v2\/pages\/9135","targetHints":{"allow":["GET"]}}],"collection":[{"href":"https:\/\/aiviouvapes.com\/nl\/wp-json\/wp\/v2\/pages"}],"about":[{"href":"https:\/\/aiviouvapes.com\/nl\/wp-json\/wp\/v2\/types\/page"}],"author":[{"embeddable":true,"href":"https:\/\/aiviouvapes.com\/nl\/wp-json\/wp\/v2\/users\/1"}],"replies":[{"embeddable":true,"href":"https:\/\/aiviouvapes.com\/nl\/wp-json\/wp\/v2\/comments?post=9135"}],"version-history":[{"count":0,"href":"https:\/\/aiviouvapes.com\/nl\/wp-json\/wp\/v2\/pages\/9135\/revisions"}],"wp:attachment":[{"href":"https:\/\/aiviouvapes.com\/nl\/wp-json\/wp\/v2\/media?parent=9135"}],"curies":[{"name":"wp","href":"https:\/\/api.w.org\/{rel}","templated":true}]}}