{"id":96754,"date":"2025-12-30T15:04:39","date_gmt":"2025-12-30T07:04:39","guid":{"rendered":"https:\/\/aiviouvapes.com\/?post_type=product&#038;p=96754"},"modified":"2026-03-17T10:08:57","modified_gmt":"2026-03-17T02:08:57","slug":"bang-king-triple-100k","status":"publish","type":"product","link":"https:\/\/aiviouvapes.com\/lt\/product\/bang-king-triple-100k\/","title":{"rendered":"Bang King Triple 100K | \"3-in-1\", 100000 \u012fkv\u0117pim\u0173, trigubo skonio, \u012fkraunamas, ilgai veikiantis vienkartinis vape"},"content":{"rendered":"<p><strong>Bang King Triple 100000 puffs vienkartinis vape<\/strong> skirtas tiems, kurie nori daugiau galios, skonio ir vert\u0117s. Su trimis \u012fmontuotais skonio rezervuarais, besisukan\u010diu skonio parinkikliu ir itin dideliu i\u0161pur\u0161kiam\u0173 d\u016bm\u0173 skai\u010diumi \u0161is auk\u0161\u010diausios kokyb\u0117s vienkartinis aparatas suteikia lanks\u010di\u0105 ir \u012fdomi\u0105 garinimo patirt\u012f tiek ma\u017emenininkams, tiek didmenininkams.<\/p>\n<h2>Kod\u0117l verta rinktis Bang \"King Triple 100K\"?<\/h2>\n<ul>\n<li>\ud83d\udca8 Iki <strong>100000 \u012fkv\u0117pim\u0173<\/strong> ypa\u010d ilgam naudojimui<\/li>\n<li>\ud83c\udfa1 <strong>\"3-in-1\" besisukanti skonio sistema<\/strong> - bet kada pakeiskite skon\u012f<\/li>\n<li>\ud83c\udf6c <strong>Trigubos tinklin\u0117s rit\u0117s<\/strong> \u0161velniems garams ir ry\u0161kiam skoniui<\/li>\n<li>\ud83d\udd0b <strong>650 mAh \u012fkraunama baterija<\/strong> stabilus maitinimas vis\u0105 dien\u0105<\/li>\n<li>\u26a1 <strong>C tipo greitasis \u012fkrovimas<\/strong> greitam ir paprastam \u012fkrovimui<\/li>\n<li>\ud83e\uddc3 <strong>54 ml elektroninio skys\u010dio talpa<\/strong> (3 \u00d7 18 ml talpyklos)<\/li>\n<li>\ud83d\udce6 Idealiai tinka <strong>vape parduotuv\u0117s, platintojai ir didmeniniai u\u017esakymai<\/strong><\/li>\n<\/ul>\n<h2>Bang \"King Triple 100K\" specifikacijos<\/h2>\n<table>\n<tbody>\n<tr>\n<td>Puff skai\u010dius<\/td>\n<td>Iki 100 000 pufeli\u0173<\/td>\n<\/tr>\n<tr>\n<td>E-skys\u010dio talpa<\/td>\n<td>54 ml (3 \u00d7 18 ml)<\/td>\n<\/tr>\n<tr>\n<td>Nikotino stiprumas<\/td>\n<td>2% \/ 3% \/ 5%<\/td>\n<\/tr>\n<tr>\n<td>Akumuliatoriaus talpa<\/td>\n<td>650 mAh \u012fkraunamas<\/td>\n<\/tr>\n<tr>\n<td>Rit\u0117s tipas<\/td>\n<td>Trys 1,0\u03a9 tinklelio rit\u0117s<\/td>\n<\/tr>\n<tr>\n<td>\u012ekrovimo prievadas<\/td>\n<td>C tipo greitasis \u012fkrovimas<\/td>\n<\/tr>\n<tr>\n<td>Skonio sistema<\/td>\n<td>\"3-in-1\" besisukantis skonio selektorius<\/td>\n<\/tr>\n<tr>\n<td>Skonio parinktys<\/td>\n<td>10 trigubo skonio mi\u0161ini\u0173<\/td>\n<\/tr>\n<tr>\n<td>Pakuot\u0117<\/td>\n<td>10 vnt. vienoje d\u0117\u017eut\u0117je<\/td>\n<\/tr>\n<\/tbody>\n<\/table>\n<h2>Bang \"King Triple 100K\" skonio parinktys<\/h2>\n<ul>\n<li>\ud83c\udf49 Arb\u016bzas + \"Red Bull\" + bra\u0161ki\u0173 kiviai - saldus, energingas ir vaisinis<\/li>\n<li>\ud83c\udf4b Citrininis laimas + bra\u0161kinis arb\u016bzas + m\u0117lyni\u0173 ledas - gaivus su lediniu u\u017ebaigimu<\/li>\n<li>\ud83c\udf53 Bra\u0161ki\u0173 bananas + avie\u010di\u0173 arb\u016bzas + citrin\u0173 laimas - kreminis ir a\u0161trus mi\u0161inys<\/li>\n<li>\ud83e\udd6d Bra\u0161kinis kivis + r\u016bg\u0161tusis mangas + ananasas + Red Bull - dr\u0105sus atogr\u0105\u017e\u0173 sm\u016bgis<\/li>\n<li>\ud83c\udf34 Atogr\u0105\u017e\u0173 vaisiai + bra\u0161kinis arb\u016bzas + citrininis persikas - \u0161velnus ir sultingas mi\u0161inys<\/li>\n<li>\ud83c\udf4d Ananasas Kokosas + bra\u0161k\u0117 Bananas + Blue Razz - salos stiliaus saldumas<\/li>\n<li>\ud83c\udf52 Bra\u0161ki\u0173 aviet\u0117s + trigubas melionas + r\u016bg\u0161tus mango ananasas - sodr\u016bs vaisi\u0173 sluoksniai<\/li>\n<li>\ud83c\udf51 avie\u010di\u0173 arb\u016bzas + mango persikas + bra\u0161kinis kivis - subalansuotas vaisi\u0173 mi\u0161inys<\/li>\n<li>\ud83e\udd64 Bra\u0161ki\u0173 vanilin\u0117 kola + m\u0117lyni\u0173 aviet\u0117s + citrin\u0173 laimas - saldi limonado vibracija<\/li>\n<li>\ud83c\udf66 Arb\u016bzas + bra\u0161ki\u0173 ledai + trigubas melionas - kreminiai ir gaiv\u016bs<\/li>\n<\/ul>\n<h2>Kam skirtas Bang \"King Triple 100K\"?<\/h2>\n<p>Bang \"King Triple 100K\" vienkartinis vape puikiai tinka <strong>aktyv\u016bs vartotojai<\/strong> kurie nori ilgalaikio na\u0161umo, <strong>skonio ie\u0161kotojai<\/strong> kurie m\u0117gsta keisti skonius, ir <strong>vape parduotuv\u0117s<\/strong> ie\u0161kote auk\u0161\u010diausios kokyb\u0117s ir didel\u0117s paklausos produkto. Tai taip pat puikus pasirinkimas <strong>didmeninis platinimas<\/strong> d\u0117l stipraus prek\u0117s \u017eenklo, patogios pakuot\u0117s ir plataus skonio patrauklumo.<\/p>\n<h2>Bang \"King Triple 100K\" DUK<\/h2>\n<p><strong>K: Ar galima keisti skonius garinant?<\/strong><br \/>\nTaip \ud83d\udc4d Tiesiog pasukite kandikl\u012f, kad pakeistum\u0117te tris integruotus skonius.<\/p>\n<p><strong>K: Ar prietaisas \u012fkraunamas?<\/strong><br \/>\nTaip \ud83d\udd0b Turi 650 mAh \u012fkraunam\u0105 baterij\u0105 ir C tipo greit\u0105j\u012f \u012fkrovim\u0105.<\/p>\n<p><strong>K: Ar tai tinka pradedantiesiems?<\/strong><br \/>\nAbsoliu\u010diai \ud83d\ude0a D\u0117l \u012fvairi\u0173 nikotino stiprum\u0173 ja gali m\u0117gautis ir nauji, ir patyr\u0119 vartotojai.<\/p>\n<p><strong>Klausimas: Ar \u0161is produktas tinka didmeninei prekybai?<\/strong><br \/>\nTaip \ud83d\udce6 Kiekvienoje d\u0117\u017eut\u0117je yra 10 vienet\u0173, tod\u0117l ji idealiai tinka ma\u017emenininkams ir platintojams.<\/p>\n<p><strong>Bang King Triple 100000 puffs vienkartinis vape<\/strong> galingumas, skonio \u012fvairov\u0117 ir auk\u0161\u010diausios kokyb\u0117s kokyb\u0117 viename \u012frenginyje \ud83d\ude80 Protingas pasirinkimas \u0161iuolaikiniams vaperiams ir profesionaliems vapingo verslininkams.<\/p>","protected":false},"excerpt":{"rendered":"<p>M\u0117gaukit\u0117s masyviais 100000 d\u016b\u017ei\u0173 su Bang King Triple 100K vienkartiniu garintuvu \ud83d\udd25 pasi\u017eymi 3-in-1 besisukan\u010diais skoniais, \u012fkraunama baterija ir sodriu tinklelio spiral\u0117s skoniu, u\u017etikrinan\u010diu ilgalaik\u012f pasitenkinim\u0105.<\/p>","protected":false},"featured_media":96763,"comment_status":"open","ping_status":"closed","template":"","meta":[],"product_brand":[239],"product_cat":[37,336],"product_tag":[479,480,456,331,466],"class_list":{"0":"post-96754","1":"product","2":"type-product","3":"status-publish","4":"has-post-thumbnail","6":"product_brand-bang","7":"product_cat-bang","8":"product_cat-100k-puffs-disposable-vape","9":"product_tag-100k-puffs-vape","10":"product_tag-bulk-vape-wholesale","11":"product_tag-disposable-vape","12":"product_tag-rechargeable-disposable-vape","13":"product_tag-triple-flavor-disposable-vape","15":"first","16":"instock","17":"shipping-taxable","18":"purchasable","19":"product-type-variable","20":"has-default-attributes"},"jetpack_sharing_enabled":true,"tiered_pricing_type":"fixed","tiered_pricing_fixed_rules":{"30":8.1699999999999999289457264239899814128875732421875,"50":6.61000000000000031974423109204508364200592041015625,"100":6.089999999999999857891452847979962825775146484375,"200":5.70000000000000017763568394002504646778106689453125,"400":5.12000000000000010658141036401502788066864013671875},"tiered_pricing_product_settings":{"layout":"default","base_unit_name":{"singular":null,"plural":null},"default_variation":null},"tiered_pricing_minimum_quantity":10,"tiered_pricing_roles_data":[],"tiered_pricing_percentage_rules":[],"tiered_pricing_maximum_quantity":null,"tiered_pricing_quantity_step":"10","_links":{"self":[{"href":"https:\/\/aiviouvapes.com\/lt\/wp-json\/wp\/v2\/product\/96754","targetHints":{"allow":["GET"]}}],"collection":[{"href":"https:\/\/aiviouvapes.com\/lt\/wp-json\/wp\/v2\/product"}],"about":[{"href":"https:\/\/aiviouvapes.com\/lt\/wp-json\/wp\/v2\/types\/product"}],"replies":[{"embeddable":true,"href":"https:\/\/aiviouvapes.com\/lt\/wp-json\/wp\/v2\/comments?post=96754"}],"wp:featuredmedia":[{"embeddable":true,"href":"https:\/\/aiviouvapes.com\/lt\/wp-json\/wp\/v2\/media\/96763"}],"wp:attachment":[{"href":"https:\/\/aiviouvapes.com\/lt\/wp-json\/wp\/v2\/media?parent=96754"}],"wp:term":[{"taxonomy":"product_brand","embeddable":true,"href":"https:\/\/aiviouvapes.com\/lt\/wp-json\/wp\/v2\/product_brand?post=96754"},{"taxonomy":"product_cat","embeddable":true,"href":"https:\/\/aiviouvapes.com\/lt\/wp-json\/wp\/v2\/product_cat?post=96754"},{"taxonomy":"product_tag","embeddable":true,"href":"https:\/\/aiviouvapes.com\/lt\/wp-json\/wp\/v2\/product_tag?post=96754"}],"curies":[{"name":"wp","href":"https:\/\/api.w.org\/{rel}","templated":true}]}}