{"id":96631,"date":"2025-12-30T15:17:47","date_gmt":"2025-12-30T07:17:47","guid":{"rendered":"https:\/\/aiviouvapes.com\/?post_type=product&#038;p=96631"},"modified":"2026-03-04T12:06:18","modified_gmt":"2026-03-04T04:06:18","slug":"okso-70k","status":"publish","type":"product","link":"https:\/\/aiviouvapes.com\/lt\/product\/okso-70k\/","title":{"rendered":"OKSO 70K | 3-in-1 70000 \u012fkv\u0117pim\u0173 trigubas tinklelis, sklandus \u012fkv\u0117pimas, didelis vienkartinis vape"},"content":{"rendered":"<p>OKSO 3-in-1 70000 puffs vienkartinis vape sujungia didel\u0119 talp\u0105, i\u0161man\u0173 dizain\u0105 ir skoni\u0173 \u012fvairov\u0119 \u012f vien\u0105 galing\u0105 \u012frengin\u012f. Vietoj to, kad ne\u0161iot\u0173si kelis vapes, vartotojai gali m\u0117gautis trimis skoni\u0173 profiliais viename \u012frenginyje. Su bendra 48 ml e-skys\u010dio talpa, \u012fkraunama baterija ir pa\u017eangia triguba tinklin\u0117 spirale, kiekvienas \u012fkv\u0117pimas i\u0161lieka sklandus ir patenkinamas nuo prad\u017eios iki pabaigos.<\/p>\n<h2>Kod\u0117l verta rinktis OKSO 3-in-1 70K?<\/h2>\n<ul>\n<li>\ud83d\udd04 3-in-1 skonio sistema \u2013 pasukite, kad bet kuriuo metu pakeistum\u0117te skon\u012f<\/li>\n<li>\ud83d\udca8 Iki 70 000 \u012fkv\u0117pim\u0173 ilgalaikiam naudojimui ir geresnei vertei<\/li>\n<li>\ud83d\udd25 Triguba tinklin\u0117 spiralin\u0117 technologija u\u017etikrina \u0161varesn\u012f ir sklandesn\u012f gar\u0173 \u012fkv\u0117pim\u0105<\/li>\n<li>\ud83e\uddea 48 ml e-skys\u010dio (3 \u00d7 16 ml talpyklos) viename \u012frenginyje<\/li>\n<li>\ud83d\udd0b \u012ekraunama 650 mAh baterija su greituoju \u012fkrovimu Type-C<\/li>\n<li>\ud83d\udcca I\u0161manusis LED ekranas rodo baterijos ir naudojimo b\u016bsen\u0105<\/li>\n<li>\ud83d\udce6 Idealiai tinka elektronini\u0173 cigare\u010di\u0173 parduotuv\u0117ms, platintojams ir didmenininkams<\/li>\n<\/ul>\n<h3>OKSO 70K specifikacijos<\/h3>\n<table>\n<tbody>\n<tr>\n<td>Puff skai\u010dius<\/td>\n<td>Iki 70 000 \u012fkv\u0117pim\u0173<\/td>\n<\/tr>\n<tr>\n<td>Skonio sistema<\/td>\n<td>3-in-1 perjungiami skoniai<\/td>\n<\/tr>\n<tr>\n<td>Rit\u0117s tipas<\/td>\n<td>Triguba tinklelio rit\u0117<\/td>\n<\/tr>\n<tr>\n<td>E-skys\u010dio talpa<\/td>\n<td>I\u0161 viso 48 ml (16 ml \u00d7 3 bakeliai)<\/td>\n<\/tr>\n<tr>\n<td>Akumuliatorius<\/td>\n<td>650 mAh \u012fkraunamas<\/td>\n<\/tr>\n<tr>\n<td>\u012ekrovimas<\/td>\n<td>C tipo greitasis \u012fkrovimas<\/td>\n<\/tr>\n<tr>\n<td>Nikotino stiprumas<\/td>\n<td>0% \/ 2% \/ 3% \/ 5%<\/td>\n<\/tr>\n<tr>\n<td>Ekranas<\/td>\n<td>I\u0161manusis LED ekranas<\/td>\n<\/tr>\n<\/tbody>\n<\/table>\n<h3>OKSO 70K skoni\u0173 pasirinkimas\ud83c\udf53\ud83c\udf49\u2744\ufe0f<\/h3>\n<p><b>Uog\u0173 ir obuoli\u0173 trio:<\/b> M\u0117lyn\u0117s ir aviet\u0117s | Mi\u0161rios uogos | Obuoliai ir persikai \u2013 sald\u016bs, subalansuoti ir \u0161veln\u016bs.<\/p>\n<p><b>Atv\u0117sinantis vaisi\u0173 mi\u0161inys:<\/b> Arb\u016bz\u0173 ledai | Mr. Blue | \u017daliosios vynuog\u0117s ir arb\u016bzai \u2013 gaiv\u016bs ir lediniai su vaisiniu poskoniu.<\/p>\n<p><b>Egzoti\u0161kas derinys:<\/b> Bra\u0161ki\u0173 ledai | D\u017eiungli\u0173 sultys | Drakon\u0173 melionas \u2013 tropiniai sluoksniai su gaiviu poskoniu.<\/p>\n<p><b>Deep Purple kolekcija:<\/b> Vynuogi\u0173 ledai | Juod\u0173j\u0173 serbent\u0173 ledai | Uog\u0173 uogien\u0117 \u2013 sodrus, tamsus ir ry\u0161kus skonis.<\/p>\n<p><b>Tamsiai raudona atranka:<\/b> Cherry Ice | Two Apple | Strawberry Raspberry Cherry Ice \u2013 a\u0161trus, vaisinis ir sud\u0117tingas.<\/p>\n<p><b>Saldumyn\u0173 mi\u0161inys:<\/b> Sultingas persikas | Vy\u0161ni\u0173 kola | Vy\u0161ni\u0173 mink\u0161tieji saldainiai \u2013 sald\u016bs ir nostalgi\u0161ki saldainiai.<\/p>\n<p><b>Tropinis pun\u0161as:<\/b> Bra\u0161ki\u0173 ir kivio | Arb\u016bzo ir kramtomosios gumos | Trigubo mango ledo \u2013 sultingas ir \u017eaismingas tropinis mi\u0161inys.<\/p>\n<p><b>Saloje mi\u0161inys:<\/b> Kivi, pasifloros vaisiai, gvajava | Cola Ice | Pasifloros vaisiai, mangai Ice \u2013 a\u0161tr\u016bs, gazuoti ir gaivinantys.<\/p>\n<p><b>Vasaros atnaujinimas:<\/b> Ananas\u0173 ledai | Bra\u0161ki\u0173 arb\u016bzas | Bra\u0161ki\u0173 vynuog\u0117s \u2013 ry\u0161k\u016bs ir saul\u0117ti vaisi\u0173 mi\u0161iniai.<\/p>\n<p><b>Citrus\u0173 ir m\u0117t\u0173 leidimas:<\/b> \u0160vie\u017eia menta | Citrina ir laimas | Arb\u016bzo mojito \u2013 \u0161varus, gaivus ir pikanti\u0161kas poskonis.<\/p>\n<h3>Puikiai tinka intensyviai naudojantiems vartotojams ir didmenininkams<\/h3>\n<p>OKSO 3-in-1 70K vienkartinis vape yra skirtas intensyviai naudojantiems vartotojams, kurie nori ilgalaikio veikimo ir skoni\u0173 \u012fvairov\u0117s be nuolatinio keitimo. Skoni\u0173 m\u0117g\u0117jai m\u0117gsta galimyb\u0119 akimirksniu keisti skonius, o vape parduotuv\u0117s ir didmenininkai gauna naudos i\u0161 didel\u0117s pakartotin\u0117s paklausos, didelio \u012fkv\u0117pim\u0173 skai\u010diaus ir patrauklaus i\u0161vaizdos. Vienas prietaisas pakei\u010dia kelis vienkartinius prietaisus, tod\u0117l tai yra protingas pasirinkimas didmeninei prekybai ir platinimui.<\/p>\n<h3>OKSO 70K DUK<\/h3>\n<p><b>Klausimas: Kaip perjungti tarp 3 skoni\u0173?<\/b><br \/>\nA: Nor\u0117dami pasirinkti kit\u0105 bakel\u012f, tiesiog pasukite vir\u0161utin\u0119 prietaiso dal\u012f. Kiekvienam skoniui yra skirtas atskiras spiralinis elementas, tod\u0117l skoniai i\u0161lieka gryni ir atskiri \ud83d\udd04<\/p>\n<p><b>Klausimas: Ar baterija gali i\u0161laikyti visus 70 000 \u012fkv\u0117pim\u0173?<\/b><br \/>\nA: Baterija yra \u012fkraunama. J\u0105 galima \u012fkrauti kelet\u0105 kart\u0173, kol bus visi\u0161kai sunaudoti visi 48 ml e-skys\u010dio \ud83d\udd0b<\/p>\n<p><b>Klausimas: Ar tai tinka elektronini\u0173 cigare\u010di\u0173 parduotuv\u0117ms?<\/b><br \/>\nA: Taip. 3-in-1 dizainas, didelis p\u016bsleli\u0173 skai\u010dius ir auk\u0161\u010diausios kokyb\u0117s savyb\u0117s daro j\u012f labai patraukl\u0173 ma\u017emenin\u0117s ir didmenin\u0117s prekybos klientams.<\/p>\n<p><b>Klausimas: Ar \u0161is produktas yra autenti\u0161kas?<\/b><br \/>\nA: Taip. Visi OKSO vienkartiniai elektroniniai cigare\u010di\u0173 r\u016bkymo prietaisai yra \u012fsigyjami tiesiogiai ir patikrinami d\u0117l autenti\u0161kumo.<\/p>\n<p><b>Pasireng\u0119 atnaujinti savo inventori\u0173?<\/b><br \/>\nPasirinkite OKSO 3-in-1 70000 Puffs vienkartin\u012f vape ir suteikite savo klientams daugiau skonio, daugiau vert\u0117s ir daugiau pasitenkinimo \ud83d\udcbc\ud83d\udd25<\/p>\n<p><img data-recalc-dims=\"1\" loading=\"lazy\" decoding=\"async\" class=\"alignnone size-full wp-image-96686\" src=\"https:\/\/i0.wp.com\/aiviouvapes.com\/wp-content\/uploads\/2025\/12\/OKSO-70K-11.jpg?resize=1000%2C1000&#038;ssl=1\" alt=\"OKSO 70K\" width=\"1000\" height=\"1000\" title=\"\" srcset=\"https:\/\/i0.wp.com\/aiviouvapes.com\/wp-content\/uploads\/2025\/12\/OKSO-70K-11.jpg?w=1000&amp;ssl=1 1000w, https:\/\/i0.wp.com\/aiviouvapes.com\/wp-content\/uploads\/2025\/12\/OKSO-70K-11.jpg?resize=300%2C300&amp;ssl=1 300w, https:\/\/i0.wp.com\/aiviouvapes.com\/wp-content\/uploads\/2025\/12\/OKSO-70K-11.jpg?resize=150%2C150&amp;ssl=1 150w, https:\/\/i0.wp.com\/aiviouvapes.com\/wp-content\/uploads\/2025\/12\/OKSO-70K-11.jpg?resize=768%2C768&amp;ssl=1 768w, https:\/\/i0.wp.com\/aiviouvapes.com\/wp-content\/uploads\/2025\/12\/OKSO-70K-11.jpg?resize=12%2C12&amp;ssl=1 12w, https:\/\/i0.wp.com\/aiviouvapes.com\/wp-content\/uploads\/2025\/12\/OKSO-70K-11.jpg?resize=400%2C400&amp;ssl=1 400w, https:\/\/i0.wp.com\/aiviouvapes.com\/wp-content\/uploads\/2025\/12\/OKSO-70K-11.jpg?resize=800%2C800&amp;ssl=1 800w, https:\/\/i0.wp.com\/aiviouvapes.com\/wp-content\/uploads\/2025\/12\/OKSO-70K-11.jpg?resize=100%2C100&amp;ssl=1 100w\" sizes=\"auto, (max-width: 1000px) 100vw, 1000px\" \/><\/p>","protected":false},"excerpt":{"rendered":"<p>OKSO 3-in-1 70K vienkartinis vape u\u017etikrina iki 70 000 skland\u017ei\u0173 \u012fkv\u0117pim\u0173 su triguba tinkleline spirale ir 3 kei\u010diamais skoniais viename \u012frenginyje \ud83d\udd04\ud83d\udca8 Puikiai tinka didmeninei prekybai, dideliems pirkimams ir intensyviems vartotojams.<\/p>","protected":false},"featured_media":96680,"comment_status":"open","ping_status":"closed","template":"","meta":[],"product_brand":[244],"product_cat":[243,336,242],"product_tag":[439,469,463,456,470],"class_list":{"0":"post-96631","1":"product","2":"type-product","3":"status-publish","4":"has-post-thumbnail","6":"product_brand-okso","7":"product_cat-okso","8":"product_cat-100k-puffs-disposable-vape","9":"product_cat-60000-puffs-disposable-vape","10":"product_tag-3-in-1-disposable-vape","11":"product_tag-70000-puffs-vape","12":"product_tag-bulk-disposable-vape-wholesale","13":"product_tag-disposable-vape","14":"product_tag-triple-mesh-coil-vape","16":"first","17":"instock","18":"shipping-taxable","19":"purchasable","20":"product-type-variable","21":"has-default-attributes"},"jetpack_sharing_enabled":true,"tiered_pricing_type":"fixed","tiered_pricing_fixed_rules":{"30":9.589999999999999857891452847979962825775146484375,"50":8.03999999999999914734871708787977695465087890625,"100":7.519999999999999573674358543939888477325439453125,"200":7.12999999999999989341858963598497211933135986328125,"400":6.3499999999999996447286321199499070644378662109375},"tiered_pricing_product_settings":{"layout":"default","base_unit_name":{"singular":null,"plural":null},"default_variation":null},"tiered_pricing_minimum_quantity":10,"tiered_pricing_roles_data":[],"tiered_pricing_percentage_rules":[],"tiered_pricing_maximum_quantity":null,"tiered_pricing_quantity_step":"10","_links":{"self":[{"href":"https:\/\/aiviouvapes.com\/lt\/wp-json\/wp\/v2\/product\/96631","targetHints":{"allow":["GET"]}}],"collection":[{"href":"https:\/\/aiviouvapes.com\/lt\/wp-json\/wp\/v2\/product"}],"about":[{"href":"https:\/\/aiviouvapes.com\/lt\/wp-json\/wp\/v2\/types\/product"}],"replies":[{"embeddable":true,"href":"https:\/\/aiviouvapes.com\/lt\/wp-json\/wp\/v2\/comments?post=96631"}],"wp:featuredmedia":[{"embeddable":true,"href":"https:\/\/aiviouvapes.com\/lt\/wp-json\/wp\/v2\/media\/96680"}],"wp:attachment":[{"href":"https:\/\/aiviouvapes.com\/lt\/wp-json\/wp\/v2\/media?parent=96631"}],"wp:term":[{"taxonomy":"product_brand","embeddable":true,"href":"https:\/\/aiviouvapes.com\/lt\/wp-json\/wp\/v2\/product_brand?post=96631"},{"taxonomy":"product_cat","embeddable":true,"href":"https:\/\/aiviouvapes.com\/lt\/wp-json\/wp\/v2\/product_cat?post=96631"},{"taxonomy":"product_tag","embeddable":true,"href":"https:\/\/aiviouvapes.com\/lt\/wp-json\/wp\/v2\/product_tag?post=96631"}],"curies":[{"name":"wp","href":"https:\/\/api.w.org\/{rel}","templated":true}]}}