{"id":96564,"date":"2025-12-30T15:20:04","date_gmt":"2025-12-30T07:20:04","guid":{"rendered":"https:\/\/aiviouvapes.com\/?post_type=product&#038;p=96564"},"modified":"2026-03-17T10:01:26","modified_gmt":"2026-03-17T02:01:26","slug":"bang-legend-140k","status":"publish","type":"product","link":"https:\/\/aiviouvapes.com\/lt\/product\/bang-legend-140k\/","title":{"rendered":"BANG LEGEND 140K | trigubos parinktys, 140000 \u012fkv\u0117pim\u0173, dvigubas tinklelis, \u012fkraunamas, vienkartinis vape"},"content":{"rendered":"<h2>\ud83d\udd25 Kod\u0117l verta rinktis BANG LEGEND 140K?<\/h2>\n<ul>\n<li>\ud83d\udca5 Massive <strong>140 000 puod\u0173 talpa<\/strong> - vienas did\u017eiausi\u0173 vienkartini\u0173 garintuv\u0173 rinkoje<\/li>\n<li>\ud83c\udfa8 <strong>Trigubos parinktys (3-in-1)<\/strong> - perjungti tris skonius viename \u012frenginyje<\/li>\n<li>\u2601\ufe0f <strong>Dvigubo tinklelio rit\u0117<\/strong> - skland\u016bs sm\u016bgiai, tank\u016bs debesys ir stabilus skonis.<\/li>\n<li>\ud83d\udd0b <strong>\u012ekraunama 550 mAh baterija<\/strong> su moderniu C tipo greituoju \u012fkrovimu<\/li>\n<li>\ud83d\udcb0 <strong>Puikiai tinka didmeniniams ir masiniams u\u017esakymams<\/strong> - idealiai tinka vape parduotuv\u0117ms ir platintojams<\/li>\n<li>\ud83d\uded2 Didelis klient\u0173 i\u0161laikymas - ma\u017eiau pakeitim\u0173, didesnis pasitenkinimas<\/li>\n<\/ul>\n<hr \/>\n<h3>\ud83d\udccb BANG LEGEND 140K specifikacijos<\/h3>\n<table>\n<tbody>\n<tr>\n<td><strong>Produkto pavadinimas<\/strong><\/td>\n<td>\"BANG LEGEND\" trigubos parinktys Vienkartinis Vape<\/td>\n<\/tr>\n<tr>\n<td><strong>I\u0161 viso Puffs<\/strong><\/td>\n<td>Iki 140 000 \u012fkv\u0117pim\u0173<\/td>\n<\/tr>\n<tr>\n<td><strong>Skonio sistema<\/strong><\/td>\n<td>\"3-in-1\" trigubos parinktys<\/td>\n<\/tr>\n<tr>\n<td><strong>Rit\u0117s tipas<\/strong><\/td>\n<td>1,0\u03a9 dvigubo tinklelio rit\u0117<\/td>\n<\/tr>\n<tr>\n<td><strong>Akumuliatoriaus talpa<\/strong><\/td>\n<td>550 mAh \u012fkraunamas<\/td>\n<\/tr>\n<tr>\n<td><strong>\u012ekrovimo prievadas<\/strong><\/td>\n<td>C tipo greitasis \u012fkrovimas<\/td>\n<\/tr>\n<tr>\n<td><strong>Nikotino stiprumas<\/strong><\/td>\n<td>Galimos kelios parinktys (pritaikomos didmeninei prekybai)<\/td>\n<\/tr>\n<tr>\n<td><strong>Tikslin\u0117 rinka<\/strong><\/td>\n<td>B2B didmenin\u0117 prekyba, vape parduotuv\u0117s, platintojai<\/td>\n<\/tr>\n<\/tbody>\n<\/table>\n<hr \/>\n<h3>\ud83c\udf08 BANG LEGEND 140K trigubo skonio parinktys (skonio pristatymas)<\/h3>\n<p><strong>Pirmasis variantas \ud83c\udf49\ud83c\udf6d<\/strong><br \/>\nSaldus ir \u017eaismingas mi\u0161inys su at\u0161aldytu arb\u016bzu, \u0161velniais rausvais vaisiais ir saldainiais.<\/p>\n<p><strong>Antrasis variantas \ud83c\udf51\ud83c\udf4b<\/strong><br \/>\nTir\u0161tas persik\u0173 ledas, gaivios uogos ir melionai, ry\u0161k\u016bs citrusiniai vaisiai ir v\u0117sus skonis.<\/p>\n<p><strong>Tre\u010diasis variantas \ud83c\udf47\ud83e\udd6d<\/strong><br \/>\nTamsi\u0173j\u0173 vynuogi\u0173 ledas, atogr\u0105\u017e\u0173 mangai ir mi\u0161rios uogos - dr\u0105si vaisi\u0173 kelion\u0117.<\/p>\n<p><strong>Ketvirtas variantas \ud83e\uded0\ud83c\udfdd\ufe0f<\/strong><br \/>\nLedin\u0117s m\u0117lynosios uogos, atogr\u0105\u017e\u0173 vaisiai ir garsusis \"Love66\" mi\u0161inys.<\/p>\n<p><strong>Penktasis variantas \ud83e\udd65\ud83c\udf4d<\/strong><br \/>\nM\u0117lynai raudonos uogos, atogr\u0105\u017e\u0173 geltonieji vaisiai ir kreminis kokos\u0173 ananas\u0173 skonis.<\/p>\n<p><strong>\u0160e\u0161tasis variantas \ud83c\udf53\ud83c\udf4d<\/strong><br \/>\nBra\u0161ki\u0173 melion\u0173, m\u0117lyni\u0173 persik\u0173 ir gili\u0173 uog\u0173 ananas\u0173 ledai.<\/p>\n<p><strong>Septintasis variantas \ud83e\udd5d\ud83c\udf52<\/strong><br \/>\nKivi\u0173 uog\u0173 mi\u0161inys, putojantis melionas ir m\u0117lyni\u0173 vy\u0161ni\u0173 sintez\u0117.<\/p>\n<p><strong>A\u0161tuntasis variantas \ud83d\udc09\ud83c\udf47<\/strong><br \/>\nJuodojo drakono ledo, mi\u0161ri\u0173 uog\u0173 ir vynuogi\u0173 uog\u0173 galia.<\/p>\n<p><strong>Devintoji galimyb\u0117 \u26a1\ud83e\udd6d<\/strong><br \/>\nApelsin\u0173 vaisi\u0173, energing\u0173 m\u0117lyn\u0173 uog\u0173 ir gaivaus \u017eali\u0173 ir violetini\u0173 vaisi\u0173 mi\u0161inio.<\/p>\n<p><strong>De\u0161imtas variantas \u2600\ufe0f\ud83c\udf4a<\/strong><br \/>\nTrij\u0173 citrusini\u0173 vaisi\u0173 tonai su uog\u0173 ir gili\u0173 m\u0117lyn\u0173j\u0173 vaisi\u0173 natomis.<\/p>\n<p><strong>Vienuolikta galimyb\u0117 \ud83c\udf4b\ud83c\udf48<\/strong><br \/>\nGaivus citrusini\u0173 vaisi\u0173, \u017eoleli\u0173 melion\u0173 ir rausv\u0173j\u0173 drakono vaisi\u0173 melion\u0173 derinys.<\/p>\n<p><strong>Dvyliktas variantas \ud83c\udf4c\ud83c\udf66<\/strong><br \/>\nAt\u0161aldyti geltoni vaisiai, kreminiai rausvi desertiniai tonai ir uog\u0173 melion\u0173 skonis.<\/p>\n<hr \/>\n<h3>\u2753 Da\u017enai u\u017eduodami klausimai (DUK) apie BANG LEGEND 140K<\/h3>\n<p><strong>K: Kuo BANG LEGEND 140K skiriasi nuo \u012fprast\u0173 vienkartini\u0173 gamini\u0173?<\/strong><br \/>\nA: Viename \u012frenginyje galima i\u0161traukti iki 140 000 d\u016bm\u0173 ir trij\u0173 skoni\u0173, o dauguma vienkartini\u0173 aparat\u0173 veikia tik kelias dienas.<\/p>\n<p><strong>K: Ar \u0161is aparatas tinka sunkiems vartotojams?<\/strong><br \/>\nA: Taip \ud83d\udc4d Jis skirtas intensyviems naudotojams, kurie nori ilgai naudoti be da\u017eno keitimo.<\/p>\n<p><strong>Klausimas: Ar vape parduotuv\u0117s gali tai u\u017esakyti urmu?<\/strong><br \/>\nA: \u017dinoma. \u0160is produktas optimizuotas didmeninei prekybai, didmeniniam pirkimui ir didel\u0117s apimties platinimui.<\/p>\n<p><strong>K: Ar sunku naudoti?<\/strong><br \/>\nAtsakymas: Visai ne. Papras\u010diausiai \u012fkv\u0117pkite, kad gal\u0117tum\u0117te vapuoti. Kai akumuliatorius i\u0161sikraus, \u012fkraukite j\u012f C tipo kabeliu.<\/p>\n<p><strong>K: Ar galima pritaikyti skon\u012f ir nikotino stiprum\u0105 B2B u\u017esakymams?<\/strong><br \/>\nA: Taip. Didmeniniai pirk\u0117jai gali aptarti skoni\u0173 ir nikotino kiekio pritaikymo galimybes.<\/p>\n<hr \/>\n<p><strong>BANG LEGEND 140K trij\u0173 variant\u0173 vienkartinis vape<\/strong> sukurtas intensyviems vartotojams, skonio ie\u0161kotojams ir profesionaliems vape pardav\u0117jams. D\u0117l itin didelio i\u0161pur\u0161kiam\u0173 d\u016bm\u0173 skai\u010diaus, trigubo skonio lankstumo ir \u012fkraunamo veikimo, tai puikus pasirinkimas vape parduotuv\u0117ms, didmenininkams ir platintojams, norintiems pasi\u016blyti tikr\u0105 pavyzdin\u012f vienkartin\u012f prietais\u0105. \ud83d\udca8\ud83d\udcbc<\/p>\n<p><strong>Atsargos didel\u0117s. Parduokite protingai. Tapkite legenda.<\/strong> \ud83c\udfc6<\/p>\n<p><img data-recalc-dims=\"1\" loading=\"lazy\" decoding=\"async\" class=\"alignnone size-full wp-image-96630\" src=\"https:\/\/i0.wp.com\/aiviouvapes.com\/wp-content\/uploads\/2025\/12\/BANG-LEGEND-140K-13.jpg?resize=1020%2C1637&#038;ssl=1\" alt=\"BANG LEGEND 140K | trys variantai 140000 \u012fkv\u0117pim\u0173 dvigubas tinklelis \u012fkraunamas didmeninis vienkartinis vape\" width=\"1020\" height=\"1637\" title=\"\" srcset=\"https:\/\/i0.wp.com\/aiviouvapes.com\/wp-content\/uploads\/2025\/12\/BANG-LEGEND-140K-13.jpg?w=1196&amp;ssl=1 1196w, https:\/\/i0.wp.com\/aiviouvapes.com\/wp-content\/uploads\/2025\/12\/BANG-LEGEND-140K-13.jpg?resize=187%2C300&amp;ssl=1 187w, https:\/\/i0.wp.com\/aiviouvapes.com\/wp-content\/uploads\/2025\/12\/BANG-LEGEND-140K-13.jpg?resize=638%2C1024&amp;ssl=1 638w, https:\/\/i0.wp.com\/aiviouvapes.com\/wp-content\/uploads\/2025\/12\/BANG-LEGEND-140K-13.jpg?resize=768%2C1233&amp;ssl=1 768w, https:\/\/i0.wp.com\/aiviouvapes.com\/wp-content\/uploads\/2025\/12\/BANG-LEGEND-140K-13.jpg?resize=957%2C1536&amp;ssl=1 957w, https:\/\/i0.wp.com\/aiviouvapes.com\/wp-content\/uploads\/2025\/12\/BANG-LEGEND-140K-13.jpg?resize=7%2C12&amp;ssl=1 7w, https:\/\/i0.wp.com\/aiviouvapes.com\/wp-content\/uploads\/2025\/12\/BANG-LEGEND-140K-13.jpg?resize=800%2C1284&amp;ssl=1 800w\" sizes=\"auto, (max-width: 1020px) 100vw, 1020px\" \/><\/p>","protected":false},"excerpt":{"rendered":"<p>140 000 \u012fkv\u0117pim\u0173. 3 skoniai viename \u012frenginyje. \"BANG LEGEND 140K\" - tai naujo lygio trij\u0173 variant\u0173 vienkartinis garintuvas, skirtas ilgalaikiam veikimui, turtingam skoniui ir dideliems pardavimams dideliais kiekiais. \ud83d\ude80<\/p>","protected":false},"featured_media":96621,"comment_status":"open","ping_status":"closed","template":"","meta":[],"product_brand":[239],"product_cat":[37],"product_tag":[467,465,468,466,396],"class_list":{"0":"post-96564","1":"product","2":"type-product","3":"status-publish","4":"has-post-thumbnail","6":"product_brand-bang","7":"product_cat-bang","8":"product_tag-140000-puffs-vape","9":"product_tag-bang-legend-140k-disposable-vape","10":"product_tag-rechargeable-bulk-disposable-vape","11":"product_tag-triple-flavor-disposable-vape","12":"product_tag-wholesale-disposable-vape","14":"first","15":"instock","16":"shipping-taxable","17":"purchasable","18":"product-type-variable","19":"has-default-attributes"},"jetpack_sharing_enabled":true,"tiered_pricing_type":"fixed","tiered_pricing_fixed_rules":{"30":8.1699999999999999289457264239899814128875732421875,"50":6.61000000000000031974423109204508364200592041015625,"100":6.089999999999999857891452847979962825775146484375,"200":5.70000000000000017763568394002504646778106689453125,"400":5.12000000000000010658141036401502788066864013671875},"tiered_pricing_product_settings":{"layout":"default","base_unit_name":{"singular":null,"plural":null},"default_variation":null},"tiered_pricing_minimum_quantity":10,"tiered_pricing_roles_data":[],"tiered_pricing_percentage_rules":[],"tiered_pricing_maximum_quantity":null,"tiered_pricing_quantity_step":"10","_links":{"self":[{"href":"https:\/\/aiviouvapes.com\/lt\/wp-json\/wp\/v2\/product\/96564","targetHints":{"allow":["GET"]}}],"collection":[{"href":"https:\/\/aiviouvapes.com\/lt\/wp-json\/wp\/v2\/product"}],"about":[{"href":"https:\/\/aiviouvapes.com\/lt\/wp-json\/wp\/v2\/types\/product"}],"replies":[{"embeddable":true,"href":"https:\/\/aiviouvapes.com\/lt\/wp-json\/wp\/v2\/comments?post=96564"}],"wp:featuredmedia":[{"embeddable":true,"href":"https:\/\/aiviouvapes.com\/lt\/wp-json\/wp\/v2\/media\/96621"}],"wp:attachment":[{"href":"https:\/\/aiviouvapes.com\/lt\/wp-json\/wp\/v2\/media?parent=96564"}],"wp:term":[{"taxonomy":"product_brand","embeddable":true,"href":"https:\/\/aiviouvapes.com\/lt\/wp-json\/wp\/v2\/product_brand?post=96564"},{"taxonomy":"product_cat","embeddable":true,"href":"https:\/\/aiviouvapes.com\/lt\/wp-json\/wp\/v2\/product_cat?post=96564"},{"taxonomy":"product_tag","embeddable":true,"href":"https:\/\/aiviouvapes.com\/lt\/wp-json\/wp\/v2\/product_tag?post=96564"}],"curies":[{"name":"wp","href":"https:\/\/api.w.org\/{rel}","templated":true}]}}