{"id":91142,"date":"2025-12-08T22:21:08","date_gmt":"2025-12-08T14:21:08","guid":{"rendered":"https:\/\/aiviouvapes.com\/?post_type=product&#038;p=91142"},"modified":"2026-04-04T04:04:14","modified_gmt":"2026-04-03T20:04:14","slug":"bang-leader-120k","status":"publish","type":"product","link":"https:\/\/aiviouvapes.com\/lt\/product\/bang-leader-120k\/","title":{"rendered":"Bang Leader 120K | \"2-in-1\" 120000 \u012fkv\u0117pim\u0173, 60 ml, magnetinis, dvigubo skonio, vienkartinis vape, didmenin\u0117 prekyba"},"content":{"rendered":"<h2>Kod\u0117l verta rinktis Bang Leader 120K? \ud83e\udd29<\/h2>\n<ul>\n<li>\ud83d\udd04 <strong>2-in-1 magnetinis dviej\u0173 skoni\u0173 jungiklis<\/strong> \u2014 Perbraukite, kad akimirksniu be jokio delsimo pakeistum\u0117te skoni\u0173.<\/li>\n<li>\ud83d\udca8 <strong>120 000 \u012fkv\u0117pim\u0173<\/strong> \u2014 Didel\u0117 talpa, skirta ilgalaikiam kasdieniam naudojimui.<\/li>\n<li>\ud83d\udd25 <strong>Naujos kartos tinklin\u0117 rit\u0117<\/strong> \u2014 Tank\u016bs garai, sodresnis skonis, \u0161velnesni \u012fkv\u0117pimai.<\/li>\n<li>\ud83d\udd0b <strong>Auk\u0161to efektyvumo baterija<\/strong> \u2014 Stabilus galingumas u\u017etikrina nuosekl\u0173 skon\u012f.<\/li>\n<li>\ud83e\uddca <strong>Nesandari alyvos kamera<\/strong> \u2014 \u0160varus, saugus ir patogus kelion\u0117ms.<\/li>\n<li>\u26a1 <strong>C tipo \u012fkraunamas<\/strong> \u2014 Greitas \u012fkrovimas u\u017etikrina minimal\u0173 prastovos laik\u0105.<\/li>\n<li>\ud83d\udc4c <strong>Patogus vartotojui dizainas<\/strong> \u2014 Puikus sukibimas, ry\u0161kus ekranas ir paprastas valdymas.<\/li>\n<\/ul>\n<h2>Bang Leader 120K specifikacijos \ud83d\udcca<\/h2>\n<table>\n<tbody>\n<tr>\n<td>Puff skai\u010dius<\/td>\n<td>120 000 \u012fpur\u0161kim\u0173<\/td>\n<\/tr>\n<tr>\n<td>Akumuliatoriaus talpa<\/td>\n<td>650 mAh (didelio efektyvumo)<\/td>\n<\/tr>\n<tr>\n<td>\u0160ildymo spirale<\/td>\n<td>Tinklin\u0117 spirale, 1,0 \u03a9<\/td>\n<\/tr>\n<tr>\n<td>Skonio sistema<\/td>\n<td>2-in-1 magnetinis slankiklis<\/td>\n<\/tr>\n<tr>\n<td>\u012ekrovimo prievadas<\/td>\n<td>C tipo greitasis \u012fkrovimas<\/td>\n<\/tr>\n<tr>\n<td>Nikotino stiprumas<\/td>\n<td>0% \/ 2% \/ 3% \/ 5%<\/td>\n<\/tr>\n<\/tbody>\n<\/table>\n<h2>Bang Leader 120K skoni\u0173 gidas \ud83d\ude0b<\/h2>\n<p data-start=\"120\" data-end=\"246\"><strong data-start=\"120\" data-end=\"145\">1. M\u0117lyna Razz ir Love66<\/strong><br data-start=\"145\" data-end=\"148\" \/>\ud83c\udf6c <strong data-start=\"151\" data-end=\"165\">Blue Razz:<\/strong> Sald\u016bs ir pikanti\u0161ki saldainiai su avie\u010di\u0173 skonio<br data-start=\"195\" data-end=\"198\" \/>\ud83c\udf34 <strong data-start=\"201\" data-end=\"212\">Love66:<\/strong> Tropinis, gaivus, \u0161iek tiek ledinis<\/p>\n<p data-start=\"248\" data-end=\"394\"><strong data-start=\"248\" data-end=\"299\">2. Bra\u0161k\u0117s, vy\u0161nios, kiviai, pasifloros vaisiai, gvajavos<\/strong><br data-start=\"299\" data-end=\"302\" \/>\ud83c\udf53\ud83c\udf52 <strong data-start=\"307\" data-end=\"329\">Bra\u0161ki\u0173 vy\u0161ni\u0173:<\/strong> Sultingas raudon\u0173j\u0173 vaisi\u0173 mi\u0161inys<br data-start=\"349\" data-end=\"352\" \/>\ud83e\udd5d\ud83e\udd6d <strong data-start=\"357\" data-end=\"365\">KPG:<\/strong> A\u0161trus, tropinis, kreminis trio<\/p>\n<p data-start=\"396\" data-end=\"542\"><strong data-start=\"396\" data-end=\"438\">3. Arb\u016bz\u0173 kramtomoji guma ir vaisi\u0173 mi\u0161inys<\/strong><br data-start=\"438\" data-end=\"441\" \/>\ud83c\udf49\ud83c\udf6c <strong data-start=\"446\" data-end=\"472\">Arb\u016bz\u0173 kramtomoji guma:<\/strong> Saldus klevas + melionas<br data-start=\"490\" data-end=\"493\" \/>\ud83c\udf47\ud83c\udf51 <strong data-start=\"498\" data-end=\"514\">Vaisi\u0173 mi\u0161inys:<\/strong> Spalvingas, sultingas vaisi\u0173 mi\u0161inys<\/p>\n<p data-start=\"544\" data-end=\"697\"><strong data-start=\"544\" data-end=\"584\">4. Bra\u0161ki\u0173, banan\u0173 ir vy\u0161ni\u0173 piesta<\/strong><br data-start=\"584\" data-end=\"587\" \/>\ud83c\udf53\ud83c\udf4c <strong data-start=\"592\" data-end=\"614\">Strawberry Banana:<\/strong> \u0160velnus, kreminis desertas<br data-start=\"642\" data-end=\"645\" \/>\ud83c\udf52\u2728 <strong data-start=\"649\" data-end=\"667\">Cherry Piesta:<\/strong> Saldus vy\u0161nios su gaiviu poskoniu<\/p>\n<p data-start=\"699\" data-end=\"830\"><strong data-start=\"699\" data-end=\"734\">5. Arb\u016bzo ledai ir persik\u0173 mangai<\/strong><br data-start=\"734\" data-end=\"737\" \/>\u2744\ufe0f\ud83c\udf49 <strong data-start=\"742\" data-end=\"761\">Watermelon Ice:<\/strong> Tra\u0161kus, gaivus melionas<br data-start=\"779\" data-end=\"782\" \/>\ud83c\udf51\ud83e\udd6d <strong data-start=\"787\" data-end=\"803\">Persik\u0173 mango:<\/strong> Tropinis, \u0161velnus, aromatingas<\/p>\n<p data-start=\"832\" data-end=\"978\"><strong data-start=\"832\" data-end=\"870\">6. M\u0117lyni\u0173 ledai ir avie\u010di\u0173 citrina<\/strong><br data-start=\"870\" data-end=\"873\" \/>\ud83e\uded0\u2744\ufe0f <strong data-start=\"878\" data-end=\"896\">M\u0117lyni\u0173 ledai:<\/strong> Sald\u017eios uogos su lediniu poskoniu<br data-start=\"926\" data-end=\"929\" \/>\ud83c\udf4b\ud83c\udf53 <strong data-start=\"934\" data-end=\"954\">Avie\u010di\u0173 citrina:<\/strong> Pikanti\u0161kas, r\u016bg\u0161tus, vaisinis pop<\/p>\n<p data-start=\"980\" data-end=\"1111\"><strong data-start=\"980\" data-end=\"1013\">7. Raudonoji energija ir vynuogi\u0173 ledai<\/strong><br data-start=\"1013\" data-end=\"1016\" \/>\u26a1\u2744\ufe0f <strong data-start=\"1020\" data-end=\"1035\">Raudonoji energija:<\/strong> Saldus, putojantis energijos vibracijos<br data-start=\"1061\" data-end=\"1064\" \/>\ud83c\udf47\u2744\ufe0f <strong data-start=\"1069\" data-end=\"1083\">Grape Ice:<\/strong> Ry\u0161kus vynuogi\u0173 skonis su gaiviu poskoniu<\/p>\n<p data-start=\"1113\" data-end=\"1254\"><strong data-start=\"1113\" data-end=\"1155\">8. Bra\u0161ki\u0173, arb\u016bzo ir apelsin\u0173 soda<\/strong><br data-start=\"1155\" data-end=\"1158\" \/>\ud83c\udf53\ud83c\udf49 <strong data-start=\"1163\" data-end=\"1189\">Strawberry Watermelon:<\/strong> Mink\u0161tas, sultingas klasikinis<br data-start=\"1209\" data-end=\"1212\" \/>\ud83c\udf4a\ud83e\udd64 <strong data-start=\"1217\" data-end=\"1233\">Apelsin\u0173 soda:<\/strong> Fizzy citrus\u0173 spindesys<\/p>\n<p data-start=\"1256\" data-end=\"1383\"><strong data-start=\"1256\" data-end=\"1290\">9. Cola Ice &amp; Cherry Cranberry<\/strong><br data-start=\"1290\" data-end=\"1293\" \/>\ud83e\udd64\u2744\ufe0f <strong data-start=\"1298\" data-end=\"1311\">Cola Ice:<\/strong> \u0160altas, gaivus kola<br data-start=\"1333\" data-end=\"1336\" \/>\ud83c\udf52\ud83e\uded0 <strong data-start=\"1341\" data-end=\"1362\">Vy\u0161ni\u0173 ir spanguoli\u0173:<\/strong> Sald\u017eiai r\u016bg\u0161tus uog\u0173 mi\u0161inys<\/p>\n<p data-start=\"1385\" data-end=\"1524\"><strong data-start=\"1385\" data-end=\"1422\">10. M\u0117lyni\u0173 ledai ir juodieji serbentai<\/strong><br data-start=\"1422\" data-end=\"1425\" \/>\ud83e\uded0\u2744\ufe0f <strong data-start=\"1430\" data-end=\"1448\">M\u0117lyni\u0173 ledai:<\/strong> Sald\u016bs at\u0161aldyti m\u0117lyn\u0117s<br data-start=\"1472\" data-end=\"1475\" \/>\ud83c\udf47\ud83c\udf11 <strong data-start=\"1480\" data-end=\"1498\">Juod\u0173j\u0173 serbent\u0173:<\/strong> Gilus, sodrus, \u0161iek tiek r\u016bg\u0161tus<\/p>\n<p data-start=\"1526\" data-end=\"1693\"><strong data-start=\"1526\" data-end=\"1574\">11. Avie\u010di\u0173 mojito persik\u0173 ledai ir \u201eLady Killer\u201c<\/strong><br data-start=\"1574\" data-end=\"1577\" \/>\ud83c\udf51\ud83c\udf43 <strong data-start=\"1582\" data-end=\"1613\">Avie\u010di\u0173 mojito persik\u0173 ledai:<\/strong> M\u0117t\u0173, vaisi\u0173, at\u0161aldytas<br data-start=\"1636\" data-end=\"1639\" \/>\ud83d\udc9b\ud83c\udf38 <strong data-start=\"1644\" data-end=\"1660\">Ponia \u017eudik\u0117:<\/strong> Sklandus, auk\u0161\u010diausios kokyb\u0117s mi\u0161inys, primenantis kaljan\u0105<\/p>\n<p data-start=\"1695\" data-end=\"1844\"><strong data-start=\"1695\" data-end=\"1736\">12. Arb\u016bz\u0173 ledai ir bra\u0161ki\u0173 mamba<\/strong><br data-start=\"1736\" data-end=\"1739\" \/>\ud83c\udf49\u2744\ufe0f <strong data-start=\"1744\" data-end=\"1763\">Watermelon Ice:<\/strong> \u0160vie\u017eias, ledinis melionas<br data-start=\"1780\" data-end=\"1783\" \/>\ud83c\udf53\ud83d\udc0d <strong data-start=\"1788\" data-end=\"1809\">Bra\u0161ki\u0173 Mamba:<\/strong> Saldus, ry\u0161kus, saldaini\u0173 skonio bra\u0161k\u0117s<\/p>\n<h2>DUK \u2753<\/h2>\n<h3>1. Kaip veikia dvigubo skonio jungiklis?<\/h3>\n<p>Prietaisas naudoja magnetin\u012f slankiojo mechanizm\u0105. Tiesiog stumkite ir traukite, kad akimirksniu pakeistum\u0117te skoni\u0173 \u2013 be mygtuk\u0173, be delsimo.<\/p>\n<h3>2. Kiek laiko u\u017etenka 120 000 \u012fkv\u0117pim\u0173?<\/h3>\n<p>Tai priklauso nuo vartotojo, ta\u010diau dauguma intensyviai elektronines cigaretes r\u016bkan\u010di\u0173 \u017emoni\u0173 vien\u0105 \u012frengin\u012f naudoja kelet\u0105 savai\u010di\u0173.<\/p>\n<h3>3. Ar skoni\u0173 keitimas kenkia spiralei?<\/h3>\n<p>Nr. Bang Leader 120K turi nepriklausomus alyvos kanalus, u\u017etikrinan\u010dius stabil\u0173 rit\u0117s veikim\u0105.<\/p>\n<h3>4. Ar j\u012f galima \u012fkrauti?<\/h3>\n<p>Taip, greitam \u012fkrovimui naudojamas Type-C greito \u012fkrovimo prievadas.<\/p>\n<h3>5. Kokie nikotino kiekiai yra prieinami?<\/h3>\n<p>Galite pasirinkti 0%, 2%, 3% arba 5%, priklausomai nuo j\u016bs\u0173 regiono ir pageidavim\u0173.<\/p>\n<h3>6. Ar tai tinka pradedantiesiems?<\/h3>\n<p>Taip! Jis aktyvuojamas traukiant, lengvai naudojamas ir nereikalauja prie\u017ei\u016bros.<\/p>\n<h3>7. Kaip patikrinti baterij\u0105 ir e-skyst\u012f?<\/h3>\n<p>\u012emontuotame ekrane rodomas baterijos \u012fkrovos lygis, e-skys\u010dio kiekis, \u012fkv\u0117pim\u0173 skai\u010dius ir aktyvus skonio kanalas.<\/p>\n<h3>8. K\u0105 daryti, jei skonis yra degintas?<\/h3>\n<p>Palikite prietais\u0105 kelias sekundes ramyb\u0117je arba sureguliuokite oro sraut\u0105. Jei problema nei\u0161sprend\u017eiama, kreipkit\u0117s \u012f klient\u0173 aptarnavimo tarnyb\u0105.<\/p>\n<h2>Puikiai tinka\u2026 \ud83d\udcbc<\/h2>\n<p>Bang Leader 120K yra idealus pasirinkimas intensyviai vartojantiems, skoni\u0173 ie\u0161kotojams, keliaujantiems elektronini\u0173 cigare\u010di\u0173 vartotojams, elektronini\u0173 cigare\u010di\u0173 parduotuvi\u0173 lentynoms ir didmeninei prekybai. D\u0117l didelio d\u016bm\u0173 skai\u010diaus, dviej\u0173 skoni\u0173 ir auk\u0161tos kokyb\u0117s konstrukcijos, tai yra geriausias pasirinkimas B2B pirk\u0117jams, ie\u0161kantiems didel\u0117s paklausos preki\u0173.<\/p>\n<p>Nesvarbu, ar papildote savo parduotuv\u0117s atsargas, ar ie\u0161kote ilgalaikio asmeninio elektroninio cigare\u010di\u0173 r\u016bkymo prietaiso, \u0161is 120K galingas prietaisas tikrai jus nustebins. \ud83d\ude80<\/p>","protected":false},"excerpt":{"rendered":"<p>Bang Leader 120K 2-in-1 vienkartinis vape su 120 000 \u012fkv\u0117pim\u0173, skland\u017eiu dvigubo skonio perjungimu ir sodriais debesimis. Idealiai tinka B2B platintojams, vape parduotuv\u0117ms ir didmeniniams u\u017esakymams.<\/p>","protected":false},"featured_media":91143,"comment_status":"open","ping_status":"closed","template":"","meta":[],"product_brand":[239],"product_cat":[336,37],"product_tag":[328,431,434,432,433],"class_list":{"0":"post-91142","1":"product","2":"type-product","3":"status-publish","4":"has-post-thumbnail","6":"product_brand-bang","7":"product_cat-100k-puffs-disposable-vape","8":"product_cat-bang","9":"product_tag-120000-puffs-vape","10":"product_tag-bang-leader-120k","11":"product_tag-bang-vape","12":"product_tag-dual-flavor-disposable","13":"product_tag-rechargeable-vape","15":"first","16":"instock","17":"shipping-taxable","18":"purchasable","19":"product-type-variable","20":"has-default-attributes"},"jetpack_sharing_enabled":true,"tiered_pricing_type":"fixed","tiered_pricing_fixed_rules":{"30":8.8100000000000004973799150320701301097869873046875,"50":7,"100":6.480000000000000426325641456060111522674560546875,"200":5.9900000000000002131628207280300557613372802734375,"400":5.769999999999999573674358543939888477325439453125},"tiered_pricing_product_settings":{"layout":"default","base_unit_name":{"singular":null,"plural":null},"default_variation":null},"tiered_pricing_minimum_quantity":10,"tiered_pricing_roles_data":[],"tiered_pricing_percentage_rules":[],"tiered_pricing_maximum_quantity":null,"tiered_pricing_quantity_step":"10","_links":{"self":[{"href":"https:\/\/aiviouvapes.com\/lt\/wp-json\/wp\/v2\/product\/91142","targetHints":{"allow":["GET"]}}],"collection":[{"href":"https:\/\/aiviouvapes.com\/lt\/wp-json\/wp\/v2\/product"}],"about":[{"href":"https:\/\/aiviouvapes.com\/lt\/wp-json\/wp\/v2\/types\/product"}],"replies":[{"embeddable":true,"href":"https:\/\/aiviouvapes.com\/lt\/wp-json\/wp\/v2\/comments?post=91142"}],"wp:featuredmedia":[{"embeddable":true,"href":"https:\/\/aiviouvapes.com\/lt\/wp-json\/wp\/v2\/media\/91143"}],"wp:attachment":[{"href":"https:\/\/aiviouvapes.com\/lt\/wp-json\/wp\/v2\/media?parent=91142"}],"wp:term":[{"taxonomy":"product_brand","embeddable":true,"href":"https:\/\/aiviouvapes.com\/lt\/wp-json\/wp\/v2\/product_brand?post=91142"},{"taxonomy":"product_cat","embeddable":true,"href":"https:\/\/aiviouvapes.com\/lt\/wp-json\/wp\/v2\/product_cat?post=91142"},{"taxonomy":"product_tag","embeddable":true,"href":"https:\/\/aiviouvapes.com\/lt\/wp-json\/wp\/v2\/product_tag?post=91142"}],"curies":[{"name":"wp","href":"https:\/\/api.w.org\/{rel}","templated":true}]}}