{"id":91105,"date":"2025-12-08T23:17:17","date_gmt":"2025-12-08T15:17:17","guid":{"rendered":"https:\/\/aiviouvapes.com\/?post_type=product&#038;p=91105"},"modified":"2026-03-17T11:24:22","modified_gmt":"2026-03-17T03:24:22","slug":"bang-leader-85k","status":"publish","type":"product","link":"https:\/\/aiviouvapes.com\/lt\/product\/bang-leader-85k\/","title":{"rendered":"Bang Leader 85K | 3-in-1 trigubo skonio, 85000 \u012fkv\u0117pim\u0173, 70ml, vienkartinis vape"},"content":{"rendered":"<p>Pristatome <strong>Bang Leader 85000 \u012fkv\u0117pim\u0173<\/strong>, revoliucinis vienkartinis elektroninis cigare\u010di\u0173 r\u016bkymo prietaisas, sukurtas tiems, kurie nori daugiau. Tai ne tik standartinis elektroninis cigare\u010di\u0173 r\u016bkymo prietaisas, bet ir didel\u0117s talpos galingas prietaisas, sukurtas ilgaam\u017ei\u0161kumui ir pasitenkinimui u\u017etikrinti. Su stulbinan\u010diu <strong>70 ml e-skys\u010dio rezervuaras<\/strong> ir tvirtas <strong>850 mAh \u012fkraunamas akumuliatorius<\/strong>, \u0160is \u012frenginys u\u017etikrina, kad gal\u0117site daugiau laiko praleisti garindami ir ma\u017eiau laiko nerimauti d\u0117l to, kad gali baigtis. \ud83d\udd0b\u2728<\/p>\n<p>I\u0161skirtin\u0117 savyb\u0117 yra novatori\u0161kas <strong>3-in-1 skonio sistema<\/strong>. Nusibodo tas pats skonis? Tiesiog pakeiskite nustatymus ir m\u0117gaukit\u0117s trimis skirtingais auk\u0161\u010diausios kokyb\u0117s skoniais viename \u012frenginyje! Sukurtas su <strong>1,0\u03a9 tinklelio rit\u0117<\/strong>, jis u\u017etikrina nuosekl\u0173, skland\u0173 ir sodr\u0173 gar\u0105 nuo pirmo iki paskutinio \u012fkv\u0117pimo. Puikiai tinka <strong>elektronini\u0173 cigare\u010di\u0173 parduotuvi\u0173 savininkai<\/strong> ie\u0161kantys populiari\u0173 preki\u0173 arba daug r\u016bkantiems, kurie ie\u0161ko vert\u0117s. \ud83c\udfc6\ud83d\udce6<\/p>\n<h3>\ud83c\udf1f Kod\u0117l verta rinktis Bang Leader 85000?<\/h3>\n<ul>\n<li><strong>\ud83d\udd04 3-in-1 skonio technologija:<\/strong> M\u0117gaukit\u0117s trimis skirtingais skoniais viename kompakti\u0161kame \u012frenginyje. Keiskite skonius pagal savo nuotaik\u0105!<\/li>\n<li><strong>\ud83d\udca7 Didel\u0117 70 ml talpa:<\/strong> Viena did\u017eiausi\u0173 talp\u0173 rinkoje, palaikanti ne\u012ftik\u0117tin\u0105 85 000 \u012fkv\u0117pim\u0173 skai\u010di\u0173.<\/li>\n<li><strong>\u26a1 Type-C \u012fkraunamas:<\/strong> Greitas \u012fkrovimas per C tipo prievad\u0105 u\u017etikrina, kad j\u016bs\u0173 850 mAh baterija visada bus pasirengusi darbui.<\/li>\n<li><strong>\u2601\ufe0f Pa\u017eangi tinklin\u0117 rit\u0117:<\/strong> 1,0 \u03a9 var\u017eos tinklin\u0117 spirale u\u017etikrina geresn\u012f skonio grynum\u0105 ir tir\u0161tesni\u0173 gar\u0173 susidarym\u0105.<\/li>\n<li><strong>\ud83c\udf9a\ufe0f Lanks\u010dios nikotino parinktys:<\/strong> Galima rinktis i\u0161 0%, 2%, 3% ir 5% modeli\u0173, kad b\u016bt\u0173 patenkinti kiekvieno kliento pageidavimai.<\/li>\n<\/ul>\n<h3>\ud83d\udcca Bang Leader 85K specifikacijos<\/h3>\n<table>\n<thead>\n<tr>\n<th align=\"left\">Funkcija<\/th>\n<th align=\"left\">I\u0161sami informacija<\/th>\n<\/tr>\n<\/thead>\n<tbody>\n<tr>\n<td><strong>Puff skai\u010dius<\/strong><\/td>\n<td>Iki 85 000 \u012fkv\u0117pim\u0173<\/td>\n<\/tr>\n<tr>\n<td><strong>E-skys\u010dio talpa<\/strong><\/td>\n<td>70 ml<\/td>\n<\/tr>\n<tr>\n<td><strong>Skonio sistema<\/strong><\/td>\n<td>3-in-1 trigubas skonio perjungiklis<\/td>\n<\/tr>\n<tr>\n<td><strong>Akumuliatorius<\/strong><\/td>\n<td>850 mAh (\u012fkraunama)<\/td>\n<\/tr>\n<tr>\n<td><strong>\u012ekrovimas<\/strong><\/td>\n<td>C tipo jungtis<\/td>\n<\/tr>\n<tr>\n<td><strong>Rit\u0117s<\/strong><\/td>\n<td>1,0\u03a9 tinklelio rit\u0117<\/td>\n<\/tr>\n<tr>\n<td><strong>Nikotino stiprumas<\/strong><\/td>\n<td>0% (0 mg), 2% (20 mg), 3% (30 mg), 5% (50 mg)<\/td>\n<\/tr>\n<\/tbody>\n<\/table>\n<h3>\ud83c\udf6d Bang Leader 85K skoni\u0173 deriniai (3 skoniai viename \u012frenginyje)<\/h3>\n<p>Kiekvienas \u201eBang Leader\u201c \u012frenginys yra pripildytas trij\u0173 r\u016b\u0161i\u0173 skani\u0173 skoni\u0173. Pasirinkite savo m\u0117gstam\u0105 mi\u0161in\u012f:<\/p>\n<ul>\n<li>\ud83c\udf4c <strong>Mi\u0161inys 1:<\/strong> Banan\u0173 ledai \/ Bra\u0161ki\u0173 arb\u016bzas \/ Me\u0161kiukai guminukai<\/li>\n<li>\ud83d\udc09 <strong>Mi\u0161inys 2:<\/strong> Juodasis drakonas Ledo \/ Zefyras \/ Vasaros sapnas<\/li>\n<li>\ud83e\uded0 <strong>Mi\u0161inys 3:<\/strong> M\u0117lyni\u0173 ledai \/ M\u0117lynieji razai \/ Kvepiantys kriau\u0161\u0117s<\/li>\n<li>\ud83c\udf4d <strong>Mi\u0161inys 4:<\/strong> Vy\u0161ni\u0173 ir spanguoli\u0173 \/ Persik\u0173 ir mang\u0173 \/ Ananas\u0173<\/li>\n<li>\ud83e\udd64 <strong>Mi\u0161inys 5:<\/strong> Coke Ice \/ Obuoli\u0173 persik\u0173 \/ Ro\u017ein\u0117 limonada<\/li>\n<li>\ud83e\udd5d <strong>Mi\u0161inys 6:<\/strong> Vynuogi\u0173 ledai \/ Bra\u0161ki\u0173 kivi \/ Pasifloros vaisiai Guava<\/li>\n<li>\ud83d\udc9c <strong>Mi\u0161inys 7:<\/strong> Meil\u0117 666 \/ M\u0117lyn\u0117s ir aviet\u0117s \/ Vimto<\/li>\n<li>\ud83c\udf79 <strong>Mi\u0161inys 8:<\/strong> Mi\u0161rios vaisi\u0173 \/ Mojito persik\u0173 \/ m\u0117lyni\u0173 ir avie\u010di\u0173<\/li>\n<li>\ud83c\udf53 <strong>Mi\u0161inys 9:<\/strong> Ananas\u0173 ledai \/ Bra\u0161ki\u0173 \u201eRed Bull\u201c \/ Mi\u0161rios uogos<\/li>\n<li>\ud83c\udf4e <strong>Mi\u0161inys 10:<\/strong> Raudonasis obuolys su ledu \/ Avietinis arb\u016bzas \/ Aloe vynuog\u0117<\/li>\n<li>\ud83c\udf66 <strong>Mi\u0161inys 11:<\/strong> \u201eRed Bull\u201c \/ M\u0117lyni\u0173 ir arb\u016bz\u0173 \/ Bra\u0161ki\u0173 ledai<\/li>\n<li>\ud83c\udf4a <strong>Mi\u0161inys 12:<\/strong> Bra\u0161ki\u0173 ledai \/ Citrin\u0173 apelsinai \/ Arb\u016bz\u0173 kramtomoji guma<\/li>\n<li>\ud83c\udf4c <strong>Mi\u0161inys 13:<\/strong> Bra\u0161k\u0117s ir aviet\u0117s \/ Juodosios serbent\u0117s \/ Bra\u0161k\u0117s ir bananai<\/li>\n<li>\ud83c\udf52 <strong>Mi\u0161inys 14:<\/strong> Bra\u0161ki\u0173 arb\u016bzas \/ Vy\u0161ni\u0173 kola \/ Bra\u0161ki\u0173 kremas<\/li>\n<li>\ud83e\udd6d <strong>Mi\u0161inys 15:<\/strong> Arb\u016bzo ledai \/ Mang\u0173 persikai \/ Apelsin\u0173 soda<\/li>\n<\/ul>\n<p><strong>Bang Leader 85000 \u012fkv\u0117pim\u0173<\/strong> nustato nauj\u0105 vienkartini\u0173 elektronini\u0173 cigare\u010di\u0173 standart\u0105. Jis puikiai tinka <strong>aktyv\u016bs vartotojai<\/strong> kurie nori patogumo be kompromis\u0173, ir <strong>skonio ie\u0161kotojai<\/strong> kurie m\u0117gsta \u012fvairov\u0119. D\u0117l <strong>ma\u017emenininkai ir didmenininkai<\/strong>, \u0160is auk\u0161tos kokyb\u0117s, daugialyp\u0117s funkcijos prietaisas yra b\u016btinas prek\u0117s asortimento elementas, kuris pritraukia klientus, ie\u0161kan\u010dius geriausios kainos ir naujausi\u0173 technologij\u0173. Atnaujinkite savo preki\u0173 asortiment\u0105 jau \u0161iandien! \ud83d\ude80\ud83d\uded2<\/p>\n<h3>\u2753 Da\u017enai u\u017eduodami klausimai (DUK)<\/h3>\n<p><strong>Klausimas: Kaip pakeisti skonius Bang Leader 85K?<\/strong><br \/>\nA: Prietaisas turi paprast\u0105 perjungimo mechanizm\u0105, kuris leid\u017eia perjungti tarp trij\u0173 atskir\u0173 skys\u010di\u0173 rezervuar\u0173 viduje. \ud83d\udd00<\/p>\n<p><strong>Klausimas: Ar baterija yra \u012fkraunama?<\/strong><br \/>\nA: Taip! Jis turi 850 mAh baterij\u0105, kuri\u0105 galima lengvai \u012fkrauti naudojant standartin\u012f C tipo \u012fkrovimo kabel\u012f. \ud83d\udd0c<\/p>\n<p><strong>Klausimas: Ar \u0161is produktas tinka didmeninei prekybai?<\/strong><br \/>\nA: \u017dinoma. Unikalus 3-in-1 pardavimo argumentas ir didelis gar\u0173 kiekis daro \u0161\u012f produkt\u0105 labai patraukl\u0173 B2B pirk\u0117jams ir elektronini\u0173 cigare\u010di\u0173 parduotuv\u0117ms. \ud83c\udfed<\/p>\n<p><strong>Klausimas: Kiek laiko u\u017etenka 85 000 \u012fkv\u0117pim\u0173?<\/strong><br \/>\nA: Su 70 ml skys\u010dio \u0161is prietaisas gali veikti kelet\u0105 savai\u010di\u0173, priklausomai nuo j\u016bs\u0173 naudojimo \u012fpro\u010di\u0173, tod\u0117l jis yra ypa\u010d ekonomi\u0161kas. \ud83d\uddd3\ufe0f<\/p>","protected":false},"excerpt":{"rendered":"<p>85 000 \u012fkv\u0117pim\u0173, 3-in-1 skonio keitimas ir 70 ml talpa! Bang Leader 85K yra ilgiausiai veikiantis \u012fkraunamas elektroninis cigare\u010di\u0173 r\u016bkymo prietaisas, skirtas didmenininkams ir skonio m\u0117g\u0117jams. \ud83c\udf2c\ufe0f\ud83d\udca8<\/p>","protected":false},"featured_media":91116,"comment_status":"open","ping_status":"closed","template":"","meta":[],"product_brand":[239],"product_cat":[336,242,37],"product_tag":[443,444,442,445,433],"class_list":{"0":"post-91105","1":"product","2":"type-product","3":"status-publish","4":"has-post-thumbnail","6":"product_brand-bang","7":"product_cat-100k-puffs-disposable-vape","8":"product_cat-60000-puffs-disposable-vape","9":"product_cat-bang","10":"product_tag-3-in-1-flavor-vape","11":"product_tag-85000-puffs-disposable","12":"product_tag-bang-leader-85000-puffs","13":"product_tag-bang-vape-wholesale","14":"product_tag-rechargeable-vape","16":"first","17":"instock","18":"shipping-taxable","19":"purchasable","20":"product-type-variable","21":"has-default-attributes"},"jetpack_sharing_enabled":true,"tiered_pricing_type":"fixed","tiered_pricing_fixed_rules":{"30":9.07000000000000028421709430404007434844970703125,"50":7.519999999999999573674358543939888477325439453125,"100":7,"200":6.61000000000000031974423109204508364200592041015625,"400":5.8300000000000000710542735760100185871124267578125},"tiered_pricing_product_settings":{"layout":"default","base_unit_name":{"singular":null,"plural":null},"default_variation":null},"tiered_pricing_minimum_quantity":10,"tiered_pricing_roles_data":[],"tiered_pricing_percentage_rules":[],"tiered_pricing_maximum_quantity":null,"tiered_pricing_quantity_step":"10","_links":{"self":[{"href":"https:\/\/aiviouvapes.com\/lt\/wp-json\/wp\/v2\/product\/91105","targetHints":{"allow":["GET"]}}],"collection":[{"href":"https:\/\/aiviouvapes.com\/lt\/wp-json\/wp\/v2\/product"}],"about":[{"href":"https:\/\/aiviouvapes.com\/lt\/wp-json\/wp\/v2\/types\/product"}],"replies":[{"embeddable":true,"href":"https:\/\/aiviouvapes.com\/lt\/wp-json\/wp\/v2\/comments?post=91105"}],"wp:featuredmedia":[{"embeddable":true,"href":"https:\/\/aiviouvapes.com\/lt\/wp-json\/wp\/v2\/media\/91116"}],"wp:attachment":[{"href":"https:\/\/aiviouvapes.com\/lt\/wp-json\/wp\/v2\/media?parent=91105"}],"wp:term":[{"taxonomy":"product_brand","embeddable":true,"href":"https:\/\/aiviouvapes.com\/lt\/wp-json\/wp\/v2\/product_brand?post=91105"},{"taxonomy":"product_cat","embeddable":true,"href":"https:\/\/aiviouvapes.com\/lt\/wp-json\/wp\/v2\/product_cat?post=91105"},{"taxonomy":"product_tag","embeddable":true,"href":"https:\/\/aiviouvapes.com\/lt\/wp-json\/wp\/v2\/product_tag?post=91105"}],"curies":[{"name":"wp","href":"https:\/\/api.w.org\/{rel}","templated":true}]}}