{"id":87549,"date":"2025-11-26T18:54:33","date_gmt":"2025-11-26T10:54:33","guid":{"rendered":"https:\/\/aiviouvapes.com\/?post_type=product&#038;p=87549"},"modified":"2026-03-17T23:53:00","modified_gmt":"2026-03-17T15:53:00","slug":"uzy-crystal-twin-50k","status":"publish","type":"product","link":"https:\/\/aiviouvapes.com\/lt\/product\/uzy-crystal-twin-50k\/","title":{"rendered":"UZY Crystal Twin 50K | 2-in-1 dvigubo skonio 50000 p\u016btim\u0173 i\u0161manusis LED ekranas 40ml mega talpos didmenin\u0117 prekyba"},"content":{"rendered":"<p><strong>UZY Crystal Twin 50000 puffs vienkartinis vape<\/strong> skirtas tiems, kurie nori daugiau aromato, galios ir patogumo. . <strong>Du 20 ml talpyklos<\/strong>, <strong>dvi 0,9\u03a9 tinklelio rit\u0117s<\/strong>ir <strong>i\u0161manusis LED ekranas<\/strong>, \u0161is prietaisas suteikia auk\u0161\u010diausios kokyb\u0117s patirt\u012f su kiekvienu \u012fkv\u0117pimu. Bet kuriuo metu perjunkite du skonius ir m\u0117gaukit\u0117s itin \u0161velniu skoniu i\u0161tisas savaites. \ud83d\ude80<\/p>\n<h2>Kod\u0117l verta rinktis UZY Crystal Twin 50K?<\/h2>\n<ul>\n<li>\ud83d\udca8 <strong>Did\u017eiulis 50 000 \u012fkv\u0117pim\u0173<\/strong> itin ilgam naudojimui<\/li>\n<li>\ud83c\udf53 <strong>Dvigubo skonio sistema \"2-in-1<\/strong> - akimirksniu perjungti du skonius.<\/li>\n<li>\ud83d\udd25 <strong>Dvigubos 0,9\u03a9 tinklelio rit\u0117s<\/strong> stipresniam skoniui ir sklandesniems garams<\/li>\n<li>\ud83d\udcfa <strong>I\u0161manusis LED ekranas<\/strong> ai\u0161kiai rodo akumuliatoriaus ir elektroninio skys\u010dio lyg\u012f<\/li>\n<li>\ud83d\udd0b <strong>850 mAh \u012fkraunamas akumuliatorius<\/strong> su C tipo greituoju \u012fkrovimu<\/li>\n<li>\ud83e\uddca <strong>40 ml didel\u0117 e. sul\u010di\u0173 talpa<\/strong> (20 ml + 20 ml)<\/li>\n<li>\ud83c\udf2c Galima \u012fsigyti <strong>2%, 3% ir 5% nikotino<\/strong> parinktys<\/li>\n<li>\ud83d\udc8e Kri\u0161tolo stiliaus dizainas, kuris atrodo auk\u0161\u010diausios kokyb\u0117s ir patogiai telpa rankoje<\/li>\n<li>\ud83d\uded2 Puikiai tinka <strong>ma\u017emeniniai, didmeniniai ir didmeniniai u\u017esakymai<\/strong><\/li>\n<\/ul>\n<h3>UZY Crystal Twin 50K specifikacijos<\/h3>\n<table>\n<tbody>\n<tr>\n<td><strong>Puff skai\u010dius<\/strong><\/td>\n<td>Iki 50 000 i\u0161trauk\u0173<\/td>\n<\/tr>\n<tr>\n<td><strong>Aromatai<\/strong><\/td>\n<td>Dviej\u0173 skoni\u0173 jungiklis (2 skoniai viename \u012frenginyje)<\/td>\n<\/tr>\n<tr>\n<td><strong>E-skys\u010dio talpa<\/strong><\/td>\n<td>40 ml (20 ml + 20 ml)<\/td>\n<\/tr>\n<tr>\n<td><strong>Rit\u0117s<\/strong><\/td>\n<td>0,9\u03a9 tinklelio rit\u0117 \u00d7 2<\/td>\n<\/tr>\n<tr>\n<td><strong>Nikotino stiprumas<\/strong><\/td>\n<td>2% \/ 3% \/ 5%<\/td>\n<\/tr>\n<tr>\n<td><strong>Akumuliatorius<\/strong><\/td>\n<td>850 mAh \u012fkraunamas<\/td>\n<\/tr>\n<tr>\n<td><strong>\u012ekrovimas<\/strong><\/td>\n<td>C tipo greitasis \u012fkrovimas<\/td>\n<\/tr>\n<tr>\n<td><strong>Ekranas<\/strong><\/td>\n<td>I\u0161manusis LED ekranas<\/td>\n<\/tr>\n<tr>\n<td><strong>Naudojimo tipas<\/strong><\/td>\n<td>Vienkartiniai<\/td>\n<\/tr>\n<\/tbody>\n<\/table>\n<h3>UZY Crystal Twin 50K Galimi skoniai<\/h3>\n<ul>\n<li><strong>M\u0117lyn\u0117s ant ledo ir vasaros persik\u0173 ledas<\/strong> - Ledin\u0117 m\u0117lyn\u0117 ir saldus persikas - gaivus derinys.<\/li>\n<li><strong>Kiviai Pasifloros vaisiai Gvajavos ir m\u0117lyni\u0173 aviet\u0117s<\/strong> - Atogr\u0105\u017e\u0173 sprogimas ir uog\u0173 saldumas.<\/li>\n<li><strong>Bra\u0161ki\u0173, kivi\u0173 ir vynuogi\u0173 ledai<\/strong> - Vaisi\u0173 gaivumas su v\u0117siu vynuogi\u0173 prieskoniu.<\/li>\n<li><strong>Kiviai aistros vaisiai gvajava ir du obuoliai<\/strong> - Egzoti\u0161ki atogr\u0105\u017e\u0173 mi\u0161iniai su tra\u0161kiais dvigubais obuoliais.<\/li>\n<li><strong>Bra\u0161ki\u0173 arb\u016bz\u0173 ir citrin\u0173 laimo<\/strong> - Saldus, sultingas mi\u0161inys, subalansuotas su a\u0161triais citrusiniais vaisiais.<\/li>\n<li><strong>M\u0117lyni\u0173, avie\u010di\u0173 ir vy\u0161ni\u0173 ledai<\/strong> - Skland\u017eios uogos su v\u0117siu vy\u0161ni\u0173 poskoniu.<\/li>\n<li><strong>Bra\u0161ki\u0173 avie\u010di\u0173 vy\u0161ni\u0173 ir ponas m\u0117lynasis<\/strong> - Trigubas uog\u0173 prieskonis - tai v\u0117sus, paslaptingas mi\u0161inys.<\/li>\n<li><strong>Persik\u0173 mang\u0173 ananas\u0173 ir \"Red Bull<\/strong> - Atogr\u0105\u017e\u0173 kokteilis ir energizuojantis sodos skonis.<\/li>\n<li><strong>Arb\u016bz\u0173 ledai ir mi\u0161rios uogos<\/strong> - V\u0117sinantis arb\u016bzas ir mi\u0161ko uog\u0173 gaiva.<\/li>\n<li><strong>Bra\u0161ki\u0173 banan\u0173 ir meil\u0117s 66<\/strong> - Sklandus kreminis banan\u0173 ir egzoti\u0161kas \u0161i\u0161os skonis.<\/li>\n<\/ul>\n<h3>Puikiai tinka<\/h3>\n<p>\u0160is prietaisas idealiai tinka <strong>stipr\u016bs vaperiai, skonio m\u0117g\u0117jai, vape parduotuvi\u0173 savininkai ir didmeniniai platintojai.<\/strong> kurie nori auk\u0161\u010diausios kokyb\u0117s, ilgai veikian\u010dio vienkartinio vape. Didelio skonio, didel\u0117s talpos ir didelio na\u0161umo UZY Crystal Twin 50K teikia pasitenkinim\u0105 nuo pirmo iki paskutinio d\u016b\u017eio. \ud83d\udca8\ud83d\udd25<\/p>\n<h3>DUK apie UZY Crystal Twin 50K<\/h3>\n<p><strong>K: Kiek laiko veikia UZY Crystal Twin 50K?<\/strong><br \/>\nA: Iki 50 000 \u012fkv\u0117pim\u0173, tod\u0117l, priklausomai nuo j\u016bs\u0173 \u012fpro\u010di\u0173, jis gali tarnauti nuo keli\u0173 savai\u010di\u0173 iki keli\u0173 m\u0117nesi\u0173.<\/p>\n<p><strong>K: Ar galiu \u012fkrauti \u0161\u012f prietais\u0105?<\/strong><br \/>\nA: Taip! Jame yra 850 mAh \u012fkraunama baterija su C tipo \u012fkrovimo funkcija.<\/p>\n<p><strong>K: Ar tikrai yra dviej\u0173 skoni\u0173?<\/strong><br \/>\nA: Taip. Prietaisas turi du atskirus 20 ml bakus ir dvi tinklines spirales, tod\u0117l galite bet kada keisti skon\u012f.<\/p>\n<p><strong>K: Ar tinka didmeninei prekybai?<\/strong><br \/>\nA: Be abejo. Tai labai paklausus, ilgai i\u0161liekantis ir idealiai tinka vape parduotuv\u0117ms, platinimui ir dideliems u\u017esakymams.<\/p>\n<p><strong>K: Kokio stiprumo nikotino yra?<\/strong><br \/>\nA: Galite rinktis 2%, 3% arba 5%, priklausomai nuo rinkos poreiki\u0173.<\/p>","protected":false},"excerpt":{"rendered":"<p>M\u0117gaukit\u0117s dviem nuostabiais skoniais viename \u012frenginyje su UZY Crystal Twin 50K! \ud83d\udca8 Ilgalaikis vienkartinis 50 000 \u012fpur\u0161kim\u0173 su i\u0161maniuoju LED ekranu, dvigubomis tinklin\u0117mis rit\u0117mis ir did\u017eiule 40 ml e. skys\u010dio talpa - idealus kasdieniniams vaperiams ir didmeniniams pirk\u0117jams.<\/p>","protected":false},"featured_media":87550,"comment_status":"open","ping_status":"closed","template":"","meta":[],"product_brand":[254],"product_cat":[253,219,242,137,146,138,141,143],"product_tag":[389,391,392,388,390],"class_list":{"0":"post-87549","1":"product","2":"type-product","3":"status-publish","4":"has-post-thumbnail","6":"product_brand-uzy","7":"product_cat-uzy","8":"product_cat-40000-puffs-disposable-vape","9":"product_cat-60000-puffs-disposable-vape","10":"product_cat-disposable-vapes-in-germany","11":"product_cat-disposable-vapes-in-hungary","12":"product_cat-disposable-vapes-in-ltaly","13":"product_cat-disposable-vapes-in-poland","14":"product_cat-disposable-vapes-in-spain","15":"product_tag-dual-flavor-50k-puffs-vape","16":"product_tag-led-display-high-puff-vape","17":"product_tag-long-lasting-2-in-1-vape-device","18":"product_tag-uzy-crystal-twin-50000-disposable-vape","19":"product_tag-wholesale-disposable-vape-bulk","21":"first","22":"instock","23":"shipping-taxable","24":"purchasable","25":"product-type-variable","26":"has-default-attributes"},"jetpack_sharing_enabled":true,"tiered_pricing_type":"fixed","tiered_pricing_fixed_rules":{"30":7.589999999999999857891452847979962825775146484375,"50":6.20999999999999996447286321199499070644378662109375,"100":5.95999999999999996447286321199499070644378662109375,"200":5.589999999999999857891452847979962825775146484375,"400":5.04000000000000003552713678800500929355621337890625},"tiered_pricing_product_settings":{"layout":"default","base_unit_name":{"singular":null,"plural":null},"default_variation":null},"tiered_pricing_minimum_quantity":10,"tiered_pricing_roles_data":[],"tiered_pricing_percentage_rules":[],"tiered_pricing_maximum_quantity":null,"tiered_pricing_quantity_step":"10","_links":{"self":[{"href":"https:\/\/aiviouvapes.com\/lt\/wp-json\/wp\/v2\/product\/87549","targetHints":{"allow":["GET"]}}],"collection":[{"href":"https:\/\/aiviouvapes.com\/lt\/wp-json\/wp\/v2\/product"}],"about":[{"href":"https:\/\/aiviouvapes.com\/lt\/wp-json\/wp\/v2\/types\/product"}],"replies":[{"embeddable":true,"href":"https:\/\/aiviouvapes.com\/lt\/wp-json\/wp\/v2\/comments?post=87549"}],"wp:featuredmedia":[{"embeddable":true,"href":"https:\/\/aiviouvapes.com\/lt\/wp-json\/wp\/v2\/media\/87550"}],"wp:attachment":[{"href":"https:\/\/aiviouvapes.com\/lt\/wp-json\/wp\/v2\/media?parent=87549"}],"wp:term":[{"taxonomy":"product_brand","embeddable":true,"href":"https:\/\/aiviouvapes.com\/lt\/wp-json\/wp\/v2\/product_brand?post=87549"},{"taxonomy":"product_cat","embeddable":true,"href":"https:\/\/aiviouvapes.com\/lt\/wp-json\/wp\/v2\/product_cat?post=87549"},{"taxonomy":"product_tag","embeddable":true,"href":"https:\/\/aiviouvapes.com\/lt\/wp-json\/wp\/v2\/product_tag?post=87549"}],"curies":[{"name":"wp","href":"https:\/\/api.w.org\/{rel}","templated":true}]}}