{"id":79362,"date":"2025-11-01T15:44:17","date_gmt":"2025-11-01T07:44:17","guid":{"rendered":"https:\/\/aiviouvapes.com\/?post_type=product&#038;p=79362"},"modified":"2026-04-17T13:00:33","modified_gmt":"2026-04-17T05:00:33","slug":"bang-legend-150k","status":"publish","type":"product","link":"https:\/\/aiviouvapes.com\/lt\/product\/bang-legend-150k\/","title":{"rendered":"Bang Legend 150K | 150000 \u012fkv\u0117pim\u0173, 6 skoniai viename, ilgai i\u0161liekantis, \u012fvairi\u0173 skoni\u0173, vienkartinis vape"},"content":{"rendered":"<h2>Bang Legend 150K 6-in-1 i\u0161manusis keli\u0173 skoni\u0173 vienkartinis vape - 150 000 \u012fkv\u0117pim\u0173\ud83d\udca8\ud83d\udd25<\/h2>\n<h3>\ud83d\udc8e Kod\u0117l verta rinktis Bang Legend 150K Puffs?<\/h3>\n<ul>\n<li>\ud83d\udca8 <strong>Did\u017eiulis 150 000 puod\u0173:<\/strong> Vienas i\u0161 ilgiausiai veikian\u010di\u0173 vienkartini\u0173 garintuv\u0173 rinkoje, puikiai tinkantis ilgesniems seansams.<\/li>\n<li>\ud83c\udf9b\ufe0f <strong>6 skonio re\u017eimai:<\/strong> Rinkit\u0117s A, B, C arba mai\u0161ykite A+B, A+C, B+C, kad kiekvien\u0105 kart\u0105 pajustum\u0117te individual\u0173 skonio nuotyk\u012f! \ud83d\udd04<\/li>\n<li>\ud83e\uddc3 <strong>Trigubi alyvos rezervuarai:<\/strong> Kiekvienoje talpykloje yra unikalus mi\u0161inys, tod\u0117l galite m\u0117gautis neprilygstamu universalumu ir skonio \u012fvairove.<\/li>\n<li>\ud83c\udf08 <strong>I\u0161manusis LED ekranas:<\/strong> Rodo akumuliatoriaus ir elektroninio skys\u010dio lygius, tod\u0117l visada gal\u0117site visk\u0105 kontroliuoti.<\/li>\n<li>\u2699\ufe0f <strong>Tinklelio rit\u0117s technologija:<\/strong> Sukuriamas sodresnis skonis, skland\u017eiau u\u017etraukiama ir pastoviai garuoja.<\/li>\n<li>\ud83d\udd0b <strong>850 mAh C tipo \u012fkraunama baterija:<\/strong> Greitas \u012fkrovimas ir ilgalaikis maitinimas intensyviam naudojimui.<\/li>\n<li>\ud83c\udfea <strong>Didmenin\u0117 prekyba paruo\u0161ta:<\/strong> Tiekiama pakuot\u0117mis po 10 vienet\u0173, idealiai tinka vape parduotuv\u0117ms, platintojams ir B2B didmeniniams pirk\u0117jams.<\/li>\n<li>\u2728 <strong>Auk\u0161\u010diausios kokyb\u0117s dizainas:<\/strong> D\u0117l eleganti\u0161kos konstrukcijos, i\u0161maniojo funkcionalumo ir ger\u0173 eksploatacini\u0173 savybi\u0173 jis i\u0161siskiria i\u0161 kit\u0173 ekran\u0173.<\/li>\n<\/ul>\n<h3>\u2699\ufe0f specifikacijos<\/h3>\n<table>\n<tbody>\n<tr>\n<td><strong>Nikotino stiprumas<\/strong><\/td>\n<td>2% \/ 3% \/ 5%<\/td>\n<\/tr>\n<tr>\n<td><strong>Puff skai\u010dius<\/strong><\/td>\n<td>Iki 150 000 \u012fkv\u0117pim\u0173. 66 ml didel\u0117 e. skys\u010dio talpa<\/td>\n<\/tr>\n<tr>\n<td><strong>Skonio re\u017eimai<\/strong><\/td>\n<td>A, B, C, A+B, A+C, B+C<\/td>\n<\/tr>\n<tr>\n<td><strong>Naftos rezervuarai<\/strong><\/td>\n<td>3 nepriklausomi rezervuarai<\/td>\n<\/tr>\n<tr>\n<td><strong>Rit\u0117s tipas<\/strong><\/td>\n<td>Tinklelio rit\u0117<\/td>\n<\/tr>\n<tr>\n<td><strong>Akumuliatoriaus talpa<\/strong><\/td>\n<td>850 mAh \u012fkraunamas<\/td>\n<\/tr>\n<tr>\n<td><strong>Ekranas<\/strong><\/td>\n<td>LED i\u0161manusis ekranas<\/td>\n<\/tr>\n<tr>\n<td><strong>\u012ekrovimo prievadas<\/strong><\/td>\n<td>C tipo<\/td>\n<\/tr>\n<tr>\n<td><strong>Pakuot\u0117<\/strong><\/td>\n<td>10 vnt. vienoje pakuot\u0117je<\/td>\n<\/tr>\n<\/tbody>\n<\/table>\n<h3>\ud83c\udf53 Galimi skoniai<\/h3>\n<p>Su <strong>12 auk\u0161\u010diausios kokyb\u0117s skonio grupi\u0173<\/strong>, Bang Legend 150K u\u017etikrina, kad kiekvienas \u012fkv\u0117pimas b\u016bt\u0173 naujas nuotykis. \ud83d\ude0b<\/p>\n<ul>\n<li>\ud83c\udf51 <strong>Persik\u0173 serija:<\/strong> Persik\u0173 ledas \/ Mango persik\u0173 \/ M\u0117lyni\u0173 persik\u0173 \/ Persik\u0173 ledas Mango persik\u0173 \/ Persik\u0173 ledas M\u0117lyni\u0173 persik\u0173 \/ Mango persik\u0173 M\u0117lyni\u0173 persik\u0173<\/li>\n<li>\ud83c\udf4d <strong>Ananas\u0173 serija:<\/strong> Ananas\u0173 ledas \/ Ananas\u0173 kokosas \/ Kivi\u0173 vaisiai Ananas\u0173 ledas \/ Ananas\u0173 ledas Ananas\u0173 kokosas \/ Ananas\u0173 ledas Kivi\u0173 vaisiai Ananas\u0173 ledas \/ Ananas\u0173 kokosas Kivi\u0173 vaisiai Ananas\u0173 ledas<\/li>\n<li>\ud83c\udf47 <strong>Vynuogi\u0173 serija:<\/strong> Vynuogi\u0173 ledas \/ Vynuogi\u0173 kramtomoji guma \/ Avie\u010di\u0173 vynuog\u0117s \/ Vynuogi\u0173 ledas Vynuogi\u0173 kramtomoji guma \/ Vynuogi\u0173 ledas Avie\u010di\u0173 vynuog\u0117s \/ Vynuogi\u0173 kramtomoji guma Avie\u010di\u0173 vynuog\u0117s<\/li>\n<li>\ud83c\udf49 <strong>Arb\u016bz\u0173 serija:<\/strong> Arb\u016bz\u0173 ledas \/ Arb\u016bz\u0173 uogos \/ Bra\u0161ki\u0173 arb\u016bzas \/ Arb\u016bz\u0173 ledas Arb\u016bz\u0173 uogos \/ Arb\u016bz\u0173 ledas Bra\u0161ki\u0173 arb\u016bzas \/ Arb\u016bz\u0173 uogos Bra\u0161ki\u0173 arb\u016bzas<\/li>\n<li>\ud83e\uded0 <strong>M\u0117lyni\u0173 serija:<\/strong> M\u0117lyni\u0173 ledas \/ M\u0117lyni\u0173 avie\u010di\u0173 \/ M\u0117lyni\u0173 spanguoli\u0173 vy\u0161ni\u0173 \/ M\u0117lyni\u0173 ledas M\u0117lyni\u0173 avie\u010di\u0173 \/ M\u0117lyni\u0173 ledas M\u0117lyni\u0173 spanguoli\u0173 vy\u0161ni\u0173 \/ M\u0117lyni\u0173 avie\u010di\u0173 M\u0117lyni\u0173 spanguoli\u0173 vy\u0161ni\u0173<\/li>\n<li>\ud83c\udf4c <strong>Banan\u0173 serija:<\/strong> Banan\u0173 ledas \/ bra\u0161ki\u0173 banan\u0173 \/ citrin\u0173 r\u016bg\u0161ties apelsin\u0173 \/ banan\u0173 ledas bra\u0161ki\u0173 banan\u0173 \/ banan\u0173 ledas citrin\u0173 r\u016bg\u0161ties apelsin\u0173 \/ bra\u0161ki\u0173 banan\u0173 citrin\u0173 r\u016bg\u0161ties apelsin\u0173 \/ bra\u0161ki\u0173 banan\u0173 citrin\u0173 r\u016bg\u0161ties apelsin\u0173<\/li>\n<li>\ud83c\udf4f <strong>\"Apple\" serija:<\/strong> \"Apple Ice\" \/ \"Apple Grape\" \/ \"Blueberry Grape\" \/ \"Apple Ice\" \"Apple Grape\" \/ \"Apple Ice\" \"Blueberry Grape\" \/ \"Apple Grape\" \"Blueberry Grape\" \"Blueberry Grape<\/li>\n<li>\ud83e\udd6d <strong>Mango serija:<\/strong> Mango Ice \/ Persik\u0173 Mango Arb\u016bzas \/ Guminis me\u0161kiukas \/ Mango Ice Persik\u0173 Mango Arb\u016bzas \/ Mango Ice Guminis me\u0161kiukas \/ Persik\u0173 Mango Arb\u016bzas Guminis me\u0161kiukas<\/li>\n<li>\ud83c\udf52 <strong>Vy\u0161ni\u0173 serija:<\/strong> Cherry Ice \/ Mi\u0161rios uogos \/ Raudonoji kola \/ Cherry Ice Mi\u0161rios uogos \/ Cherry Ice Raudonoji kola \/ Mi\u0161rios uogos Raudonoji kola<\/li>\n<li>\u26a1 <strong>Energijos serija:<\/strong> Red Bull \/ Arb\u016bz\u0173 kramtomoji guma \/ Love 66 \/ Red Bull Arb\u016bz\u0173 kramtomoji guma \/ Red Bull Love 66 \/ Arb\u016bz\u0173 kramtomoji guma Love 66<\/li>\n<li>\ud83c\udf53 <strong>Bra\u0161ki\u0173 serija:<\/strong> Bra\u0161ki\u0173 ledai \/ Bra\u0161ki\u0173 kiviai \/ Bra\u0161ki\u0173 li\u010diai \/ Bra\u0161ki\u0173 ledai Bra\u0161ki\u0173 kiviai \/ Bra\u0161ki\u0173 ledai Bra\u0161ki\u0173 li\u010diai \/ Bra\u0161ki\u0173 kiviai Bra\u0161ki\u0173 li\u010diai<\/li>\n<li>\ud83e\udd5d <strong>Aistros serija:<\/strong> Fassionate Passion Fruit \/ Guava Lime \/ Passion Fruit Lemon \/ Fassionate Passion Fruit Guava Lime \/ Fassionate Passion Fruit Passion Fruit Lemon \/ Guava Lime Passion Fruit Lemon<\/li>\n<\/ul>\n<h3>\ud83d\udcac DUK<\/h3>\n<p><strong>Q:<\/strong> Kiek \u012fp\u016btim\u0173 galima gauti i\u0161 vieno \"Bang Legend\" prietaiso?<br \/>\n<strong>A:<\/strong> Kiekvienas \u012frenginys suteikia iki <strong>150 000 \u012fpur\u0161kim\u0173<\/strong> - sukurtas ilgalaikiam pasitenkinimui. \ud83d\udd0b<\/p>\n<p><strong>Q:<\/strong> Kaip pakeisti skonio re\u017eim\u0105?<br \/>\n<strong>A:<\/strong> Tiesiog pasukite kandikl\u012f, kad perjungtum\u0117te <strong>A, B, C, A+B, A+C arba B+C<\/strong> - m\u0117gaukit\u0117s keliais mi\u0161iniais per kelias sekundes! \ud83d\udd04<\/p>\n<p><strong>Q:<\/strong> Ar prietaisas \u012fkraunamas?<br \/>\n<strong>A:<\/strong> Taip! Jame yra <strong>850 mAh akumuliatorius<\/strong> su <strong>C tipo greitasis \u012fkrovimas<\/strong> parama. \u26a1<\/p>\n<p><strong>Q:<\/strong> Ar galiu matyti baterijos ir elektroninio skys\u010dio lyg\u012f?<br \/>\n<strong>A:<\/strong> The <strong>LED i\u0161manusis ekranas<\/strong> rodo abu rodiklius realiuoju laiku. \ud83c\udf08<\/p>\n<p><strong>Q:<\/strong> Ar tai tinka didmeninei ar ma\u017emeninei prekybai?<br \/>\n<strong>A:<\/strong> Tikrai! Svetain\u0117 <strong>10 vnt.\/pakuot\u0117 pakuot\u0117<\/strong> yra optimizuotas <strong>didmeninis platinimas, ma\u017emenin\u0117s prekybos lentynos ir B2B prekyba dideliais kiekiais.<\/strong>. \ud83c\udfea<\/p>\n<h3>\ud83c\udf0d Puikiai tinka<\/h3>\n<p>The <strong>Bang Legend 150K vienkartinis Vape<\/strong> idealiai tinka <strong>intensyv\u016bs vartotojai, skonio entuziastai ir vape platintojai.<\/strong> ie\u0161ko <strong>auk\u0161\u010diausios kokyb\u0117s, didel\u0117s talpos prietaisas<\/strong>. Su <strong>6 skonio re\u017eimai, trigubos alyvos talpyklos ir i\u0161manusis LED ekranas<\/strong>, tai tikra j\u0117gain\u0117, skirta <strong>Europos svaigal\u0173 parduotuv\u0117s, didmenininkai ir ma\u017emenininkai internetu<\/strong>. \ud83d\udca8\ud83d\udd25<\/p>","protected":false},"excerpt":{"rendered":"<p>Atraskite nauj\u0105 garinimo lyg\u012f su <strong>Bang Legend 150K Puffs vienkartinis Vape<\/strong> - su <strong>6 skonio re\u017eimai<\/strong>, <strong>66 ml didel\u0117 e. skys\u010dio talpa<\/strong>, <strong>trigubos alyvos talpyklos<\/strong>ir <strong>i\u0161manusis LED ekranas<\/strong>. Skirta didmenininkams, skonio ie\u0161kotojams ir rimtiems vaperiams, kurie nori maksimalaus skonio ir i\u0161tverm\u0117s! \u26a1<\/p>","protected":false},"featured_media":79372,"comment_status":"open","ping_status":"closed","template":"","meta":[],"product_brand":[239],"product_cat":[37,336,280,137,146,138,141,143,572],"product_tag":[377,378,376,306,379,380],"class_list":{"0":"post-79362","1":"product","2":"type-product","3":"status-publish","4":"has-post-thumbnail","6":"product_brand-bang","7":"product_cat-bang","8":"product_cat-100k-puffs-disposable-vape","9":"product_cat-cheap-rechargeable-disposable-vapes","10":"product_cat-disposable-vapes-in-germany","11":"product_cat-disposable-vapes-in-hungary","12":"product_cat-disposable-vapes-in-ltaly","13":"product_cat-disposable-vapes-in-poland","14":"product_cat-disposable-vapes-in-spain","15":"product_cat-new-2","16":"product_tag-150000-puffs-vape","17":"product_tag-6-flavor-in-1-vape","18":"product_tag-bang-legend-150k-disposable-vape","19":"product_tag-best-disposable-vapes","20":"product_tag-long-lasting-smart-vape","21":"product_tag-wholesale-rechargeable-vape","23":"first","24":"instock","25":"shipping-taxable","26":"purchasable","27":"product-type-variable","28":"has-default-attributes"},"jetpack_sharing_enabled":true,"tiered_pricing_type":"fixed","tiered_pricing_fixed_rules":{"30":9.3300000000000000710542735760100185871124267578125,"50":7.519999999999999573674358543939888477325439453125,"100":6.87000000000000010658141036401502788066864013671875,"200":6.3499999999999996447286321199499070644378662109375,"400":5.70000000000000017763568394002504646778106689453125},"tiered_pricing_product_settings":{"layout":"default","base_unit_name":{"singular":null,"plural":null},"default_variation":null},"tiered_pricing_minimum_quantity":10,"tiered_pricing_roles_data":[],"tiered_pricing_percentage_rules":[],"tiered_pricing_maximum_quantity":null,"tiered_pricing_quantity_step":"10","_links":{"self":[{"href":"https:\/\/aiviouvapes.com\/lt\/wp-json\/wp\/v2\/product\/79362","targetHints":{"allow":["GET"]}}],"collection":[{"href":"https:\/\/aiviouvapes.com\/lt\/wp-json\/wp\/v2\/product"}],"about":[{"href":"https:\/\/aiviouvapes.com\/lt\/wp-json\/wp\/v2\/types\/product"}],"replies":[{"embeddable":true,"href":"https:\/\/aiviouvapes.com\/lt\/wp-json\/wp\/v2\/comments?post=79362"}],"wp:featuredmedia":[{"embeddable":true,"href":"https:\/\/aiviouvapes.com\/lt\/wp-json\/wp\/v2\/media\/79372"}],"wp:attachment":[{"href":"https:\/\/aiviouvapes.com\/lt\/wp-json\/wp\/v2\/media?parent=79362"}],"wp:term":[{"taxonomy":"product_brand","embeddable":true,"href":"https:\/\/aiviouvapes.com\/lt\/wp-json\/wp\/v2\/product_brand?post=79362"},{"taxonomy":"product_cat","embeddable":true,"href":"https:\/\/aiviouvapes.com\/lt\/wp-json\/wp\/v2\/product_cat?post=79362"},{"taxonomy":"product_tag","embeddable":true,"href":"https:\/\/aiviouvapes.com\/lt\/wp-json\/wp\/v2\/product_tag?post=79362"}],"curies":[{"name":"wp","href":"https:\/\/api.w.org\/{rel}","templated":true}]}}