{"id":75037,"date":"2025-10-20T14:52:27","date_gmt":"2025-10-20T06:52:27","guid":{"rendered":"https:\/\/aiviouvapes.com\/?post_type=product&#038;p=75037"},"modified":"2026-03-17T13:59:28","modified_gmt":"2026-03-17T05:59:28","slug":"uzy-crystal-four-flavors-100000-puffs-%f0%9f%92%8e-4-in-1-quad-mesh-coil-rechargeable-disposable-vape","status":"publish","type":"product","link":"https:\/\/aiviouvapes.com\/lt\/product\/uzy-crystal-four-flavors-100000-puffs-%f0%9f%92%8e-4-in-1-quad-mesh-coil-rechargeable-disposable-vape\/","title":{"rendered":"UZY Crystal 100000 Puffs | 100k 4-in-1 keturi\u0173 tinkleli\u0173 rit\u0117, \u012fkraunamas vienkartinis vape, keturi skoniai"},"content":{"rendered":"<h2>UZY Crystal Four Flavors 100000 puffs\u0173 \ud83d\udc8e | 4-in-1 quad mesh coil rechargeable disposable vape<\/h2>\n<p><strong>UZY Keturi\u0173 skoni\u0173 kristalai 100000 pakeli\u0173<\/strong> perkelia garinimo naujoves \u012f kit\u0105 lyg\u012f. \u0160is prietaisas sukurtas vartotojams, kurie trok\u0161ta \u012fvairov\u0117s ir na\u0161umo, tod\u0117l juo galima perjungti <strong>keturi\u0173 skani\u0173 integruot\u0173 skoni\u0173<\/strong> papras\u010diausiai pasukant arba pakei\u010diant mygtuk\u0105.<br \/>\nMaitinamas a <strong>\u012fkraunamas 650 mAh akumuliatorius<\/strong> ir su <strong>Keturi\u0173 tinkleli\u0173 rit\u0117s<\/strong> d\u0117l geresnio garavimo ir skonio, tod\u0117l kiekvienas \u012fkv\u0117pimas yra sklandus ir malonus.<br \/>\nThe <strong>LED i\u0161manusis ekranas<\/strong> rodoma baterijos veikimo trukm\u0117 ir elektroninio skys\u010dio lygis, tod\u0117l visada galite kontroliuoti situacij\u0105. Jos <strong>kri\u0161tolo kriaukl\u0117s dizainas<\/strong> suteikia stili\u0173, kuris patraukia kiekvieno ak\u012f.<\/p>\n<h3>Kod\u0117l verta rinktis UZY Crystal 100000 Puffs?<\/h3>\n<ul>\n<li>\ud83d\udca8 <strong>Masyvus 100 000 \u012fkv\u0117pim\u0173<\/strong> - puikiai tinka ilgalaikiam malonumui be pertrauk\u0173.<\/li>\n<li>\ud83c\udf08 <strong>\"4-in-1\" skonio sistema<\/strong> - m\u0117gaukit\u0117s keturiais skirtingais skoniais viename eleganti\u0161kame \u012frenginyje.<\/li>\n<li>\ud83d\udd25 <strong>Keturi\u0173 aku\u010di\u0173 rit\u0117 (1,0\u03a9)<\/strong> - pasi\u017eymi sodriu skoniu ir \u0161velniais gar\u0173 debes\u0117liais.<\/li>\n<li>\ud83d\udd0b <strong>\u012ekraunama 650 mAh baterija<\/strong> - patikimas ir ekologi\u0161kas su C tipo greituoju \u012fkrovimu.<\/li>\n<li>\ud83d\udca1 <strong>LED ekranas<\/strong> - ai\u0161kiai rodo el. skys\u010dio ir akumuliatoriaus b\u016bsen\u0105.<\/li>\n<li>\ud83d\udc8e <strong>Kri\u0161tolo stiliaus korpusas<\/strong> - auk\u0161\u010diausios kokyb\u0117s permatomas dizainas, kuris spindi su kiekvienu \u012fkv\u0117pimu.<\/li>\n<li>\ud83e\uddc3 <strong>56 ml e-skys\u010dio talpa<\/strong> - daugiau sul\u010di\u0173, ma\u017eiau r\u016bpes\u010di\u0173, kad jos baigsis.<\/li>\n<li>\u2699\ufe0f <strong>Kelios nikotino parinktys<\/strong> - galima \u012fsigyti 0%, 2%, 3% ir 5% form\u0173, kad b\u016bt\u0173 galima pasirinkti skirtingus pageidavimus.<\/li>\n<li>\ud83d\udce6 <strong>Didmeninei prekybai paruo\u0161tos pakuot\u0117s<\/strong> - 10 vnt. d\u0117\u017eut\u0117je, 120 vnt. kartonin\u0117je d\u0117\u017eut\u0117je.<\/li>\n<\/ul>\n<h3>Specifikacijos<\/h3>\n<table>\n<tbody>\n<tr>\n<th>Funkcija<\/th>\n<th>Specifikacija<\/th>\n<\/tr>\n<tr>\n<td>Puff skai\u010dius<\/td>\n<td>100 000 \u012fkv\u0117pim\u0173 vienam prietaisui<\/td>\n<\/tr>\n<tr>\n<td>Aromatai<\/td>\n<td>4 skirtingi \u012fmontuoti skoniai<\/td>\n<\/tr>\n<tr>\n<td>Rit\u0117s<\/td>\n<td>Keturi\u0173 aku\u010di\u0173 rit\u0117, 1,0 om\u0173<\/td>\n<\/tr>\n<tr>\n<td>E-skys\u010dio talpa<\/td>\n<td>56 ml<\/td>\n<\/tr>\n<tr>\n<td>Nikotino stiprumai<\/td>\n<td>0%, 2%, 3%, 5%<\/td>\n<\/tr>\n<tr>\n<td>Akumuliatorius<\/td>\n<td>650 mAh, C tipo \u012fkraunama<\/td>\n<\/tr>\n<tr>\n<td>Ekranas<\/td>\n<td>LED i\u0161manusis ekranas (baterijos ir el. skys\u010dio indikatoriai)<\/td>\n<\/tr>\n<tr>\n<td>Dizainas<\/td>\n<td>Kri\u0161tolo stiliaus skaidrus apvalkalas<\/td>\n<\/tr>\n<tr>\n<td>Svoris<\/td>\n<td>Apie 140 g vienam prietaisui<\/td>\n<\/tr>\n<tr>\n<td>Pakuot\u0117<\/td>\n<td>10 vnt. d\u0117\u017eut\u0117je, 120 vnt. d\u0117\u017eut\u0117je (bruto svoris ~18 kg)<\/td>\n<\/tr>\n<\/tbody>\n<\/table>\n<h3>Skonio linija \ud83c\udf53\ud83c\udf49\ud83c\udf47\ud83c\udf52<\/h3>\n<ol>\n<li>Bra\u0161ki\u0173 arb\u016bzas ir \"Blue Razz Ice\" ir m\u0117lyni\u0173 avie\u010di\u0173 vy\u0161nia ir Fizzy vy\u0161ni\u0173 ledas<\/li>\n<li>Persik\u0173 ledas ir m\u0117lyni\u0173 vy\u0161nios ir energetinis g\u0117rimas ir arb\u016bz\u0173 li\u010diai<\/li>\n<li>M\u0117lyni\u0173 ledai ir bra\u0161ki\u0173 bananai bei du obuoliai ir skittles<\/li>\n<li>Vy\u0161ni\u0173 ledas ir vynuogi\u0173 ledas ir pasiflor\u0173 vaisiai Mango ir meil\u0117 66<\/li>\n<li>M\u0117lyni\u0173 ledai ir mangai Persik\u0173 abrikosai ir kiviai Pasiflor\u0173 vaisiai Gvajavos ir baltieji persikai Razz<\/li>\n<li>Persik\u0173 mang\u0173 ananas\u0173 ir m\u0117lyni\u0173 avie\u010di\u0173 ir citrin\u0173 laim\u0173 ir arb\u016bz\u0173 kramtomoji guma<\/li>\n<li>Mi\u0161rios uogos ir pasifloros Kiviai Kalk\u0117s ir spanguol\u0117s Vynuog\u0117s ir bra\u0161k\u0117s Kiviai<\/li>\n<li>Bra\u0161ki\u0173 ledai ir kramtomieji me\u0161kiukai ir arb\u016bzas Drakono vaisiai ir m\u0117lyni\u0173 kiviai<\/li>\n<li>Arb\u016bz\u0173 ledas ir m\u0117lynasis Razz Vy\u0161nia ir arb\u016bzas R\u016bg\u0161tus persikas ir pasiflora Kivis<\/li>\n<li>Bra\u0161ki\u0173 mango ir MR Blue ir vasaros persik\u0173 ledas ir juodasis ledas<\/li>\n<\/ol>\n<h3>Kam ji skirta?<\/h3>\n<p>\u2714\ufe0f <strong>Sunkieji naudotojai<\/strong> kuriems reikia galingo, ilgai veikian\u010dio prietaiso.<br \/>\n\u2714\ufe0f <strong>Aromat\u0173 persekiotojai<\/strong> m\u0117gstantys \u012fvairov\u0119 ir intensyv\u0173 skon\u012f.<br \/>\n\u2714\ufe0f <strong>Vape parduotuv\u0117s<\/strong> ie\u0161ko paklausi\u0173 ma\u017emenin\u0117s prekybos produkt\u0173.<br \/>\n\u2714\ufe0f <strong>Didmeniniai platintojai<\/strong> aptarnauja ES rink\u0105 (Vokietij\u0105, Pranc\u016bzij\u0105, Ispanij\u0105, Italij\u0105, Nyderlandus ir t. t.).<\/p>\n<p><img data-recalc-dims=\"1\" decoding=\"async\" style=\"max-width: 100%; height: auto; display: block; margin: 0 auto;\" src=\"https:\/\/i0.wp.com\/aiviouvapes.com\/wp-content\/uploads\/2025\/10\/UZY-Crystal-Four-Flavors-100000-Puffs-Authentic-Disposable-Vape-Low-Nicotine-Bulk-Buy-Wholesale-5-scaled-1.webp?w=1020&#038;ssl=1\" alt=\"UZY Keturi\u0173 skoni\u0173 kristalai 100000 pakeli\u0173\" title=\"\"><\/p>\n<h3>DUK<\/h3>\n<ul>\n<li><strong>Q:<\/strong> Kiek skoni\u0173 yra kiekviename \u012frenginyje?<br \/>\n<strong>A:<\/strong> Kiekviename \u012frenginyje yra keturi i\u0161 anksto u\u017epildyti skoniai - j\u0173 papildyti nereikia.<\/li>\n<li><strong>Q:<\/strong> Ar galiu j\u012f \u012fkrauti?<br \/>\n<strong>A:<\/strong> Taip! Jis turi C tipo prievad\u0105, kad b\u016bt\u0173 galima greitai \u012fkrauti.<\/li>\n<li><strong>Q:<\/strong> Kokie yra nikotino kiekiai?<br \/>\n<strong>A:<\/strong> Pagal pageidavimus rinkit\u0117s 0%, 2%, 3% arba 5% nikotin\u0105.<\/li>\n<li><strong>Q:<\/strong> Kaip \u017einoti, kada j\u012f papildyti arba pakeisti?<br \/>\n<strong>A:<\/strong> LED ekrane realiuoju laiku rodomas elektroninio skys\u010dio ir baterijos lygis.<\/li>\n<li><strong>Q:<\/strong> Ar jis tinka ma\u017emeninei, ar didmeninei prekybai?<br \/>\n<strong>A:<\/strong> Taip - jis puikiai tinka tiek individualiai ma\u017emeninei prekybai, tiek platinimui dideliais kiekiais.<\/li>\n<\/ul>\n<p>&nbsp;<\/p>\n<p><strong>UZY Keturi\u0173 skoni\u0173 kristalai 100000 pakeli\u0173<\/strong> i\u0161 naujo apibr\u0117\u017eia vienkartin\u012f garinim\u0105 - stulbinantis kri\u0161tolo dizainas, i\u0161manusis LED ekranas ir keturi skoniai viename \u012frenginyje.<br \/>\nNesvarbu, ar esate <strong>sunkusis vaperis<\/strong> arba <strong>parduotuv\u0117s savininkas<\/strong> prapl\u0117skite savo asortiment\u0105, nes \u0161is \"4-in-1\" \u012frenginys pasi\u017eymi i\u0161skirtiniu na\u0161umu ir stiliumi. \ud83d\udca8\u2728<\/p>\n<p>&nbsp;<\/p>","protected":false},"excerpt":{"rendered":"<p>M\u0117gaukit\u0117s <strong>keturi ne\u012ftik\u0117tini skoniai<\/strong> viename eleganti\u0161kame kri\u0161toliniame aparate! . <strong>UZY Kri\u0161tolas 100000 p\u016bkeli\u0173<\/strong> sujungia <strong>Keturi\u0173 aki\u0173 rit\u0117<\/strong>, <strong>LED i\u0161manusis ekranas<\/strong>, ir <strong>C tipo \u012fkrovimas<\/strong> kad b\u016bt\u0173 u\u017etikrinta auk\u0161\u010diausios kokyb\u0117s ilgalaik\u0117 patirtis - idealiai tinka tiek ma\u017emenin\u0117s, tiek didmenin\u0117s prekybos klientams visoje Europoje. \u26a1<\/p>","protected":false},"featured_media":75038,"comment_status":"open","ping_status":"closed","template":"","meta":[],"product_brand":[254],"product_cat":[253,137,146,138,141,143],"product_tag":[359,361,358,362,360],"class_list":{"0":"post-75037","1":"product","2":"type-product","3":"status-publish","4":"has-post-thumbnail","6":"product_brand-uzy","7":"product_cat-uzy","8":"product_cat-disposable-vapes-in-germany","9":"product_cat-disposable-vapes-in-hungary","10":"product_cat-disposable-vapes-in-ltaly","11":"product_cat-disposable-vapes-in-poland","12":"product_cat-disposable-vapes-in-spain","13":"product_tag-4-in-1-quad-mesh-coil-vape-device","14":"product_tag-high-capacity-disposable-vape-56ml","15":"product_tag-rechargeable-100000-puff-disposable-vape","16":"product_tag-switchable-multi-flavour-disposable-vape","17":"product_tag-uzy-crystal-four-flavours-vape","19":"first","20":"instock","21":"shipping-taxable","22":"purchasable","23":"product-type-variable","24":"has-default-attributes"},"jetpack_sharing_enabled":true,"tiered_pricing_type":"fixed","tiered_pricing_fixed_rules":{"30":9.980000000000000426325641456060111522674560546875,"50":8.1699999999999999289457264239899814128875732421875,"100":7.910000000000000142108547152020037174224853515625,"200":7.2599999999999997868371792719699442386627197265625,"400":6.7400000000000002131628207280300557613372802734375},"tiered_pricing_product_settings":{"layout":"default","base_unit_name":{"singular":null,"plural":null},"default_variation":null},"tiered_pricing_minimum_quantity":10,"tiered_pricing_roles_data":[],"tiered_pricing_percentage_rules":[],"tiered_pricing_maximum_quantity":null,"tiered_pricing_quantity_step":"10","_links":{"self":[{"href":"https:\/\/aiviouvapes.com\/lt\/wp-json\/wp\/v2\/product\/75037","targetHints":{"allow":["GET"]}}],"collection":[{"href":"https:\/\/aiviouvapes.com\/lt\/wp-json\/wp\/v2\/product"}],"about":[{"href":"https:\/\/aiviouvapes.com\/lt\/wp-json\/wp\/v2\/types\/product"}],"replies":[{"embeddable":true,"href":"https:\/\/aiviouvapes.com\/lt\/wp-json\/wp\/v2\/comments?post=75037"}],"wp:featuredmedia":[{"embeddable":true,"href":"https:\/\/aiviouvapes.com\/lt\/wp-json\/wp\/v2\/media\/75038"}],"wp:attachment":[{"href":"https:\/\/aiviouvapes.com\/lt\/wp-json\/wp\/v2\/media?parent=75037"}],"wp:term":[{"taxonomy":"product_brand","embeddable":true,"href":"https:\/\/aiviouvapes.com\/lt\/wp-json\/wp\/v2\/product_brand?post=75037"},{"taxonomy":"product_cat","embeddable":true,"href":"https:\/\/aiviouvapes.com\/lt\/wp-json\/wp\/v2\/product_cat?post=75037"},{"taxonomy":"product_tag","embeddable":true,"href":"https:\/\/aiviouvapes.com\/lt\/wp-json\/wp\/v2\/product_tag?post=75037"}],"curies":[{"name":"wp","href":"https:\/\/api.w.org\/{rel}","templated":true}]}}