{"id":70613,"date":"2025-10-04T13:55:32","date_gmt":"2025-10-04T05:55:32","guid":{"rendered":"https:\/\/aiviouvapes.com\/?post_type=product&#038;p=70613"},"modified":"2026-04-04T14:55:35","modified_gmt":"2026-04-04T06:55:35","slug":"aiviou-waspe-6-in-1-150000-puffs","status":"publish","type":"product","link":"https:\/\/aiviouvapes.com\/lt\/product\/aiviou-waspe-6-in-1-150000-puffs\/","title":{"rendered":"WASPE AIVIOU 150K | 150000 \u012fkv\u0117pim\u0173, 64 ml, 6 skoniai viename, \"6-in-1\", ilgiausiai i\u0161liekantis, vienkartinis vape"},"content":{"rendered":"<h3>Kod\u0117l verta rinktis WASPE 150K 6-in-1 Puffs?<\/h3>\n<ul>\n<li>\ud83d\udca8 <strong>Itin ilgai i\u0161liekantis:<\/strong> Didel\u0117 150000 p\u016bk\u0161tel\u0117jim\u0173 talpa - ma\u017eiau papildym\u0173, daugiau pelno parduotuv\u0117ms.<\/li>\n<li>\ud83d\udd0b <strong>\u012ekraunama galia:<\/strong> \u012emontuota 650 mAh baterija su greituoju C tipo \u012fkrovimu.<\/li>\n<li>\ud83c\udf08 <strong>Trij\u0173 tinkleli\u0173 rit\u0117s konstrukcija<\/strong> (1,0 om\u0173 x 3) leid\u017eia vienu prietaisu perjungti kelis skoni\u0173 derinius.<\/li>\n<li>\ud83d\udcca <strong>LED ekranas:<\/strong> Ai\u0161kiai rodo akumuliatoriaus ir elektroninio skys\u010dio lyg\u012f, kad vapinguojant nekilt\u0173 streso.<\/li>\n<li>\u26a1 <strong>Didysis rezervuaras:<\/strong> I\u0161 anksto pripildyta 64 ml auk\u0161\u010diausios kokyb\u0117s elektroninio skys\u010dio, kad ilgai jaust\u0173si malonumas.<\/li>\n<li>\ud83d\udc4c <strong>Nikotino parinktys:<\/strong> Pasirinkite 0%, 2% arba 5%, kad atitikt\u0173 skirtingus klient\u0173 poreikius.<\/li>\n<\/ul>\n<h3>Specifikacijos<\/h3>\n<table>\n<tbody>\n<tr>\n<td><strong>Puff skai\u010dius<\/strong><\/td>\n<td>150000 Puffs<\/td>\n<\/tr>\n<tr>\n<td><strong>Rit\u0117s<\/strong><\/td>\n<td>Tinklelio rit\u0117 1.0\u03a9 x 3<\/td>\n<\/tr>\n<tr>\n<td><strong>E-skys\u010dio talpa<\/strong><\/td>\n<td>64 ml<\/td>\n<\/tr>\n<tr>\n<td><strong>Nikotino stiprumas<\/strong><\/td>\n<td>0% \/ 2% \/ 5%<\/td>\n<\/tr>\n<tr>\n<td><strong>Akumuliatorius<\/strong><\/td>\n<td>650 mAh \u012fkraunamas<\/td>\n<\/tr>\n<tr>\n<td><strong>\u012ekrovimas<\/strong><\/td>\n<td>C tipo<\/td>\n<\/tr>\n<tr>\n<td><strong>Ekranas<\/strong><\/td>\n<td>LED baterijos ir elektroninio skys\u010dio indikatorius<\/td>\n<\/tr>\n<\/tbody>\n<\/table>\n<h3>Galimi skoniai<\/h3>\n<ul>\n<li>\ud83c\udf49 Arb\u016bz\u0173 ledai - Citrin\u0173 citrinos - Citrin\u0173 persikai - Gaivus, citrusinis ir v\u0117sus.<\/li>\n<li>\ud83e\uded0 M\u0117lyni\u0173 ledai - Bra\u0161ki\u0173 kiviai - Vy\u0161ni\u0173 ir bra\u0161ki\u0173 ledai - Saldus ir gaivus vaisi\u0173 pli\u016bpsnis.<\/li>\n<li>\u26a1 Red Bull Ice - Raspberry Pomp - Sour Mango Strawberry - energinis g\u0117rimas su pikanti\u0161ku vaisi\u0173 prieskoniu.<\/li>\n<li>\ud83c\udf53 Bra\u0161ki\u0173 arb\u016bzo - Sulting\u0173 persik\u0173 ledo - Trij\u0173 uog\u0173 ledo - Klasikiniai m\u0117gstami vaisi\u0173 ledai su v\u0117siu skoniu.<\/li>\n<li>\ud83e\udd64 Cherry Cola Ice - Strawberry Red Bull Ice - Watermelon Raspberry - Fizzy, saldus ir suteikiantis energijos.<\/li>\n<li>\ud83c\udf47 \"Grape Ice\" - \"Blue Razz Cherry\" - \"Strawberry Ice\" - dr\u0105sus uog\u0173 derinys su lediniu gaivumu.<\/li>\n<li>\ud83c\udf52 Mi\u0161rios uogos - Juodojo drakono ledai - Bra\u0161ki\u0173 ir vy\u0161ni\u0173 kola - Egzoti\u0161ka ir malonu.<\/li>\n<li>\ud83e\udd64 Fizzy Cola Ice - Energinis g\u0117rimas - Cherry Ice - Gaivinantys g\u0117rim\u0173 \u012fkv\u0117pti hitai.<\/li>\n<li>\ud83c\udf4c Bra\u0161ki\u0173 banan\u0173 - Kivi\u0173 arb\u016bzo - Kokos\u0173 bra\u0161ki\u0173 - Sklandus tropinis malonumas.<\/li>\n<li>\u26a1 \"Red Bull Cola Ice\" - bra\u0161ki\u0173 avie\u010di\u0173 vy\u0161ni\u0173 - gervuogi\u0173 drakono vaisi\u0173 - dr\u0105sus mi\u0161inys nuotyki\u0173 m\u0117g\u0117jams.<\/li>\n<li>\ud83c\udf6c Bra\u0161ki\u0173 arb\u016bzo kramtomoji guma - r\u016bg\u0161t\u016bs mang\u0173 ledai - bra\u0161ki\u0173 vynuogi\u0173 ledai - sald\u016bs ir a\u0161tr\u016bs saldainiai.<\/li>\n<li>\ud83c\udf48 Melion\u0173 aistros vaisiai - gervuogi\u0173 ledai - obuoli\u0173 kiviai - atogr\u0105\u017e\u0173 saldumas su ledukais.<\/li>\n<\/ul>\n<h3>Puikiai tinka<\/h3>\n<p>\u0160is vienkartinis vape skirtas <strong>intensyv\u016bs vartotojai, skonio m\u0117g\u0117jai, vape parduotuv\u0117s ir B2B didmeniniai pirk\u0117jai.<\/strong>. Su savo <em>\"6-in-1\" \u012fvairi\u0173 skoni\u0173 dizainas<\/em>, tai suma\u017eina ma\u017emeninink\u0173 r\u016bpes\u010dius d\u0117l atsarg\u0173 ir suteikia didel\u0119 vert\u0119 platintojams. \ud83c\udf0d<\/p>\n<h3>DUK<\/h3>\n<p><strong>K.: Kiek kart\u0173 galima i\u0161p\u016bsti?<\/strong><br \/>\nA: Iki 150000 \u012fp\u016btim\u0173 d\u0117l trigubos tinklin\u0117s rit\u0117s ir 64 ml talpos bako.<\/p>\n<p><strong>K: Ar jis \u012fkraunamas?<\/strong><br \/>\nA: Taip! Jame yra 650 mAh akumuliatorius su C tipo \u012fkrovimo funkcija, kad b\u016bt\u0173 galima greitai \u012fkrauti energij\u0105.<\/p>\n<p><strong>K: Ar galiu pasirinkti nikotino stiprum\u0105?<\/strong><br \/>\nAtsakymas: Taip, yra 0%, 2% ir 5% nikotino variant\u0173, tinkan\u010di\u0173 visoms rinkoms.<\/p>\n<p><strong>K: Kas tur\u0117t\u0173 pirkti \u0161\u012f produkt\u0105?<\/strong><br \/>\nA: Puikiai tinka vape platintojams, didmenininkams, parduotuvi\u0173 savininkams ir visiems, kurie nori <strong>didel\u0117s talpos vienkartiniai<\/strong> su keliais skoniais viename \u012frenginyje.<\/p>\n<p><strong>K: Ar jis turi ekran\u0105?<\/strong><br \/>\nA: Jame yra <strong>LED ekranas<\/strong> lengvai patikrinti baterij\u0105 ir el. skyst\u012f.<\/p>\n<p>&nbsp;<\/p>\n<p><strong>AIVIOU WASPE \"6-in-1\" 150000 puf\u0173 vienkartini\u0173 svaigal\u0173<\/strong> yra <em>Galutinis pasirinkimas<\/em> ie\u0161kantiems \u012fvairov\u0117s, galios ir patogumo. Nesvarbu, ar esate <strong>skonio m\u0117g\u0117jas, intensyvus vartotojas arba didmeninis pirk\u0117jas<\/strong>, \u0161is prietaisas yra neprilygstamai vertingas, nes turi daugyb\u0119 d\u016bm\u0173, \u012fvairi\u0173 skoni\u0173 ir auk\u0161\u010diausios kokyb\u0117s funkcij\u0173. \ud83d\ude80<\/p>","protected":false},"excerpt":{"rendered":"<p>M\u0117gaukit\u0117s <strong>150000 \u012fp\u016btim\u0173 be sustojimo garinant<\/strong> WASPE AIVIOU \"6-in-1\" su 6 \u012fdomiais skoni\u0173 deriniais viename prietaise, 150000 puanson\u0173 vienkartini\u0173 vape - puikiai tinka didmeniniams pirk\u0117jams ir intensyviems vartotojams. \ud83d\ude80<\/p>\n<h3>\ud83d\udc49\u0160i prek\u0117 yra m\u016bs\u0173 ES sand\u0117lyje!<\/h3>\n<h4>\ud83c\udf89Neskub\u0117kite laukti:\u00a0<strong>5-7 dien\u0173 pristatymas i\u0161 m\u016bs\u0173 Europoje \u012fsik\u016brusios<\/strong> sand\u0117lis (numatytoji <strong>2% nikotino stiprumas<\/strong> tik versija).<\/h4>\n<p><span style=\"font-size: 75%;\"><em>\ud83d\udd39 Dauguma u\u017esakym\u0173 siun\u010diami i\u0161 m\u016bs\u0173 Europos sand\u0117lio, jei yra galimyb\u0117. Kartais, jei n\u0117ra sand\u0117lyje, vietoj to siun\u010diame i\u0161 Kinijos.<\/em><\/span><\/p>","protected":false},"featured_media":72468,"comment_status":"open","ping_status":"closed","template":"","meta":[],"product_brand":[227],"product_cat":[19,336,320,280,137,146,138,141,143,505],"product_tag":[310,315,311,314,312,319,313,309,316,318,317],"class_list":{"0":"post-70613","1":"product","2":"type-product","3":"status-publish","4":"has-post-thumbnail","6":"product_brand-waspe","7":"product_cat-waspe","8":"product_cat-100k-puffs-disposable-vape","9":"product_cat-best-disposable-vapes","10":"product_cat-cheap-rechargeable-disposable-vapes","11":"product_cat-disposable-vapes-in-germany","12":"product_cat-disposable-vapes-in-hungary","13":"product_cat-disposable-vapes-in-ltaly","14":"product_cat-disposable-vapes-in-poland","15":"product_cat-disposable-vapes-in-spain","16":"product_cat-in-stock-at-eu-warehouse","17":"product_tag-150000-puffs-disposable-vape-rechargeable","18":"product_tag-150000-puffs-disposable-vape-wholesale","19":"product_tag-6-in-1-multi-flavor-disposable-vape","20":"product_tag-disposable-vape-with-led-display","21":"product_tag-disposable-vape-with-multiple-flavors","22":"product_tag-high-capacity-disposable-e-cig","23":"product_tag-highest-puff-count-disposable-vape","24":"product_tag-longest-lasting-disposable-vape-150000-puffs","25":"product_tag-multi-flavor-disposable-vape-wholesale-europe","26":"product_tag-ultra-long-lasting-vape","27":"product_tag-wholesale-disposable-vape-supplier-europe","29":"first","30":"instock","31":"shipping-taxable","32":"purchasable","33":"product-type-variable","34":"has-default-attributes"},"jetpack_sharing_enabled":true,"tiered_pricing_type":"fixed","tiered_pricing_fixed_rules":{"30":9.589999999999999857891452847979962825775146484375,"50":7.78000000000000024868995751603506505489349365234375,"100":7.519999999999999573674358543939888477325439453125,"200":6.87000000000000010658141036401502788066864013671875,"400":6.3499999999999996447286321199499070644378662109375},"tiered_pricing_product_settings":{"layout":"default","base_unit_name":{"singular":null,"plural":null},"default_variation":null},"tiered_pricing_minimum_quantity":10,"tiered_pricing_roles_data":[],"tiered_pricing_percentage_rules":[],"tiered_pricing_maximum_quantity":null,"tiered_pricing_quantity_step":"10","_links":{"self":[{"href":"https:\/\/aiviouvapes.com\/lt\/wp-json\/wp\/v2\/product\/70613","targetHints":{"allow":["GET"]}}],"collection":[{"href":"https:\/\/aiviouvapes.com\/lt\/wp-json\/wp\/v2\/product"}],"about":[{"href":"https:\/\/aiviouvapes.com\/lt\/wp-json\/wp\/v2\/types\/product"}],"replies":[{"embeddable":true,"href":"https:\/\/aiviouvapes.com\/lt\/wp-json\/wp\/v2\/comments?post=70613"}],"wp:featuredmedia":[{"embeddable":true,"href":"https:\/\/aiviouvapes.com\/lt\/wp-json\/wp\/v2\/media\/72468"}],"wp:attachment":[{"href":"https:\/\/aiviouvapes.com\/lt\/wp-json\/wp\/v2\/media?parent=70613"}],"wp:term":[{"taxonomy":"product_brand","embeddable":true,"href":"https:\/\/aiviouvapes.com\/lt\/wp-json\/wp\/v2\/product_brand?post=70613"},{"taxonomy":"product_cat","embeddable":true,"href":"https:\/\/aiviouvapes.com\/lt\/wp-json\/wp\/v2\/product_cat?post=70613"},{"taxonomy":"product_tag","embeddable":true,"href":"https:\/\/aiviouvapes.com\/lt\/wp-json\/wp\/v2\/product_tag?post=70613"}],"curies":[{"name":"wp","href":"https:\/\/api.w.org\/{rel}","templated":true}]}}