{"id":65916,"date":"2025-09-10T17:53:37","date_gmt":"2025-09-10T09:53:37","guid":{"rendered":"https:\/\/aiviouvapes.com\/?post_type=product&#038;p=65916"},"modified":"2026-03-17T14:02:37","modified_gmt":"2026-03-17T06:02:37","slug":"bangbox-80k-triple-flavor-80000-puffs","status":"publish","type":"product","link":"https:\/\/aiviouvapes.com\/lt\/product\/bangbox-80k-triple-flavor-80000-puffs\/","title":{"rendered":"BANGBOX 80K Triple Flavor 80000 Puffs | biri\u0173 vienkartini\u0173 vape su 60ml e-skys\u010dio"},"content":{"rendered":"<h2>Kod\u0117l verta rinktis BANGBOX 80000?<\/h2>\n<ul>\n<li>\u26a1 <strong>80 000 Puffs<\/strong> - vienas i\u0161 ilgiausiai veikian\u010di\u0173 vienkartini\u0173 garintuv\u0173 rinkoje<\/li>\n<li>\ud83d\udd0b <strong>17350-850 mAh gryno kobalto baterija<\/strong> su 5 A i\u0161krova - stabili i\u0161\u0117jimo galia, n\u0117ra silpn\u0173 sm\u016bgi\u0173<\/li>\n<li>\ud83d\udca7 <strong>60 ml i\u0161 anksto u\u017epildyto elektroninio skys\u010dio<\/strong> - m\u0117gaukit\u0117s savait\u0117mis ar m\u0117nesiais naudojimo be papildym\u0173<\/li>\n<li>\ud83c\udf00 <strong>0,8\u03a9 trij\u0173 aku\u010di\u0173 rit\u0117<\/strong> - greitas kaitinimas, stipr\u016bs garai, sodrus skonis<\/li>\n<li>\ud83d\udd04 <strong>Trigubo skonio ank\u0161tys<\/strong> - 3 skoni\u0173 perjungimas viename \u012frenginyje<\/li>\n<li>\ud83d\udcca Realaus laiko baterijos ir el. skys\u010dio indikatoriai - visada \u017einokite savo b\u016bkl\u0119<\/li>\n<li>\u26a1 <strong>C tipo greitasis \u012fkrovimas<\/strong> - greitas ir patogus \u012fkrovimas<\/li>\n<li>\ud83c\udf1f Kelios nikotino parinktys (0%, 2%, 3%, 5%) - puikiai tinka pradedantiesiems ar buvusiems r\u016bkaliams<\/li>\n<li>\ud83d\udce6 <strong>Didmeninei prekybai paruo\u0161tos pakuot\u0117s<\/strong> - skirta vape parduotuv\u0117ms ir platintojams<\/li>\n<\/ul>\n<h3>Specifikacijos<\/h3>\n<table cellpadding=\"6\">\n<tbody>\n<tr>\n<td><strong>Puff skai\u010dius<\/strong><\/td>\n<td>Iki 80 000 \u012fkv\u0117pim\u0173<\/td>\n<\/tr>\n<tr>\n<td><strong>Akumuliatorius<\/strong><\/td>\n<td>17350-850 mAh gryno kobalto, 5 A i\u0161krova<\/td>\n<\/tr>\n<tr>\n<td><strong>E-skys\u010dio talpa<\/strong><\/td>\n<td>60 ml<\/td>\n<\/tr>\n<tr>\n<td><strong>Rit\u0117s<\/strong><\/td>\n<td>0,8\u03a9 trigubo tinklelio<\/td>\n<\/tr>\n<tr>\n<td><strong>\u012ekrovimo prievadas<\/strong><\/td>\n<td>C tipo<\/td>\n<\/tr>\n<tr>\n<td><strong>Rodikliai<\/strong><\/td>\n<td>E-skys\u010dio ir baterijos ekranas<\/td>\n<\/tr>\n<tr>\n<td><strong>Skonio sistema<\/strong><\/td>\n<td>Trigubo skonio ank\u0161tys<\/td>\n<\/tr>\n<tr>\n<td><strong>Nikotino stiprumas<\/strong><\/td>\n<td>0% \/ 2% \/ 3% \/ 5%<\/td>\n<\/tr>\n<\/tbody>\n<\/table>\n<h3>\u012esp\u016bdingi skoni\u0173 deriniai \ud83c\udf6d<\/h3>\n<ul>\n<li><strong>Bra\u0161ki\u0173 bananai - avie\u010di\u0173 arb\u016bzai - Meil\u0117 666<\/strong> - saldus, sultingas ir dr\u0105sus<\/li>\n<li><strong>Atogr\u0105\u017e\u0173 vaisiai - bra\u0161ki\u0173 arb\u016bzai - citrin\u0173 persikai<\/strong> - egzoti\u0161kas ir gaivus trio<\/li>\n<li><strong>bra\u0161ki\u0173 vanil\u0117s kola - r\u016bg\u0161tus obuoli\u0173 avie\u010di\u0173 - citrin\u0173 kalki\u0173<\/strong> - putojantis, vaisinis, a\u0161trus<\/li>\n<li><strong>Dvigubos vynuog\u0117s - Bra\u0161ki\u0173 mangas - M\u0117lyni\u0173 r\u016bg\u0161tus avie\u010di\u0173 ledas<\/strong> - sodrus, saldus, ledinis<\/li>\n<li><strong>Arb\u016bz\u0173 ledai - bra\u0161ki\u0173 ledai - trigubas melionas<\/strong> - kreminis ir v\u0117sus mi\u0161inys<\/li>\n<li><strong>Citrin\u0173 kolos soda - Arb\u016bz\u0173 guma - Juodojo drakono ledas<\/strong> - putojantis, kramtomas, paslaptingas<\/li>\n<li><strong>Trij\u0173 uog\u0173 ledas - Mango persikas - Bra\u0161ki\u0173 kivis<\/strong> - vaisi\u0173 ir \u0161al\u010dio sprogimas<\/li>\n<li><strong>Bra\u0161ki\u0173 ledai - Bra\u0161ki\u0173 arb\u016bzas - Ananas\u0173 Mango Persik\u0173<\/strong> - sultingas, daugiasluoksnis saldumas<\/li>\n<li><strong>Ananasinis kokosas - bra\u0161ki\u0173 ledas - Blue Razz ledas<\/strong> - atogr\u0105\u017e\u0173 ir a\u0161trus \u0161altis<\/li>\n<li><strong>Citrin\u0173 laimas - Mango persik\u0173 arb\u016bzas - M\u0117lyni\u0173 ledas<\/strong> - a\u0161trus ir \u0161velnus<\/li>\n<li><strong>Arb\u016bz\u0173 ledas - Red Bull - Bra\u0161ki\u0173 kiviai<\/strong> - energizuojantis vaisinis suktukas<\/li>\n<li><strong>Bra\u0161ki\u0173 kiviai - r\u016bg\u0161t\u016bs mangai ir ananasai - bra\u0161ki\u0173 \"Red Bull<\/strong> - r\u016bg\u0161tus, saldus ir stiprus<\/li>\n<\/ul>\n<h3>DUK \ud83e\udd14<\/h3>\n<p><strong>K: Kiek laiko veikia BANGBOX 80000?<\/strong><br \/>\nA: 80 000 \u012fpur\u0161kim\u0173 ir 60 ml e. skys\u010dio - tai vienas i\u0161 ilgiausiai veikian\u010di\u0173 vienkartini\u0173 degikli\u0173, tod\u0117l puikiai tinka ilgalaikiam naudojimui.<\/p>\n<p><strong>K: Ar galiu perjungti skonius viename \u012frenginyje?<\/strong><br \/>\nA: Taip! Trij\u0173 skoni\u0173 kapsuli\u0173 sistema leid\u017eia m\u0117gautis 3 skirtingais skoniais.<\/p>\n<p><strong>K: Ar jis palaiko garinim\u0105 be nikotino?<\/strong><br \/>\nA: \u017dinoma! Rinkit\u0117s 0% nikotin\u0105, jei norite tik skonio ir debes\u0173.<\/p>\n<p><strong>K: Ar \u0161is prietaisas tinka didmeninei prekybai?<\/strong><br \/>\nAtsakymas: Taip, jis tiekiamas platintojams tinkamoje pakuot\u0117je, paruo\u0161toje ma\u017emenin\u0117s prekybos lentynoms.<\/p>\n<h3>Puikiai tinka jums \u2705<\/h3>\n<p><strong>BANGBOX 80K<\/strong> skirtas <em>intensyv\u016bs vartotojai, skonio m\u0117g\u0117jai, vape parduotuv\u0117s ir didmeniniai platintojai.<\/em>. D\u0117l trigubo skonio perjungimo, did\u017eiulio i\u0161pur\u0161kiam\u0173 d\u016bm\u0173 skai\u010diaus ir galingos baterijos tai ne tik garintuv\u0117lis - tai verslo nugal\u0117tojas ir klient\u0173 m\u0117gstamiausia priemon\u0117 \ud83c\udf1f.<\/p>","protected":false},"excerpt":{"rendered":"<p><strong>Did\u017eiulis 80 000 \u012fkv\u0117pim\u0173<\/strong>, <strong>trigubo skonio ank\u0161tys<\/strong>ir did\u017eiulis <strong>60 ml elektroninio skys\u010dio bakas<\/strong> - geriausias ilgai veikiantis vienkartinis vape aparatas parduotuv\u0117ms, platintojams ir intensyviems vartotojams \ud83d\ude80.<\/p>","protected":false},"featured_media":65929,"comment_status":"open","ping_status":"closed","template":"","meta":[],"product_brand":[239],"product_cat":[37,280,137,146,138,141,143],"product_tag":[365,363,364,366,367],"class_list":{"0":"post-65916","1":"product","2":"type-product","3":"status-publish","4":"has-post-thumbnail","6":"product_brand-bang","7":"product_cat-bang","8":"product_cat-cheap-rechargeable-disposable-vapes","9":"product_cat-disposable-vapes-in-germany","10":"product_cat-disposable-vapes-in-hungary","11":"product_cat-disposable-vapes-in-ltaly","12":"product_cat-disposable-vapes-in-poland","13":"product_cat-disposable-vapes-in-spain","14":"product_tag-60-ml-e-liquid-bulk","15":"product_tag-80000-puff-disposable-vape","16":"product_tag-bangbox-80k-triple-flavor","17":"product_tag-long-lasting-disposable-vape","18":"product_tag-wholesale-disposable-vape-europe","20":"first","21":"instock","22":"shipping-taxable","23":"purchasable","24":"product-type-variable","25":"has-default-attributes"},"jetpack_sharing_enabled":true,"tiered_pricing_type":"fixed","tiered_pricing_fixed_rules":{"30":8.6400000000000005684341886080801486968994140625,"50":6.910000000000000142108547152020037174224853515625,"100":6.6699999999999999289457264239899814128875732421875,"200":6.04999999999999982236431605997495353221893310546875,"400":5.7400000000000002131628207280300557613372802734375},"tiered_pricing_product_settings":{"layout":"default","base_unit_name":{"singular":null,"plural":null},"default_variation":null},"tiered_pricing_minimum_quantity":10,"tiered_pricing_roles_data":[],"tiered_pricing_percentage_rules":[],"tiered_pricing_maximum_quantity":null,"tiered_pricing_quantity_step":"10","_links":{"self":[{"href":"https:\/\/aiviouvapes.com\/lt\/wp-json\/wp\/v2\/product\/65916","targetHints":{"allow":["GET"]}}],"collection":[{"href":"https:\/\/aiviouvapes.com\/lt\/wp-json\/wp\/v2\/product"}],"about":[{"href":"https:\/\/aiviouvapes.com\/lt\/wp-json\/wp\/v2\/types\/product"}],"replies":[{"embeddable":true,"href":"https:\/\/aiviouvapes.com\/lt\/wp-json\/wp\/v2\/comments?post=65916"}],"wp:featuredmedia":[{"embeddable":true,"href":"https:\/\/aiviouvapes.com\/lt\/wp-json\/wp\/v2\/media\/65929"}],"wp:attachment":[{"href":"https:\/\/aiviouvapes.com\/lt\/wp-json\/wp\/v2\/media?parent=65916"}],"wp:term":[{"taxonomy":"product_brand","embeddable":true,"href":"https:\/\/aiviouvapes.com\/lt\/wp-json\/wp\/v2\/product_brand?post=65916"},{"taxonomy":"product_cat","embeddable":true,"href":"https:\/\/aiviouvapes.com\/lt\/wp-json\/wp\/v2\/product_cat?post=65916"},{"taxonomy":"product_tag","embeddable":true,"href":"https:\/\/aiviouvapes.com\/lt\/wp-json\/wp\/v2\/product_tag?post=65916"}],"curies":[{"name":"wp","href":"https:\/\/api.w.org\/{rel}","templated":true}]}}