{"id":65755,"date":"2025-09-10T16:40:42","date_gmt":"2025-09-10T08:40:42","guid":{"rendered":"https:\/\/aiviouvapes.com\/?post_type=product&#038;p=65755"},"modified":"2026-03-24T11:25:53","modified_gmt":"2026-03-24T03:25:53","slug":"bang-blaze-100k-6-in-1-100000-puffs","status":"publish","type":"product","link":"https:\/\/aiviouvapes.com\/lt\/product\/bang-blaze-100k-6-in-1-100000-puffs\/","title":{"rendered":"Bang Blaze 100K 6-in-1 100000 Puffs | trigubas bakas su LED ekranu"},"content":{"rendered":"<h2>Kod\u0117l verta rinktis Bang Blaze 100K Puffs?<\/h2>\n<ul>\n<li>\ud83d\ude80 Massive <strong>100 000 puod\u0173 talpa<\/strong> u\u017etikrina neprilygstam\u0105 ilgaam\u017ei\u0161kum\u0105.<\/li>\n<li>\ud83c\udf08 <strong>\"6-in-1\" skonio sistema<\/strong> (A, B, C, A+B, A+C, B+C) - bet kada galite mai\u0161yti ir derinti skonius.<\/li>\n<li>\ud83d\udca8 <strong>Trij\u0173 aki\u0173 rit\u0117<\/strong> u\u017etikrina skland\u0173 garavim\u0105, greit\u0105 kaitinim\u0105 ir sodr\u0173 skon\u012f.<\/li>\n<li>\ud83d\udd0b <strong>\u012ekraunama 850 mAh baterija<\/strong> su greituoju C tipo \u012fkrovimu.<\/li>\n<li>\ud83d\udcfa I\u0161manusis <strong>LED ekranas<\/strong> ai\u0161kiai rodo akumuliatoriaus veikimo trukm\u0119 ir pu\u010diam\u0173j\u0173 skai\u010di\u0173.<\/li>\n<li>\ud83d\udee0 <strong>Trij\u0173 rezervuar\u0173 konstrukcija<\/strong> viename \u012frenginyje galima laikyti kelis skonius.<\/li>\n<li>\ud83d\udce6 Didmenin\u0117 pakuot\u0117: <strong>10 vnt.<\/strong> platintojams ir vape parduotuv\u0117ms.<\/li>\n<li>\ud83d\udc4c Patogus pradedantiesiems, ta\u010diau pakankamai galingas pa\u017eengusiems naudotojams.<\/li>\n<\/ul>\n<h3>Specifikacijos<\/h3>\n<table>\n<tbody>\n<tr>\n<td><strong>Nikotino stiprumas<\/strong><\/td>\n<td>2% \/ 3% \/ 5%<\/td>\n<\/tr>\n<tr>\n<td><strong>Puff skai\u010dius<\/strong><\/td>\n<td>Iki 100 000<\/td>\n<\/tr>\n<tr>\n<td><strong>Skonio re\u017eimai<\/strong><\/td>\n<td>A, B, C, A+B, A+C, B+C<\/td>\n<\/tr>\n<tr>\n<td><strong>Naftos rezervuaras<\/strong><\/td>\n<td>3 cisternos<\/td>\n<\/tr>\n<tr>\n<td><strong>Rit\u0117s<\/strong><\/td>\n<td>Trij\u0173 aki\u0173 rit\u0117<\/td>\n<\/tr>\n<tr>\n<td><strong>Akumuliatorius<\/strong><\/td>\n<td>850 mAh \u012fkraunamas<\/td>\n<\/tr>\n<tr>\n<td><strong>LED ekranas<\/strong><\/td>\n<td>Taip (akumuliatorius + puff ekranas)<\/td>\n<\/tr>\n<tr>\n<td><strong>\u012ekrovimo prievadas<\/strong><\/td>\n<td>C tipo<\/td>\n<\/tr>\n<tr>\n<td><strong>Pakuot\u0117<\/strong><\/td>\n<td>10 vnt.<\/td>\n<\/tr>\n<tr>\n<td><strong>Aromatai<\/strong><\/td>\n<td>10 auk\u0161\u010diausios kokyb\u0117s parink\u010di\u0173<\/td>\n<\/tr>\n<\/tbody>\n<\/table>\n<h3>Aromatai \ud83c\udf53\ud83c\udf4d\ud83c\udf47<\/h3>\n<ol>\n<li><strong>Arb\u016bz\u0173 ledai + bra\u0161ki\u0173 mamba + bra\u0161ki\u0173 arb\u016bzas<\/strong> - Saldus ir ledinis gaivusis g\u0117rimas.<\/li>\n<li><strong>\"Fuji Ice\" + obuoli\u0173 vynuog\u0117s + vy\u0161ni\u0173 granatai<\/strong> - Tra\u0161kus, a\u0161trus ir sultingas mi\u0161inys.<\/li>\n<li><strong>M\u0117lyni\u0173 ledas + avie\u010di\u0173 citrina + arb\u016bz\u0173 kramtomoji guma<\/strong> - \u012e saldainius pana\u0161ios linksmyb\u0117s su vaisi\u0173 pun\u0161u.<\/li>\n<li><strong>M\u0117lyn\u0117s Aviet\u0117s + r\u016bg\u0161t\u016bs ananasai Apelsinai + arb\u016bzai<\/strong> - Atogr\u0105\u017e\u0173 sprogimas su pikanti\u0161ku prieskoniu.<\/li>\n<li><strong>Vynuogi\u0173 ledas + Mango persikas + M\u0117lyni\u0173 arb\u016bzas<\/strong> - Egzoti\u0161kas, saldus ir at\u0161aldytas mi\u0161inys.<\/li>\n<li><strong>Bra\u0161ki\u0173 ledai + persik\u0173 citrina + kiviai aistra Vaisi\u0173 gvajava<\/strong> - Gaivus vaisi\u0173 kokteilis.<\/li>\n<li><strong>Ananas\u0173 kokosas + m\u0117lyni\u0173 \"Red Bull\" + arb\u016bzo ledas<\/strong> - Atogr\u0105\u017e\u0173 vibracijos ir energinio g\u0117rimo pli\u016bpsnis.<\/li>\n<li><strong>Bra\u0161ki\u0173 kiviai + m\u0117lyni\u0173 kokosai + mi\u0161rios uogos<\/strong> - Sklandus uog\u0173 lydinys su kreminiu atspalviu.<\/li>\n<li><strong>Citrin\u0173 romantika + m\u0117lyni\u0173 aviet\u0117s + persik\u0173 mentolis<\/strong> - Saldus, r\u016bg\u0161tus ir v\u0117sinantis balansas.<\/li>\n<li><strong>Persik\u0173 ledas + juod\u0173j\u0173 serbent\u0173 ledas + \u017eali\u0173j\u0173 obuoli\u0173 kiviai<\/strong> - Tra\u0161kus ir \u0161altas vaisi\u0173 derinys.<\/li>\n<\/ol>\n<h3>DUK \u2753<\/h3>\n<p><strong>K: Kiek laiko gali veikti \"Bang Blaze 100K\"?<\/strong><br \/>\nA: Su iki <strong>100 000 \u012fkv\u0117pim\u0173<\/strong>, priklausomai nuo naudojimo, jis gali tarnauti kelias savaites ar net m\u0117nesius.<\/p>\n<p><strong>K: Ar galiu j\u012f \u012fkrauti?<\/strong><br \/>\nA: Taip! \u012erengtas <strong>850 mAh \u012fkraunamas akumuliatorius<\/strong> ir greitai <strong>C tipo \u012fkrovimas<\/strong>.<\/p>\n<p><strong>K: Ar jis tinka pradedantiesiems?<\/strong><br \/>\nA: Be abejo. J\u012f lengva naudoti su puff aktyvavimo funkcija ir LED ekranu, ta\u010diau jis taip pat yra galingas ir pa\u017eengusiems vaperiams.<\/p>\n<p><strong>K: Kas yra pakuot\u0117s viduje?<\/strong><br \/>\nA: Kiekvien\u0105 didmenin\u0119 pakuot\u0119 sudaro <strong>10 Bang Blaze 100K \u012frengini\u0173<\/strong>tod\u0117l jis idealiai tinka <em>vape parduotuv\u0117s ir platintojai<\/em>.<\/p>\n<p><strong>K: Kaip veikia skonio sistema?<\/strong><br \/>\nA: A. <strong>Sistema \"6-in-1<\/strong> galite rinktis atskirus arba sumai\u0161ytus skonius ir m\u0117gautis individualia vapavimo patirtimi.<\/p>\n<p><img data-recalc-dims=\"1\" decoding=\"async\" style=\"max-width: 100%; height: auto; display: block; margin: 0 auto;\" src=\"https:\/\/i0.wp.com\/aiviouvapes.com\/wp-content\/uploads\/2025\/09\/main-picture.png.webp?w=1020&#038;ssl=1\" alt=\"Bang Blaze 6 in 1 Vape\" title=\"\"><\/p>\n<p><strong>Bang Blaze 100K Puffs vienkartinis Vape<\/strong> skirtas <em>intensyv\u016bs vartotojai, skonio m\u0117g\u0117jai, vape parduotuvi\u0173 savininkai ir didmeniniai platintojai.<\/em>. Su savo <strong>trij\u0173 talpykl\u0173 sistema, LED ekranas ir 100 000 \u012fp\u016btim\u0173 talpa<\/strong>, tai ne tik vape - tai geriausias ilgalaikis garinimo sprendimas. \ud83d\ude80<\/p>","protected":false},"excerpt":{"rendered":"<p>\ud83d\udd25<strong>Bang Blaze 100K vienkartinis Vape<\/strong> u\u017etikrina iki <strong>100 000 \u012fkv\u0117pim\u0173<\/strong>, \"6-in-1\" skonio perjungimas ir galinga triguba tinklelio rit\u0117s sistema - puikiai tinka intensyviems vaperiams, vape parduotuv\u0117ms ir didmeniniams pirk\u0117jams.<\/p>","protected":false},"featured_media":65757,"comment_status":"open","ping_status":"closed","template":"","meta":[],"product_brand":[239],"product_cat":[37,336,320,280,137,146,138,141,143],"product_tag":[306,308,303,305,304,302],"class_list":{"0":"post-65755","1":"product","2":"type-product","3":"status-publish","4":"has-post-thumbnail","6":"product_brand-bang","7":"product_cat-bang","8":"product_cat-100k-puffs-disposable-vape","9":"product_cat-best-disposable-vapes","10":"product_cat-cheap-rechargeable-disposable-vapes","11":"product_cat-disposable-vapes-in-germany","12":"product_cat-disposable-vapes-in-hungary","13":"product_cat-disposable-vapes-in-ltaly","14":"product_cat-disposable-vapes-in-poland","15":"product_cat-disposable-vapes-in-spain","16":"product_tag-best-disposable-vapes","17":"product_tag-disposable-vape-in-europe","18":"product_tag-screen-vape","19":"product_tag-vape-suppliers","20":"product_tag-wholesale-vapes","21":"product_tag-wholesale-vapor","23":"first","24":"instock","25":"shipping-taxable","26":"purchasable","27":"product-type-variable","28":"has-default-attributes"},"jetpack_sharing_enabled":true,"tiered_pricing_type":"fixed","tiered_pricing_fixed_rules":{"30":9.8499999999999996447286321199499070644378662109375,"50":7.9900000000000002131628207280300557613372802734375,"100":7.78000000000000024868995751603506505489349365234375,"200":7.12999999999999989341858963598497211933135986328125,"400":6.61000000000000031974423109204508364200592041015625},"tiered_pricing_product_settings":{"layout":"default","base_unit_name":{"singular":null,"plural":null},"default_variation":null},"tiered_pricing_minimum_quantity":10,"tiered_pricing_roles_data":[],"tiered_pricing_percentage_rules":[],"tiered_pricing_maximum_quantity":null,"tiered_pricing_quantity_step":"10","_links":{"self":[{"href":"https:\/\/aiviouvapes.com\/lt\/wp-json\/wp\/v2\/product\/65755","targetHints":{"allow":["GET"]}}],"collection":[{"href":"https:\/\/aiviouvapes.com\/lt\/wp-json\/wp\/v2\/product"}],"about":[{"href":"https:\/\/aiviouvapes.com\/lt\/wp-json\/wp\/v2\/types\/product"}],"replies":[{"embeddable":true,"href":"https:\/\/aiviouvapes.com\/lt\/wp-json\/wp\/v2\/comments?post=65755"}],"wp:featuredmedia":[{"embeddable":true,"href":"https:\/\/aiviouvapes.com\/lt\/wp-json\/wp\/v2\/media\/65757"}],"wp:attachment":[{"href":"https:\/\/aiviouvapes.com\/lt\/wp-json\/wp\/v2\/media?parent=65755"}],"wp:term":[{"taxonomy":"product_brand","embeddable":true,"href":"https:\/\/aiviouvapes.com\/lt\/wp-json\/wp\/v2\/product_brand?post=65755"},{"taxonomy":"product_cat","embeddable":true,"href":"https:\/\/aiviouvapes.com\/lt\/wp-json\/wp\/v2\/product_cat?post=65755"},{"taxonomy":"product_tag","embeddable":true,"href":"https:\/\/aiviouvapes.com\/lt\/wp-json\/wp\/v2\/product_tag?post=65755"}],"curies":[{"name":"wp","href":"https:\/\/api.w.org\/{rel}","templated":true}]}}