{"id":5353,"date":"2024-08-19T03:51:49","date_gmt":"2024-08-18T19:51:49","guid":{"rendered":"https:\/\/aiviouvapes.com\/?post_type=product&#038;p=5353"},"modified":"2025-07-24T09:10:22","modified_gmt":"2025-07-24T01:10:22","slug":"aivono-winner-6000-puffs-disposable-wholesale","status":"publish","type":"product","link":"https:\/\/aiviouvapes.com\/lt\/product\/aivono-winner-6000-puffs-disposable-wholesale\/","title":{"rendered":"AIVONO Winner 6000 Puffs | 0%-5% nikotinas, 26 ml, dvigubas tinklelis, skyst\u0173j\u0173 kristal\u0173 ekranas, masinis vape"},"content":{"rendered":"<h2>AIVONO Nugal\u0117tojas 6000 \u012fkv\u0117pim\u0173 | 0% 2% 3% 5% nikotinas, 26 ml e-skystis, dvigubo tinklelio rit\u0117s, LCD ekranas, C tipo \u012fkraunamas, masinis vienkartini\u0173 vape didmenin\u0117 prekyba<\/h2>\n<h3>AIVONO WINNER 6000 Puffs ap\u017evalga ir funkcijos<\/h3>\n<p>\u201eAIVONO WINNER 6000 Puffs\u201c yra sukurtas taip, kad b\u016bt\u0173 u\u017etikrintas ilgas pasitenkinimas, si\u016blant iki 6 000 i\u0161pur\u0161kim\u0173 su didele 15 ml e-sul\u010di\u0173 talpa, kuri suma\u017eina poreik\u012f da\u017enai pildyti. \u0160is \u012frenginys, maitinamas 600 mAh \u012fkraunamos baterijos, palaiko ilgalaikes garavimo sesijas, o C tipo \u012fkrovimo prievadas u\u017etikrina greit\u0105 ir efektyv\u0173 \u012fkrovim\u0105. Galimas 0%, 2% ir 5% nikotino kiekis, tod\u0117l jis patenkina \u012fvairius pageidavimus. 1,2 \u03a9 tinklelio rit\u0117 pagerina skon\u012f ir gar\u0173 konsistencij\u0105, tod\u0117l kiekvienas i\u0161p\u016btimas yra lygus ir malonus.<\/p>\n<ul>\n<li><strong>Iki 6000 i\u0161p\u016btim\u0173<\/strong>: suteikia plat\u0173 naudojim\u0105, padidina vert\u0119 ir patogum\u0105.<\/li>\n<li><strong>15 ml E-skys\u010dio talpa<\/strong>: Suma\u017eina papildymo da\u017enum\u0105, kad gal\u0117tum\u0117te m\u0117gautis nepertraukiamu malonumu.<\/li>\n<li><strong>600 mAh baterija<\/strong>: U\u017etikrinamas patikimas veikimas ir greitas C tipo \u012fkrovimas.<\/li>\n<li><strong>Nikotino parinktys<\/strong>: Galima rinktis i\u0161 0%, 2% ir 5%, kad gal\u0117tum\u0117te pritaikyti savo patirt\u012f.<\/li>\n<li><strong>1,2\u03a9 tinklelio rit\u0117<\/strong>: Suteikia sodr\u0173, \u0161veln\u0173 skon\u012f ir nuosekl\u0173 gar\u0173 gamyb\u0105.<\/li>\n<\/ul>\n<h3>AIVONO WINNER 6000 Puffs Flavours sand\u0117lyje:<\/h3>\n<p>Arb\u016bz\u0173 ledas, v\u0117sioji m\u0117t\u0173, banan\u0173 ledas, m\u0117lyni\u0173 ant ledo, persik\u0173 ledas, vynuogi\u0173 ledas, greipfrut\u0173 apelsinas, mango gvajava, bra\u0161ki\u0173 pasifloros vaisius, apelsin\u0173 soda.<\/p>\n<h3>Kod\u0117l verta rinktis AIVONO WINNER 6000 Puffs?<\/h3>\n<p>AIVONO WINNER 6000 Puffs sujungia didel\u0119 p\u016btimo talp\u0105, \u012fvairius skonius ir pa\u017eangi\u0105 tinklinio ritinio technologij\u0105, tod\u0117l tai yra geriausias pasirinkimas ie\u0161kantiems kokyb\u0117s ir patogumo. D\u0117l lengvo, ne\u0161iojamo dizaino ir \u012fkraunamos baterijos jis puikiai tinka naudoti keliaujant, o d\u0117l vienkartinio formato nereikia papildyti ar pri\u017ei\u016br\u0117ti. \u0160is prietaisas, puikiai tinkantis didmeninei prekybai, yra puikus pasirinkimas ma\u017emenininkams, norintiems pasi\u016blyti auk\u0161tos kokyb\u0117s vienkartinius garus. AIVONO WINNER 6000 Puffs suteikia auk\u0161\u010diausios kokyb\u0117s, patenkinam\u0105 garavim\u0105 su kiekvienu i\u0161p\u016btimu.<img data-recalc-dims=\"1\" loading=\"lazy\" decoding=\"async\" class=\"alignnone wp-image-8224 size-full\" title=\"AIVONO WINNER 6000 Puffs 0% 2% 5% Nikotino \u012fkraunamas didmeninis vienkartinis Vape pirkimas\" src=\"https:\/\/i0.wp.com\/aiviouvapes.com\/wp-content\/uploads\/2024\/08\/%E9%9B%86%E5%90%88%E5%9B%BE3.jpg?resize=1020%2C599&#038;ssl=1\" alt=\"AIVONO WINNER 6000 Puffs 0% 2% 5% Nikotino \u012fkraunamas didmeninis vienkartinis Vape pirkimas\" width=\"1020\" height=\"599\" srcset=\"https:\/\/i0.wp.com\/aiviouvapes.com\/wp-content\/uploads\/2024\/08\/%E9%9B%86%E5%90%88%E5%9B%BE3.jpg?w=1920&amp;ssl=1 1920w, https:\/\/i0.wp.com\/aiviouvapes.com\/wp-content\/uploads\/2024\/08\/%E9%9B%86%E5%90%88%E5%9B%BE3.jpg?resize=300%2C176&amp;ssl=1 300w, https:\/\/i0.wp.com\/aiviouvapes.com\/wp-content\/uploads\/2024\/08\/%E9%9B%86%E5%90%88%E5%9B%BE3.jpg?resize=1024%2C602&amp;ssl=1 1024w, https:\/\/i0.wp.com\/aiviouvapes.com\/wp-content\/uploads\/2024\/08\/%E9%9B%86%E5%90%88%E5%9B%BE3.jpg?resize=768%2C451&amp;ssl=1 768w, https:\/\/i0.wp.com\/aiviouvapes.com\/wp-content\/uploads\/2024\/08\/%E9%9B%86%E5%90%88%E5%9B%BE3.jpg?resize=1536%2C902&amp;ssl=1 1536w, https:\/\/i0.wp.com\/aiviouvapes.com\/wp-content\/uploads\/2024\/08\/%E9%9B%86%E5%90%88%E5%9B%BE3.jpg?resize=18%2C12&amp;ssl=1 18w, https:\/\/i0.wp.com\/aiviouvapes.com\/wp-content\/uploads\/2024\/08\/%E9%9B%86%E5%90%88%E5%9B%BE3.jpg?resize=800%2C470&amp;ssl=1 800w\" sizes=\"auto, (max-width: 1020px) 100vw, 1020px\" \/><\/p>","protected":false},"excerpt":{"rendered":"<p>AIVONO WINNER 6000 Puffs si\u016blo iki 6000 i\u0161p\u016btim\u0173 su 15 ml e-skys\u010dio talpa, lygia 1,2 \u03a9 tinklelio rit\u0117 ir \u012fkraunama 600 mAh baterija. Galima \u012fsigyti 0%, 2% ir 5% nikotino pavidalu, tod\u0117l ne\u0161iojamasis, prie\u017ei\u016bros nereikalaujantis dizainas u\u017etikrina pastov\u0173 skon\u012f ir pasitenkinim\u0105.<\/p>","protected":false},"featured_media":5354,"comment_status":"open","ping_status":"closed","template":"","meta":[],"product_brand":[],"product_cat":[41,119,117,76,134,135,133,136,137,146,138,139,140,141,142,143,144,145,116,132],"product_tag":[],"class_list":{"0":"post-5353","1":"product","2":"type-product","3":"status-publish","4":"has-post-thumbnail","6":"product_cat-aivono-vapes","7":"product_cat-5000-puffs-disposable-vape","8":"product_cat-different-puffs-of-diposable-vapes","9":"product_cat-disposable-vape-types","10":"product_cat-disposable-vapes-in-austria","11":"product_cat-disposable-vapes-in-belgium","12":"product_cat-disposable-vapes-in-europe","13":"product_cat-disposable-vapes-in-france","14":"product_cat-disposable-vapes-in-germany","15":"product_cat-disposable-vapes-in-hungary","16":"product_cat-disposable-vapes-in-ltaly","17":"product_cat-disposable-vapes-in-netherlands","18":"product_cat-disposable-vapes-in-norway","19":"product_cat-disposable-vapes-in-poland","20":"product_cat-disposable-vapes-in-portugal","21":"product_cat-disposable-vapes-in-spain","22":"product_cat-disposable-vapes-in-sweden","23":"product_cat-disposable-vapes-in-switzerland","24":"product_cat-mini-puffs-vapes","25":"product_cat-rechargeable-vapes","27":"first","28":"instock","29":"shipping-taxable","30":"purchasable","31":"product-type-variable","32":"has-default-attributes"},"jetpack_sharing_enabled":true,"tiered_pricing_type":"fixed","tiered_pricing_fixed_rules":{"2000":5.12999999999999989341858963598497211933135986328125},"tiered_pricing_product_settings":{"layout":"default","base_unit_name":{"singular":null,"plural":null},"default_variation":null},"tiered_pricing_minimum_quantity":1000,"tiered_pricing_roles_data":[],"tiered_pricing_percentage_rules":[],"tiered_pricing_maximum_quantity":null,"tiered_pricing_quantity_step":"10","_links":{"self":[{"href":"https:\/\/aiviouvapes.com\/lt\/wp-json\/wp\/v2\/product\/5353","targetHints":{"allow":["GET"]}}],"collection":[{"href":"https:\/\/aiviouvapes.com\/lt\/wp-json\/wp\/v2\/product"}],"about":[{"href":"https:\/\/aiviouvapes.com\/lt\/wp-json\/wp\/v2\/types\/product"}],"replies":[{"embeddable":true,"href":"https:\/\/aiviouvapes.com\/lt\/wp-json\/wp\/v2\/comments?post=5353"}],"wp:featuredmedia":[{"embeddable":true,"href":"https:\/\/aiviouvapes.com\/lt\/wp-json\/wp\/v2\/media\/5354"}],"wp:attachment":[{"href":"https:\/\/aiviouvapes.com\/lt\/wp-json\/wp\/v2\/media?parent=5353"}],"wp:term":[{"taxonomy":"product_brand","embeddable":true,"href":"https:\/\/aiviouvapes.com\/lt\/wp-json\/wp\/v2\/product_brand?post=5353"},{"taxonomy":"product_cat","embeddable":true,"href":"https:\/\/aiviouvapes.com\/lt\/wp-json\/wp\/v2\/product_cat?post=5353"},{"taxonomy":"product_tag","embeddable":true,"href":"https:\/\/aiviouvapes.com\/lt\/wp-json\/wp\/v2\/product_tag?post=5353"}],"curies":[{"name":"wp","href":"https:\/\/api.w.org\/{rel}","templated":true}]}}