{"id":5272,"date":"2024-08-19T03:33:10","date_gmt":"2024-08-18T19:33:10","guid":{"rendered":"https:\/\/aiviouvapes.com\/?post_type=product&#038;p=5272"},"modified":"2025-07-24T11:59:37","modified_gmt":"2025-07-24T03:59:37","slug":"aivono-aim-puff-star-6500-puffs-disposable-wholesale","status":"publish","type":"product","link":"https:\/\/aiviouvapes.com\/lt\/product\/aivono-aim-puff-star-6500-puffs-disposable-wholesale\/","title":{"rendered":"AIVONO Aim Puff Star 6500 puff\u0173 | 0%-5% nikotinas, 13 ml, vienkartinis vape"},"content":{"rendered":"<h2>AIVONO Aim Puff Star 6500 \u012fp\u016btim\u0173 | 0% 2% 5% nikotinas, 13 ml e-skys\u010dio, 1,2 \u03a9 tinklelio rit\u0117, C tipo \u012fkraunamas, masinis pirkimas vienkartini\u0173 vape didmenin\u0117 prekyba<\/h2>\n<h3>AIVONO AIM PUFF STAR 6500 Puffs ap\u017evalga ir funkcijos<\/h3>\n<p>\u201eAIVONO AIM PUFF STAR 6500 Puffs\u201c yra sukurtas taip, kad m\u0117gautum\u0117t\u0117s ilgiau \u2013 su 13 ml talpos elektronini\u0173 sul\u010di\u0173 rezervuaru galima i\u0161p\u016bsti iki 6500, kad b\u016bt\u0173 suma\u017eintas poreikis da\u017enai pildyti. \u0160is \u012frenginys, maitinamas 400 mAh \u012fkraunamos baterijos, palaiko ilgalaikes garavimo sesijas, o C tipo \u012fkrovimo prievadas u\u017etikrina greit\u0105 ir efektyv\u0173 \u012fkrovim\u0105. Galima \u012fsigyti 0%, 2% ir 5% nikotino stiprum\u0173, tod\u0117l jis atitinka \u012fvairius pageidavimus. 1,2 \u03a9 tinklelio rit\u0117 pagerina skon\u012f ir gar\u0173 konsistencij\u0105, suteikdama skland\u0173 ir malon\u0173 gar\u0105 kiekvien\u0105 kart\u0105.<\/p>\n<ul>\n<li><strong>Iki 6500 \u012fkv\u0117pim\u0173<\/strong>: U\u017etikrina ilgalaik\u012f naudojim\u0105, padidina patogum\u0105 ir pasitenkinim\u0105.<\/li>\n<li><strong>13ml E-skys\u010dio talpa<\/strong>: suma\u017eina papildymo poreik\u012f, idealiai tinka nepertraukiamam malonumui.<\/li>\n<li><strong>400 mAh baterija<\/strong>: U\u017etikrinamas patikimas veikimas ir greitas C tipo \u012fkrovimas.<\/li>\n<li><strong>Nikotino parinktys<\/strong>: Galima rinktis i\u0161 0%, 2% ir 5%, kad gal\u0117tum\u0117te pritaikyti savo patirt\u012f.<\/li>\n<li><strong>1,2\u03a9 tinklelio rit\u0117<\/strong>: Suteikia sodr\u0173, \u0161veln\u0173 skon\u012f ir nuosekl\u0173 gar\u0173 gamyb\u0105.<\/li>\n<\/ul>\n<h3>AIVONO AIM PUFF STAR 6500 Puffs Flavours sand\u0117lyje:<\/h3>\n<p>Mi\u0161rios uogos, saldainiai su mentoliu, bra\u0161ki\u0173 kiviai, mi\u0161rus mango, arb\u016bzas, bra\u0161ki\u0173 ledas, energetinis g\u0117rimas, m\u0117lynos uogos, kokoso melionai, persik\u0173 sultys.<\/p>\n<h3>Kod\u0117l verta rinktis \u201eAIVONO AIM PUFF STAR 6500 Puffs\u201c?<\/h3>\n<p>AIVONO AIM PUFF STAR 6500 Puffs sujungia didel\u0119 p\u016btimo talp\u0105, \u012fvairius skonius ir pa\u017eangi\u0105 tinklinio ritinio technologij\u0105, tod\u0117l jis idealiai tinka kokyb\u0117s ir patogumo siekiantiems garintuvams. Jo kompakti\u0161ka, ne\u0161iojama konstrukcija ir \u012fkraunama baterija puikiai tinka naudoti keliaujant, o d\u0117l vienkartinio formato nereikia prie\u017ei\u016bros. \u0160is prietaisas idealiai tinka didmeninei prekybai, tod\u0117l yra puikus pasirinkimas ma\u017emenininkams, norintiems pasi\u016blyti auk\u0161\u010diausios kokyb\u0117s vienkartinius garus. Nesvarbu, ar esate patyr\u0119s gar\u0173 m\u0117g\u0117jas, ar naujokas, AIVONO AIM PUFF STAR 6500 Puffs \u017eada patenkinti ir kvapni\u0105 patirt\u012f su kiekvienu \u012fkv\u0117pimu.<\/p>\n<p><img data-recalc-dims=\"1\" loading=\"lazy\" decoding=\"async\" class=\"alignnone wp-image-8222 size-full\" title=\"AIVONO AIM PUFF STAR 6500 Puffs 0% 2% 5% Nikotino \u012fkraunamas didmeninis vienkartinis Vape pirkimas\" src=\"https:\/\/i0.wp.com\/aiviouvapes.com\/wp-content\/uploads\/2024\/08\/1-21.jpg?resize=1020%2C816&#038;ssl=1\" alt=\"AIVONO AIM PUFF STAR 6500 Puffs 0% 2% 5% Nikotino \u012fkraunamas didmeninis vienkartinis Vape pirkimas\" width=\"1020\" height=\"816\" srcset=\"https:\/\/i0.wp.com\/aiviouvapes.com\/wp-content\/uploads\/2024\/08\/1-21.jpg?w=1876&amp;ssl=1 1876w, https:\/\/i0.wp.com\/aiviouvapes.com\/wp-content\/uploads\/2024\/08\/1-21.jpg?resize=300%2C240&amp;ssl=1 300w, https:\/\/i0.wp.com\/aiviouvapes.com\/wp-content\/uploads\/2024\/08\/1-21.jpg?resize=1024%2C819&amp;ssl=1 1024w, https:\/\/i0.wp.com\/aiviouvapes.com\/wp-content\/uploads\/2024\/08\/1-21.jpg?resize=768%2C614&amp;ssl=1 768w, https:\/\/i0.wp.com\/aiviouvapes.com\/wp-content\/uploads\/2024\/08\/1-21.jpg?resize=1536%2C1228&amp;ssl=1 1536w, https:\/\/i0.wp.com\/aiviouvapes.com\/wp-content\/uploads\/2024\/08\/1-21.jpg?resize=15%2C12&amp;ssl=1 15w, https:\/\/i0.wp.com\/aiviouvapes.com\/wp-content\/uploads\/2024\/08\/1-21.jpg?resize=800%2C640&amp;ssl=1 800w\" sizes=\"auto, (max-width: 1020px) 100vw, 1020px\" \/><\/p>","protected":false},"excerpt":{"rendered":"<p>\u2764\ufe0f\ud83d\udca8AIVONO AIM PUFF STAR 6500 Puffs si\u016blo iki 6500 i\u0161p\u016btim\u0173, 13 ml e-skys\u010dio talpos ir 400 mAh \u012fkraunam\u0105 baterij\u0105, kad garintum\u0117te ilgiau ir be r\u016bpes\u010di\u0173. Yra \u012fvairi\u0173 nikotino stiprum\u0173, jame yra 1,2 \u03a9 tinklelio rit\u0117, kad garai b\u016bt\u0173 skland\u017eiai ir kvapn\u016bs. Puikiai tinka tiek asmeniniam naudojimui, tiek didmeninei prekybai.<\/p>","protected":false},"featured_media":5290,"comment_status":"open","ping_status":"closed","template":"","meta":[],"product_brand":[],"product_cat":[41,119,120,90,117,76,134,135,133,136,137,146,138,139,140,141,142,143,144,145,132],"product_tag":[],"class_list":{"0":"post-5272","1":"product","2":"type-product","3":"status-publish","4":"has-post-thumbnail","6":"product_cat-aivono-vapes","7":"product_cat-5000-puffs-disposable-vape","8":"product_cat-8000-puffs-disposable-vape","9":"product_cat-big-puffs-vapes","10":"product_cat-different-puffs-of-diposable-vapes","11":"product_cat-disposable-vape-types","12":"product_cat-disposable-vapes-in-austria","13":"product_cat-disposable-vapes-in-belgium","14":"product_cat-disposable-vapes-in-europe","15":"product_cat-disposable-vapes-in-france","16":"product_cat-disposable-vapes-in-germany","17":"product_cat-disposable-vapes-in-hungary","18":"product_cat-disposable-vapes-in-ltaly","19":"product_cat-disposable-vapes-in-netherlands","20":"product_cat-disposable-vapes-in-norway","21":"product_cat-disposable-vapes-in-poland","22":"product_cat-disposable-vapes-in-portugal","23":"product_cat-disposable-vapes-in-spain","24":"product_cat-disposable-vapes-in-sweden","25":"product_cat-disposable-vapes-in-switzerland","26":"product_cat-rechargeable-vapes","28":"first","29":"instock","30":"shipping-taxable","31":"purchasable","32":"product-type-variable","33":"has-default-attributes"},"jetpack_sharing_enabled":true,"tiered_pricing_type":"fixed","tiered_pricing_fixed_rules":{"2000":5.589999999999999857891452847979962825775146484375},"tiered_pricing_product_settings":{"layout":"default","base_unit_name":{"singular":null,"plural":null},"default_variation":null},"tiered_pricing_minimum_quantity":1000,"tiered_pricing_roles_data":[],"tiered_pricing_percentage_rules":[],"tiered_pricing_maximum_quantity":null,"tiered_pricing_quantity_step":"10","_links":{"self":[{"href":"https:\/\/aiviouvapes.com\/lt\/wp-json\/wp\/v2\/product\/5272","targetHints":{"allow":["GET"]}}],"collection":[{"href":"https:\/\/aiviouvapes.com\/lt\/wp-json\/wp\/v2\/product"}],"about":[{"href":"https:\/\/aiviouvapes.com\/lt\/wp-json\/wp\/v2\/types\/product"}],"replies":[{"embeddable":true,"href":"https:\/\/aiviouvapes.com\/lt\/wp-json\/wp\/v2\/comments?post=5272"}],"wp:featuredmedia":[{"embeddable":true,"href":"https:\/\/aiviouvapes.com\/lt\/wp-json\/wp\/v2\/media\/5290"}],"wp:attachment":[{"href":"https:\/\/aiviouvapes.com\/lt\/wp-json\/wp\/v2\/media?parent=5272"}],"wp:term":[{"taxonomy":"product_brand","embeddable":true,"href":"https:\/\/aiviouvapes.com\/lt\/wp-json\/wp\/v2\/product_brand?post=5272"},{"taxonomy":"product_cat","embeddable":true,"href":"https:\/\/aiviouvapes.com\/lt\/wp-json\/wp\/v2\/product_cat?post=5272"},{"taxonomy":"product_tag","embeddable":true,"href":"https:\/\/aiviouvapes.com\/lt\/wp-json\/wp\/v2\/product_tag?post=5272"}],"curies":[{"name":"wp","href":"https:\/\/api.w.org\/{rel}","templated":true}]}}