{"id":46917,"date":"2025-07-29T21:23:27","date_gmt":"2025-07-29T13:23:27","guid":{"rendered":"https:\/\/aiviouvapes.com\/?post_type=product&#038;p=46917"},"modified":"2026-04-17T13:00:42","modified_gmt":"2026-04-17T05:00:42","slug":"mr-goodie-adjust-flavor-king-60000","status":"publish","type":"product","link":"https:\/\/aiviouvapes.com\/lt\/product\/mr-goodie-adjust-flavor-king-60000\/","title":{"rendered":"Mr.Goodie Sureguliuokite skonio karali\u0173 60000 puffs\u0173 | trij\u0173 skoni\u0173 vienkartiniai vienkartiniai svaigalai"},"content":{"rendered":"<p>\ud83d\ude80 Pasiruo\u0161kite revoliucinei garinimo patir\u010diai su NAUJUOJU <b>Mr.Goodie Reguliuoti \"Flavor King\" 60000 puffs\u0173<\/b>! \ud83d\udc51 Tai ne tik vape; tai skonio imperija j\u016bs\u0173 ki\u0161en\u0117je. Sukurtas did\u017eiausiam pasitenkinimui ir neprilygstamam ilgaam\u017ei\u0161kumui, \"Flavor King\" gali pasigirti ne\u012ftik\u0117tinu 60 000 d\u016b\u017ei\u0173 kiekiu ir novatori\u0161ka trij\u0173 skoni\u0173 sistema. Atsisveikinkite su kasdieni\u0161ku garinimu ir pasveikinkite su skoni\u0173 simfonija! \u2728 Nesvarbu, ar esate patyr\u0119s vaperis, ar parduotuv\u0117, norinti \u012fsigyti kit\u0105 svarb\u0173 daikt\u0105, Mr.Goodie Adjust Flavor King yra j\u016bs\u0173 kar\u016bna. \ud83d\udca8<\/p>\n<h2>Mr.Goodie Reguliuoti \"Flavor King\" 60000 p\u016bkeli\u0173 produkto ap\u017evalga ir savyb\u0117s<\/h2>\n<p>The <b>Mr.Goodie Sureguliuokite \"Flavor King\" 60000<\/b> tai did\u017eiulis \u0161uolis vienkartini\u0173 vap\u0173 technologijos srityje, nes si\u016blo stulbinant\u012f puod\u0173 skai\u010di\u0173 ir naujovi\u0161k\u0105 skonio perjungimo mechanizm\u0105. \u0160is prietaisas sukurtas tiek individualiems entuziastams, tiek B2B pirk\u0117jams, jis i\u0161 naujo apibr\u0117\u017eia patogum\u0105 ir universalum\u0105. \ud83d\ude80<\/p>\n<ul>\n<li><b>Beprecedentis puok\u0161\u010di\u0173 skai\u010dius:<\/b> M\u0117gaukit\u0117s iki <b>60 000 \u012fpur\u0161kim\u0173<\/b> vieno skonio re\u017eimu arba 30 000 \u012fkv\u0117pim\u0173 mi\u0161raus skonio re\u017eimu, u\u017etikrinant ilgesn\u012f naudojim\u0105. \ud83e\udd2f\ud83d\udca8<\/li>\n<li><b>Dvigubas E-skys\u010dio talpa:<\/b> Su did\u017eiuliu <b>20ML + 20ML (i\u0161 viso 40ML)<\/b> e. sul\u010di\u0173 talpa, u\u017etikrinanti ilgalaik\u012f malonum\u0105 be da\u017eno keitimo. \ud83c\udf0a\ud83d\udd0b<\/li>\n<li><b>Reguliuojamas nikotino stiprumas:<\/b> Galima \u012fsigyti <b>2% ir 5% nikotino parinktys<\/b> patenkinti \u012fvairius pageidavimus. \u2705 nikotinas<\/li>\n<li><b>Galingas ir \u012fkraunamas:<\/b> \u012erengtas tvirtas <b>950 mAh \u012fkraunamas akumuliatorius<\/b> ir patogus <b>C tipo \u012fkrovimo prievadas<\/b> nepertraukiamam garinimui. \ud83d\udcaa\ud83d\udd0c<\/li>\n<li><b>Pa\u017eangi rit\u0117s technologija:<\/b> <b>Dvigubos tinklelio rit\u0117s<\/b> kartu su pa\u017eangiausiais <b>\"iDuomesh\" technologija<\/b> u\u017etikrina pastov\u0173, sodr\u0173 skon\u012f ir didel\u012f gar\u0173 kiek\u012f. \ud83d\ude80\ud83c\udf2c\ufe0f<\/li>\n<li><b>Intuityvus 3 LCD ekranas:<\/b> Lengvai steb\u0117kite akumuliatoriaus veikimo laik\u0105, elektroninio skys\u010dio kiek\u012f ir dabartin\u012f re\u017eim\u0105, kad garinimas vykt\u0173 skland\u017eiai. \ud83d\udcca\ud83d\udc40<\/li>\n<li><b>Trij\u0173 skoni\u0173 sistema:<\/b> Nar\u0161ykite <b>10 unikali\u0173 trigubo skonio derini\u0173<\/b>, tod\u0117l galite keisti du skirtingus skonius arba juos derinti ir gauti unikali\u0105 tre\u010di\u0105j\u0105 patirt\u012f. \ud83c\udf53\ud83c\udf49\ud83c\udf4d\ud83c\udf4a<\/li>\n<\/ul>\n<h3>Specifikacijos<\/h3>\n<table>\n<thead>\n<tr>\n<th>Funkcija<\/th>\n<th>I\u0161sami informacija<\/th>\n<\/tr>\n<\/thead>\n<tbody>\n<tr>\n<td>Nikotino parinktys<\/td>\n<td>2%, 5%<\/td>\n<\/tr>\n<tr>\n<td>Pufai (vieno skonio)<\/td>\n<td>60 000 pufik\u0173<\/td>\n<\/tr>\n<tr>\n<td>Pufai (mi\u0161ri\u0173 skoni\u0173)<\/td>\n<td>30 000 puodeli\u0173 (A + B mi\u0161inys)<\/td>\n<\/tr>\n<tr>\n<td>E-skys\u010dio talpa<\/td>\n<td>20ML + 20ML (i\u0161 viso 40ML)<\/td>\n<\/tr>\n<tr>\n<td>Akumuliatoriaus talpa<\/td>\n<td>950 mAh (\u012fkraunama)<\/td>\n<\/tr>\n<tr>\n<td>\u012ekrovimo prievadas<\/td>\n<td>C tipo<\/td>\n<\/tr>\n<tr>\n<td>Rit\u0117s tipas<\/td>\n<td>Dvigubos tinklin\u0117s rit\u0117s, \"iDuomesh\" technologija<\/td>\n<\/tr>\n<tr>\n<td>Ekranas<\/td>\n<td>3 LCD ekranas<\/td>\n<\/tr>\n<tr>\n<td>Skonio re\u017eimai<\/td>\n<td>Vieno skonio, mai\u0161yti skonius<\/td>\n<\/tr>\n<tr>\n<td>I\u0161 viso trigub\u0173 skoni\u0173<\/td>\n<td>10 unikali\u0173 derini\u0173<\/td>\n<\/tr>\n<\/tbody>\n<\/table>\n<p><span style=\"font-size: 20.16px;\">Skonio deriniai<\/span><\/p>\n<p>Su Mr.Goodie \"Adjust Flavor King 60000\" patirkite daugyb\u0119 \u012fdomi\u0173 skonio galimybi\u0173. Kiekvienas prietaisas si\u016blo tris skirtingus garinimo potyrius:<\/p>\n<table>\n<thead>\n<tr>\n<th>Skonis<\/th>\n<th>B skonis<\/th>\n<th>Kombinuotas (A+B) skonis<\/th>\n<\/tr>\n<\/thead>\n<tbody>\n<tr>\n<td>Arb\u016bz\u0173 ledas<\/td>\n<td>Kramtomoji guma<\/td>\n<td>Arb\u016bz\u0173 kramtomoji guma<\/td>\n<\/tr>\n<tr>\n<td>Sultingas persik\u0173 ledas<\/td>\n<td>Kolos Ledas<\/td>\n<td>Persik\u0173 kola su ledu<\/td>\n<\/tr>\n<tr>\n<td>M\u0117lynosios aviet\u0117s<\/td>\n<td>Vy\u0161nin\u0117 citrina<\/td>\n<td>M\u0117lyna avie\u010di\u0173 vy\u0161ni\u0173 citrina<\/td>\n<\/tr>\n<tr>\n<td>Bra\u0161ki\u0173<\/td>\n<td>Arb\u016bzas<\/td>\n<td>Bra\u0161ki\u0173 arb\u016bzas<\/td>\n<\/tr>\n<tr>\n<td>\u017daliasis obuolys<\/td>\n<td>Vynuog\u0117s<\/td>\n<td>\u017dali\u0173j\u0173 obuoli\u0173 vynuog\u0117s<\/td>\n<\/tr>\n<tr>\n<td>Citrinos<\/td>\n<td>Vaivoryk\u0161tiniai saldainiai<\/td>\n<td>Citrin\u0173 vaivoryk\u0161t\u0117s saldainiai<\/td>\n<\/tr>\n<tr>\n<td>Miami Mint<\/td>\n<td>Citrinos<\/td>\n<td>Citrin\u0173 m\u0117tos<\/td>\n<\/tr>\n<tr>\n<td>Ananas\u0173 kokos\u0173<\/td>\n<td>Energijos ledas<\/td>\n<td>Kokos\u0173 energetinis g\u0117rimas<\/td>\n<\/tr>\n<tr>\n<td>Vynuog\u0117s<\/td>\n<td>Avie\u010di\u0173<\/td>\n<td>Vynuogi\u0173 avie\u010di\u0173<\/td>\n<\/tr>\n<tr>\n<td>Apelsin\u0173 Mango Guava<\/td>\n<td>Kramtomasis me\u0161kiukas<\/td>\n<td>OMG Blow-Pop<\/td>\n<\/tr>\n<\/tbody>\n<\/table>\n<p>Kod\u0117l verta rinktis Mr.Goodie Adjust Flavor King 60000 Puffs?<\/p>\n<ul>\n<li>\ud83d\udc51 <b>Puf\u0173 karalius:<\/b> \u0160is prietaisas gali atlikti iki 60 000 \u012fkv\u0117pim\u0173, tod\u0117l jis yra vienas i\u0161 geriausi\u0173 prietais\u0173, pasi\u017eymin\u010di\u0173 ilgaam\u017ei\u0161kumu, apie kur\u012f tradiciniai vienkartiniai prietaisai gali tik pasvajoti.<\/li>\n<li>\ud83c\udf08 <b>Trigubo skonio inovacijos:<\/b> Pasinerkite \u012f 10 unikali\u0173 trigub\u0173 skoni\u0173 derini\u0173, suteikian\u010di\u0173 neprilygstam\u0105 \u012fvairov\u0119 ir neleid\u017eian\u010di\u0173 vaperiui prisikim\u0161ti lie\u017euvio. Keiskite pagal poreik\u012f!<\/li>\n<li>\ud83d\udd0b <b>Neprilygstamas patikimumas:<\/b> 950 mAh \u012fkraunama baterija ir C tipo \u012fkrovimas u\u017etikrina, kad visada b\u016bsite pasiruo\u0161\u0119 kitam \u012fkv\u0117pimui ir suma\u017einsite prastovas.<\/li>\n<li>\ud83c\udf2c\ufe0f <b>Auk\u0161\u010diausios kokyb\u0117s garai ir skonis:<\/b> Dvigubos tinklin\u0117s spiral\u0117s ir \"iDuomesh\" technologija u\u017etikrina nuolat skland\u0173, sodr\u0173 ir malon\u0173 garinim\u0105 su kiekvienu u\u017etraukimu.<\/li>\n<li>\ud83d\udcca <b>I\u0161manus ir patogus naudoti:<\/b> 3 skyst\u0173j\u0173 kristal\u0173 ekranas jus informuoja, tod\u0117l lengva valdyti garinimo seansus.<\/li>\n<li>\ud83d\udcb0 <b>I\u0161skirtin\u0117 vert\u0117:<\/b> \u0160is prietaisas sunkiems naudotojams u\u017etikrina ne\u012ftik\u0117tin\u0105 ekonomi\u0161kum\u0105 u\u017e vien\u0105 \u012fpur\u0161kim\u0105. B2B pirk\u0117jams tai labai paklausus gaminys, kuris bus i\u0161parduotas i\u0161 lentyn\u0173.<\/li>\n<li>\ud83c\udf3f <b>U\u017etikrinta kokyb\u0117:<\/b> Pagaminti naudojant auk\u0161\u010diausios kokyb\u0117s ingredientus ir pa\u017eangius gamybos procesus, u\u017etikrinan\u010dius saugum\u0105 ir pasitenkinim\u0105.<\/li>\n<\/ul>\n<p>The <b>Mr.Goodie Reguliuoti \"Flavor King\" 60000 puffs\u0173<\/b> yra geriausias pasirinkimas intensyviems vartotojams ir skonio m\u0117g\u0117jams, siekiantiems ilgesnio malonumo ir \u012fvairi\u0173 skoni\u0173. D\u0117l tvirtos konstrukcijos ir naujovi\u0161k\u0173 funkcij\u0173 jis taip pat yra neatremiamas pasi\u016blymas <b>vape parduotuv\u0117s<\/b> norintys i\u0161pl\u0117sti savo auk\u0161\u010diausios kokyb\u0117s vienkartini\u0173 vape pasirinkim\u0105 ir <b>didmeninis platinimas<\/b> ie\u0161ko didel\u0117s apimties ir didel\u0117s mar\u017eos produkto. Apsir\u016bpinkite garinimo ateities produktais jau \u0161iandien! \ud83d\udcaa<\/p>\n<h3>DUK<\/h3>\n<p>K: Kiek \u012fpur\u0161kim\u0173 turi Mr.Goodie \"Adjust Flavor King 60000\"?<br \/>\nA: Vieno skonio re\u017eime galima padaryti iki 60 000 \u012fp\u016btim\u0173, o mai\u0161ant skonius (A + B kamera) - iki 30 000 \u012fp\u016btim\u0173.<\/p>\n<p>K: Kokia yra elektroninio skys\u010dio talpa?<br \/>\nA: Bendra e. skys\u010dio talpa yra 40ML, padalinta \u012f dvi 20ML kameras (20ML + 20ML).<\/p>\n<p>K: Ar \"Mr.Goodie Adjust Flavor King\" galima \u012fkrauti?<br \/>\nA: Taip, jame yra 950 mAh \u012fkraunama baterija su C tipo \u012fkrovimo prievadu.<\/p>\n<p>K: Kaip veikia trigubo skonio sistema?<br \/>\nA: Prietaisas turi dvi skirtingas elektroninio skys\u010dio kameras (A ir B). Galite vapuoti A skon\u012f, B skon\u012f arba juos sujungti ir sukurti unikal\u0173 tre\u010di\u0105 mi\u0161r\u0173 skon\u012f.<\/p>\n<p>K: Kokio stiprumo nikotino yra?<br \/>\nA: Mr.Goodie \"Adjust Flavor King 60000\" yra 2% ir 5% nikotino stiprumo.<\/p>\n<p>K: Kaip su\u017einoti baterijos veikimo laik\u0105 arba elektroninio skys\u010dio lyg\u012f?<br \/>\nA: Prietaisas turi 3 skyst\u0173j\u0173 kristal\u0173 ekran\u0105, kuriame rodomas akumuliatoriaus veikimo laikas, elektroninio skys\u010dio lygis ir esamas re\u017eimas.<\/p>\n<p>K: Ar \u0161is produktas tinka didmeninei prekybai?<br \/>\nA: Be abejo! Mr.Goodie Adjust Flavor King 60000 Puffs yra puikus produktas didmeniniam platinimui ir vape parduotuv\u0117ms d\u0117l didel\u0117s paklausos, unikali\u0173 savybi\u0173 ir i\u0161skirtin\u0117s vert\u0117s.<\/p>","protected":false},"excerpt":{"rendered":"<p>Patirkite auk\u0161\u010diausi\u0105 skon\u012f su Mr.Goodie Adjust Flavor King 60000 Puffs. Dviguba 20ML e. skys\u010dio talpa, 60000 \u012fpur\u0161kim\u0173, 10 trigub\u0173 skoni\u0173. Puikiai tinka vape parduotuv\u0117ms ir didmeniniams pirk\u0117jams!<\/p>","protected":false},"featured_media":46924,"comment_status":"open","ping_status":"closed","template":"","meta":[],"product_brand":[258],"product_cat":[257,137,146,138,141,143],"product_tag":[],"class_list":{"0":"post-46917","1":"product","2":"type-product","3":"status-publish","4":"has-post-thumbnail","6":"product_brand-mr-goodie","7":"product_cat-mr-goodie","8":"product_cat-disposable-vapes-in-germany","9":"product_cat-disposable-vapes-in-hungary","10":"product_cat-disposable-vapes-in-ltaly","11":"product_cat-disposable-vapes-in-poland","12":"product_cat-disposable-vapes-in-spain","14":"first","15":"instock","16":"shipping-taxable","17":"purchasable","18":"product-type-variable","19":"has-default-attributes"},"jetpack_sharing_enabled":true,"tiered_pricing_type":"fixed","tiered_pricing_fixed_rules":[],"tiered_pricing_product_settings":{"layout":"default","base_unit_name":{"singular":null,"plural":null},"default_variation":null},"tiered_pricing_minimum_quantity":1000,"tiered_pricing_roles_data":[],"tiered_pricing_percentage_rules":[],"tiered_pricing_maximum_quantity":null,"tiered_pricing_quantity_step":"10","_links":{"self":[{"href":"https:\/\/aiviouvapes.com\/lt\/wp-json\/wp\/v2\/product\/46917","targetHints":{"allow":["GET"]}}],"collection":[{"href":"https:\/\/aiviouvapes.com\/lt\/wp-json\/wp\/v2\/product"}],"about":[{"href":"https:\/\/aiviouvapes.com\/lt\/wp-json\/wp\/v2\/types\/product"}],"replies":[{"embeddable":true,"href":"https:\/\/aiviouvapes.com\/lt\/wp-json\/wp\/v2\/comments?post=46917"}],"wp:featuredmedia":[{"embeddable":true,"href":"https:\/\/aiviouvapes.com\/lt\/wp-json\/wp\/v2\/media\/46924"}],"wp:attachment":[{"href":"https:\/\/aiviouvapes.com\/lt\/wp-json\/wp\/v2\/media?parent=46917"}],"wp:term":[{"taxonomy":"product_brand","embeddable":true,"href":"https:\/\/aiviouvapes.com\/lt\/wp-json\/wp\/v2\/product_brand?post=46917"},{"taxonomy":"product_cat","embeddable":true,"href":"https:\/\/aiviouvapes.com\/lt\/wp-json\/wp\/v2\/product_cat?post=46917"},{"taxonomy":"product_tag","embeddable":true,"href":"https:\/\/aiviouvapes.com\/lt\/wp-json\/wp\/v2\/product_tag?post=46917"}],"curies":[{"name":"wp","href":"https:\/\/api.w.org\/{rel}","templated":true}]}}