{"id":46861,"date":"2025-07-29T21:34:04","date_gmt":"2025-07-29T13:34:04","guid":{"rendered":"https:\/\/aiviouvapes.com\/?post_type=product&#038;p=46861"},"modified":"2026-03-24T11:26:03","modified_gmt":"2026-03-24T03:26:03","slug":"bang-blaze-starry-50000","status":"publish","type":"product","link":"https:\/\/aiviouvapes.com\/lt\/product\/bang-blaze-starry-50000\/","title":{"rendered":"Bang Blaze Starry 50000 Puffs | Dviej\u0173 re\u017eim\u0173 didmenin\u0117 prekyba vienkartiniais vape aparatais"},"content":{"rendered":"<h2>Kod\u0117l verta rinktis Bang Blaze Starry 50000?<\/h2>\n<ul>\n<li><strong>\ud83d\udca5 Dvigubo re\u017eimo dominavimas:<\/strong> Skland\u017eiai perjunkite ilgalaik\u012f <strong>\u012eprastas re\u017eimas (50 t\u016bkst. \u012fpur\u0161kim\u0173)<\/strong> nuolatin\u012f malonum\u0105 ir galing\u0105 <strong>Impulsinis re\u017eimas (25 t\u016bkst. d\u016b\u017ei\u0173)<\/strong> intensyvesniam skoniui ir gar\u0173 kiekiui padidinti.<\/li>\n<li><strong>\ud83d\udd0b Ypatingas ilgaam\u017ei\u0161kumas:<\/strong> \u0160is prietaisas su ne\u012ftik\u0117tinai didele 50 000 \u012fp\u016btim\u0173 talpa ir 550 mAh \u012fkraunama baterija yra pagamintas taip, kad tarnaut\u0173 ilgai, tod\u0117l u\u017etikrina neprilygstam\u0105 vert\u0119 ir suma\u017eina da\u017eno keitimo poreik\u012f.<\/li>\n<li><strong>\u2699\ufe0f Pa\u017eangi VPU technologija:<\/strong> I\u0161bandykite garinimo ateit\u012f. Integruotas gar\u0173 apdorojimo blokas u\u017etikrina puik\u0173 skonio nuoseklum\u0105, sodresn\u0119 gar\u0173 gamyb\u0105 ir optimizuot\u0105 energijos valdym\u0105, kad kiekvien\u0105 kart\u0105 seansas b\u016bt\u0173 nepriekai\u0161tingas.<\/li>\n<li><strong>\ud83d\udca1 I\u0161manus ir saugus veikimas:<\/strong> Kri\u0161tolo skaidrumo LED ekrane i\u0161kart matysite akumuliatoriaus ir elektroninio skys\u010dio b\u016bsen\u0105, o nuo vaik\u0173 apsaugotas u\u017edarymo re\u017eimas suteiks ramyb\u0119.<\/li>\n<li><strong>\ud83d\udce6 Parengta verslui:<\/strong> Bang Blaze Starry 50000 supakuotas \u012f patogias 10 vienet\u0173 d\u0117\u017eutes, tod\u0117l puikiai tinka vape parduotuv\u0117ms, platintojams ir didmeniniams pirk\u0117jams, norintiems \u012fsigyti itin paklaus\u0173 ir na\u0161\u0173 produkt\u0105.<\/li>\n<\/ul>\n<p>Bang \"Blaze Starry 50000\" yra geriausias prietaisas intensyviems vartotojams, kuriems reikia ilgaam\u017ei\u0161kumo, ir skonio m\u0117g\u0117jams, ie\u0161kantiems intensyvumo. D\u0117l didelio pu\u010diam\u0173j\u0173 skai\u010diaus ir patikimo veikimo j\u012f b\u016btina tur\u0117ti bet kurios vape parduotuv\u0117s inventoriuje. J\u012f galima \u012fsigyti didel\u0117mis 10 pakuo\u010di\u0173 pakuot\u0117mis, tod\u0117l jis puikiai optimizuotas didmeniniam platinimui. Pagerinkite savo atsargas ir suteikite savo klientams kit\u0105 svarb\u0173 dalyk\u0105 vapingui!<\/p>\n<h3>Pasi\u017eym\u0117kite neprilygstama galia ir skoniu \ud83d\ude80<\/h3>\n<p>Pasiruo\u0161kite startui! Bang \"Blaze Starry 50000\" yra \u010dia, kad i\u0161 esm\u0117s pakeist\u0173 j\u016bs\u0173 garinimo kelion\u0119. \u0160is prietaisas su astronominiu 50 000 \u012fp\u016btim\u0173 \u012fprastu re\u017eimu ir intensyviu impulsiniu re\u017eimu, skirtu skonio ie\u0161kotojams, sukurtas tikram pasitenkinimui. Puikus LED ekranas ir pa\u017eangiausia VPU technologija u\u017etikrina, kad kiekvienas d\u016bmelis tapt\u0173 \u017evaig\u017ed\u0117tu potyriu. \u2728 Tai naujas na\u0161umo, ilgaam\u017ei\u0161kumo ir skonio etalonas.<\/p>\n<h3>Produkto specifikacijos<\/h3>\n<p>Ilgaam\u017ei\u0161kumui ir na\u0161umui sukurtame Bang Blaze Starry 50000 yra inovatyvi VPU technologija, u\u017etikrinanti pastov\u0173 skon\u012f ir garus. I\u0161manusis LED ekranas jus informuos, o dviej\u0173 re\u017eim\u0173 funkcija leis jums pritaikyti garinimo seans\u0105. \u012ekraunama baterija ir u\u017eraktas, apsaugotas nuo vaik\u0173, - tai geriausias galios, saugumo ir patogumo derinys.<\/p>\n<table>\n<tbody>\n<tr>\n<th>Funkcija<\/th>\n<th>Specifikacija<\/th>\n<\/tr>\n<tr>\n<td><strong>Puff skai\u010dius<\/strong><\/td>\n<td>\u012eprastas re\u017eimas: 50 000 \u012fpur\u0161kim\u0173 | Impulsinis re\u017eimas: 25 000 \u012fpur\u0161kim\u0173<\/td>\n<\/tr>\n<tr>\n<td><strong>Re\u017eimo parinktys<\/strong><\/td>\n<td>1. U\u017edaryti (apsauga nuo vaik\u0173) | 2. \u012eprastas re\u017eimas | 3. Impulsinis re\u017eimas<\/td>\n<\/tr>\n<tr>\n<td><strong>Nikotino stiprumas<\/strong><\/td>\n<td>2% \/ 3% \/ 5%<\/td>\n<\/tr>\n<tr>\n<td><strong>Akumuliatorius<\/strong><\/td>\n<td>550 mAh \u012fkraunamas<\/td>\n<\/tr>\n<tr>\n<td><strong>Rit\u0117s technologija<\/strong><\/td>\n<td>Dvigubo tinklelio rit\u0117<\/td>\n<\/tr>\n<tr>\n<td><strong>Pagrindin\u0117 technologija<\/strong><\/td>\n<td>VPU (Vape Processing Unit) viduje<\/td>\n<\/tr>\n<tr>\n<td><strong>Ekranas<\/strong><\/td>\n<td>I\u0161manusis LED ekranas (akumuliatoriaus ir el. skys\u010dio lygiui nustatyti)<\/td>\n<\/tr>\n<tr>\n<td><strong>\u012ekrovimo prievadas<\/strong><\/td>\n<td>C tipo<\/td>\n<\/tr>\n<tr>\n<td><strong>Didmenin\u0117 pakuot\u0117<\/strong><\/td>\n<td>10 vienet\u0173 \/ vitrina<\/td>\n<\/tr>\n<\/tbody>\n<\/table>\n<h3>Skoni\u0173 visata \ud83c\udf0c<\/h3>\n<p>I\u0161tirkite 12 \u017evaig\u017ed\u017ei\u0173 skonio variant\u0173, sukurt\u0173 iki tobulumo, kad patirtum\u0117te nepamir\u0161tam\u0105 skon\u012f. Kiekvienas j\u0173 sukurtas taip, kad b\u016bt\u0173 ry\u0161kus ir vientisas nuo pirmo iki paskutinio d\u016bmo.<br \/>\nArb\u016bzas, bra\u0161kinis arb\u016bzas, m\u0117lyni\u0173 ledas, m\u0117lyni\u0173 aviet\u0117, Love 66, spanguoli\u0173 vynuogi\u0173 ledas, persik\u0173 ledas, bra\u0161kinis mangas, trigubos uogos, mango persikas, vasaros laikas, ananas\u0173 kokosas.<\/p>\n<h3>Da\u017enai u\u017eduodami klausimai<\/h3>\n<p><strong>K: Kaip perjungti \u012fprast\u0105 ir impulsin\u012f re\u017eim\u0105?<\/strong><br \/>\nA: \u012erenginys paprastai turi paprast\u0105 valdymo mygtuk\u0105. Konkreti veiksm\u0173 seka pateikta naudotojo vadove, ta\u010diau paprastai tai b\u016bna keli greiti paspaudimai, kuriais galima perjungti u\u017edarymo, \u012fprast\u0105 ir impulsin\u012f re\u017eim\u0105.<\/p>\n<p><strong>K: Kas yra VPU technologija?<\/strong><br \/>\nA: VPU rei\u0161kia \"Vape Processing Unit\". Tai pa\u017eangus mikroprocesorius, kuris kontroliuoja i\u0161\u0117jimo gali\u0105 ir kaitinimo nuoseklum\u0105, tod\u0117l per vis\u0105 prietaiso naudojimo laik\u0105 u\u017etikrinamas \u017eymiai geresnis skonio i\u0161tikimumas ir gar\u0173 gamyba.<\/p>\n<p><strong>K: K\u0105 veikia re\u017eimas \"U\u017edaryti\"?<\/strong><br \/>\nA: \"U\u017edarymo\" re\u017eimas yra apsaugos nuo vaik\u0173 funkcija. J\u0105 \u012fjungus, prietaisas i\u0161jungiamas, kad b\u016bt\u0173 i\u0161vengta atsitiktinio naudojimo, tod\u0117l j\u012f saugiau ne\u0161iotis ir laikyti.<\/p>\n<p><strong>K: Kiek \u012frengini\u0173 yra didmenin\u0117je pakuot\u0117je?<\/strong><br \/>\nA: Bang Blaze Starry 50000 yra supakuotas \u012f vitrinines d\u0117\u017eutes, kuriose yra 10 atskir\u0173 \u012frengini\u0173, tod\u0117l lengva valdyti atsargas ir eksponuoti ma\u017emenin\u0117je prekyboje.<\/p>","protected":false},"excerpt":{"rendered":"<p>Atraskite Bang Blaze Starry 50000 - didel\u0117s talpos \u012fkraunam\u0105 vienkartin\u012f garintuv\u0105 su \u012fprastu (50k) ir impulsiniu (25k) re\u017eimais. Turi i\u0161man\u0173j\u012f LED ekran\u0105, VPU technologij\u0105 ir gali b\u016bti parduodamas didmenin\u0117je prekyboje.<\/p>","protected":false},"featured_media":46870,"comment_status":"open","ping_status":"closed","template":"","meta":[],"product_brand":[239],"product_cat":[37,137,146,138,141,143],"product_tag":[],"class_list":{"0":"post-46861","1":"product","2":"type-product","3":"status-publish","4":"has-post-thumbnail","6":"product_brand-bang","7":"product_cat-bang","8":"product_cat-disposable-vapes-in-germany","9":"product_cat-disposable-vapes-in-hungary","10":"product_cat-disposable-vapes-in-ltaly","11":"product_cat-disposable-vapes-in-poland","12":"product_cat-disposable-vapes-in-spain","14":"first","15":"instock","16":"shipping-taxable","17":"purchasable","18":"product-type-variable","19":"has-default-attributes"},"jetpack_sharing_enabled":true,"tiered_pricing_type":"fixed","tiered_pricing_fixed_rules":{"30":8.5600000000000004973799150320701301097869873046875,"50":6.7400000000000002131628207280300557613372802734375,"100":6.089999999999999857891452847979962825775146484375,"200":5.70000000000000017763568394002504646778106689453125,"400":5.25},"tiered_pricing_product_settings":{"layout":"default","base_unit_name":{"singular":null,"plural":null},"default_variation":null},"tiered_pricing_minimum_quantity":10,"tiered_pricing_roles_data":[],"tiered_pricing_percentage_rules":[],"tiered_pricing_maximum_quantity":null,"tiered_pricing_quantity_step":"10","_links":{"self":[{"href":"https:\/\/aiviouvapes.com\/lt\/wp-json\/wp\/v2\/product\/46861","targetHints":{"allow":["GET"]}}],"collection":[{"href":"https:\/\/aiviouvapes.com\/lt\/wp-json\/wp\/v2\/product"}],"about":[{"href":"https:\/\/aiviouvapes.com\/lt\/wp-json\/wp\/v2\/types\/product"}],"replies":[{"embeddable":true,"href":"https:\/\/aiviouvapes.com\/lt\/wp-json\/wp\/v2\/comments?post=46861"}],"wp:featuredmedia":[{"embeddable":true,"href":"https:\/\/aiviouvapes.com\/lt\/wp-json\/wp\/v2\/media\/46870"}],"wp:attachment":[{"href":"https:\/\/aiviouvapes.com\/lt\/wp-json\/wp\/v2\/media?parent=46861"}],"wp:term":[{"taxonomy":"product_brand","embeddable":true,"href":"https:\/\/aiviouvapes.com\/lt\/wp-json\/wp\/v2\/product_brand?post=46861"},{"taxonomy":"product_cat","embeddable":true,"href":"https:\/\/aiviouvapes.com\/lt\/wp-json\/wp\/v2\/product_cat?post=46861"},{"taxonomy":"product_tag","embeddable":true,"href":"https:\/\/aiviouvapes.com\/lt\/wp-json\/wp\/v2\/product_tag?post=46861"}],"curies":[{"name":"wp","href":"https:\/\/api.w.org\/{rel}","templated":true}]}}