{"id":46815,"date":"2025-07-29T16:57:01","date_gmt":"2025-07-29T08:57:01","guid":{"rendered":"https:\/\/aiviouvapes.com\/?post_type=product&#038;p=46815"},"modified":"2026-04-22T19:10:15","modified_gmt":"2026-04-22T11:10:15","slug":"jnr-falcon-pro-28000","status":"publish","type":"product","link":"https:\/\/aiviouvapes.com\/lt\/product\/jnr-falcon-pro-28000\/","title":{"rendered":"JNR Falcon Pro 28000 vienkartinis vape| galingas ir grynas skonio tobulumas!"},"content":{"rendered":"<h2><b>\u012e\u017eiebkite savo poj\u016b\u010dius su JNR \"Falcon Pro 28000\"! \ud83d\ude80\ud83d\udca8<\/b><\/h2>\n<p>Pavargote nuo vienkartini\u0173 garintuv\u0173, kurie baigiasi per greitai arba neturi tikro skonio? \u017denkite \u012f garinimo ateit\u012f su JNR Falcon Pro 28000! \u0160is prietaisas, sukurtas neprilygstamai i\u0161tvermingai ir skonio sprogimui, kei\u010dia \u017eaidimo taisykles tiek asmeniniam malonumui, tiek didmeninei prekybai. Pasiruo\u0161kite ilgesnei, maloniai ir intensyvaus skonio garinimo kelionei kiekvien\u0105 kart\u0105. \u2728\ud83d\udcaf<\/p>\n<h3>Produkto ap\u017evalga ir savyb\u0117s: Neprilygstamas na\u0161umas atitinka nepamir\u0161tamus skonius<\/h3>\n<p>JNR \"Falcon Pro 28000\" - tai ne tik garintuv\u0117, bet ir parei\u0161kimas. Sukurtas taip, kad b\u016bt\u0173 ilgaam\u017eis ir suteikt\u0173 maksimal\u0173 skon\u012f, jis gali pasigirti ne\u012ftik\u0117tinu 28 000 \u012fpur\u0161kim\u0173 skai\u010diumi, tod\u0117l niekada neliksite nuskriausti. <span class=\"citation-9 citation-end-9\">Patikima 950 mAh \u012fkraunama baterija ir dvigubo tinklelio spiral\u0117s technologija puikiai dera tarpusavyje, kad u\u017etikrint\u0173 nuosekl\u0173, skland\u0173 garavim\u0105 ir ry\u0161k\u0173 skon\u012f nuo pirmo iki paskutinio d\u016bmo.<\/span> Skaitmeninis ekranas jus informuos, o d\u0117l didel\u0117s 30 ml elektroninio skys\u010dio talpos nereik\u0117s r\u016bpintis jo papildymu. 20 kruop\u0161\u010diai paruo\u0161t\u0173 skoni\u0173, tod\u0117l kiekvienas skonis puikiai tiks kiekvienam. Nesvarbu, ar esate intensyvus vartotojas, ar skonio \u017einovas, \"Falcon Pro 28000\" yra puikus pasirinkimas. \ud83c\udf1f\ud83d\udd0b<\/p>\n<h3>Specifikacijos:<\/h3>\n<table>\n<thead>\n<tr>\n<td>Funkcija<\/td>\n<td>I\u0161sami informacija<\/td>\n<\/tr>\n<\/thead>\n<tbody>\n<tr>\n<td><b>Puff skai\u010dius<\/b><\/td>\n<td>Iki 28 000 \u012fkv\u0117pim\u0173<\/td>\n<\/tr>\n<tr>\n<td><b>Nikotino stiprumas<\/b><\/td>\n<td>2%<\/td>\n<\/tr>\n<tr>\n<td><b>E-skys\u010dio talpa<\/b><\/td>\n<td>30 ml<\/td>\n<\/tr>\n<tr>\n<td><b>Akumuliatorius<\/b><\/td>\n<td>950 mAh \u012fkraunamas<\/td>\n<\/tr>\n<tr>\n<td><b>Rit\u0117s tipas<\/b><\/td>\n<td>Dvigubo tinklelio rit\u0117<\/td>\n<\/tr>\n<tr>\n<td><b>Ekranas<\/b><\/td>\n<td>Skaitmeninis ekranas<\/td>\n<\/tr>\n<tr>\n<td><b>Galimi skoniai<\/b><\/td>\n<td>20<\/td>\n<\/tr>\n<\/tbody>\n<\/table>\n<h3>Pa\u017einkite skonio pasaul\u012f: J\u016bs\u0173 laukia skonio nuotykis! \ud83c\udf53\ud83c\udf4d\ud83c\udf47<\/h3>\n<p>Pasinerkite \u012f m\u016bs\u0173 \u012fvair\u0173 20 viliojan\u010di\u0173 skoni\u0173 asortiment\u0105, kuri\u0173 kiekvienas kruop\u0161\u010diai sumai\u0161ytas, kad garinimas b\u016bt\u0173 i\u0161ties svaiginantis. Nuo gaivi\u0173 vaisi\u0173 iki klasikini\u0173 mi\u0161ini\u0173 - \"JNR Falcon Pro 28000\" turi ka\u017ek\u0105, kas prad\u017eiugins kiekvien\u0105 skonio receptori\u0173. \ud83c\udf08\ud83d\ude0b<\/p>\n<ul>\n<li>Bra\u0161ki\u0173 ledai<\/li>\n<li>Cherry Cola<\/li>\n<li>Arb\u016bz\u0173 ledas<\/li>\n<li>M\u0117lyna Razz Cherry<\/li>\n<li>Bra\u0161ki\u0173 kiviai<\/li>\n<li>Sultingi persikai<\/li>\n<li>M\u0117lyni\u0173 ledas<\/li>\n<li>Mi\u0161rios uogos<\/li>\n<li>Dvigubas obuolys<\/li>\n<li>Vy\u0161ni\u0173 uogos<\/li>\n<li>M\u0117lyn\u0117 Aviet\u0117 Vy\u0161nia<\/li>\n<li>Bra\u0161ki\u0173 arb\u016bz\u0173 ledas<\/li>\n<li>Kivi\u0173 arb\u016bz\u0173 ledas<\/li>\n<li>M\u0117lyni\u0173 r\u016bg\u0161tusis avie\u010di\u0173<\/li>\n<li>Baltasis persikas Razz<\/li>\n<li>Mango pasiflor\u0173 vaisiai<\/li>\n<li>Persik\u0173 Mango Arb\u016bzas<\/li>\n<li>Arb\u016bz\u0173 kramtomoji guma<\/li>\n<li>Bra\u0161ki\u0173 bananai<\/li>\n<li>Kiviai aistra Gvajavos<\/li>\n<\/ul>\n<h3>Kod\u0117l verta rinktis JNR \"Falcon Pro 28000\"? \ud83e\udd14\ud83d\udca1<\/h3>\n<ul>\n<li><b>I\u0161skirtinis ilgaam\u017ei\u0161kumas:<\/b> \u0160is prietaisas, galintis leisti iki 28 000 \u012fp\u016btim\u0173, u\u017etikrina ilgesn\u012f malonum\u0105 ir ne\u012ftik\u0117tin\u0105 vert\u0119, tod\u0117l j\u012f reikia kuo ma\u017eiau da\u017enai keisti.<\/li>\n<li><b><span class=\"citation-8\">Intensyvaus skonio gamyba:<\/span><\/b><span class=\"citation-8 citation-end-8\"> Dviej\u0173 tinkleli\u0173 spiral\u0117s technologija u\u017etikrina, kad kiekvienas d\u016bmelis b\u016bt\u0173 sodraus, autenti\u0161ko skonio ir patenkint\u0173 net i\u0161rankiausi\u0173 r\u016bkori\u0173 poreikius.<\/span><\/li>\n<li><b>Nuoseklus veikimas:<\/b> Galinga 950 mAh \u012fkraunama baterija ir skaitmeninis ekranas u\u017etikrina patikim\u0105 ir informatyv\u0173 garinim\u0105.<\/li>\n<li><b>Did\u017eiul\u0117 elektroninio skys\u010dio talpa:<\/b><span class=\"citation-7 citation-end-7\"> 30 ml i\u0161 anksto pripildytas bakelis - daugiau garinimo ir ma\u017eiau r\u016bpes\u010di\u0173.<\/span><\/li>\n<li><b>\u012evairus skoni\u0173 portfelis:<\/b> M\u016bs\u0173 si\u016blomas 20 unikali\u0173 ir populiari\u0173 skoni\u0173 asortimentas patenkina visus pageidavimus, tod\u0117l tai labai paklausus produktas.<\/li>\n<li><b>Sukurta masinei ir ma\u017emeninei prekybai:<\/b> Puikiai tinka svaigal\u0173 parduotuv\u0117ms, norin\u010dioms apsir\u016bpinti auk\u0161tos kokyb\u0117s vienkartiniais prietaisais, ir didmenininkams, ie\u0161kantiems patikim\u0173, paklausi\u0173 produkt\u0173.<\/li>\n<li><b>Patogus dizainas:<\/b> Paprasta naudoti, joki\u0173 mygtuk\u0173 ar sud\u0117ting\u0173 nustatym\u0173 - tiesiog \u012fkv\u0117pkite ir m\u0117gaukit\u0117s!<\/li>\n<li><b>Ak\u012f traukiantis patrauklumas:<\/b> D\u0117l eleganti\u0161ko dizaino ir skaitmeninio ekrano \u0161is gaminys yra vizualiai patrauklus vartotojams.<\/li>\n<\/ul>\n<h3>DUK skyrius: Atsakymai \u012f j\u016bs\u0173 klausimus! \ud83d\udcda\u2753<\/h3>\n<p><b>1 klausimas: Kiek \u012fp\u016btim\u0173 galiu tik\u0117tis i\u0161 JNR \"Falcon Pro 28000\"?<\/b> <span class=\"citation-6 citation-end-6\">A1: JNR \"Falcon Pro 28000\" yra sukurtas taip, kad gal\u0117t\u0173 i\u0161gauti iki ne\u012ftik\u0117tin\u0173 28 000 \u012fpur\u0161kim\u0173, suteikdamas ilgalaik\u012f pasitenkinim\u0105 garinimu.<\/span><\/p>\n<p><b>2 klausimas: Koks yra \u0161io prietaiso nikotino stiprumas?<\/b> <span class=\"citation-5 citation-end-5\">A2: JNR \"Falcon Pro 28000\" sud\u0117tyje yra 2% nikotino, kuris suteikia malon\u0173 sm\u016bg\u012f ir u\u017etikrina skland\u0173 garinim\u0105.<\/span><\/p>\n<p><b>3 klausimas: Ar JNR \"Falcon Pro 28000\" galima \u012fkrauti?<\/b> A3: Taip, jis turi 950 mAh \u012fkraunam\u0105 baterij\u0105, tod\u0117l galite maksimaliai padidinti e. skys\u010dio talp\u0105 ir m\u0117gautis kiekvienu la\u0161eliu.<\/p>\n<p><b>4 klausimas: Kiek skoni\u0173 yra \"JNR Falcon Pro 28000\"?<\/b> A4: Yra 20 \u012fdomi\u0173 ir \u012fvairi\u0173 skoni\u0173, nuo vaisi\u0173 iki ledinio, tod\u0117l kiekvienas ras savo skon\u012f.<\/p>\n<p><b>5 klausimas: Ar \u0161is prietaisas tinka didmeniniams pirkimams?<\/b> A5: Be abejo! JNR \"Falcon Pro 28000\" d\u0117l didelio u\u017etais\u0173 skai\u010diaus, plataus skoni\u0173 asortimento ir patikimo veikimo yra idealus pasirinkimas vape parduotuv\u0117ms ir didmeniniams platintojams, norintiems pasi\u016blyti auk\u0161\u010diausios kokyb\u0117s, paklaus\u0173 produkt\u0105.<\/p>\n<p><b>6 klausimas: Ar jis turi ekran\u0105?<\/b> A6: Taip, JNR \"Falcon Pro 28000\" turi skaitmenin\u012f ekran\u0105, kuris jus informuos apie \u012frenginio b\u016bsen\u0105.<\/p>\n<hr \/>\n<p><b>Ar esate pasiruo\u0161\u0119 pagerinti savo garinimo patirt\u012f arba papildyti savo lentynas tikrais laim\u0117tojais?<\/b> JNR \"Falcon Pro 28000\" yra geriausias sprendimas intensyviems naudotojams, trok\u0161tantiems ilgaam\u017ei\u0161kumo, ir skonio m\u0117g\u0117jams, ie\u0161kantiems \u012fvairov\u0117s. \u0160is prietaisas yra puiki galimyb\u0117 patenkinti spar\u010diai augan\u010di\u0105 vartotoj\u0173 paklaus\u0105 auk\u0161tos kokyb\u0117s, ilgai veikian\u010di\u0173 vienkartini\u0173 garintuv\u0173. Nepraleiskite progos susipa\u017einti su nauju dideliu garinimo prietaisu! Pasir\u016bpinkite JNR Falcon Pro 28000 tiekimu jau \u0161iandien ir steb\u0117kite, kaip j\u016bs\u0173 klientai vis sugr\u012f\u017eta ir sugr\u012f\u017eta! \ud83c\udfc6\ud83d\udcc8<\/p>\n<p>Su JNR Falcon Pro i\u0161laisvinkite 28000 gryno skonio d\u016bm\u0173. Ilgalaikis, \u012fkraunamas, 20 ry\u0161ki\u0173 skoni\u0173. Puikiai tinka intensyviems naudotojams ir perkantiems dideliais kiekiais!<\/p>","protected":false},"excerpt":{"rendered":"<p>I\u0161bandykite geriausi\u0105 garinim\u0105 su JNR \"Falcon Pro 28000\": ilgai trunkantis 28000 \u012fpur\u0161kim\u0173, 2% nikotino, 20 nuostabi\u0173 skoni\u0173 ir galingas \u012fkraunamas akumuliatorius. Idealiai tinka masiniam vienkartiniam vapavimui.<\/p>","protected":false},"featured_media":46859,"comment_status":"open","ping_status":"closed","template":"","meta":[],"product_brand":[237],"product_cat":[221,137,146,138,141,143],"product_tag":[],"class_list":{"0":"post-46815","1":"product","2":"type-product","3":"status-publish","4":"has-post-thumbnail","6":"product_brand-jnr","7":"product_cat-jnr","8":"product_cat-disposable-vapes-in-germany","9":"product_cat-disposable-vapes-in-hungary","10":"product_cat-disposable-vapes-in-ltaly","11":"product_cat-disposable-vapes-in-poland","12":"product_cat-disposable-vapes-in-spain","14":"first","15":"instock","16":"shipping-taxable","17":"purchasable","18":"product-type-variable","19":"has-default-attributes"},"jetpack_sharing_enabled":true,"tiered_pricing_type":"fixed","tiered_pricing_fixed_rules":[],"tiered_pricing_product_settings":{"layout":"default","base_unit_name":{"singular":null,"plural":null},"default_variation":null},"tiered_pricing_minimum_quantity":1000,"tiered_pricing_roles_data":[],"tiered_pricing_percentage_rules":[],"tiered_pricing_maximum_quantity":null,"tiered_pricing_quantity_step":"10","_links":{"self":[{"href":"https:\/\/aiviouvapes.com\/lt\/wp-json\/wp\/v2\/product\/46815","targetHints":{"allow":["GET"]}}],"collection":[{"href":"https:\/\/aiviouvapes.com\/lt\/wp-json\/wp\/v2\/product"}],"about":[{"href":"https:\/\/aiviouvapes.com\/lt\/wp-json\/wp\/v2\/types\/product"}],"replies":[{"embeddable":true,"href":"https:\/\/aiviouvapes.com\/lt\/wp-json\/wp\/v2\/comments?post=46815"}],"wp:featuredmedia":[{"embeddable":true,"href":"https:\/\/aiviouvapes.com\/lt\/wp-json\/wp\/v2\/media\/46859"}],"wp:attachment":[{"href":"https:\/\/aiviouvapes.com\/lt\/wp-json\/wp\/v2\/media?parent=46815"}],"wp:term":[{"taxonomy":"product_brand","embeddable":true,"href":"https:\/\/aiviouvapes.com\/lt\/wp-json\/wp\/v2\/product_brand?post=46815"},{"taxonomy":"product_cat","embeddable":true,"href":"https:\/\/aiviouvapes.com\/lt\/wp-json\/wp\/v2\/product_cat?post=46815"},{"taxonomy":"product_tag","embeddable":true,"href":"https:\/\/aiviouvapes.com\/lt\/wp-json\/wp\/v2\/product_tag?post=46815"}],"curies":[{"name":"wp","href":"https:\/\/api.w.org\/{rel}","templated":true}]}}