{"id":41615,"date":"2025-07-02T00:17:15","date_gmt":"2025-07-01T16:17:15","guid":{"rendered":"https:\/\/aiviouvapes.com\/?post_type=product&#038;p=41615"},"modified":"2026-04-15T09:06:42","modified_gmt":"2026-04-15T01:06:42","slug":"bang-king-triple-flavors-85000","status":"publish","type":"product","link":"https:\/\/aiviouvapes.com\/lt\/product\/bang-king-triple-flavors-85000\/","title":{"rendered":"Bang King 85K 3-in-1 85000 puffs | trij\u0173 skoni\u0173 vienkartiniai vienkartiniai svaigalai"},"content":{"rendered":"<h2>\ud83c\udf89 <strong>Kod\u0117l verta pirkti Bang King 85K?<\/strong><\/h2>\n<p>Jei trok\u0161tate ilgai trunkan\u010dio, galingo garinimo su did\u017eiausiu skonio lankstumu, Bang King 85K yra j\u016bs\u0173 naujas geriausias draugas. M\u0117gaukit\u0117s <strong>85 000 \u012fpur\u0161kim\u0173<\/strong>, did\u017eiulis <strong>63 ml<\/strong> bendr\u0105 e. skys\u010dio talp\u0105 ir galimyb\u0119 pasirinkti vien\u0105 i\u0161 trij\u0173 reguliuojam\u0173 skoni\u0173. Nesvarbu, ar m\u0117gstate vaisinius, ledinius, ar sodos \u012fkv\u0117ptus mi\u0161inius, \u0161is trij\u0173 tinkleli\u0173 rit\u0117s aparatas su kiekvienu paspaudimu sukuria skland\u017eius ir tolygius debes\u0117lius. Puikiai tinka perkantiems dideliais kiekiais, ma\u017emenininkams ar intensyviems vaperiams, ie\u0161kantiems patikim\u0173, pasitenkinim\u0105 teikian\u010di\u0173 seans\u0173.<\/p>\n<h3>\ud83d\udd0d <strong>Specifikacijos<\/strong><\/h3>\n<ul>\n<li><strong>Nikotino stiprumas:<\/strong> 0% \/ 2% \/ 3% \/ 5%<\/li>\n<li><strong>Puff skai\u010dius:<\/strong> 85 000 \u012fpur\u0161kim\u0173<\/li>\n<li><strong>Skonis Reguliuojamas:<\/strong> 3 reguliuojami skoniai<\/li>\n<li><strong>E-skys\u010dio talpa:<\/strong> 21 ml \u00d7 3 (i\u0161 viso 63 ml)<\/li>\n<li><strong>Akumuliatoriaus talpa:<\/strong> 600 mAh \u012fkraunamas<\/li>\n<li><strong>Rit\u0117s tipas:<\/strong> Trij\u0173 aku\u010di\u0173 rit\u0117 (1,0\u03a9)<\/li>\n<li><strong>Ekranas:<\/strong> LED ekranas<\/li>\n<li><strong>\u012ekrovimas:<\/strong> C tipo<\/li>\n<li><strong>Pakuot\u0117:<\/strong> 10 vnt. vienoje pakuot\u0117je<\/li>\n<li><strong>Skonio parinktys:<\/strong> 16 trigubo skonio derini\u0173<\/li>\n<\/ul>\n<h3>\ud83c\udf08 <strong>Skonio parinktys<\/strong><\/h3>\n<p>Susipa\u017einkite su \u0161iais burnoje tirpstan\u010diais deriniais, kurie patenkins bet kok\u012f skon\u012f:<\/p>\n<ul>\n<li>Arb\u016bz\u0173 ledas ir \"Red Bull\" bei bra\u0161ki\u0173 kiviai<\/li>\n<li>Bra\u0161ki\u0173 vanilin\u0117 kola ir juodojo drakono ledas bei persik\u0173 ledas<\/li>\n<li>M\u0117lyni\u0173 ledai ir citrinos, citrinos ir citrinos bei bra\u0161kinis arb\u016bzas<\/li>\n<li>Kiwi Passion Fruit Guava &amp; Lush Ice &amp; Straw Mango<\/li>\n<li>Bra\u0161ki\u0173 bananai ir ro\u017einis limonadas bei avie\u010di\u0173 arb\u016bzas<\/li>\n<li>\"Blue Razz Ice\" ir bra\u0161ki\u0173 arb\u016bz\u0173 ir arb\u016bz\u0173 ledai<\/li>\n<li>Persik\u0173 mangas ir m\u0117lynasis Razz Vy\u0161nia ir v\u0117si m\u0117ta<\/li>\n<li>Berry Lemonade &amp; Strawberry Red Bull &amp; Strawberry Pomp<\/li>\n<li>Atogr\u0105\u017e\u0173 vaisiai ir citrinos Persik\u0173 ir bra\u0161ki\u0173 arb\u016bzas<\/li>\n<li>Double Apple &amp; Pineapple Ice &amp; Fruity Fusion<\/li>\n<li>Ananas\u0173 kokos\u0173 ir m\u0117lynojo Razz ir bra\u0161ki\u0173 banan\u0173<\/li>\n<li>Cola Ice &amp; Cherry Cola &amp; Mr Blue<\/li>\n<li>Bra\u0161ki\u0173 arb\u016bzas ir trigubas melionas ir bra\u0161ki\u0173 ledas<\/li>\n<li>Bra\u0161ki\u0173 spurga &amp; Love 66 &amp; banan\u0173 ledai<\/li>\n<li>Mi\u0161rios uogos ir mangas Persik\u0173 ir vynuogi\u0173 ledas<\/li>\n<li>Ledin\u0117 arbata Citrin\u0173 ledas ir li\u010di\u0173 ledas ir mangas ant ledo<\/li>\n<\/ul>","protected":false},"excerpt":{"rendered":"<p>Pasiruo\u0161kite trigubai didesnei skonio galiai! Naujasis Bang King 85K u\u017etikrina 85 000 \u012fp\u016btim\u0173, 3 reguliuojamus skonius ir did\u017eiul\u0119 talp\u0105 viename dr\u0105siame, \u012fkraunamame vienkartiniame garintuve.<\/p>","protected":false},"featured_media":41617,"comment_status":"open","ping_status":"closed","template":"","meta":[],"product_brand":[239],"product_cat":[37,336,242,320,90],"product_tag":[384,382,381,383,385],"class_list":{"0":"post-41615","1":"product","2":"type-product","3":"status-publish","4":"has-post-thumbnail","6":"product_brand-bang","7":"product_cat-bang","8":"product_cat-100k-puffs-disposable-vape","9":"product_cat-60000-puffs-disposable-vape","10":"product_cat-best-disposable-vapes","11":"product_cat-big-puffs-vapes","12":"product_tag-3-in-1-adjustable-flavor-vape","13":"product_tag-85000-puffs-triple-flavor-vape","14":"product_tag-bang-king-85k-disposable-vape","15":"product_tag-bulk-rechargeable-vape-device","16":"product_tag-long-lasting-mesh-coil-vape","18":"first","19":"instock","20":"shipping-taxable","21":"purchasable","22":"product-type-variable","23":"has-default-attributes"},"jetpack_sharing_enabled":true,"tiered_pricing_type":"fixed","tiered_pricing_fixed_rules":{"2000":5.37000000000000010658141036401502788066864013671875},"tiered_pricing_product_settings":{"layout":"default","base_unit_name":{"singular":null,"plural":null},"default_variation":null},"tiered_pricing_minimum_quantity":1000,"tiered_pricing_roles_data":[],"tiered_pricing_percentage_rules":[],"tiered_pricing_maximum_quantity":null,"tiered_pricing_quantity_step":"10","_links":{"self":[{"href":"https:\/\/aiviouvapes.com\/lt\/wp-json\/wp\/v2\/product\/41615","targetHints":{"allow":["GET"]}}],"collection":[{"href":"https:\/\/aiviouvapes.com\/lt\/wp-json\/wp\/v2\/product"}],"about":[{"href":"https:\/\/aiviouvapes.com\/lt\/wp-json\/wp\/v2\/types\/product"}],"replies":[{"embeddable":true,"href":"https:\/\/aiviouvapes.com\/lt\/wp-json\/wp\/v2\/comments?post=41615"}],"wp:featuredmedia":[{"embeddable":true,"href":"https:\/\/aiviouvapes.com\/lt\/wp-json\/wp\/v2\/media\/41617"}],"wp:attachment":[{"href":"https:\/\/aiviouvapes.com\/lt\/wp-json\/wp\/v2\/media?parent=41615"}],"wp:term":[{"taxonomy":"product_brand","embeddable":true,"href":"https:\/\/aiviouvapes.com\/lt\/wp-json\/wp\/v2\/product_brand?post=41615"},{"taxonomy":"product_cat","embeddable":true,"href":"https:\/\/aiviouvapes.com\/lt\/wp-json\/wp\/v2\/product_cat?post=41615"},{"taxonomy":"product_tag","embeddable":true,"href":"https:\/\/aiviouvapes.com\/lt\/wp-json\/wp\/v2\/product_tag?post=41615"}],"curies":[{"name":"wp","href":"https:\/\/api.w.org\/{rel}","templated":true}]}}