{"id":39912,"date":"2025-06-24T16:09:54","date_gmt":"2025-06-24T08:09:54","guid":{"rendered":"https:\/\/aiviouvapes.com\/?post_type=product&#038;p=39912"},"modified":"2026-03-24T11:26:14","modified_gmt":"2026-03-24T03:26:14","slug":"uwin-crystal-twins-40k","status":"publish","type":"product","link":"https:\/\/aiviouvapes.com\/lt\/product\/uwin-crystal-twins-40k\/","title":{"rendered":"\"Uwin Crystal Twins\" 40K | dvigubas skonis, 40000 \u012fkv\u0117pim\u0173, tinklin\u0117 rit\u0117, vienkartinis vape"},"content":{"rendered":"<p><img data-recalc-dims=\"1\" loading=\"lazy\" decoding=\"async\" class=\"aligncenter wp-image-40419 size-full\" src=\"https:\/\/i0.wp.com\/aiviouvapes.com\/wp-content\/uploads\/2025\/06\/%E6%B5%B7%E6%8A%A5%E6%A8%AA%E5%B9%85.jpg?resize=1020%2C510&#038;ssl=1\" alt=\",\" width=\"1020\" height=\"510\" title=\"\" srcset=\"https:\/\/i0.wp.com\/aiviouvapes.com\/wp-content\/uploads\/2025\/06\/%E6%B5%B7%E6%8A%A5%E6%A8%AA%E5%B9%85.jpg?w=1920&amp;ssl=1 1920w, https:\/\/i0.wp.com\/aiviouvapes.com\/wp-content\/uploads\/2025\/06\/%E6%B5%B7%E6%8A%A5%E6%A8%AA%E5%B9%85.jpg?resize=300%2C150&amp;ssl=1 300w, https:\/\/i0.wp.com\/aiviouvapes.com\/wp-content\/uploads\/2025\/06\/%E6%B5%B7%E6%8A%A5%E6%A8%AA%E5%B9%85.jpg?resize=1024%2C512&amp;ssl=1 1024w, https:\/\/i0.wp.com\/aiviouvapes.com\/wp-content\/uploads\/2025\/06\/%E6%B5%B7%E6%8A%A5%E6%A8%AA%E5%B9%85.jpg?resize=768%2C384&amp;ssl=1 768w, https:\/\/i0.wp.com\/aiviouvapes.com\/wp-content\/uploads\/2025\/06\/%E6%B5%B7%E6%8A%A5%E6%A8%AA%E5%B9%85.jpg?resize=1536%2C768&amp;ssl=1 1536w, https:\/\/i0.wp.com\/aiviouvapes.com\/wp-content\/uploads\/2025\/06\/%E6%B5%B7%E6%8A%A5%E6%A8%AA%E5%B9%85.jpg?resize=18%2C9&amp;ssl=1 18w, https:\/\/i0.wp.com\/aiviouvapes.com\/wp-content\/uploads\/2025\/06\/%E6%B5%B7%E6%8A%A5%E6%A8%AA%E5%B9%85.jpg?resize=1320%2C660&amp;ssl=1 1320w, https:\/\/i0.wp.com\/aiviouvapes.com\/wp-content\/uploads\/2025\/06\/%E6%B5%B7%E6%8A%A5%E6%A8%AA%E5%B9%85.jpg?resize=800%2C400&amp;ssl=1 800w\" sizes=\"auto, (max-width: 1020px) 100vw, 1020px\" \/><\/p>\n<h2>\ud83d\udd25 Uwin Crystal Twins 40k - dvigubo skonio, masyv\u016bs paplot\u0117liai<\/h2>\n<p>The <strong>Uwin Crystal Twins 40k<\/strong> d\u0117l stilingo kri\u0161tolo skaidrumo dizaino, dvigubo skonio s\u0105rankos ir pa\u017eangios technologijos vienkartinis garinimas pakyla \u012f auk\u0161tesn\u012f lyg\u012f. Nesvarbu, ar m\u0117gstate debesis, ar skon\u012f, \u0161is garintuvas suteikia iki <strong>40 000 \u012fkv\u0117pim\u0173<\/strong>, a <strong>i\u0161manusis ekranas<\/strong>ir pritaikomas <strong>nikotino stiprumas<\/strong> nuo <strong>Nuo 0% iki 5%<\/strong>tod\u0117l puikiai tinka bet kuriam naudotojui.<\/p>\n<p>Nereikia ie\u0161koti kompromis\u0173...<strong>du nuostab\u016bs skoniai viename prietaise<\/strong>, suporuotas su <strong>tinklin\u0117 rit\u0117 sodriems, \u0161velniems sm\u016bgiams<\/strong> kiekvien\u0105 kart\u0105.<\/p>\n<h3>\ud83d\udd27 <strong>Specifikacijos<\/strong><\/h3>\n<table>\n<thead>\n<tr>\n<th>Funkcija<\/th>\n<th>I\u0161sami informacija<\/th>\n<\/tr>\n<\/thead>\n<tbody>\n<tr>\n<td><strong>Puff talpa<\/strong><\/td>\n<td>Iki 40 000 \u012fkv\u0117pim\u0173<\/td>\n<\/tr>\n<tr>\n<td><strong>E-skys\u010dio talpa<\/strong><\/td>\n<td>32 ml<\/td>\n<\/tr>\n<tr>\n<td><strong>Nikotino stiprumas<\/strong><\/td>\n<td>0%, 2%, 3%, 5%<\/td>\n<\/tr>\n<tr>\n<td><strong>Akumuliatorius<\/strong><\/td>\n<td>850 mAh, C tipo \u012fkraunama<\/td>\n<\/tr>\n<tr>\n<td><strong>Rit\u0117s tipas<\/strong><\/td>\n<td>Pa\u017eangi 0,6\u03a9 tinklelio rit\u0117<\/td>\n<\/tr>\n<tr>\n<td><strong>Ekranas<\/strong><\/td>\n<td>I\u0161manusis ekranas (baterija ir el. skystis)<\/td>\n<\/tr>\n<tr>\n<td><strong>Dizainas<\/strong><\/td>\n<td>Eleganti\u0161kas skaidrus kristal\u0173 korpusas<\/td>\n<\/tr>\n<\/tbody>\n<\/table>\n<h3>\ud83c\udf08 <strong>Skonio deriniai - dviej\u0173 kamer\u0173 \u012fvairov\u0117<\/strong><\/h3>\n<table>\n<thead>\n<tr>\n<th>A kamera<\/th>\n<th>B kamera<\/th>\n<\/tr>\n<\/thead>\n<tbody>\n<tr>\n<td>M\u0117lyn\u0117s ant ledo<\/td>\n<td>Vasaros persik\u0173 ledas<\/td>\n<\/tr>\n<tr>\n<td>Kiviai Pasifloros vaisiai Gvajavos<\/td>\n<td>M\u0117lyni\u0173 avie\u010di\u0173<\/td>\n<\/tr>\n<tr>\n<td>Bra\u0161ki\u0173 kiviai<\/td>\n<td>Vynuogi\u0173 ledas<\/td>\n<\/tr>\n<tr>\n<td>Kiviai Pasifloros vaisiai Gvajavos<\/td>\n<td>Du obuoliai<\/td>\n<\/tr>\n<tr>\n<td>Bra\u0161ki\u0173 arb\u016bzas<\/td>\n<td>Citrina ir laimas<\/td>\n<\/tr>\n<tr>\n<td>M\u0117lyni\u0173 avie\u010di\u0173<\/td>\n<td>Vy\u0161ni\u0173 ledas<\/td>\n<\/tr>\n<tr>\n<td>Bra\u0161ki\u0173 avie\u010di\u0173 vy\u0161ni\u0173<\/td>\n<td>M\u0117lynasis ponas<\/td>\n<\/tr>\n<tr>\n<td>Persik\u0173 Mango Ananas\u0173<\/td>\n<td>Red Bull<\/td>\n<\/tr>\n<tr>\n<td>Arb\u016bz\u0173 ledas<\/td>\n<td>Mi\u0161rios uogos<\/td>\n<\/tr>\n<tr>\n<td>Bra\u0161ki\u0173 bananai<\/td>\n<td>Meil\u0117 66<\/td>\n<\/tr>\n<tr>\n<td>Drakono vaisiai Bananai Vy\u0161nios<\/td>\n<td>Ro\u017einis limonadas<\/td>\n<\/tr>\n<tr>\n<td>Persik\u0173 mango<\/td>\n<td>Cherry Cola<\/td>\n<\/tr>\n<tr>\n<td>Bra\u0161ki\u0173 ledai<\/td>\n<td>Mango ant ledo<\/td>\n<\/tr>\n<tr>\n<td>Blue Razz Ledas<\/td>\n<td>Drakono vaisi\u0173 ledai<\/td>\n<\/tr>\n<tr>\n<td>Bra\u0161ki\u0173 \"Red Bull<\/td>\n<td>Vy\u0161ni\u0173 ledas<\/td>\n<\/tr>\n<\/tbody>\n<\/table>\n<h3>\ud83d\udca1 Kod\u0117l verta rinktis Uwin Crystal Twins 40k?<\/h3>\n<ul>\n<li><strong>Dvigubo skonio kapsul\u0117s<\/strong> gal\u0117site lengvai keisti skonius.<\/li>\n<li><strong>Nulin\u0117-nic parinktis<\/strong> galima m\u0117gautis be nikotino.<\/li>\n<li><strong>C tipo greitasis \u012fkrovimas<\/strong> rei\u0161kia ma\u017eiau prastov\u0173, daugiau garinimo.<\/li>\n<li><strong>Tinklelio rit\u0117s technologija<\/strong> u\u017etikrina \u0161var\u0173, pastov\u0173 skon\u012f ir garus.<\/li>\n<li><strong>I\u0161manusis ekranas<\/strong> jus informuos - daugiau joki\u0173 sp\u0117lioni\u0173.<\/li>\n<li><strong>Kri\u0161tolo skaidrumo dizainas<\/strong> suteikia j\u016bs\u0173 aparatui i\u0161skirtin\u0119, moderni\u0105 i\u0161vaizd\u0105.<\/li>\n<\/ul>\n<p>\"Uwin Crystal Twins 40k\" puikiai tinka intensyviems vartotojams, skonio tyrin\u0117tojams ir vape parduotuvi\u0173 savininkams - tai j\u016bs\u0173 naujasis \"viskas viename\" vienkartinis maitinimo \u0161altinis, idealiai tinkantis dideliems vape u\u017esakymams ir didmeniniam platinimui.<\/p>","protected":false},"excerpt":{"rendered":"<p data-start=\"212\" data-end=\"391\">\"Uwin Crystal Twins\" 40000 \u012fpur\u0161kim\u0173 vape si\u016blo du skonius, 0-5% nikotino parinktis, 32 ml el. skys\u010dio, 850 mAh \u012fkraunam\u0105 baterij\u0105, tinklin\u0119 rit\u0119 ir i\u0161man\u0173j\u012f ekran\u0105 eleganti\u0161kame kristaliniame dizaine.<\/p>","protected":false},"featured_media":39913,"comment_status":"open","ping_status":"closed","template":"","meta":[],"product_brand":[247],"product_cat":[224],"product_tag":[],"class_list":{"0":"post-39912","1":"product","2":"type-product","3":"status-publish","4":"has-post-thumbnail","6":"product_brand-uwin","7":"product_cat-uwin","9":"first","10":"instock","11":"shipping-taxable","12":"purchasable","13":"product-type-variable","14":"has-default-attributes"},"jetpack_sharing_enabled":true,"tiered_pricing_type":"fixed","tiered_pricing_fixed_rules":{"30":7.96999999999999975131004248396493494510650634765625,"50":6.519999999999999573674358543939888477325439453125,"100":6.2599999999999997868371792719699442386627197265625,"200":5.87000000000000010658141036401502788066864013671875,"400":5.29000000000000003552713678800500929355621337890625},"tiered_pricing_product_settings":{"layout":"default","base_unit_name":{"singular":null,"plural":null},"default_variation":null},"tiered_pricing_minimum_quantity":10,"tiered_pricing_roles_data":[],"tiered_pricing_percentage_rules":[],"tiered_pricing_maximum_quantity":null,"tiered_pricing_quantity_step":"10","_links":{"self":[{"href":"https:\/\/aiviouvapes.com\/lt\/wp-json\/wp\/v2\/product\/39912","targetHints":{"allow":["GET"]}}],"collection":[{"href":"https:\/\/aiviouvapes.com\/lt\/wp-json\/wp\/v2\/product"}],"about":[{"href":"https:\/\/aiviouvapes.com\/lt\/wp-json\/wp\/v2\/types\/product"}],"replies":[{"embeddable":true,"href":"https:\/\/aiviouvapes.com\/lt\/wp-json\/wp\/v2\/comments?post=39912"}],"wp:featuredmedia":[{"embeddable":true,"href":"https:\/\/aiviouvapes.com\/lt\/wp-json\/wp\/v2\/media\/39913"}],"wp:attachment":[{"href":"https:\/\/aiviouvapes.com\/lt\/wp-json\/wp\/v2\/media?parent=39912"}],"wp:term":[{"taxonomy":"product_brand","embeddable":true,"href":"https:\/\/aiviouvapes.com\/lt\/wp-json\/wp\/v2\/product_brand?post=39912"},{"taxonomy":"product_cat","embeddable":true,"href":"https:\/\/aiviouvapes.com\/lt\/wp-json\/wp\/v2\/product_cat?post=39912"},{"taxonomy":"product_tag","embeddable":true,"href":"https:\/\/aiviouvapes.com\/lt\/wp-json\/wp\/v2\/product_tag?post=39912"}],"curies":[{"name":"wp","href":"https:\/\/api.w.org\/{rel}","templated":true}]}}