{"id":39911,"date":"2025-06-27T09:58:09","date_gmt":"2025-06-27T01:58:09","guid":{"rendered":"https:\/\/aiviouvapes.com\/?post_type=product&#038;p=39911"},"modified":"2026-03-24T11:26:23","modified_gmt":"2026-03-24T03:26:23","slug":"uwin-randm-tornado-beat-35k","status":"publish","type":"product","link":"https:\/\/aiviouvapes.com\/lt\/product\/uwin-randm-tornado-beat-35k\/","title":{"rendered":"\"Uwin Randm Tornado Beat 35K\" | muzikin\u0117 lemput\u0117, 35000 puff\u0173, vienkartinis vienkartinis vape"},"content":{"rendered":"<p><img data-recalc-dims=\"1\" loading=\"lazy\" decoding=\"async\" class=\"alignnone wp-image-40422 size-full\" src=\"https:\/\/i0.wp.com\/aiviouvapes.com\/wp-content\/uploads\/2025\/06\/%E6%A8%AA%E5%B9%85.jpg?resize=1020%2C558&#038;ssl=1\" alt=\",\" width=\"1020\" height=\"558\" title=\"\" srcset=\"https:\/\/i0.wp.com\/aiviouvapes.com\/wp-content\/uploads\/2025\/06\/%E6%A8%AA%E5%B9%85.jpg?w=1330&amp;ssl=1 1330w, https:\/\/i0.wp.com\/aiviouvapes.com\/wp-content\/uploads\/2025\/06\/%E6%A8%AA%E5%B9%85.jpg?resize=300%2C164&amp;ssl=1 300w, https:\/\/i0.wp.com\/aiviouvapes.com\/wp-content\/uploads\/2025\/06\/%E6%A8%AA%E5%B9%85.jpg?resize=1024%2C560&amp;ssl=1 1024w, https:\/\/i0.wp.com\/aiviouvapes.com\/wp-content\/uploads\/2025\/06\/%E6%A8%AA%E5%B9%85.jpg?resize=768%2C420&amp;ssl=1 768w, https:\/\/i0.wp.com\/aiviouvapes.com\/wp-content\/uploads\/2025\/06\/%E6%A8%AA%E5%B9%85.jpg?resize=18%2C10&amp;ssl=1 18w, https:\/\/i0.wp.com\/aiviouvapes.com\/wp-content\/uploads\/2025\/06\/%E6%A8%AA%E5%B9%85.jpg?resize=1320%2C722&amp;ssl=1 1320w, https:\/\/i0.wp.com\/aiviouvapes.com\/wp-content\/uploads\/2025\/06\/%E6%A8%AA%E5%B9%85.jpg?resize=800%2C437&amp;ssl=1 800w\" sizes=\"auto, (max-width: 1020px) 100vw, 1020px\" \/><br \/>\n<img data-recalc-dims=\"1\" loading=\"lazy\" decoding=\"async\" class=\"alignnone wp-image-40421 size-full\" src=\"https:\/\/i0.wp.com\/aiviouvapes.com\/wp-content\/uploads\/2025\/06\/%E5%8F%A3%E5%91%B3%E6%B5%B7%E6%8A%A5.jpg?resize=1020%2C815&#038;ssl=1\" alt=\",\" width=\"1020\" height=\"815\" title=\"\" srcset=\"https:\/\/i0.wp.com\/aiviouvapes.com\/wp-content\/uploads\/2025\/06\/%E5%8F%A3%E5%91%B3%E6%B5%B7%E6%8A%A5.jpg?w=1920&amp;ssl=1 1920w, https:\/\/i0.wp.com\/aiviouvapes.com\/wp-content\/uploads\/2025\/06\/%E5%8F%A3%E5%91%B3%E6%B5%B7%E6%8A%A5.jpg?resize=300%2C240&amp;ssl=1 300w, https:\/\/i0.wp.com\/aiviouvapes.com\/wp-content\/uploads\/2025\/06\/%E5%8F%A3%E5%91%B3%E6%B5%B7%E6%8A%A5.jpg?resize=1024%2C819&amp;ssl=1 1024w, https:\/\/i0.wp.com\/aiviouvapes.com\/wp-content\/uploads\/2025\/06\/%E5%8F%A3%E5%91%B3%E6%B5%B7%E6%8A%A5.jpg?resize=768%2C614&amp;ssl=1 768w, https:\/\/i0.wp.com\/aiviouvapes.com\/wp-content\/uploads\/2025\/06\/%E5%8F%A3%E5%91%B3%E6%B5%B7%E6%8A%A5.jpg?resize=1536%2C1228&amp;ssl=1 1536w, https:\/\/i0.wp.com\/aiviouvapes.com\/wp-content\/uploads\/2025\/06\/%E5%8F%A3%E5%91%B3%E6%B5%B7%E6%8A%A5.jpg?resize=15%2C12&amp;ssl=1 15w, https:\/\/i0.wp.com\/aiviouvapes.com\/wp-content\/uploads\/2025\/06\/%E5%8F%A3%E5%91%B3%E6%B5%B7%E6%8A%A5.jpg?resize=1320%2C1055&amp;ssl=1 1320w, https:\/\/i0.wp.com\/aiviouvapes.com\/wp-content\/uploads\/2025\/06\/%E5%8F%A3%E5%91%B3%E6%B5%B7%E6%8A%A5.jpg?resize=800%2C640&amp;ssl=1 800w\" sizes=\"auto, (max-width: 1020px) 100vw, 1020px\" \/><\/p>\n<h2>\ud83c\udfb5 Ap\u0161vieskite savo Vape \u017eaidim\u0105 - Uwin Randm Tornado Beat 35K<\/h2>\n<p>Pasiruo\u0161kite padidinti vibracijas su \"Uwin Randm Tornado Beat 35K\"! \u0160is didel\u0117s talpos vienkartinis garintuvas - tai ne tik d\u016b\u017eiai, bet ir visapusi\u0161ka poj\u016b\u010di\u0173 patirtis. Su <strong>su muzika sinchronizuoti LED \u017eibintai<\/strong>, dr\u0105s\u016bs skoni\u0173 deriniai ir individualus nikotino kiekis - jis sukurtas tiems, kurie m\u0117gsta veiksmingum\u0105 ir asmeni\u0161kum\u0105 kiekviename sm\u016bgyje.<\/p>\n<h3>Specifikacijos<\/h3>\n<table>\n<tbody>\n<tr>\n<th>Puff talpa<\/th>\n<td>Iki 35 000 \u012fkv\u0117pim\u0173<\/td>\n<\/tr>\n<tr>\n<th>E-skys\u010dio talpa<\/th>\n<td>Nenurodyta<\/td>\n<\/tr>\n<tr>\n<th>Akumuliatorius<\/th>\n<td>600 mAh (C tipo \u012fkraunama)<\/td>\n<\/tr>\n<tr>\n<th>Rit\u0117s tipas<\/th>\n<td>1,0\u03a9 tinklelio rit\u0117<\/td>\n<\/tr>\n<tr>\n<th>Nikotino parinktys<\/th>\n<td>0%, 2%, 3%, 5%<\/td>\n<\/tr>\n<tr>\n<th>Ekranas<\/th>\n<td>Muzikos sinchronizuojami LED \u017eibintai<\/td>\n<\/tr>\n<tr>\n<th>Dizainas<\/th>\n<td>Lengvas ir ne\u0161iojamas<\/td>\n<\/tr>\n<\/tbody>\n<\/table>\n<p><!-- Flavor Combos Table --><\/p>\n<h3>Skonio deriniai<\/h3>\n<table>\n<tbody>\n<tr>\n<th>Skonis<\/th>\n<th>Apra\u0161ymas<\/th>\n<\/tr>\n<tr>\n<td>M\u0117lyni\u0173 avie\u010di\u0173<\/td>\n<td>Saldus ir a\u0161trus uog\u0173 derinys<\/td>\n<\/tr>\n<tr>\n<td>Bra\u0161ki\u0173 arb\u016bzas<\/td>\n<td>Gaivus vasaros mi\u0161inys<\/td>\n<\/tr>\n<tr>\n<td>M\u0117lyn\u0117s ant ledo<\/td>\n<td>\u0160aunus klasikinio m\u0117gstamo patiekalo pos\u016bkis<\/td>\n<\/tr>\n<tr>\n<td>Arb\u016bz\u0173 ledas<\/td>\n<td>At\u0161aldytas sultingas arb\u016bzas<\/td>\n<\/tr>\n<tr>\n<td>Vasaros persik\u0173 ledas<\/td>\n<td>Persikin\u0117 v\u0117sa su vaisi\u0173 prieskoniu<\/td>\n<\/tr>\n<tr>\n<td>Vy\u0161ni\u0173 ledas<\/td>\n<td>\u0160aldyt\u0173 vy\u0161ni\u0173 malonumas<\/td>\n<\/tr>\n<tr>\n<td>Bra\u0161ki\u0173 avie\u010di\u0173 ir vy\u0161ni\u0173 ledai<\/td>\n<td>Trij\u0173 uog\u0173 sprogimas<\/td>\n<\/tr>\n<tr>\n<td>Kiviai Pasifloros vaisiai Gvajavos<\/td>\n<td>Atogr\u0105\u017e\u0173 vaisi\u0173 kokteilis<\/td>\n<\/tr>\n<tr>\n<td>Bra\u0161ki\u0173 ledai<\/td>\n<td>\u0160aldanti ir vaisin\u0117 klasika<\/td>\n<\/tr>\n<tr>\n<td>Cherry Cola<\/td>\n<td>Saldi sodos kibirk\u0161tis<\/td>\n<\/tr>\n<tr>\n<td>Mi\u0161rios uogos<\/td>\n<td>Uog\u0173 mi\u0161inys vis\u0105 dien\u0105 trunkan\u010diam garinimui<\/td>\n<\/tr>\n<tr>\n<td>M\u0117lynasis ponas<\/td>\n<td>Paslaptingas \u0161alto ir saldaus mi\u0161inys<\/td>\n<\/tr>\n<\/tbody>\n<\/table>\n<p><!-- Selling Points --><\/p>\n<h3>Kod\u0117l verta rinktis \"Uwin Randm Tornado Beat 35\"?<\/h3>\n<ul>\n<li>\ud83d\udca8 Didel\u0117 35 000 p\u016bkeli\u0173 talpa - ma\u017eiau pildym\u0173, daugiau seans\u0173<\/li>\n<li>\ud83d\udd0b Greitas C tipo \u012fkrovimas su 600 mAh baterija patogumui<\/li>\n<li>\ud83c\udfa7 \u012e muzik\u0105 reaguojantis LED ap\u0161vietimas - puikiai tinka naktinio gyvenimo ir nuotaikos ie\u0161kantiems \u017emon\u0117ms<\/li>\n<li>\ud83e\uddc3 Galima rinktis i\u0161 12 dr\u0105si\u0173 skoni\u0173, tinkan\u010di\u0173 kiekvienam skoniui<\/li>\n<li>\ud83d\udc8e Tinklelio formos rit\u0117 u\u017etikrina sklandesnius sm\u016bgius ir sodr\u0173 skon\u012f<\/li>\n<li>\ud83d\udecd\ufe0f Idealiai tinka ma\u017emenin\u0117s prekybos ekspozicijoms, impulsyviems pirkiniams ir didel\u0117s mar\u017eos didmeninei prekybai.<\/li>\n<li>\ud83c\udf0d 0-5% nikotino parinktys tinka kiekvienam klient\u0173 segmentui<\/li>\n<\/ul>\n<p>\"Uwin Randm Tornado Beat 35K\" yra daugiau nei vienkartinis garintuvas - tai patirtis, skirta tiek skonio ie\u0161kotojams, tiek atsitiktiniams d\u016bm\u0173 m\u0117g\u0117jams, tiek intensyviems naudotojams. Nesvarbu, ar pildote lentynas u\u017eimtoje vape parduotuv\u0117je, ar tiekiate didmeniniam platinimui, \u0161i kompakti\u0161ka j\u0117gain\u0117 atitinka visas reikiamas savybes ir patrauklum\u0105. U\u017edekite j\u012f, vapuokite ir paverskite savo parduotuv\u0119 skonio i\u0161tro\u0161kusi\u0173 klient\u0173 traukos ta\u0161ku.<\/p>","protected":false},"excerpt":{"rendered":"<p>\"Uwin Randm Tornado Beat 35k\" \u012f\u017eiebs j\u016bs\u0173 vapavimo seansus - 35000 \u012fpur\u0161kim\u0173, ry\u0161k\u016bs skoniai ir \u012f muzik\u0105 reaguojan\u010dios LED lemput\u0117s suteiks geriausi\u0105 vienkartinio vapavimo patirt\u012f.<\/p>","protected":false},"featured_media":39885,"comment_status":"open","ping_status":"closed","template":"","meta":[],"product_brand":[247],"product_cat":[224],"product_tag":[],"class_list":{"0":"post-39911","1":"product","2":"type-product","3":"status-publish","4":"has-post-thumbnail","6":"product_brand-uwin","7":"product_cat-uwin","9":"first","10":"instock","11":"shipping-taxable","12":"purchasable","13":"product-type-variable","14":"has-default-attributes"},"jetpack_sharing_enabled":true,"tiered_pricing_type":"fixed","tiered_pricing_fixed_rules":{"30":8.6199999999999992184029906638897955417633056640625,"50":6.67999999999999971578290569595992565155029296875,"100":6.03000000000000024868995751603506505489349365234375,"200":5.63999999999999968025576890795491635799407958984375,"400":5.19000000000000039079850466805510222911834716796875},"tiered_pricing_product_settings":{"layout":"default","base_unit_name":{"singular":null,"plural":null},"default_variation":null},"tiered_pricing_minimum_quantity":10,"tiered_pricing_roles_data":[],"tiered_pricing_percentage_rules":[],"tiered_pricing_maximum_quantity":null,"tiered_pricing_quantity_step":"10","_links":{"self":[{"href":"https:\/\/aiviouvapes.com\/lt\/wp-json\/wp\/v2\/product\/39911","targetHints":{"allow":["GET"]}}],"collection":[{"href":"https:\/\/aiviouvapes.com\/lt\/wp-json\/wp\/v2\/product"}],"about":[{"href":"https:\/\/aiviouvapes.com\/lt\/wp-json\/wp\/v2\/types\/product"}],"replies":[{"embeddable":true,"href":"https:\/\/aiviouvapes.com\/lt\/wp-json\/wp\/v2\/comments?post=39911"}],"wp:featuredmedia":[{"embeddable":true,"href":"https:\/\/aiviouvapes.com\/lt\/wp-json\/wp\/v2\/media\/39885"}],"wp:attachment":[{"href":"https:\/\/aiviouvapes.com\/lt\/wp-json\/wp\/v2\/media?parent=39911"}],"wp:term":[{"taxonomy":"product_brand","embeddable":true,"href":"https:\/\/aiviouvapes.com\/lt\/wp-json\/wp\/v2\/product_brand?post=39911"},{"taxonomy":"product_cat","embeddable":true,"href":"https:\/\/aiviouvapes.com\/lt\/wp-json\/wp\/v2\/product_cat?post=39911"},{"taxonomy":"product_tag","embeddable":true,"href":"https:\/\/aiviouvapes.com\/lt\/wp-json\/wp\/v2\/product_tag?post=39911"}],"curies":[{"name":"wp","href":"https:\/\/api.w.org\/{rel}","templated":true}]}}