{"id":3734,"date":"2024-08-20T07:20:36","date_gmt":"2024-08-19T23:20:36","guid":{"rendered":"https:\/\/aiviouvapes.com\/?post_type=product&#038;p=3734"},"modified":"2026-03-18T09:49:54","modified_gmt":"2026-03-18T01:49:54","slug":"bang-blaze-20000-puffs-0-2-3-5-low-nicotine-bulk-buy-rechargeable-disposable-vapes-pen-wholesale","status":"publish","type":"product","link":"https:\/\/aiviouvapes.com\/lt\/product\/bang-blaze-20000-puffs-0-2-3-5-low-nicotine-bulk-buy-rechargeable-disposable-vapes-pen-wholesale\/","title":{"rendered":"Bang Blaze 20000 Puffs | 0%-5% nikotinas, 25 ml, didmenin\u0117 vienkartin\u0117 talpykla"},"content":{"rendered":"<h2>Bang Blaze 20000 p\u016btim\u0173 | 0% 2% 3% 5% nikotinas, 25 ml e-skystis, tinklelio rit\u0117, C tipo \u012fkraunamas, masinis pirkimas vienkartini\u0173 vape didmenin\u0117 prekyba<\/h2>\n<h3>Bang \"Blaze 20000 Puffs\" ap\u017evalga ir funkcijos<\/h3>\n<p>\"Bang Blaze 20000 Puffs\" yra skirtas ilgesniam ir maloniam garinimui, si\u016blo iki 20 000 \u012fpur\u0161kim\u0173 ir didel\u0119 25 ml e. skys\u010dio talp\u0105, kad b\u016bt\u0173 galima minimaliai papildyti. \u0160\u012f prietais\u0105 maitina tvirta 850 mAh baterija, u\u017etikrinanti nuolatin\u012f veikim\u0105 ir greit\u0105 \u012fkrovim\u0105 per C tipo prievad\u0105. 1\u03a9 tinklelio rit\u0117 u\u017etikrina skland\u0173, aromating\u0105 garavim\u0105 su kiekvienu \u012fp\u016btimu, o reguliuojamas nikotino stiprumas nuo 0% iki 5% leid\u017eia naudotojams pritaikyti savo patirt\u012f.<\/p>\n<ul>\n<li><strong>Iki 20 000 i\u0161trauk\u0173<\/strong>: Ilgai trunkantis malonumas ir didelis d\u016bm\u0173 kiekis.<\/li>\n<li><strong>25ml E-skys\u010dio talpa<\/strong>: Suma\u017eina pildymo da\u017enum\u0105, jei naudojate nepertraukiamai.<\/li>\n<li><strong>850 mAh baterija<\/strong>: U\u017etikrinkite patikim\u0105 maitinim\u0105 ir greit\u0105 C tipo \u012fkrovim\u0105.<\/li>\n<li><strong>Nikotino parinktys<\/strong>: Galima \u012fsigyti 0%, 2%, 3% ir 5% form\u0173, kad b\u016bt\u0173 galima pritaikyti pageidavimus.<\/li>\n<li><strong>Tinklelio rit\u0117<\/strong>: Pagerina skon\u012f ir u\u017etikrina pastov\u0173 gar\u0173 susidarym\u0105.<\/li>\n<\/ul>\n<h3>Bang Blaze 20000 puffs\u0173 skoni\u0173 sand\u0117lyje:<\/h3>\n<p>arb\u016bzas, bra\u0161kinis arb\u016bzas, m\u0117lyni\u0173 ledas, m\u0117lyni\u0173 aviet\u0117, bra\u0161ki\u0173 ledas, bra\u0161ki\u0173 kivis, mang\u0173 persik\u0173 arb\u016bzas, kivi\u0173 pasiflora, granat\u0173 vaisius, persik\u0173 ledas, mi\u0161rios uogos, m\u0117lyni\u0173 vynuog\u0117s, arb\u016bz\u0173 kramtomoji guma.<\/p>\n<h3>Kod\u0117l verta rinktis Bang \"Blaze 20000 Puffs\"?<\/h3>\n<p>\"Bang Blaze 20000 Puffs\" suderina didel\u0119 talp\u0105, viliojan\u010di\u0173 skoni\u0173 asortiment\u0105 ir pa\u017eangias funkcijas, tokias kaip 1\u03a9 tinklelio spiral\u0117 ir C tipo \u012fkrovimas, tod\u0117l yra geriausias pasirinkimas tiems, kurie pirmenyb\u0119 teikia kokybei ir patogumui. Eleganti\u0161kas, ne\u0161iojamas dizainas ir \u012fkraunamas formatas idealiai tinka naudoti keliaujant, nes nereikia jokios prie\u017ei\u016bros. \u0160\u012f prietais\u0105 galima \u012fsigyti didmenin\u0117je prekyboje, tod\u0117l jis yra puikus pasirinkimas ma\u017emenininkams, siekiantiems pasi\u016blyti didel\u0117s talpos ir didelio na\u0161umo garintuv\u0105. \"Bang Blaze 20000 Puffs\" suteikia puiki\u0105, pasitenkinim\u0105 teikian\u010di\u0105 garinimo patirt\u012f, kuri patiks ir naujiems, ir patyrusiems naudotojams.<\/p>\n<p><a href=\"https:\/\/i0.wp.com\/aiviouvapes.com\/wp-content\/uploads\/2024\/08\/5c0bfaba420fd12a165964d0af67520.jpg?ssl=1\"><img data-recalc-dims=\"1\" loading=\"lazy\" decoding=\"async\" class=\"alignnone size-full wp-image-7713\" title=\"&quot;Bang Blaze 20000 Puffs 0%-2%-3%-5% Nikotino \u012fkraunamas didmeninis vienkartinis Vape\" src=\"https:\/\/i0.wp.com\/aiviouvapes.com\/wp-content\/uploads\/2024\/08\/5c0bfaba420fd12a165964d0af67520.jpg?resize=1020%2C1822&#038;ssl=1\" alt=\"&quot;Bang Blaze 20000 Puffs 0%-2%-3%-5% Nikotino \u012fkraunamas didmeninis vienkartinis Vape\" width=\"1020\" height=\"1822\" srcset=\"https:\/\/i0.wp.com\/aiviouvapes.com\/wp-content\/uploads\/2024\/08\/5c0bfaba420fd12a165964d0af67520.jpg?w=1075&amp;ssl=1 1075w, https:\/\/i0.wp.com\/aiviouvapes.com\/wp-content\/uploads\/2024\/08\/5c0bfaba420fd12a165964d0af67520.jpg?resize=168%2C300&amp;ssl=1 168w, https:\/\/i0.wp.com\/aiviouvapes.com\/wp-content\/uploads\/2024\/08\/5c0bfaba420fd12a165964d0af67520.jpg?resize=573%2C1024&amp;ssl=1 573w, https:\/\/i0.wp.com\/aiviouvapes.com\/wp-content\/uploads\/2024\/08\/5c0bfaba420fd12a165964d0af67520.jpg?resize=768%2C1372&amp;ssl=1 768w, https:\/\/i0.wp.com\/aiviouvapes.com\/wp-content\/uploads\/2024\/08\/5c0bfaba420fd12a165964d0af67520.jpg?resize=860%2C1536&amp;ssl=1 860w, https:\/\/i0.wp.com\/aiviouvapes.com\/wp-content\/uploads\/2024\/08\/5c0bfaba420fd12a165964d0af67520.jpg?resize=7%2C12&amp;ssl=1 7w, https:\/\/i0.wp.com\/aiviouvapes.com\/wp-content\/uploads\/2024\/08\/5c0bfaba420fd12a165964d0af67520.jpg?resize=800%2C1429&amp;ssl=1 800w\" sizes=\"auto, (max-width: 1020px) 100vw, 1020px\" \/><\/a><\/p>\n<h3>Kod\u0117l verta rinktis \u201eAiviouVapes\u201c.<\/h3>\n<p>Sveiki atvyk\u0119 \u012f <a href=\"https:\/\/aiviouvapes.com\/lt\/\">AiviouVapes<\/a> - j\u016bs\u0173 patikimas auk\u0161\u010diausios kokyb\u0117s, prieinam\u0173 kain\u0173 \u0161altinis <a href=\"https:\/\/aiviouvapes.com\/lt\/shop\/\">didmenin\u0117 vienkartini\u0173 vapes<\/a> tikrai ma\u017eomis kainomis. Daugiau nei penkerius metus sukaup\u0119 patirties vape pramon\u0117s srityje, mes did\u017eiuojam\u0117s gal\u0117dami pasi\u016blyti rankomis atrinkt\u0173 pirmaujan\u010di\u0173 preki\u0173 \u017eenkl\u0173 pasirinkim\u0105, \u012fskaitant <a href=\"https:\/\/aiviouvapes.com\/lt\/produkto-kategorija\/waspe\/\">WASPE<\/a>, <a href=\"https:\/\/aiviouvapes.com\/lt\/produkto-kategorija\/bang\/\">\"Bang Vape<\/a>, <a href=\"https:\/\/aiviouvapes.com\/lt\/produkto-kategorija\/vapme-vapes\/\">Vapme<\/a>, ir <a href=\"https:\/\/aiviouvapes.com\/lt\/produkto-kategorija\/mrvi\/\">MRVI<\/a>.<\/p>\n<p>Nuo didelio na\u0161umo prietais\u0173, pvz. <a href=\"https:\/\/aiviouvapes.com\/lt\/produktas\/waspe-4-in-1-100000-puffs\/\">WASPE 100K 4-in-1 skonio<\/a> \u012f dr\u0105siai m\u0117gstamus, pvz. <a href=\"https:\/\/aiviouvapes.com\/lt\/produktas\/bang-king-triple-flavors-85000\/\">Bang 85 000 Trigubas puodas<\/a>, ir net \u012fdomus <a class=\"woocommerce-LoopProduct-link woocommerce-loop-product__link\" href=\"https:\/\/aiviouvapes.com\/lt\/produktas\/mystery-vape-blind-box\/\">Paslaptis Vienkartin\u0117 Vape d\u0117\u017eut\u0117<\/a>kiekvienas gaminys pasirenkamas d\u0117l auk\u0161\u010diausios kokyb\u0117s ir neprilygstamos vert\u0117s. \"AiviouVapes\" gal\u0117site m\u0117gautis puikiu aptarnavimu, didmenin\u0117mis nuolaidomis ir kolekcija, sukurta taip, kad atitikt\u0173 j\u016bs\u0173 garinimo poreikius.<\/p>\n<div class=\"row row-large row-full-width align-middle\"  id=\"row-307082402\">\n\n\n\t<div id=\"col-1433071739\" class=\"col medium-3 small-6 large-3\"  >\n\t\t\t\t<div class=\"col-inner text-center\"  >\n\t\t\t\n\t\t\t\n\n\n\t\t<div class=\"icon-box featured-box icon-box-top text-left\"  >\n\t\t\t\t\t<div class=\"icon-box-img\" style=\"width: 90px\">\n\t\t\t\t<div class=\"icon\">\n\t\t\t\t\t<div class=\"icon-inner\" >\n\t\t\t\t\t\t<img loading=\"lazy\" decoding=\"async\" width=\"200\" height=\"200\" src=\"https:\/\/i0.wp.com\/aiviouvapes.com\/wp-content\/uploads\/2024\/08\/vape-1-1.png?fit=200%2C200&amp;ssl=1\" class=\"attachment-medium size-medium\" alt=\"Kod\u0117l verta rinktis AIVIOUVAPES\" srcset=\"https:\/\/i0.wp.com\/aiviouvapes.com\/wp-content\/uploads\/2024\/08\/vape-1-1.png?w=200&amp;ssl=1 200w, https:\/\/i0.wp.com\/aiviouvapes.com\/wp-content\/uploads\/2024\/08\/vape-1-1.png?resize=150%2C150&amp;ssl=1 150w, https:\/\/i0.wp.com\/aiviouvapes.com\/wp-content\/uploads\/2024\/08\/vape-1-1.png?resize=12%2C12&amp;ssl=1 12w, https:\/\/i0.wp.com\/aiviouvapes.com\/wp-content\/uploads\/2024\/08\/vape-1-1.png?resize=100%2C100&amp;ssl=1 100w\" sizes=\"auto, (max-width: 200px) 100vw, 200px\" title=\"\">\t\t\t\t\t<\/div>\n\t\t\t\t<\/div>\n\t\t\t<\/div>\n\t\t\t\t<div class=\"icon-box-text last-reset\">\n\t\t\t\t\t\t\t\t\t\n\n\t<div id=\"text-788779455\" class=\"text\">\n\t\t\n\n<h3 style=\"text-align: center;\">Didel\u0117 Vape \u012fvairov\u0117<\/h3>\n<p style=\"text-align: center;\">Atraskite m\u016bs\u0173 plat\u0173 gamini\u0173 asortiment\u0105, sukurt\u0105 pagal kiekvien\u0105 pageidavim\u0105.<\/p>\n\t\t\n<style>\n#text-788779455 {\n  font-size: 0.9rem;\n}\n<\/style>\n\t<\/div>\n\t\n\n\t\t<\/div>\n\t<\/div>\n\t\n\t\n\n\t\t<\/div>\n\t\t\t\t\t<\/div>\n\n\t\n\n\t<div id=\"col-584718124\" class=\"col medium-3 small-6 large-3\"  >\n\t\t\t\t<div class=\"col-inner text-center\"  >\n\t\t\t\n\t\t\t\n\n\n\t\t<div class=\"icon-box featured-box icon-box-top text-left\"  >\n\t\t\t\t\t<div class=\"icon-box-img\" style=\"width: 90px\">\n\t\t\t\t<div class=\"icon\">\n\t\t\t\t\t<div class=\"icon-inner\" >\n\t\t\t\t\t\t<img loading=\"lazy\" decoding=\"async\" width=\"200\" height=\"200\" src=\"https:\/\/i0.wp.com\/aiviouvapes.com\/wp-content\/uploads\/2024\/08\/save-money-1-1-1.png?fit=200%2C200&amp;ssl=1\" class=\"attachment-medium size-medium\" alt=\"Kod\u0117l verta rinktis AIVIOUVAPES\" srcset=\"https:\/\/i0.wp.com\/aiviouvapes.com\/wp-content\/uploads\/2024\/08\/save-money-1-1-1.png?w=200&amp;ssl=1 200w, https:\/\/i0.wp.com\/aiviouvapes.com\/wp-content\/uploads\/2024\/08\/save-money-1-1-1.png?resize=150%2C150&amp;ssl=1 150w, https:\/\/i0.wp.com\/aiviouvapes.com\/wp-content\/uploads\/2024\/08\/save-money-1-1-1.png?resize=12%2C12&amp;ssl=1 12w, https:\/\/i0.wp.com\/aiviouvapes.com\/wp-content\/uploads\/2024\/08\/save-money-1-1-1.png?resize=100%2C100&amp;ssl=1 100w\" sizes=\"auto, (max-width: 200px) 100vw, 200px\" title=\"\">\t\t\t\t\t<\/div>\n\t\t\t\t<\/div>\n\t\t\t<\/div>\n\t\t\t\t<div class=\"icon-box-text last-reset\">\n\t\t\t\t\t\t\t\t\t\n\n\t<div id=\"text-1372812212\" class=\"text\">\n\t\t\n\n<h3 style=\"text-align: center;\">Neprilygstama vert\u0117<\/h3>\n<p style=\"text-align: center;\">M\u0117gaukit\u0117s auk\u0161\u010diausios kokyb\u0117s produktais u\u017e j\u016bs\u0173 biud\u017eet\u0105 atitinkan\u010dias kainas.<\/p>\n\t\t\n<style>\n#text-1372812212 {\n  font-size: 0.9rem;\n}\n<\/style>\n\t<\/div>\n\t\n\n\t\t<\/div>\n\t<\/div>\n\t\n\t\n\n\t\t<\/div>\n\t\t\t\t\t<\/div>\n\n\t\n\n\t<div id=\"col-467639012\" class=\"col medium-3 small-6 large-3\"  >\n\t\t\t\t<div class=\"col-inner text-center\"  >\n\t\t\t\n\t\t\t\n\n\n\t\t<div class=\"icon-box featured-box icon-box-top text-left\"  >\n\t\t\t\t\t<div class=\"icon-box-img\" style=\"width: 90px\">\n\t\t\t\t<div class=\"icon\">\n\t\t\t\t\t<div class=\"icon-inner\" >\n\t\t\t\t\t\t<img loading=\"lazy\" decoding=\"async\" width=\"200\" height=\"200\" src=\"https:\/\/i0.wp.com\/aiviouvapes.com\/wp-content\/uploads\/2024\/08\/delivery-truck-1-1.png?fit=200%2C200&amp;ssl=1\" class=\"attachment-medium size-medium\" alt=\"Kod\u0117l verta rinktis AIVIOUVAPES\" srcset=\"https:\/\/i0.wp.com\/aiviouvapes.com\/wp-content\/uploads\/2024\/08\/delivery-truck-1-1.png?w=200&amp;ssl=1 200w, https:\/\/i0.wp.com\/aiviouvapes.com\/wp-content\/uploads\/2024\/08\/delivery-truck-1-1.png?resize=150%2C150&amp;ssl=1 150w, https:\/\/i0.wp.com\/aiviouvapes.com\/wp-content\/uploads\/2024\/08\/delivery-truck-1-1.png?resize=12%2C12&amp;ssl=1 12w, https:\/\/i0.wp.com\/aiviouvapes.com\/wp-content\/uploads\/2024\/08\/delivery-truck-1-1.png?resize=100%2C100&amp;ssl=1 100w\" sizes=\"auto, (max-width: 200px) 100vw, 200px\" title=\"\">\t\t\t\t\t<\/div>\n\t\t\t\t<\/div>\n\t\t\t<\/div>\n\t\t\t\t<div class=\"icon-box-text last-reset\">\n\t\t\t\t\t\t\t\t\t\n\n\t<div id=\"text-1835967891\" class=\"text\">\n\t\t\n\n<h3 style=\"text-align: center;\">\u201eSwift\u201c pasaulinis pristatymas<\/h3>\n<p style=\"text-align: center;\">Mes pristatome visame pasaulyje su garantuotu muitin\u0117s formalum\u0173 atlikimu, kad patirtis b\u016bt\u0173 sklandi.<\/p>\n\t\t\n<style>\n#text-1835967891 {\n  font-size: 0.9rem;\n}\n<\/style>\n\t<\/div>\n\t\n\n\t\t<\/div>\n\t<\/div>\n\t\n\t\n\n\t\t<\/div>\n\t\t\t\t\t<\/div>\n\n\t\n\n\t<div id=\"col-509995654\" class=\"col medium-3 small-6 large-3\"  >\n\t\t\t\t<div class=\"col-inner text-center\"  >\n\t\t\t\n\t\t\t\n\n\n\t\t<div class=\"icon-box featured-box icon-box-top text-left\"  >\n\t\t\t\t\t<div class=\"icon-box-img\" style=\"width: 90px\">\n\t\t\t\t<div class=\"icon\">\n\t\t\t\t\t<div class=\"icon-inner\" >\n\t\t\t\t\t\t<img loading=\"lazy\" decoding=\"async\" width=\"200\" height=\"200\" src=\"https:\/\/i0.wp.com\/aiviouvapes.com\/wp-content\/uploads\/2024\/08\/support-1-1.png?fit=200%2C200&amp;ssl=1\" class=\"attachment-medium size-medium\" alt=\"Kod\u0117l verta rinktis AIVIOUVAPES\" srcset=\"https:\/\/i0.wp.com\/aiviouvapes.com\/wp-content\/uploads\/2024\/08\/support-1-1.png?w=200&amp;ssl=1 200w, https:\/\/i0.wp.com\/aiviouvapes.com\/wp-content\/uploads\/2024\/08\/support-1-1.png?resize=150%2C150&amp;ssl=1 150w, https:\/\/i0.wp.com\/aiviouvapes.com\/wp-content\/uploads\/2024\/08\/support-1-1.png?resize=12%2C12&amp;ssl=1 12w, https:\/\/i0.wp.com\/aiviouvapes.com\/wp-content\/uploads\/2024\/08\/support-1-1.png?resize=100%2C100&amp;ssl=1 100w\" sizes=\"auto, (max-width: 200px) 100vw, 200px\" title=\"\">\t\t\t\t\t<\/div>\n\t\t\t\t<\/div>\n\t\t\t<\/div>\n\t\t\t\t<div class=\"icon-box-text last-reset\">\n\t\t\t\t\t\t\t\t\t\n\n\t<div id=\"text-3647338490\" class=\"text\">\n\t\t\n\n<h3 style=\"text-align: center;\">Pagalba vis\u0105 par\u0105<\/h3>\n<p style=\"text-align: center;\">Susisiekite su m\u016bs\u0173 palaikymo komanda bet kuriuo metu, 24 valandas per par\u0105, per savait\u0119 per WhatsApp arba el.<\/p>\n\t\t\n<style>\n#text-3647338490 {\n  font-size: 0.9rem;\n}\n<\/style>\n\t<\/div>\n\t\n\n\t\t<\/div>\n\t<\/div>\n\t\n\t\n\n\t\t<\/div>\n\t\t\t\t\t<\/div>\n\n\t\n\n<\/div>\n<div class=\"row row-full-width align-middle\"  id=\"row-1002857782\">\n\n\n\t<div id=\"col-569267840\" class=\"col medium-6 small-12 large-6\"  >\n\t\t\t\t<div class=\"col-inner\"  >\n\t\t\t\n\t\t\t\n\n\t<div class=\"img has-hover x md-x lg-x y md-y lg-y\" id=\"image_1345842190\">\n\t\t\t\t\t\t\t\t<div class=\"img-inner dark\" >\n\t\t\t<img loading=\"lazy\" decoding=\"async\" width=\"930\" height=\"1024\" src=\"https:\/\/i0.wp.com\/aiviouvapes.com\/wp-content\/uploads\/2024\/08\/%E6%8B%BC%E5%9B%BE.jpg?fit=930%2C1024&amp;ssl=1\" class=\"attachment-large size-large\" alt=\"Kod\u0117l verta rinktis AIVIOUVAPES\" title=\"\">\t\t\t\t\t\t\n\t\t\t\t\t<\/div>\n\t\t\t\t\t\t\t\t\n<style>\n#image_1345842190 {\n  width: 100%;\n}\n<\/style>\n\t<\/div>\n\t\n\n\n\t\t<\/div>\n\t\t\t\t\t<\/div>\n\n\t\n\n\t<div id=\"col-1217670770\" class=\"col medium-6 small-12 large-6\"  >\n\t\t\t\t<div class=\"col-inner\"  >\n\t\t\t\n\t\t\t\n\n<div class=\"container section-title-container\" ><h4 class=\"section-title section-title-normal\"><b aria-hidden=\"true\"><\/b><span class=\"section-title-main\" style=\"font-size:91%;\">M\u016bs\u0173 privalumai<\/span><b aria-hidden=\"true\"><\/b><\/h4><\/div>\n\n<div class=\"accordion\">\n\n\t<div id=\"accordion-928834121\" class=\"accordion-item\">\n\t\t<a id=\"accordion-928834121-label\" class=\"accordion-title plain\" href=\"#accordion-item-commitment-to-quality\" aria-expanded=\"false\" aria-controls=\"accordion-928834121-content\">\n\t\t\t<button class=\"toggle\" aria-label=\"Perjungti\"><i class=\"icon-angle-down\" aria-hidden=\"true\"><\/i><\/button>\n\t\t\t<span>\u012esipareigojimas siekti kokyb\u0117s<\/span>\n\t\t<\/a>\n\t\t<div id=\"accordion-928834121-content\" class=\"accordion-inner\" aria-labelledby=\"accordion-928834121-label\">\n\t\t\t\n\n<p>Ties <a href=\"https:\/\/aiviouvapes.com\/lt\/\">AiviouVape<\/a>, kokyb\u0117 lemia visk\u0105, k\u0105 darome. M\u016bs\u0173 vienkartiniai garintuvai yra kruop\u0161\u010diai pagaminti ir grie\u017etai i\u0161bandyti, kad atitikt\u0173 auk\u0161\u010diausius standartus, tod\u0117l kiekvien\u0105 kart\u0105 u\u017etikrinamas sklandus ir patikimas garinimas. Atsi\u017evelgdami \u012f m\u016bs\u0173 \u012fsipareigojimus, kad neb\u016bt\u0173 joki\u0173 defekt\u0173 ir skund\u0173, galite pasitik\u0117ti, kad gaunate geriausi\u0105.<\/p>\n\n\t\t<\/div>\n\t<\/div>\n\t\n\t<div id=\"accordion-4058676462\" class=\"accordion-item\">\n\t\t<a id=\"accordion-4058676462-label\" class=\"accordion-title plain\" href=\"#accordion-item-diverse-range-of-products\" aria-expanded=\"false\" aria-controls=\"accordion-4058676462-content\">\n\t\t\t<button class=\"toggle\" aria-label=\"Perjungti\"><i class=\"icon-angle-down\" aria-hidden=\"true\"><\/i><\/button>\n\t\t\t<span>\u012evairi\u0173 produkt\u0173 asortimentas<\/span>\n\t\t<\/a>\n\t\t<div id=\"accordion-4058676462-content\" class=\"accordion-inner\" aria-labelledby=\"accordion-4058676462-label\">\n\t\t\t\n\n<p>Did\u017eiuojam\u0117s gal\u0117dami pasi\u016blyti plat\u0173 auk\u0161\u010diausios kokyb\u0117s vienkartini\u0173 garintuv\u0173 asortiment\u0105, atitinkant\u012f visus pageidavimus. M\u016bs\u0173 asortimente yra patikim\u0173 prek\u0117s \u017eenkl\u0173, toki\u0173 kaip \"Waspe\", \"Vapme\", \"RandM Tornado\", Bang Box, \"ELF Box\" ir \"Bang King\" - nuo naujausi\u0173 inovacij\u0173 iki seniai gerb\u0117j\u0173 pam\u0117gt\u0173. Nesvarbu, ar ie\u0161kote dr\u0105si\u0173 \"Vapme\" aromat\u0173, ar eleganti\u0161ko \"RandM Tornado\" dizaino, m\u016bs\u0173 kolekcija sukurta taip, kad pad\u0117t\u0173 atrasti tobul\u0105 garintuv\u0105, atitinkant\u012f j\u016bs\u0173 skon\u012f ir gyvenimo b\u016bd\u0105.<\/p>\n\n\n\t\t<\/div>\n\t<\/div>\n\t\n\t<div id=\"accordion-130566988\" class=\"accordion-item\">\n\t\t<a id=\"accordion-130566988-label\" class=\"accordion-title plain\" href=\"#accordion-item-wholesale-and-retail-solutions\" aria-expanded=\"false\" aria-controls=\"accordion-130566988-content\">\n\t\t\t<button class=\"toggle\" aria-label=\"Perjungti\"><i class=\"icon-angle-down\" aria-hidden=\"true\"><\/i><\/button>\n\t\t\t<span>Didmenin\u0117s ir ma\u017emenin\u0117s prekybos sprendimai<\/span>\n\t\t<\/a>\n\t\t<div id=\"accordion-130566988-content\" class=\"accordion-inner\" aria-labelledby=\"accordion-130566988-label\">\n\t\t\t\n\n<p>AiviouVape patenkina tiek ma\u017emenini\u0173, tiek didmenini\u0173 klient\u0173 poreikius, kiekvien\u0105 kart\u0105 tiekdama i\u0161skirtinius produktus ir paslaugas. Jei pas mus esate naujokas, rekomenduojame prad\u0117ti nuo ma\u017eos partijos, kad patys patirtum\u0117te m\u016bs\u0173 kokyb\u0119. D\u0117l konkurencing\u0173 kain\u0173 ir auk\u0161\u010diausios kokyb\u0117s standart\u0173 esame patikimas pasirinkimas vienkartini\u0173 gar\u0173 pramon\u0117je.\u00a0<\/p>\n\n\t\t<\/div>\n\t<\/div>\n\t\n\t<div id=\"accordion-3559496523\" class=\"accordion-item\">\n\t\t<a id=\"accordion-3559496523-label\" class=\"accordion-title plain\" href=\"#accordion-item-continuous-improvement\" aria-expanded=\"false\" aria-controls=\"accordion-3559496523-content\">\n\t\t\t<button class=\"toggle\" aria-label=\"Perjungti\"><i class=\"icon-angle-down\" aria-hidden=\"true\"><\/i><\/button>\n\t\t\t<span>Nuolatinis tobul\u0117jimas<\/span>\n\t\t<\/a>\n\t\t<div id=\"accordion-3559496523-content\" class=\"accordion-inner\" aria-labelledby=\"accordion-3559496523-label\">\n\t\t\t\n\n<p>\u201eAiviouVape\u201c i\u0161skiria m\u016bs\u0173 atsidavim\u0105 i\u0161skirtiniam klient\u0173 aptarnavimui. Nesvarbu, ar jums reikia patarimo prie\u0161 perkant, ar pagalbos atliekant u\u017esakym\u0105, m\u016bs\u0173 komanda visada pasiekiama per WhatsApp arba el. Stengiam\u0117s u\u017emegzti ilgalaikius santykius su savo klientais, u\u017etikrindami J\u016bs\u0173 pasitenkinim\u0105 kiekviename \u017eingsnyje.<\/p>\n\n\t\t<\/div>\n\t<\/div>\n\t\n\t<div id=\"accordion-1667753826\" class=\"accordion-item\">\n\t\t<a id=\"accordion-1667753826-label\" class=\"accordion-title plain\" href=\"#accordion-item-quality-assurance\" aria-expanded=\"false\" aria-controls=\"accordion-1667753826-content\">\n\t\t\t<button class=\"toggle\" aria-label=\"Perjungti\"><i class=\"icon-angle-down\" aria-hidden=\"true\"><\/i><\/button>\n\t\t\t<span>Kokyb\u0117s u\u017etikrinimas<\/span>\n\t\t<\/a>\n\t\t<div id=\"accordion-1667753826-content\" class=\"accordion-inner\" aria-labelledby=\"accordion-1667753826-label\">\n\t\t\t\n\n<p>Kiekviename etape \u2013 produkto k\u016brimo, gamybos, rinkodaros ir platinimo \u2013 m\u016bs\u0173 \u012fsipareigojimas kokybei nesikei\u010dia. M\u016bs\u0173 vienkartiniai garai yra kruop\u0161\u010diai tikrinami, siekiant u\u017etikrinti, kad jie netoksi\u0161ki, gryni ir i\u0161skirtinio skonio. \u0160is atsidavimas meistri\u0161kumui sudaro m\u016bs\u0173 verslo kult\u016bros stubur\u0105.<\/p>\n\n\t\t<\/div>\n\t<\/div>\n\t\n\t<div id=\"accordion-3839699519\" class=\"accordion-item\">\n\t\t<a id=\"accordion-3839699519-label\" class=\"accordion-title plain\" href=\"#accordion-item-efficient-logistics-and-delivery\" aria-expanded=\"false\" aria-controls=\"accordion-3839699519-content\">\n\t\t\t<button class=\"toggle\" aria-label=\"Perjungti\"><i class=\"icon-angle-down\" aria-hidden=\"true\"><\/i><\/button>\n\t\t\t<span>Efektyvi logistika ir pristatymas<\/span>\n\t\t<\/a>\n\t\t<div id=\"accordion-3839699519-content\" class=\"accordion-inner\" aria-labelledby=\"accordion-3839699519-label\">\n\t\t\t\n\n<p>\u201eAiviouVape\u201c teikia efektyvi\u0105 logistik\u0105 ir pristatym\u0105, \u012fskaitant DDP (Delivered Duty Paid) paslaugas, u\u017etikrinan\u010dias skland\u0173 muitin\u0117s formalumus be joki\u0173 mokes\u010di\u0173 ar mokes\u010di\u0173. Su greitu pristatymu ir i\u0161skirtiniu klient\u0173 aptarnavimu si\u016blome skland\u017ei\u0105 ir patikim\u0105 patirt\u012f, tod\u0117l esame patikimi pramon\u0117s partneriai.<\/p>\n\n\t\t<\/div>\n\t<\/div>\n\t\n\t<div id=\"accordion-785028488\" class=\"accordion-item\">\n\t\t<a id=\"accordion-785028488-label\" class=\"accordion-title plain\" href=\"#accordion-item-odm-and-oem-services\" aria-expanded=\"false\" aria-controls=\"accordion-785028488-content\">\n\t\t\t<button class=\"toggle\" aria-label=\"Perjungti\"><i class=\"icon-angle-down\" aria-hidden=\"true\"><\/i><\/button>\n\t\t\t<span>ODM ir OEM paslaugos<\/span>\n\t\t<\/a>\n\t\t<div id=\"accordion-785028488-content\" class=\"accordion-inner\" aria-labelledby=\"accordion-785028488-label\">\n\t\t\t\n\n<p>\u201eAiviouVapes\u201c si\u016blo visas ODM (Original Design Manufacturing) ir OEM (Original Equipment Manufacturing) paslaugas. Tur\u0117dami dvi dideles patalpas, padedame klientams kurti unikalius gaminius ir ak\u012f traukian\u010dius logotipus pakavimui. Taip pat teikiame nemokamas pakuot\u0117s dizaino gaires ir padedame klientams, kurie patys pakuoja savo gaminius, u\u017etikrindami, kad j\u0173 prek\u0117s \u017eenklas spind\u0117t\u0173 rinkoje.<\/p>\n\n\t\t<\/div>\n\t<\/div>\n\t\n\n<\/div>\n\n\t\t<\/div>\n\t\t\t\t\t<\/div>\n\n\t\n\n<\/div>","protected":false},"excerpt":{"rendered":"<p>Bang \"Blaze 20000 Puffs\" si\u016blo iki 20 000 \u012fpur\u0161kim\u0173, 25 ml e. skys\u010dio talpa ir 850 mAh \u012fkraunama baterija u\u017etikrina ilgalaik\u012f ir nuosekl\u0173 garinim\u0105. Su 1\u03a9 tinklelio spirale ir reguliuojamu nikotino kiekiu jis u\u017etikrina skland\u0173, aromating\u0105 garavim\u0105. Puikiai tinka didmeninei prekybai.<\/p>","protected":false},"featured_media":3742,"comment_status":"open","ping_status":"closed","template":"","meta":[],"product_brand":[239],"product_cat":[37,129,90,117,76,134,135,133,136,137,146,138,139,140,141,142,143,144,145,132,82],"product_tag":[],"class_list":{"0":"post-3734","1":"product","2":"type-product","3":"status-publish","4":"has-post-thumbnail","6":"product_brand-bang","7":"product_cat-bang","8":"product_cat-20000-puffs-disposable-vape","9":"product_cat-big-puffs-vapes","10":"product_cat-different-puffs-of-diposable-vapes","11":"product_cat-disposable-vape-types","12":"product_cat-disposable-vapes-in-austria","13":"product_cat-disposable-vapes-in-belgium","14":"product_cat-disposable-vapes-in-europe","15":"product_cat-disposable-vapes-in-france","16":"product_cat-disposable-vapes-in-germany","17":"product_cat-disposable-vapes-in-hungary","18":"product_cat-disposable-vapes-in-ltaly","19":"product_cat-disposable-vapes-in-netherlands","20":"product_cat-disposable-vapes-in-norway","21":"product_cat-disposable-vapes-in-poland","22":"product_cat-disposable-vapes-in-portugal","23":"product_cat-disposable-vapes-in-spain","24":"product_cat-disposable-vapes-in-sweden","25":"product_cat-disposable-vapes-in-switzerland","26":"product_cat-rechargeable-vapes","27":"product_cat-smart-screen-vapes","29":"first","30":"instock","31":"shipping-taxable","32":"purchasable","33":"product-type-variable","34":"has-default-attributes"},"jetpack_sharing_enabled":true,"tiered_pricing_type":"fixed","tiered_pricing_fixed_rules":{"2000":4.07000000000000028421709430404007434844970703125},"tiered_pricing_product_settings":{"layout":"default","base_unit_name":{"singular":null,"plural":null},"default_variation":null},"tiered_pricing_minimum_quantity":1000,"tiered_pricing_roles_data":[],"tiered_pricing_percentage_rules":[],"tiered_pricing_maximum_quantity":null,"tiered_pricing_quantity_step":"10","_links":{"self":[{"href":"https:\/\/aiviouvapes.com\/lt\/wp-json\/wp\/v2\/product\/3734","targetHints":{"allow":["GET"]}}],"collection":[{"href":"https:\/\/aiviouvapes.com\/lt\/wp-json\/wp\/v2\/product"}],"about":[{"href":"https:\/\/aiviouvapes.com\/lt\/wp-json\/wp\/v2\/types\/product"}],"replies":[{"embeddable":true,"href":"https:\/\/aiviouvapes.com\/lt\/wp-json\/wp\/v2\/comments?post=3734"}],"wp:featuredmedia":[{"embeddable":true,"href":"https:\/\/aiviouvapes.com\/lt\/wp-json\/wp\/v2\/media\/3742"}],"wp:attachment":[{"href":"https:\/\/aiviouvapes.com\/lt\/wp-json\/wp\/v2\/media?parent=3734"}],"wp:term":[{"taxonomy":"product_brand","embeddable":true,"href":"https:\/\/aiviouvapes.com\/lt\/wp-json\/wp\/v2\/product_brand?post=3734"},{"taxonomy":"product_cat","embeddable":true,"href":"https:\/\/aiviouvapes.com\/lt\/wp-json\/wp\/v2\/product_cat?post=3734"},{"taxonomy":"product_tag","embeddable":true,"href":"https:\/\/aiviouvapes.com\/lt\/wp-json\/wp\/v2\/product_tag?post=3734"}],"curies":[{"name":"wp","href":"https:\/\/api.w.org\/{rel}","templated":true}]}}