{"id":37177,"date":"2025-06-16T11:29:01","date_gmt":"2025-06-16T03:29:01","guid":{"rendered":"https:\/\/aiviouvapes.com\/?post_type=product&#038;p=37177"},"modified":"2026-04-17T13:00:52","modified_gmt":"2026-04-17T05:00:52","slug":"vapsolo-triple-30000-puffs","status":"publish","type":"product","link":"https:\/\/aiviouvapes.com\/lt\/product\/vapsolo-triple-30000-puffs\/","title":{"rendered":"Vapsolo Triple 30000 Puffs | 3-in-1 skonis, 36 ml el. skys\u010dio, LCD ekranas, vienkartinis vape"},"content":{"rendered":"<h2>\ud83d\udd11 Pagrindin\u0117s \"VapSolo Triple 30000 Puffs Disposable Vape\" savyb\u0117s<\/h2>\n<ul>\n<li><strong>Iki 30 000 i\u0161trauk\u0173:<\/strong> Ilgalaikis veikimas, kad b\u016bt\u0173 galima ilgai naudoti be da\u017eno keitimo.<\/li>\n<li><strong>Trij\u0173 skoni\u0173 sistema:<\/strong> M\u0117gaukit\u0117s trimis skirtingais skoniais viename prietaise - puikiai tinka tiems, kurie trok\u0161ta \u012fvairov\u0117s.<\/li>\n<li><strong>Did\u017eiul\u0117 45 ml elektroninio skys\u010dio talpa:<\/strong> 15 ml vienam aromatui, tod\u0117l u\u017etikrinsite nuoseklias garinimo sesijas, kad nei\u0161sikv\u0117ptum\u0117te.<\/li>\n<li><strong>1,0\u03a9 triguba tinklelio rit\u0117:<\/strong> Puikus gar\u0173 ir skonio aromatas su kiekvienu papur\u0161kimu.<\/li>\n<li><strong>650 mAh \u012fkraunama baterija:<\/strong> Patikimas maitinimas su C tipo greituoju \u012fkrovimu, kad b\u016bt\u0173 patogu.<\/li>\n<li><strong>I\u0161manusis LCD ekranas:<\/strong> Realiuoju laiku stebimas d\u016bm\u0173 skai\u010dius, baterijos veikimo laikas ir aktyvus aromatas.<\/li>\n<li><strong>Stabili 3,6 V \u012ftampa:<\/strong> U\u017etikrina nuosekl\u0173 garinim\u0105 nuo prad\u017eios iki pabaigos.<\/li>\n<li><strong>Kompakti\u0161kas ir lengvas dizainas:<\/strong> Patogus \u012f ki\u0161en\u0119 ir lengvai ne\u0161iojamas keliaujant.<\/li>\n<li><strong>Nikotino parinktys:<\/strong> Galima \u012fsigyti 2% ir 5%, kad tikt\u0173 ir lengviems, ir patyrusiems vaperiams.<\/li>\n<\/ul>\n<h2>\ud83d\udd25 Kod\u0117l verta rinktis \"VapSolo Triple 30K Disposable Vape\"?<\/h2>\n<p>\"VapSolo Triple 30000\" yra geriausias vienkartinis aparatas vartotojams, kuriems reikia \u012fvairov\u0117s, patogumo ir didelio na\u0161umo. \u0160is prietaisas su trigubo skonio funkcijomis, dideliu e. skys\u010dio rezervuaru ir \u012fkraunama baterija sukurtas taip, kad patenkint\u0173 poreikius. Nesvarbu, ar m\u0117gstate skon\u012f, ar r\u016bkote atsitiktinai, \"VapSolo Triple\" si\u016blo skland\u0173, turting\u0105 ir nenutr\u016bkstam\u0105 garinim\u0105 - be to, skaitmeninis ekranas visk\u0105 kontroliuoja. D\u0117l eleganti\u0161ko dizaino ir did\u017eiulio i\u0161pur\u0161kiam\u0173 d\u016bm\u0173 skai\u010diaus jis yra patikimas kasdienis kiekvieno r\u016bkaliaus kompanionas.<\/p>\n<h2>\ud83c\udf53 Galimi skoni\u0173 deriniai<\/h2>\n<ul>\n<li>1. Arb\u016bz\u0173 ledas ir bra\u0161kinis kivis ir citrinin\u0117 m\u0117ta<\/li>\n<li>2. \"Blue Razz Ice\" ir \"Mango Peach &amp; Grape Ice<\/li>\n<li>3. Cola Ice &amp; Cherry Granatai ir r\u016bg\u0161t\u016bs obuoliai<\/li>\n<li>4. Bra\u0161ki\u0173 banan\u0173 ir avie\u010di\u0173 arb\u016bz\u0173 ir ananas\u0173 kokos\u0173<\/li>\n<li>5. Atogr\u0105\u017e\u0173 pun\u0161as ir bra\u0161ki\u0173 ledai bei \u017ealiasis obuolys<\/li>\n<li>6. M\u0117lyni\u0173 m\u0117tos ir meil\u0117 66 ir dvigubas obuolys<\/li>\n<li>7. Kiviai aistros vaisiai gvajava ir bra\u0161k\u0117s vy\u0161nios ir sodrus ledas<\/li>\n<li>8. Juod\u0173j\u0173 serbent\u0173 ledai ir li\u010diai Arb\u016bzas ir mi\u0161r\u016bs vaisiai<\/li>\n<li>9. \"Red Bull\" ir bra\u0161k\u0117s Vynuog\u0117s ir m\u0117lyn\u0117s Aviet\u0117s<\/li>\n<li>10. Energetinis g\u0117rimas ir persik\u0173 ledas bei v\u0117sios m\u0117tos<\/li>\n<\/ul>\n<p><img data-recalc-dims=\"1\" loading=\"lazy\" decoding=\"async\" class=\"alignnone size-full wp-image-46143\" src=\"https:\/\/i0.wp.com\/aiviouvapes.com\/wp-content\/uploads\/2025\/06\/VapSolo-30000-Puffs.jpg?resize=1000%2C1000&#038;ssl=1\" alt=\",\" width=\"1000\" height=\"1000\" title=\"\" srcset=\"https:\/\/i0.wp.com\/aiviouvapes.com\/wp-content\/uploads\/2025\/06\/VapSolo-30000-Puffs.jpg?w=1000&amp;ssl=1 1000w, https:\/\/i0.wp.com\/aiviouvapes.com\/wp-content\/uploads\/2025\/06\/VapSolo-30000-Puffs.jpg?resize=300%2C300&amp;ssl=1 300w, https:\/\/i0.wp.com\/aiviouvapes.com\/wp-content\/uploads\/2025\/06\/VapSolo-30000-Puffs.jpg?resize=150%2C150&amp;ssl=1 150w, https:\/\/i0.wp.com\/aiviouvapes.com\/wp-content\/uploads\/2025\/06\/VapSolo-30000-Puffs.jpg?resize=768%2C768&amp;ssl=1 768w, https:\/\/i0.wp.com\/aiviouvapes.com\/wp-content\/uploads\/2025\/06\/VapSolo-30000-Puffs.jpg?resize=12%2C12&amp;ssl=1 12w, https:\/\/i0.wp.com\/aiviouvapes.com\/wp-content\/uploads\/2025\/06\/VapSolo-30000-Puffs.jpg?resize=400%2C400&amp;ssl=1 400w, https:\/\/i0.wp.com\/aiviouvapes.com\/wp-content\/uploads\/2025\/06\/VapSolo-30000-Puffs.jpg?resize=800%2C800&amp;ssl=1 800w, https:\/\/i0.wp.com\/aiviouvapes.com\/wp-content\/uploads\/2025\/06\/VapSolo-30000-Puffs.jpg?resize=100%2C100&amp;ssl=1 100w\" sizes=\"auto, (max-width: 1000px) 100vw, 1000px\" \/> <img data-recalc-dims=\"1\" loading=\"lazy\" decoding=\"async\" class=\"alignnone size-full wp-image-46144\" src=\"https:\/\/i0.wp.com\/aiviouvapes.com\/wp-content\/uploads\/2025\/06\/VapSolo-30000-Puffs-2.jpg?resize=1000%2C1000&#038;ssl=1\" alt=\",\" width=\"1000\" height=\"1000\" title=\"\" srcset=\"https:\/\/i0.wp.com\/aiviouvapes.com\/wp-content\/uploads\/2025\/06\/VapSolo-30000-Puffs-2.jpg?w=1000&amp;ssl=1 1000w, https:\/\/i0.wp.com\/aiviouvapes.com\/wp-content\/uploads\/2025\/06\/VapSolo-30000-Puffs-2.jpg?resize=300%2C300&amp;ssl=1 300w, https:\/\/i0.wp.com\/aiviouvapes.com\/wp-content\/uploads\/2025\/06\/VapSolo-30000-Puffs-2.jpg?resize=150%2C150&amp;ssl=1 150w, https:\/\/i0.wp.com\/aiviouvapes.com\/wp-content\/uploads\/2025\/06\/VapSolo-30000-Puffs-2.jpg?resize=768%2C768&amp;ssl=1 768w, https:\/\/i0.wp.com\/aiviouvapes.com\/wp-content\/uploads\/2025\/06\/VapSolo-30000-Puffs-2.jpg?resize=12%2C12&amp;ssl=1 12w, https:\/\/i0.wp.com\/aiviouvapes.com\/wp-content\/uploads\/2025\/06\/VapSolo-30000-Puffs-2.jpg?resize=400%2C400&amp;ssl=1 400w, https:\/\/i0.wp.com\/aiviouvapes.com\/wp-content\/uploads\/2025\/06\/VapSolo-30000-Puffs-2.jpg?resize=800%2C800&amp;ssl=1 800w, https:\/\/i0.wp.com\/aiviouvapes.com\/wp-content\/uploads\/2025\/06\/VapSolo-30000-Puffs-2.jpg?resize=100%2C100&amp;ssl=1 100w\" sizes=\"auto, (max-width: 1000px) 100vw, 1000px\" \/> <img data-recalc-dims=\"1\" loading=\"lazy\" decoding=\"async\" class=\"alignnone size-full wp-image-46145\" src=\"https:\/\/i0.wp.com\/aiviouvapes.com\/wp-content\/uploads\/2025\/06\/VapSolo-30000-Puffs-3.jpg?resize=1000%2C1000&#038;ssl=1\" alt=\",\" width=\"1000\" height=\"1000\" title=\"\" srcset=\"https:\/\/i0.wp.com\/aiviouvapes.com\/wp-content\/uploads\/2025\/06\/VapSolo-30000-Puffs-3.jpg?w=1000&amp;ssl=1 1000w, https:\/\/i0.wp.com\/aiviouvapes.com\/wp-content\/uploads\/2025\/06\/VapSolo-30000-Puffs-3.jpg?resize=300%2C300&amp;ssl=1 300w, https:\/\/i0.wp.com\/aiviouvapes.com\/wp-content\/uploads\/2025\/06\/VapSolo-30000-Puffs-3.jpg?resize=150%2C150&amp;ssl=1 150w, https:\/\/i0.wp.com\/aiviouvapes.com\/wp-content\/uploads\/2025\/06\/VapSolo-30000-Puffs-3.jpg?resize=768%2C768&amp;ssl=1 768w, https:\/\/i0.wp.com\/aiviouvapes.com\/wp-content\/uploads\/2025\/06\/VapSolo-30000-Puffs-3.jpg?resize=12%2C12&amp;ssl=1 12w, https:\/\/i0.wp.com\/aiviouvapes.com\/wp-content\/uploads\/2025\/06\/VapSolo-30000-Puffs-3.jpg?resize=400%2C400&amp;ssl=1 400w, https:\/\/i0.wp.com\/aiviouvapes.com\/wp-content\/uploads\/2025\/06\/VapSolo-30000-Puffs-3.jpg?resize=800%2C800&amp;ssl=1 800w, https:\/\/i0.wp.com\/aiviouvapes.com\/wp-content\/uploads\/2025\/06\/VapSolo-30000-Puffs-3.jpg?resize=100%2C100&amp;ssl=1 100w\" sizes=\"auto, (max-width: 1000px) 100vw, 1000px\" \/><\/p>","protected":false},"excerpt":{"rendered":"<p>Patirkite trigubai daugiau skonio ir iki 30 000 \u012fkv\u0117pim\u0173 su \"VapSolo Triple 30K\" vienkartiniu garintuvu - galingu, aromatingu ir daugyb\u0119 funkcij\u0173 turin\u010diu garintuvu, skirtu ilgalaikiam pasitenkinimui.<\/p>\n<a href=\"https:\/\/aiviouvapes.com\/lt\/why-waspe-100k-4-in-1-outshines-vapsolo-triple-30k\/\" target=\"_blank\" class=\"button secondary is-secondary is-medium hide-this-btn1\" rel=\"noopener\" >\n\t\t<span>\ud83d\udc51 Su\u017einokite, kod\u0117l i\u0161manieji vaperiai renkasi WASPE 100K, o ne VapSolo \u2705<\/span>\n\t<\/a>","protected":false},"featured_media":37178,"comment_status":"open","ping_status":"closed","template":"","meta":[],"product_brand":[228],"product_cat":[48,131,573,572],"product_tag":[],"class_list":{"0":"post-37177","1":"product","2":"type-product","3":"status-publish","4":"has-post-thumbnail","6":"product_brand-vapsolo","7":"product_cat-vapsolo","8":"product_cat-30000-puffs-disposable-vape","9":"product_cat-new-3","10":"product_cat-new-2","12":"first","13":"instock","14":"shipping-taxable","15":"purchasable","16":"product-type-variable","17":"has-default-attributes"},"jetpack_sharing_enabled":true,"tiered_pricing_type":"fixed","tiered_pricing_fixed_rules":{"2000":7.6500000000000003552713678800500929355621337890625},"tiered_pricing_product_settings":{"layout":"default","base_unit_name":{"singular":null,"plural":null},"default_variation":null},"tiered_pricing_minimum_quantity":1000,"tiered_pricing_roles_data":[],"tiered_pricing_percentage_rules":[],"tiered_pricing_maximum_quantity":null,"tiered_pricing_quantity_step":"10","_links":{"self":[{"href":"https:\/\/aiviouvapes.com\/lt\/wp-json\/wp\/v2\/product\/37177","targetHints":{"allow":["GET"]}}],"collection":[{"href":"https:\/\/aiviouvapes.com\/lt\/wp-json\/wp\/v2\/product"}],"about":[{"href":"https:\/\/aiviouvapes.com\/lt\/wp-json\/wp\/v2\/types\/product"}],"replies":[{"embeddable":true,"href":"https:\/\/aiviouvapes.com\/lt\/wp-json\/wp\/v2\/comments?post=37177"}],"wp:featuredmedia":[{"embeddable":true,"href":"https:\/\/aiviouvapes.com\/lt\/wp-json\/wp\/v2\/media\/37178"}],"wp:attachment":[{"href":"https:\/\/aiviouvapes.com\/lt\/wp-json\/wp\/v2\/media?parent=37177"}],"wp:term":[{"taxonomy":"product_brand","embeddable":true,"href":"https:\/\/aiviouvapes.com\/lt\/wp-json\/wp\/v2\/product_brand?post=37177"},{"taxonomy":"product_cat","embeddable":true,"href":"https:\/\/aiviouvapes.com\/lt\/wp-json\/wp\/v2\/product_cat?post=37177"},{"taxonomy":"product_tag","embeddable":true,"href":"https:\/\/aiviouvapes.com\/lt\/wp-json\/wp\/v2\/product_tag?post=37177"}],"curies":[{"name":"wp","href":"https:\/\/api.w.org\/{rel}","templated":true}]}}