{"id":35443,"date":"2025-06-02T23:12:50","date_gmt":"2025-06-02T15:12:50","guid":{"rendered":"https:\/\/aiviouvapes.com\/?post_type=product&#038;p=35443"},"modified":"2026-03-17T10:38:52","modified_gmt":"2026-03-17T02:38:52","slug":"bang-blaze-60000-60k","status":"publish","type":"product","link":"https:\/\/aiviouvapes.com\/lt\/product\/bang-blaze-60000-60k\/","title":{"rendered":"Bang Blaze 4-in-1 60000 puff\u0173 | skonis ilgai i\u0161liekantis 60 t\u016bkst. puff\u0173 vienkartini\u0173 vienkartini\u0173 svaigal\u0173"},"content":{"rendered":"<p><!-- SEO Meta Description --><\/p>\n<p><!-- Product Description --><\/p>\n<h2>\ud83d\udd25 Bang Blaze 60K vienkartinis garintuvas - 60 000 \u012fkv\u0117pim\u0173, 4 skoniai viename, i\u0161manusis ekranas<\/h2>\n<p>Ie\u0161kote neprilygstamo skonio lankstumo ir vapavimo ilgaam\u017ei\u0161kumo? . <strong>Bang Blaze 60K vienkartinis Vape<\/strong> tai j\u016bs\u0173 prietaisas, galintis u\u017etikrinti iki 60 000 \u012fp\u016btim\u0173, turintis 60 ml talpos elektroninio skys\u010dio bakel\u012f ir unikali\u0105 4 skoni\u0173 perjungimo sistem\u0105. Nesvarbu, ar m\u0117gstate debesis, ar skonio tyrin\u0117tojus, \u0161is prietaisas leid\u017eia garinti be vargo ir \u012fdomiai.<\/p>\n<h3>\ud83d\udd11 Pagrindin\u0117s Bang Blaze 60K savyb\u0117s<\/h3>\n<ul>\n<li><strong>Did\u017eiulis 60 000 puod\u0173:<\/strong> Garina ilgiau, stipriau ir i\u0161maniau, nereikia da\u017enai keisti.<\/li>\n<li><strong>\"4-in-1\" skonio jungiklis:<\/strong> Kiekviename prietaise akimirksniu pakeiskite keturis nuostabius i\u0161 anksto \u012fkeltus skonius.<\/li>\n<li><strong>60ml i\u0161 anksto u\u017epildytas elektroninis skystis:<\/strong> Mil\u017eini\u0161kas bakas rei\u0161kia ilgesn\u012f naudojim\u0105 ir jokio papildymo.<\/li>\n<li><strong>I\u0161manusis skaitmeninis ekranas:<\/strong> Realiuoju laiku stebimas akumuliatoriaus ir elektroninio skys\u010dio lygis, kad b\u016bt\u0173 galima visi\u0161kai kontroliuoti.<\/li>\n<li><strong>C tipo \u012fkraunamas:<\/strong> 650 mAh akumuliatorius su greituoju \u012fkrovimu, kad niekada nepritr\u016bkt\u0173 energijos.<\/li>\n<li><strong>1,0\u03a9 tinklelio rit\u0117:<\/strong> Kiekvien\u0105 kart\u0105 \u012fkv\u0117pus i\u0161gaunamas sodrus, \u0161velnus garas ir ry\u0161kus, \u0161varus skonis.<\/li>\n<li><strong>Nikotino parinktys:<\/strong> Galima \u012fsigyti 0%, 2%, 3% ir 5%, kad atitikt\u0173 j\u016bs\u0173 gyvenimo b\u016bd\u0105 ir pageidavimus.<\/li>\n<\/ul>\n<h3>\ud83d\udca1 Kod\u0117l verta rinktis Bang Blaze 60K?<\/h3>\n<ul>\n<li><strong>Patogumas \"viskas viename\":<\/strong> Keturi skoniai viename - puikiai tinka keisti kav\u0105 keliaujant, nekei\u010diant kapsuli\u0173.<\/li>\n<li><strong>Ilgalaikis garinimas:<\/strong> M\u0117gaukit\u0117s iki 60 000 \u012fpur\u0161kim\u0173 - daugiau garinimo, ma\u017eiau keitimo.<\/li>\n<li><strong>Nikotino lankstumas:<\/strong> Nesvarbu, ar metate nikotin\u0105, ar norite stipraus d\u016bmo, pasirinkite tai, kas jums labiausiai tinka.<\/li>\n<li><strong>Patogus dizainas:<\/strong> Joki\u0173 papildym\u0173, joki\u0173 komplikacij\u0173 - tiesiog pasirinkite skon\u012f ir vapuokite.<\/li>\n<\/ul>\n<h3>\ud83c\udf53 12 geriausi\u0173 skonio derini\u0173<\/h3>\n<ul>\n<li>Arb\u016bz\u0173 ledas \/ M\u0117lyni\u0173 m\u0117tos \/ Fud\u017ei ledas \/ Kalki\u0173 romantika<\/li>\n<li>Arb\u016bz\u0173 ledai \/ M\u0117lyni\u0173 vy\u0161nios \/ Vasaros laikas \/ R\u016bg\u0161t\u016bs mangai ananasai<\/li>\n<li>M\u0117lyni\u0173 ledas \/ Persik\u0173 ledas \/ Vaivoryk\u0161t\u0117s saldainiai \/ Citrin\u0173 r\u016bg\u0161tusis apelsinas<\/li>\n<li>M\u0117lyni\u0173 ledas \/ persik\u0173 mang\u0173 arb\u016bzas \/ aistros bu\u010dinys \/ melion\u0173 obuolys<\/li>\n<li>M\u0117lyni\u0173 avie\u010di\u0173 \/ Mi\u0161rios uogos \/ Kalifornijos vy\u0161nios \/ Pasifloros Mango<\/li>\n<li>M\u0117lyni\u0173 avie\u010di\u0173 \/ vynuogi\u0173 ledas \/ uog\u0173 ledas \/ alavij\u0173 mango melionas<\/li>\n<li>Energinis g\u0117rimas \/ bra\u0161ki\u0173 banan\u0173 \/ mang\u0173 persik\u0173 abrikos\u0173 \/ pasiflor\u0173 vaisi\u0173 kivi\u0173 kalki\u0173<\/li>\n<li>Energinis g\u0117rimas \/ M\u0117lyni\u0173 arb\u016bzas \/ R\u016bg\u0161tus obuoli\u0173 avie\u010di\u0173 \/ Kramtomasis me\u0161kiukas<\/li>\n<li>Bra\u0161ki\u0173 mango \/ Arb\u016bz\u0173 kramtomoji guma \/ Raudonasis mojito \/ Love66<\/li>\n<li>Bra\u0161ki\u0173 mango \/ bra\u0161ki\u0173 kivi\u0173 \/ obuoli\u0173 vynuogi\u0173 \/ arb\u016bz\u0173 drakono vaisi\u0173<\/li>\n<li>Bra\u0161ki\u0173 arb\u016bzas \/ Juodasis ledas \/ Trylika melion\u0173 \/ Spanguoli\u0173 vynuog\u0117s<\/li>\n<li>Bra\u0161ki\u0173 arb\u016bzas \/ Kivi\u0173 pasiflora Gvajavos \/ Mango ledas \/ Arb\u016bzas R\u016bg\u0161tus persikas<\/li>\n<\/ul>\n<p><strong>Bang Blaze 60K<\/strong> i\u0161 naujo apibr\u0117\u017eia vienkartini\u0173 vape aparat\u0173 naudojimo patirt\u012f, suteikdamas daugiau skoni\u0173, daugiau galios ir daugiau patogumo. I\u0161bandykite j\u012f dabar ir pagerinkite savo patirt\u012f!<\/p>","protected":false},"excerpt":{"rendered":"<p>Bang Blaze 60000 \u012fpur\u0161kim\u0173 vienkartinis garintuvas su 60 ml el. skys\u010dio, 60000 \u012fpur\u0161kim\u0173, 4-in-1 skonio jungikliu, i\u0161maniuoju skaitmeniniu ekranu, keliais nikotino stiprumo laipsniais ir tinklelio spirale - j\u016bs\u0173 geriausias \"viskas viename\" garinimo sprendimas.<\/p>","protected":false},"featured_media":35453,"comment_status":"open","ping_status":"closed","template":"","meta":[],"product_brand":[239],"product_cat":[37,242],"product_tag":[],"class_list":{"0":"post-35443","1":"product","2":"type-product","3":"status-publish","4":"has-post-thumbnail","6":"product_brand-bang","7":"product_cat-bang","8":"product_cat-60000-puffs-disposable-vape","10":"first","11":"instock","12":"shipping-taxable","13":"purchasable","14":"product-type-variable","15":"has-default-attributes"},"jetpack_sharing_enabled":true,"tiered_pricing_type":"fixed","tiered_pricing_fixed_rules":{"30":9.8499999999999996447286321199499070644378662109375,"50":8.5600000000000004973799150320701301097869873046875,"100":7.78000000000000024868995751603506505489349365234375,"200":7.38999999999999968025576890795491635799407958984375,"400":6.80999999999999960920149533194489777088165283203125},"tiered_pricing_product_settings":{"layout":"default","base_unit_name":{"singular":null,"plural":null},"default_variation":null},"tiered_pricing_minimum_quantity":10,"tiered_pricing_roles_data":[],"tiered_pricing_percentage_rules":[],"tiered_pricing_maximum_quantity":null,"tiered_pricing_quantity_step":"10","_links":{"self":[{"href":"https:\/\/aiviouvapes.com\/lt\/wp-json\/wp\/v2\/product\/35443","targetHints":{"allow":["GET"]}}],"collection":[{"href":"https:\/\/aiviouvapes.com\/lt\/wp-json\/wp\/v2\/product"}],"about":[{"href":"https:\/\/aiviouvapes.com\/lt\/wp-json\/wp\/v2\/types\/product"}],"replies":[{"embeddable":true,"href":"https:\/\/aiviouvapes.com\/lt\/wp-json\/wp\/v2\/comments?post=35443"}],"wp:featuredmedia":[{"embeddable":true,"href":"https:\/\/aiviouvapes.com\/lt\/wp-json\/wp\/v2\/media\/35453"}],"wp:attachment":[{"href":"https:\/\/aiviouvapes.com\/lt\/wp-json\/wp\/v2\/media?parent=35443"}],"wp:term":[{"taxonomy":"product_brand","embeddable":true,"href":"https:\/\/aiviouvapes.com\/lt\/wp-json\/wp\/v2\/product_brand?post=35443"},{"taxonomy":"product_cat","embeddable":true,"href":"https:\/\/aiviouvapes.com\/lt\/wp-json\/wp\/v2\/product_cat?post=35443"},{"taxonomy":"product_tag","embeddable":true,"href":"https:\/\/aiviouvapes.com\/lt\/wp-json\/wp\/v2\/product_tag?post=35443"}],"curies":[{"name":"wp","href":"https:\/\/api.w.org\/{rel}","templated":true}]}}