{"id":33282,"date":"2025-04-24T17:00:12","date_gmt":"2025-04-24T09:00:12","guid":{"rendered":"https:\/\/aiviouvapes.com\/?post_type=product&#038;p=33282"},"modified":"2026-03-17T23:58:55","modified_gmt":"2026-03-17T15:58:55","slug":"mrvi-df-40k-puff","status":"publish","type":"product","link":"https:\/\/aiviouvapes.com\/lt\/product\/mrvi-df-40k-puff\/","title":{"rendered":"MRVI DF 40000 Puffs | dvigubas skonis, 40ml e-skys\u010dio vienkartini\u0173 vape urmu didmenin\u0117s prekybos"},"content":{"rendered":"<p><strong>MRVI DF 40000 Dvigubo skonio vienkartinis vape<\/strong> - Dvigubai daugiau skonio, dvigubai daugiau d\u017eiaugsmo.<\/p>\n<p>Susipa\u017einkite su <strong>MRVI DF 40000<\/strong>, vienkartinis aparatas, kuris suteikia dvigubai daugiau skonio ir dvigubai daugiau malonumo. Su iki <strong>40 000 \u012fkv\u0117pim\u0173<\/strong>, did\u017eiulis <strong>40 ml elektroninio skys\u010dio bakas<\/strong>, ir pa\u017eangiausias <strong>dviguba tinklin\u0117 rit\u0117<\/strong> technologijos, \u0161is prietaisas sukurtas skland\u017eiai, sodriai garuoti, kad garai i\u0161silaikyt\u0173 ilgiau, nei kada nors gal\u0117jote pagalvoti. Nesvarbu, ar esate atsitiktinis vaperis, ar didmeninis pirk\u0117jas, MRVI DF 40000 visk\u0105, ko jums reikia, sutalpina \u012f vien\u0105 eleganti\u0161k\u0105, ki\u0161en\u0117je telpant\u012f prietais\u0105.<\/p>\n<p>\u012erengtas <strong>850 mAh \u012fkraunamas akumuliatorius<\/strong> ir <strong>C tipo \u012fkrovimas<\/strong> greitai papildyti degal\u0173 atsargas, \u0161is prietaisas yra tiek pat galingas, kiek ir patogus. Pasirinkite <strong>5% arba 2% nikotino stiprumas<\/strong> pritaikyti savo patirt\u012f. Be to, su <strong>10 unikali\u0173 dvigubo skonio derini\u0173<\/strong>, visada galima i\u0161bandyti k\u0105 nors naujo.<\/p>\n<p>MRVI DF 40000 puikiai tinka asmeniniam naudojimui arba atsargoms perparduoti - tai kokybi\u0161kas ir kokybi\u0161kas aparatas.<\/p>\n<h3><strong>MRVI DF 40000 Funkcijos:<\/strong><\/h3>\n<ul>\n<li><strong>Didelis puok\u0161\u010di\u0173 skai\u010dius:<\/strong> Iki 40 000 \u012fkv\u0117pim\u0173 i\u0161 vieno prietaiso<\/li>\n<li><strong>Didel\u0117 E-skys\u010dio talpa:<\/strong> 40 ml auk\u0161\u010diausios kokyb\u0117s elektroninio skys\u010dio<\/li>\n<li><strong>Galingas akumuliatorius:<\/strong> 850 mAh \u012fkraunamas akumuliatorius<\/li>\n<li><strong>Greitasis \u012fkrovimas:<\/strong> C tipo prievadas (visi\u0161kai \u012fkraunamas per 2 valandas)<\/li>\n<li><strong>Dviguba tinklelio rit\u0117:<\/strong> Lyg\u016bs, sodr\u016bs garai su kiekvienu i\u0161traukimu<\/li>\n<li><strong>Nikotino parinktys:<\/strong> 5% arba 2% be tabako ir nikotino<\/li>\n<li><strong>Skonio \u012fvairov\u0117:<\/strong> 10 \u012fdomi\u0173 dvigubo skonio derini\u0173<\/li>\n<li><strong>Lengvas aktyvavimas:<\/strong> \u012ekv\u0117pkite, kad suaktyvintum\u0117te - joki\u0173 mygtuk\u0173 nereikia<\/li>\n<li><strong>Kompakti\u0161kas dizainas:<\/strong> Ki\u0161eninis ir ergonomi\u0161kas (92*41*19 mm)<\/li>\n<li><strong>Didmenin\u0117 prekyba draugi\u0161ka:<\/strong> 10 vnt. vienoje d\u0117\u017eut\u0117je<\/li>\n<\/ul>","protected":false},"excerpt":{"rendered":"<p class=\"\" data-start=\"97\" data-end=\"366\">MRVI DF 40000 vienkartinis garintuvas si\u016blo iki 40 000 \u012fkv\u0117pim\u0173, dvigubas tinklines spirales, 40 ml el. skys\u010dio ir 10 dinami\u0161k\u0173 skoni\u0173 derini\u0173. Puikiai tinka ilgalaikiam ir nesud\u0117tingam garinimui, idealiai tinka asmeniniam ar didmeniniam naudojimui.<\/p>","protected":false},"featured_media":33307,"comment_status":"open","ping_status":"closed","template":"","meta":[],"product_brand":[229],"product_cat":[33,219,80,79],"product_tag":[],"class_list":{"0":"post-33282","1":"product","2":"type-product","3":"status-publish","4":"has-post-thumbnail","6":"product_brand-mrvi","7":"product_cat-mrvi","8":"product_cat-40000-puffs-disposable-vape","9":"product_cat-dual-flavor-vapes","10":"product_cat-dual-mesh-vapes","12":"first","13":"instock","14":"shipping-taxable","15":"purchasable","16":"product-type-variable","17":"has-default-attributes"},"jetpack_sharing_enabled":true,"tiered_pricing_type":"fixed","tiered_pricing_fixed_rules":{"100":7.05999999999999960920149533194489777088165283203125,"200":6.4199999999999999289457264239899814128875732421875,"400":6.089999999999999857891452847979962825775146484375},"tiered_pricing_product_settings":{"layout":"default","base_unit_name":{"singular":null,"plural":null},"default_variation":null},"tiered_pricing_minimum_quantity":50,"tiered_pricing_roles_data":[],"tiered_pricing_percentage_rules":[],"tiered_pricing_maximum_quantity":null,"tiered_pricing_quantity_step":"10","_links":{"self":[{"href":"https:\/\/aiviouvapes.com\/lt\/wp-json\/wp\/v2\/product\/33282","targetHints":{"allow":["GET"]}}],"collection":[{"href":"https:\/\/aiviouvapes.com\/lt\/wp-json\/wp\/v2\/product"}],"about":[{"href":"https:\/\/aiviouvapes.com\/lt\/wp-json\/wp\/v2\/types\/product"}],"replies":[{"embeddable":true,"href":"https:\/\/aiviouvapes.com\/lt\/wp-json\/wp\/v2\/comments?post=33282"}],"wp:featuredmedia":[{"embeddable":true,"href":"https:\/\/aiviouvapes.com\/lt\/wp-json\/wp\/v2\/media\/33307"}],"wp:attachment":[{"href":"https:\/\/aiviouvapes.com\/lt\/wp-json\/wp\/v2\/media?parent=33282"}],"wp:term":[{"taxonomy":"product_brand","embeddable":true,"href":"https:\/\/aiviouvapes.com\/lt\/wp-json\/wp\/v2\/product_brand?post=33282"},{"taxonomy":"product_cat","embeddable":true,"href":"https:\/\/aiviouvapes.com\/lt\/wp-json\/wp\/v2\/product_cat?post=33282"},{"taxonomy":"product_tag","embeddable":true,"href":"https:\/\/aiviouvapes.com\/lt\/wp-json\/wp\/v2\/product_tag?post=33282"}],"curies":[{"name":"wp","href":"https:\/\/api.w.org\/{rel}","templated":true}]}}