{"id":30165,"date":"2025-03-14T17:40:59","date_gmt":"2025-03-14T09:40:59","guid":{"rendered":"https:\/\/aiviouvapes.com\/?post_type=product&#038;p=30165"},"modified":"2026-04-15T09:05:04","modified_gmt":"2026-04-15T01:05:04","slug":"uwin-crystal-10000-puffs","status":"publish","type":"product","link":"https:\/\/aiviouvapes.com\/lt\/product\/uwin-crystal-10000-puffs\/","title":{"rendered":"Uwin Crystal 10K | 10000 puffs, 0-5% nikotino, didmenin\u0117 prekyba vienkartiniais vape"},"content":{"rendered":"<h2>\"Uwin Crystal\" 10000 puf\u0173 \u012fkraunamas vienkartinis vape: Neprilygstamas skonis ir ilgaam\u017ei\u0161kumas<\/h2>\n<p>Atraskite vienkartini\u0173 vape technologij\u0173 vir\u0161\u016bn\u0119 su <strong>\"Uwin Crystal\" 10000 puf\u0173 \u012fkraunamas vienkartinis Vape<\/strong>, kuriuos galima \u012fsigyti tik \"AiviouVape\". \u0160is didel\u0117s talpos prietaisas, skirtas tiek atsitiktiniams, tiek rimtiems r\u016bkaliams, u\u017etikrina i\u0161skirtin\u012f skonio, patogumo ir ilgaam\u017ei\u0161kumo balans\u0105. Idealiai tinka pirkti dideliais kiekiais, tod\u0117l \"Uwin Crystal\" privalo b\u016bti bet kurioje vape parduotuv\u0117je ar ma\u017emenin\u0117s prekybos vietoje.<\/p>\n<h2>Neprilygstamas p\u016bk\u0173 skai\u010dius ir na\u0161umas<\/h2>\n<p>\"Uwin Crystal\" sukurtas taip, kad u\u017etikrint\u0173 iki <strong>10 000 \u012fkv\u0117pim\u0173<\/strong>, nustatydamas nauj\u0105 standart\u0105 vienkartini\u0173 vape aparat\u0173 rinkoje. Kiekvienas prietaisas yra i\u0161 anksto pripildytas <strong>18 ml auk\u0161\u010diausios kokyb\u0117s elektroninio skys\u010dio<\/strong> ir maitinamas i\u0161 <strong>650 mAh \u012fkraunamas kobalto akumuliatorius<\/strong>u\u017etikrinant nuosekl\u0173 darb\u0105 nuo prad\u017eios iki pabaigos. Svetain\u0117 <strong>C tipo \u012fkrovimo prievadas<\/strong> u\u017etikrina greit\u0105 ir efektyv\u0173 \u012fkrovim\u0105, tod\u0117l yra ekologi\u0161kas pasirinkimas.<\/p>\n<h2>Didmenin\u0117s prekybos privalumas su \"AiviouVape<\/h2>\n<p>\"AiviouVape\", pirmaujanti didmenin\u0117s prekybos internetu platforma, si\u016blo \"Uwin Crystal\" \u012fsigyti dideliais kiekiais, kad gal\u0117t\u0173 patenkinti vape parduotuvi\u0173 savinink\u0173 ir platintoj\u0173 poreikius. Kiekvienoje d\u0117\u017eut\u0117je yra <strong>200 vienet\u0173 (10 vienet\u0173 d\u0117\u017eut\u0117je)<\/strong>, u\u017etikrinant lanks\u010dius u\u017esakym\u0173 dyd\u017eius ir supaprastint\u0105 atsarg\u0173 valdym\u0105.<\/p>\n<h2>Pagrindin\u0117s \"Uwin Crystal 10000 Puffs\" savyb\u0117s<\/h2>\n<ul>\n<li><strong>Nikotino stiprumo parinktys:<\/strong> 0%, 2%, 3%, 5%<\/li>\n<li><strong>Pufai:<\/strong> Iki 10 000 \u012fkv\u0117pim\u0173<\/li>\n<li><strong>E-skys\u010dio talpa:<\/strong> 18 ml<\/li>\n<li><strong>Baterija:<\/strong> 650 mAh \u012fkraunamas kobalto akumuliatorius<\/li>\n<li><strong>\u012ekrovimas:<\/strong> C tipo greitasis \u012fkrovimas<\/li>\n<li><strong>rit\u0117:<\/strong> 0,8 \u03a9 tinklelio rit\u0117, u\u017etikrinanti puik\u0173 skon\u012f<\/li>\n<li><strong>Pakuot\u0117:<\/strong> 200 vienet\u0173 d\u0117\u017eut\u0117je (10 vienet\u0173 d\u0117\u017eut\u0117je)<\/li>\n<li><strong>Svoris:<\/strong> 17,3 kg kartonin\u0117je d\u0117\u017eut\u0117je<\/li>\n<li><strong>Matmenys:<\/strong> 36,5 x 36,7 x 31,5 cm (d\u0117\u017eut\u0117)<\/li>\n<li><strong>Funkcijos:<\/strong> RGB \u017eibintai - stilinga patirtis<\/li>\n<\/ul>\n<p><iframe title=\"VideoPress vaizdo \u012fra\u0161\u0173 grotuvas\" aria-label='VideoPress vaizdo \u012fra\u0161\u0173 grotuvas' width='562' height='1000' src='https:\/\/videopress.com\/embed\/TT81Wr9Y?hd=0&amp;cover=1' frameborder='0' allowfullscreen allow='clipboard-write'><\/iframe><script src='https:\/\/v0.wordpress.com\/js\/next\/videopress-iframe.js?m=1770107250'><\/script><\/p>\n<h2>I\u0161tirti 15 i\u0161skirtini\u0173 skoni\u0173<\/h2>\n<p>\"Uwin Crystal\" pasi\u017eymi 15 kruop\u0161\u010diai sukurt\u0173 skoni\u0173, kurie patenkins kiekvien\u0105 skon\u012f:<\/p>\n<ul>\n<li><strong>Blueberry Raspberry:<\/strong> Nuostabus sald\u017ei\u0173, saul\u0117je prinokusi\u0173 m\u0117lyni\u0173 ir pikanti\u0161k\u0173, sulting\u0173 avie\u010di\u0173 \u0161okis. Su kiekvienu \u012fkv\u0117pimu pajuskite vaisi\u0173 gaivos pli\u016bpsn\u012f.<\/li>\n<li><strong>Grape Ice:<\/strong> Pasim\u0117gaukite sodriu, sultingu purpurini\u0173 vynuogi\u0173 skoniu, puikiai at\u0161aldytu ir gaiviu lediniu i\u0161kv\u0117pimu. Saldus ir \u0161altas malonumas.<\/li>\n<li><strong>Strawberry Watermelon:<\/strong> Sulting\u0173 arb\u016bz\u0173 ir sald\u017ei\u0173 prinokusi\u0173 bra\u0161ki\u0173 vasaros simfonija. Gaivinanti ir dr\u0117kinanti patirtis.<\/li>\n<li><strong>Blueberry on Ice:<\/strong> Tir\u0161tas, v\u0117sus mentolis dvelkia sald\u017eiu, gyvybingu k\u0105 tik nuskint\u0173 m\u0117lyni\u0173 skoniu. Puikiai subalansuotas ledini\u0173 vaisi\u0173 poj\u016btis.<\/li>\n<li><strong>Watermelon Ice:<\/strong> Pasinerkite \u012f gaivinant\u012f gaivaus, tra\u0161kaus arb\u016bzo skon\u012f, kur\u012f sustiprina gaivinantis ledinis mentolis. Idealiai tinka kar\u0161t\u0105 vasaros dien\u0105.<\/li>\n<li><strong>Cherry Ice:<\/strong> Pajuskite ry\u0161k\u0173, sald\u017eiar\u016bg\u0161t\u012f prinokusi\u0173 vy\u0161ni\u0173 skon\u012f, kur\u012f papildo \u0161altas mentolio dvelksmas. Gaivinantis ir vaisinis aromatas.<\/li>\n<li><strong>Strawberry Raspberry Cherry:<\/strong> Uog\u0173 puok\u0161t\u0117! Sald\u017eios bra\u0161k\u0117s, r\u016bg\u0161\u010dios aviet\u0117s ir sultingos vy\u0161nios harmoningai dera tarpusavyje, sukurdamos sud\u0117ting\u0105 ir sot\u0173 vaisi\u0173 mi\u0161in\u012f.<\/li>\n<li><strong>Kiwi Passion Fruit Guava:<\/strong> Pab\u0117kite \u012f tropin\u012f roj\u0173 su \u0161iuo egzoti\u0161ku a\u0161traus kivio, sald\u017eios pasifloros ir sodrios gvajavos mi\u0161iniu. Tikrai energingas ir gaivus aromatas.<\/li>\n<li><strong>Strawberry Ice:<\/strong> Klasikinis prinokusi\u0173 bra\u0161ki\u0173 saldumas, puikiai at\u0161aldytas v\u0117siu mentolio v\u0117jeliu. Paprastas, bet malonus ledini\u0173 vaisi\u0173 skonis.<\/li>\n<li><strong>Peach Ice:<\/strong> Sultingi, sultingi persikai ir gaivus mentolio dvelksmas. Sklandus ir saldus skonis su v\u0117sia, gaivinan\u010dia pabaiga.<\/li>\n<li><strong>Strawberry Kiwi:<\/strong> Harmoningas sald\u017ei\u0173 bra\u0161ki\u0173 ir pikanti\u0161k\u0173 kivi\u0173 derinys. Puikiai subalansuotas vaisi\u0173 aromatas, kuris yra ir saldus, ir gaivus.<\/li>\n<li><strong>Peach Berry:<\/strong> Saldus, aksominis prinokusi\u0173 persik\u0173 skonis, sumai\u0161ytas su sultingomis mi\u0161riomis uogomis. Sklandus ir aromatingas skonis.<\/li>\n<li><strong>Cherry Cola:<\/strong> Nostalgi\u0161kas gazuotos kolos skonis su sald\u017eiu prinokusi\u0173 vy\u0161ni\u0173 prieskoniu. Saldus, burbuliuojantis ir gaivus poj\u016btis.<\/li>\n<li><strong>Mixed Berry:<\/strong> Gyvybinga m\u0117gstam\u0173 uog\u0173 mi\u0161rain\u0117, sukurianti sud\u0117ting\u0105 ir daugiasluoksn\u012f skon\u012f. Turtingas ir malonus skonis.<\/li>\n<li><strong>Mr. Blue:<\/strong> Paslaptingas ir intriguojantis sald\u017ei\u0173 ir a\u0161tri\u0173 vaisi\u0173 mi\u0161inys. Unikalus ir u\u017eburiantis skonis.<\/li>\n<li><strong>Peach Mango Pineapple:<\/strong> Sulting\u0173 persik\u0173, prinokusi\u0173 mang\u0173 ir sald\u017ei\u0173 ananas\u0173 tropinis trikampis. Skaniai egzoti\u0161kas ir saul\u0117s pabu\u010diuotas aromatas.<\/li>\n<li><strong>Two Apple:<\/strong> Gaivus ir gaivus sald\u017ei\u0173 raudon\u0173j\u0173 ir raugint\u0173 \u017eali\u0173j\u0173 obuoli\u0173 mi\u0161inys. Subalansuotas ir gaivinantis vaisi\u0173 aromatas.<\/li>\n<li><strong>Strawberry Cranberry Cherry:<\/strong> Ry\u0161kus ir pikanti\u0161kas sald\u017ei\u0173 bra\u0161ki\u0173, raugint\u0173 spanguoli\u0173 ir sulting\u0173 vy\u0161ni\u0173 mi\u0161inys. Sud\u0117tingas ir gaivus uog\u0173 mi\u0161inys.<\/li>\n<li><strong>Strawberry Banana:<\/strong> Klasikinis kreminis sald\u017ei\u0173 bra\u0161ki\u0173 ir prinokusi\u0173 banan\u0173 mi\u0161inys. Sklandus, saldus ir guod\u017eiantis aromatas.<\/li>\n<li><strong>Lady Killa:<\/strong> Dr\u0105sus ir u\u017eburiantis egzoti\u0161k\u0173 atogr\u0105\u017e\u0173 vaisi\u0173 mi\u0161inys su sald\u017eiu, nenugalimu prieskoniu. I\u0161skirtinis ir nepamir\u0161tamas aromatas.<\/li>\n<li><strong>Blue Razz Lemonade:<\/strong> Saldus ir a\u0161trus m\u0117lyn\u0173j\u0173 avie\u010di\u0173 ir gaivaus limonado mi\u0161inys. Puiki vaisi\u0173 ir citrusini\u0173 vaisi\u0173 nat\u0173 pusiausvyra.<\/li>\n<li><strong>Red Bull:<\/strong> Kultinis energinio g\u0117rimo skonis, suteikiantis sald\u017ei\u0105, a\u0161tri\u0105 ir gaivinan\u010di\u0105 vapavimo patirt\u012f. Vaisin\u0117s energijos pli\u016bpsnis.<\/li>\n<li><strong>Strawberry Grape:<\/strong> Saldus ir sultingas prinokusi\u0173 bra\u0161ki\u0173 ir putli\u0173 vynuogi\u0173 mi\u0161inys. Tai klasikinis vaisi\u0173 derinys.<\/li>\n<li><strong>Cherry Berry:<\/strong> Nuostabus sald\u017ei\u0173 vy\u0161ni\u0173 ir pikanti\u0161k\u0173 mi\u0161ri\u0173 uog\u0173 mi\u0161inys. Skoningas ir gaivus uog\u0173 mi\u0161inys.<\/li>\n<li><strong>Love 66:<\/strong> Unikalus ir sud\u0117tingas sald\u017ei\u0173 ir a\u0161tri\u0173 vaisi\u0173 mi\u0161inys. U\u017eburiantis ir intriguojantis skonis.<\/li>\n<li><strong>Passion Fruit Ice:<\/strong> Egzoti\u0161kas ir tropinis pasiflor\u0173 skonis, at\u0161aldytas su gaivinan\u010diu mentolio poskoniu. Ry\u0161kus ir ledinis aromatas.<\/li>\n<li><strong>Cola Ice:<\/strong> Klasikinis gazuotos kolos skonis, sustiprintas v\u0117siu mentolio dvelksmu. Saldus, burbuliuojantis ir ledinis skan\u0117stas.<\/li>\n<li><strong>Miami Mint:<\/strong> Gaivus ir gaivus m\u0117t\u0173 skonis, primenantis v\u0117s\u0173 vandenyno briz\u0105. \u0160varus ir gaivinantis kvapas.<\/li>\n<li><strong>Vanilla Ice:<\/strong> Sklandus ir kreminis vanil\u0117s aromatas, at\u0161aldytas, su gaiviu mentolio prieskoniu. Saldus, v\u0117sus ir malonus skonis.<\/li>\n<li><strong>Lemon Lime:<\/strong> Pikanti\u0161kas ir gaivus a\u0161tri\u0173 citrin\u0173 ir laim\u0173 mi\u0161inys. Ry\u0161kus ir gaivinantis citrusini\u0173 vaisi\u0173 aromatas.<\/li>\n<\/ul>\n<p><a href=\"https:\/\/i0.wp.com\/aiviouvapes.com\/wp-content\/uploads\/2025\/03\/Uwin-Crystal-10000-Puffs-10K-0-2-3-5-Low-Nicotine-p-8-scaled-1.jpg?ssl=1\"><img data-recalc-dims=\"1\" loading=\"lazy\" decoding=\"async\" class=\"alignnone size-full wp-image-30251\" src=\"https:\/\/i0.wp.com\/aiviouvapes.com\/wp-content\/uploads\/2025\/03\/Uwin-Crystal-10000-Puffs-10K-0-2-3-5-Low-Nicotine-p-8-scaled-1.jpg?resize=884%2C1920&#038;ssl=1\" alt=\",\" width=\"884\" height=\"1920\" title=\"\" srcset=\"https:\/\/i0.wp.com\/aiviouvapes.com\/wp-content\/uploads\/2025\/03\/Uwin-Crystal-10000-Puffs-10K-0-2-3-5-Low-Nicotine-p-8-scaled-1.jpg?w=884&amp;ssl=1 884w, https:\/\/i0.wp.com\/aiviouvapes.com\/wp-content\/uploads\/2025\/03\/Uwin-Crystal-10000-Puffs-10K-0-2-3-5-Low-Nicotine-p-8-scaled-1.jpg?resize=138%2C300&amp;ssl=1 138w, https:\/\/i0.wp.com\/aiviouvapes.com\/wp-content\/uploads\/2025\/03\/Uwin-Crystal-10000-Puffs-10K-0-2-3-5-Low-Nicotine-p-8-scaled-1.jpg?resize=471%2C1024&amp;ssl=1 471w, https:\/\/i0.wp.com\/aiviouvapes.com\/wp-content\/uploads\/2025\/03\/Uwin-Crystal-10000-Puffs-10K-0-2-3-5-Low-Nicotine-p-8-scaled-1.jpg?resize=768%2C1668&amp;ssl=1 768w, https:\/\/i0.wp.com\/aiviouvapes.com\/wp-content\/uploads\/2025\/03\/Uwin-Crystal-10000-Puffs-10K-0-2-3-5-Low-Nicotine-p-8-scaled-1.jpg?resize=707%2C1536&amp;ssl=1 707w, https:\/\/i0.wp.com\/aiviouvapes.com\/wp-content\/uploads\/2025\/03\/Uwin-Crystal-10000-Puffs-10K-0-2-3-5-Low-Nicotine-p-8-scaled-1.jpg?resize=6%2C12&amp;ssl=1 6w, https:\/\/i0.wp.com\/aiviouvapes.com\/wp-content\/uploads\/2025\/03\/Uwin-Crystal-10000-Puffs-10K-0-2-3-5-Low-Nicotine-p-8-scaled-1.jpg?resize=750%2C1629&amp;ssl=1 750w\" sizes=\"auto, (max-width: 884px) 100vw, 884px\" \/><\/a><\/p>\n<h2>Kod\u0117l verta rinktis \"AiviouVape\"?<\/h2>\n<p>\"AiviouVape\" yra did\u017eiausia internetin\u0117 didmenin\u0117s prekybos vienkartiniais garintuvais platforma Nyderlanduose, Vokietijoje, Belgijoje ir Ispanijoje:<\/p>\n<ul>\n<li><strong>Auk\u0161tos kokyb\u0117s produktai:<\/strong> U\u017etikrinti patikimum\u0105 ir klient\u0173 pasitenkinim\u0105.<\/li>\n<li><strong>Konkurencingos kainos:<\/strong> Maksimaliai padidinkite savo pelno mar\u017e\u0105.<\/li>\n<li><strong>Greitas ir patikimas pristatymas:<\/strong> U\u017etikrinti savalaik\u012f pristatym\u0105.<\/li>\n<li><strong>Puikus klient\u0173 aptarnavimas:<\/strong> Padedame jums kiekviename \u017eingsnyje.<\/li>\n<\/ul>\n<p>Pagerinkite savo produkt\u0173 pasi\u016bl\u0105 su \"Uwin Crystal 10000 Puffs\" \u012fkraunamu vienkartiniu garintuvu pateikdami u\u017esakym\u0105 \u0161iame puslapyje.<\/p>\n<p>&nbsp;<\/p>","protected":false},"excerpt":{"rendered":"<p>Patirkite 10 000 gryno skonio \u012fkv\u0117pim\u0173 su \"Uwin Crystal\" \u012fkraunamu vienkartiniu garintuvu. Galima \u012fsigyti 0%, 2%, 3% ir 5% nikotino, 15 auk\u0161\u010diausios kokyb\u0117s skoni\u0173 ir didmenin\u0117s prekybos urmu variant\u0173. Puikiai tinka vape parduotuv\u0117ms ir platintojams.<\/p>","protected":false},"featured_media":30267,"comment_status":"open","ping_status":"closed","template":"","meta":[],"product_brand":[247],"product_cat":[122,320,224],"product_tag":[],"class_list":{"0":"post-30165","1":"product","2":"type-product","3":"status-publish","4":"has-post-thumbnail","6":"product_brand-uwin","7":"product_cat-10000-puffs-disposable-vape","8":"product_cat-best-disposable-vapes","9":"product_cat-uwin","11":"first","12":"instock","13":"featured","14":"shipping-taxable","15":"purchasable","16":"product-type-variable","17":"has-default-attributes"},"jetpack_sharing_enabled":true,"tiered_pricing_type":"fixed","tiered_pricing_fixed_rules":{"30":6.03000000000000024868995751603506505489349365234375,"50":4.9900000000000002131628207280300557613372802734375,"100":4.37000000000000010658141036401502788066864013671875,"200":4.17999999999999971578290569595992565155029296875,"400":3.7599999999999997868371792719699442386627197265625},"tiered_pricing_product_settings":{"layout":"default","base_unit_name":{"singular":null,"plural":null},"default_variation":null},"tiered_pricing_minimum_quantity":10,"tiered_pricing_roles_data":[],"tiered_pricing_percentage_rules":[],"tiered_pricing_maximum_quantity":null,"tiered_pricing_quantity_step":"10","_links":{"self":[{"href":"https:\/\/aiviouvapes.com\/lt\/wp-json\/wp\/v2\/product\/30165","targetHints":{"allow":["GET"]}}],"collection":[{"href":"https:\/\/aiviouvapes.com\/lt\/wp-json\/wp\/v2\/product"}],"about":[{"href":"https:\/\/aiviouvapes.com\/lt\/wp-json\/wp\/v2\/types\/product"}],"replies":[{"embeddable":true,"href":"https:\/\/aiviouvapes.com\/lt\/wp-json\/wp\/v2\/comments?post=30165"}],"wp:featuredmedia":[{"embeddable":true,"href":"https:\/\/aiviouvapes.com\/lt\/wp-json\/wp\/v2\/media\/30267"}],"wp:attachment":[{"href":"https:\/\/aiviouvapes.com\/lt\/wp-json\/wp\/v2\/media?parent=30165"}],"wp:term":[{"taxonomy":"product_brand","embeddable":true,"href":"https:\/\/aiviouvapes.com\/lt\/wp-json\/wp\/v2\/product_brand?post=30165"},{"taxonomy":"product_cat","embeddable":true,"href":"https:\/\/aiviouvapes.com\/lt\/wp-json\/wp\/v2\/product_cat?post=30165"},{"taxonomy":"product_tag","embeddable":true,"href":"https:\/\/aiviouvapes.com\/lt\/wp-json\/wp\/v2\/product_tag?post=30165"}],"curies":[{"name":"wp","href":"https:\/\/api.w.org\/{rel}","templated":true}]}}