{"id":30076,"date":"2025-03-14T16:37:29","date_gmt":"2025-03-14T08:37:29","guid":{"rendered":"https:\/\/aiviouvapes.com\/?post_type=product&#038;p=30076"},"modified":"2026-04-17T13:00:57","modified_gmt":"2026-04-17T05:00:57","slug":"fizzy-nova-20000-puffs","status":"publish","type":"product","link":"https:\/\/aiviouvapes.com\/lt\/product\/fizzy-nova-20000-puffs\/","title":{"rendered":"Fizzy Nova 20000 Puffs | dviguba tinklelio rit\u0117, LCD ekranas, \u012fkraunama vienkartin\u0117 vape \u012franga urmu ir didmenine prekyba"},"content":{"rendered":"<p>Patirkite garinimo technologij\u0173 vir\u0161\u016bn\u0119 su <strong>\"Fizzy Nova\" 20000 Puffs \u012fkraunamas vienkartinis Vape<\/strong>. \u0160is prietaisas pasi\u017eymi neprilygstamu na\u0161umo, patogumo ir stiliaus deriniu. Dabar galima \u012fsigyti didmenin\u0117s prekybos didmenin\u0117s prekybos \u012fmon\u0117je \"AiviouVape\", kuri yra pagrindinis internetinis vape platintojas Nyderlanduose, Vokietijoje, Belgijoje ir Ispanijoje.<\/p>\n<h2>Kod\u0117l \"Fizzy Nova 20000 Puffs\" i\u0161siskiria:<\/h2>\n<ul>\n<li><strong>Beprecedent\u0117 20000 puodeli\u0173 talpa:<\/strong> M\u0117gaukit\u0117s ilgesniais garinimo seansais be r\u016bpes\u010di\u0173, susijusi\u0173 su da\u017enu keitimu.<\/li>\n<li><strong>Pa\u017eangi dvigubo tinklelio rit\u0117s technologija:<\/strong> Patirkite sodr\u0173, pastov\u0173 skon\u012f ir gaus\u0173 gar\u0173 kiek\u012f su kiekvienu papur\u0161kimu.<\/li>\n<li><strong>Ilgai veikianti 850 mAh \u012fkraunama baterija:<\/strong> Atsisveikinkite su nerimu d\u0117l akumuliatoriaus su galingu \u012fkraunamu akumuliatoriumi.<\/li>\n<li><strong>Intuityvus LCD ekranas:<\/strong> B\u016bkite informuoti apie akumuliatoriaus veikimo trukm\u0119 ir elektroninio skys\u010dio kiek\u012f i\u0161 pirmo \u017evilgsnio.<\/li>\n<li><strong>Pritaikomi \"Eco\" ir \"Turbo\" re\u017eimai:<\/strong> Pritaikykite garinimo patirt\u012f pagal savo pageidavimus, nesvarbu, ar m\u0117gstate ilgesn\u012f baterijos veikimo laik\u0105, ar intensyvesn\u012f skon\u012f.<\/li>\n<li><strong>Dvigubas nikotino stiprumas:<\/strong> Galima \u012fsigyti 2% ir 5% nikotino variant\u0173, kad b\u016bt\u0173 patenkinti \u012fvair\u016bs klient\u0173 pageidavimai.<\/li>\n<li><strong>Auk\u0161\u010diausios kokyb\u0117s metalo konstrukcija:<\/strong> M\u0117gaukit\u0117s eleganti\u0161ku, patvariu ir prabangiu vape ra\u0161ikliu su auk\u0161tos klas\u0117s metalo apdaila.<\/li>\n<li><strong>Platus skoni\u0173 pasirinkimas:<\/strong> Pasim\u0117gaukite \u012fvairiais kruop\u0161\u010diai sukurtais skoniais.<\/li>\n<\/ul>\n<p><iframe title=\"VideoPress vaizdo \u012fra\u0161\u0173 grotuvas\" aria-label='VideoPress vaizdo \u012fra\u0161\u0173 grotuvas' width='1020' height='574' src='https:\/\/videopress.com\/embed\/5n4svF8i?hd=0&amp;cover=1' frameborder='0' allowfullscreen allow='clipboard-write'><\/iframe><script src='https:\/\/v0.wordpress.com\/js\/next\/videopress-iframe.js?m=1739540970'><\/script><\/p>\n<h3>I\u0161samios savyb\u0117s:<\/h3>\n<h4>Dviej\u0173 tinkleli\u0173 rit\u0117s technologija<\/h4>\n<p>\"Fizzy Nova 20000 Puffs\" naudojama pa\u017eangi dvigubo tinklelio spiral\u0117s technologija, u\u017etikrinanti didesn\u012f pavir\u0161iaus plot\u0105, kad b\u016bt\u0173 geriau skleid\u017eiamas aromatas ir gaminami garai. Taip u\u017etikrinamas nuolatinis pasitenkinim\u0105 keliantis garinimas nuo pirmojo iki paskutinio d\u016b\u017eio.<\/p>\n<h4>\"Eco\" ir \"Turbo\" re\u017eimai<\/h4>\n<p>Pritaikykite savo garinimo seansus naudodami unikalius \"Fizzy Nova\" \"Eco\" ir \"Turbo\" re\u017eimus. \"Eco\" re\u017eimas optimizuoja baterijos veikimo trukm\u0119 ir e. skys\u010dio suvartojim\u0105 ilgesniam naudojimui, o \"Turbo\" re\u017eimas u\u017etikrina intensyvesn\u012f ir stipresn\u012f garinim\u0105.<\/p>\n<h4>850 mAh \u012fkraunama baterija<\/h4>\n<p>\"Fizzy Nova 20000 Puffs\" turi galing\u0105 850 mAh \u012fkraunam\u0105 baterij\u0105, kuri u\u017etikrina ilgalaik\u012f veikim\u0105 ir leid\u017eia m\u0117gautis garinimu be da\u017eno \u012fkrovimo.<\/p>\n<h4>LCD ekranas su indikatoriais<\/h4>\n<p>Integruotame skyst\u0173j\u0173 kristal\u0173 ekrane realiuoju laiku pateikiama informacija apie akumuliatoriaus veikimo trukm\u0119 ir elektroninio skys\u010dio kiek\u012f, tod\u0117l visada b\u016bsite pasiruo\u0161\u0119 ir niekada neb\u016bsite u\u017eklupti netik\u0117tai.<\/p>\n<h4>Auk\u0161\u010diausios kokyb\u0117s metalo meistri\u0161kumas<\/h4>\n<p>I\u0161 auk\u0161tos kokyb\u0117s metalo pagamintas \"Fizzy Nova 20000 Puffs\" pasi\u017eymi eleganti\u0161ku ir stilingu dizainu, kuris yra patvarus ir vizualiai patrauklus.<\/p>\n<h3>Susipa\u017einkite su pla\u010diu skoni\u0173 asortimentu:<\/h3>\n<ul>\n<li><strong>Vaisiniai skan\u0117stai:<\/strong> citrin\u0173 laimo, mi\u0161ri\u0173 uog\u0173, bra\u0161ki\u0173 kivi\u0173, arb\u016bz\u0173, bra\u0161ki\u0173, m\u0117lyni\u0173, vynuogi\u0173, avie\u010di\u0173 citrin\u0173, ananas\u0173 persik\u0173 pasiflor\u0173, kivi\u0173 pasiflor\u0173 gvajav\u0173<\/li>\n<li><strong>Sald\u016bs poj\u016b\u010diai:<\/strong> Gazuota vy\u0161nia, rausvasis limonadas, persikas, m\u0117lyni\u0173 kokosas<\/li>\n<li><strong>R\u016bg\u0161tus ir gaivus:<\/strong> R\u016bg\u0161tus obuolys<\/li>\n<\/ul>\n<h3>Kod\u0117l verta rinktis \"AiviouVape\" didmeninei prekybai?<\/h3>\n<ul>\n<li><strong>Did\u017eiausia didmenin\u0117s prekybos internetu platforma:<\/strong> Aptarnauja Nyderlandus, Vokietij\u0105, Belgij\u0105 ir Ispanij\u0105.<\/li>\n<li><strong>Konkurencingos didmenin\u0117s kainos:<\/strong> Padidinkite savo pelno mar\u017e\u0105 naudodamiesi patraukliomis didmenin\u0117mis kainomis.<\/li>\n<li><strong>Greitas ir patikimas pristatymas:<\/strong> U\u017etikrinkite savalaik\u012f pristatym\u0105, kad patenkintum\u0117te klient\u0173 poreikius.<\/li>\n<li><strong>Puikus klient\u0173 aptarnavimas:<\/strong> M\u016bs\u0173 komanda siekia teikti i\u0161skirtines paslaugas.<\/li>\n<li><strong>Original\u016bs gamyklos produktai:<\/strong> U\u017etikrinkite savo klientams auk\u0161\u010diausi\u0105 kokyb\u0119 ir autenti\u0161kum\u0105.<\/li>\n<\/ul>\n<p>Sveiki atvyk\u0119 \u012f Fizzy Nova 20000 Puffs didmenin\u012f u\u017esakym\u0105 \u0161iame puslapyje ir pagerinkite savo vape produkt\u0173 pasi\u016bl\u0105!<\/p>","protected":false},"excerpt":{"rendered":"<p>\"Fizzy Nova\" 20000 puffs\u0173! Su <strong data-start=\"457\" data-end=\"476\">dvigubo tinklelio rit\u0117s<\/strong> geresniam skoniui suteikti. <strong>ma\u017eo nikotino kiekio formul\u0117<\/strong> kad sm\u016bgiai b\u016bt\u0173 sklandesni, ir <strong data-start=\"550\" data-end=\"570\">ai\u0161kus LCD ekranas<\/strong> steb\u0117ti akumuliatoriaus ir elektroninio skys\u010dio lyg\u012f. \u0160is \u012fkraunamas vienkartinis vape puikiai tinka didmeniniams pirk\u0117jams, ie\u0161kantiems auk\u0161tos kokyb\u0117s ir dideli\u0173 kain\u0173 variant\u0173.<\/p>","protected":false},"featured_media":30095,"comment_status":"open","ping_status":"closed","template":"","meta":[],"product_brand":[248],"product_cat":[129,223],"product_tag":[],"class_list":{"0":"post-30076","1":"product","2":"type-product","3":"status-publish","4":"has-post-thumbnail","6":"product_brand-fizzy","7":"product_cat-20000-puffs-disposable-vape","8":"product_cat-fizzy","10":"first","11":"instock","12":"shipping-taxable","13":"purchasable","14":"product-type-variable","15":"has-default-attributes"},"jetpack_sharing_enabled":true,"tiered_pricing_type":"fixed","tiered_pricing_fixed_rules":{"200":6.5999999999999996447286321199499070644378662109375,"500":5.9000000000000003552713678800500929355621337890625},"tiered_pricing_product_settings":{"layout":"default","base_unit_name":{"singular":null,"plural":null},"default_variation":null},"tiered_pricing_minimum_quantity":100,"tiered_pricing_roles_data":[],"tiered_pricing_percentage_rules":[],"tiered_pricing_maximum_quantity":null,"tiered_pricing_quantity_step":"10","_links":{"self":[{"href":"https:\/\/aiviouvapes.com\/lt\/wp-json\/wp\/v2\/product\/30076","targetHints":{"allow":["GET"]}}],"collection":[{"href":"https:\/\/aiviouvapes.com\/lt\/wp-json\/wp\/v2\/product"}],"about":[{"href":"https:\/\/aiviouvapes.com\/lt\/wp-json\/wp\/v2\/types\/product"}],"replies":[{"embeddable":true,"href":"https:\/\/aiviouvapes.com\/lt\/wp-json\/wp\/v2\/comments?post=30076"}],"wp:featuredmedia":[{"embeddable":true,"href":"https:\/\/aiviouvapes.com\/lt\/wp-json\/wp\/v2\/media\/30095"}],"wp:attachment":[{"href":"https:\/\/aiviouvapes.com\/lt\/wp-json\/wp\/v2\/media?parent=30076"}],"wp:term":[{"taxonomy":"product_brand","embeddable":true,"href":"https:\/\/aiviouvapes.com\/lt\/wp-json\/wp\/v2\/product_brand?post=30076"},{"taxonomy":"product_cat","embeddable":true,"href":"https:\/\/aiviouvapes.com\/lt\/wp-json\/wp\/v2\/product_cat?post=30076"},{"taxonomy":"product_tag","embeddable":true,"href":"https:\/\/aiviouvapes.com\/lt\/wp-json\/wp\/v2\/product_tag?post=30076"}],"curies":[{"name":"wp","href":"https:\/\/api.w.org\/{rel}","templated":true}]}}