{"id":29120,"date":"2025-02-21T15:04:17","date_gmt":"2025-02-21T07:04:17","guid":{"rendered":"https:\/\/aiviouvapes.com\/?post_type=product&#038;p=29120"},"modified":"2026-04-13T17:47:53","modified_gmt":"2026-04-13T09:47:53","slug":"mystery-vape-blind-box","status":"publish","type":"product","link":"https:\/\/aiviouvapes.com\/lt\/product\/mystery-vape-blind-box\/","title":{"rendered":"\"Paslaptingoji Vienkartin\u0117 Vape D\u0117\u017eut\u0117\" - netik\u0117ta pakuot\u0117 dr\u0105suoliams!"},"content":{"rendered":"<p>Pasiruo\u0161kite jaudinan\u010diam nuotykiui su m\u016bs\u0173 <strong>Paslaptis Vienkartin\u0117 Vape d\u0117\u017eut\u0117<\/strong>, kur kiekvienas i\u0161pakavimas pateikia maloni\u0105 staigmen\u0105. Viduje rasite kruop\u0161\u010diai atrinkt\u0105 elektronini\u0173 cigare\u010di\u0173 skoni\u0173 rinkin\u012f - nuo nesenstan\u010di\u0173 klasikini\u0173 iki dr\u0105si\u0173 egzoti\u0161k\u0173 mi\u0161ini\u0173. Nesvarbu, ar trok\u0161tate gaivi\u0173, gaivinan\u010di\u0173 nat\u0173, ar sodraus, intensyvumo skonio, kiekvienoje d\u0117\u017eut\u0117je rasite nauj\u0105 skonio patirt\u012f, kuri privers jus sugr\u012f\u017eti dar kart\u0105.<\/p>\n<p>Puikiai tinka nuotyki\u0173 m\u0117g\u0117jams arba tiems, kurie m\u0117gsta netik\u0117tus apsipirkimus. <strong>Paslaptis Vienkartin\u0117 Vape d\u0117\u017eut\u0117<\/strong> tai - jaudinantis nauj\u0173, atsitiktinai parinkt\u0173 skoni\u0173 atradimas. Kiekvienas d\u016bmas - tai netik\u0117ta kelion\u0117!<\/p>\n<h3>Kaip veikia paslapties d\u0117\u017eut\u0117<\/h3>\n<p>Pasiruo\u0161kite geriausiam vape nuotykiui su m\u016bs\u0173 <strong>Paslaptis Vienkartin\u0117 Vape d\u0117\u017eut\u0117<\/strong>! Kiekvienoje d\u0117\u017eut\u0117je yra 10 auk\u0161\u010diausios kokyb\u0117s vienkartini\u0173 garintuv\u0173 su \u012fdomi\u0173 ir \u012fvairi\u0173 skoni\u0173 mi\u0161iniu. Nors negalime garantuoti konkre\u010di\u0173 skoni\u0173, kiekvienoje d\u0117\u017eut\u0117je galite tik\u0117tis jaudinan\u010dios staigmenos, \u012fskaitant populiarius modelius, pvz. <strong>WASPE,UWIN,ELF-WORLD,VOPK,Randm,MRVI<\/strong>\u00a0- su daugiau nei 100 unikali\u0173 skonio profili\u0173!<\/p>\n<ul>\n<li><strong>Visi pardavimai yra galutiniai<\/strong>: D\u0117l gaminio pob\u016bd\u017eio negalime gr\u0105\u017einti pinig\u0173 ar pakeisti gaminio, i\u0161skyrus atvejus, kai su gaminiu kyla kokyb\u0117s problem\u0173.<\/li>\n<li><strong>Nemokamas pristatymas<\/strong>: M\u0117gaukit\u0117s nemokamu pristatymu vis\u0173 u\u017esakym\u0173 <strong>Paslaptis Vienkartin\u0117 Vape d\u0117\u017eut\u0117<\/strong>.<\/li>\n<li><strong>Am\u017eiaus reikalavimas<\/strong>: Nor\u0117dami \u012fsigyti ir naudoti \u0161\u012f gamin\u012f, klientai turi b\u016bti sulauk\u0119 savo jurisdikcijoje leid\u017eiamo r\u016bkan\u010diojo am\u017eiaus.<\/li>\n<li>\u012esigydami <strong>Paslaptis Vienkartin\u0117 Vape d\u0117\u017eut\u0117<\/strong>, sutinkate su \u0161iomis s\u0105lygomis ir nuostatomis.<\/li>\n<\/ul>\n<h3>Pristatymo b\u016bdai<\/h3>\n<p>Bendradarbiaujame su tokiais patikimais ve\u017e\u0117jais kaip UPS, DHL, \"FedEx\" ir DPD, kad j\u016bs\u0173 u\u017esakymas b\u016bt\u0173 pristatytas greitai. Pristatymo b\u016bdas bus parinktas atsi\u017evelgiant \u012f pristatymo viet\u0105, kad b\u016bt\u0173 u\u017etikrintas grei\u010diausias ir patikimiausias aptarnavimas.<\/p>\n<ul>\n<li><strong>Europos \u0161alys<\/strong>: Paprastai pristatoma per 12-15 dien\u0173.<\/li>\n<li><strong>Jungtin\u0117s Amerikos Valstijos<\/strong>: Paprastai pristatoma per 10 dien\u0173.<\/li>\n<li><strong>Steb\u0117jimas realiuoju laiku<\/strong>: Kiekviename \u017eingsnyje jums pateiksime naujausi\u0105 logistikos informacij\u0105.<\/li>\n<\/ul>\n<p>Galite b\u016bti tikri, kad j\u016bs\u0173 vardu atliksime visas muitin\u0117s proced\u016bras ir u\u017etikrinsime skland\u017ei\u0105 ir nevarginan\u010di\u0105 patirt\u012f. Be to, nebus taikomi jokie papildomi mokes\u010diai ir garantuojame, kad <strong>100% m\u016bs\u0173 produkt\u0173 bus i\u0161muitinti<\/strong>.<\/p>\n<style>.tier-pricing-summary-table {display:none !important}<br \/>.mysterybox1 {display:none}<br \/><\/style>","protected":false},"excerpt":{"rendered":"<p>Atskleiskite did\u017eiausi\u0105 vape staigmen\u0105 su m\u016bs\u0173 <strong>Paslaptis Vienkartin\u0117 Vape d\u0117\u017eut\u0117<\/strong> - dabar galima \u012fsigyti su neprilygstama nuolaida, kupono kodo nereikia! Supakuota su <strong>10 auk\u0161\u010diausios kokyb\u0117s vienkartini\u0173 vapes<\/strong>, kiekvienoje d\u0117\u017eut\u0117je yra \u012fdomi\u0173 skoni\u0173 mi\u0161inys, \u012fskaitant m\u0117gstamus, pvz. <strong>WASPE, UWIN, ELFWORLD, VOPK, Randm, MRVI<\/strong>. Kiekvienas d\u016bmelis atne\u0161a nauj\u0105 nuotyk\u012f, nes galima atrasti daugiau nei 100 skirting\u0173 skonio profili\u0173!<\/p>","protected":false},"featured_media":29126,"comment_status":"open","ping_status":"closed","template":"","meta":[],"product_brand":[],"product_cat":[133,280],"product_tag":[306,308,303,305,304,302],"class_list":{"0":"post-29120","1":"product","2":"type-product","3":"status-publish","4":"has-post-thumbnail","6":"product_cat-disposable-vapes-in-europe","7":"product_cat-cheap-rechargeable-disposable-vapes","8":"product_tag-best-disposable-vapes","9":"product_tag-disposable-vape-in-europe","10":"product_tag-screen-vape","11":"product_tag-vape-suppliers","12":"product_tag-wholesale-vapes","13":"product_tag-wholesale-vapor","15":"first","16":"instock","17":"sale","18":"shipping-taxable","19":"purchasable","20":"product-type-simple"},"jetpack_sharing_enabled":true,"tiered_pricing_type":"fixed","tiered_pricing_fixed_rules":[],"tiered_pricing_product_settings":{"layout":"default","base_unit_name":{"singular":null,"plural":null},"default_variation":null},"tiered_pricing_minimum_quantity":null,"tiered_pricing_roles_data":[],"tiered_pricing_percentage_rules":[],"tiered_pricing_maximum_quantity":null,"tiered_pricing_quantity_step":null,"_links":{"self":[{"href":"https:\/\/aiviouvapes.com\/lt\/wp-json\/wp\/v2\/product\/29120","targetHints":{"allow":["GET"]}}],"collection":[{"href":"https:\/\/aiviouvapes.com\/lt\/wp-json\/wp\/v2\/product"}],"about":[{"href":"https:\/\/aiviouvapes.com\/lt\/wp-json\/wp\/v2\/types\/product"}],"replies":[{"embeddable":true,"href":"https:\/\/aiviouvapes.com\/lt\/wp-json\/wp\/v2\/comments?post=29120"}],"wp:featuredmedia":[{"embeddable":true,"href":"https:\/\/aiviouvapes.com\/lt\/wp-json\/wp\/v2\/media\/29126"}],"wp:attachment":[{"href":"https:\/\/aiviouvapes.com\/lt\/wp-json\/wp\/v2\/media?parent=29120"}],"wp:term":[{"taxonomy":"product_brand","embeddable":true,"href":"https:\/\/aiviouvapes.com\/lt\/wp-json\/wp\/v2\/product_brand?post=29120"},{"taxonomy":"product_cat","embeddable":true,"href":"https:\/\/aiviouvapes.com\/lt\/wp-json\/wp\/v2\/product_cat?post=29120"},{"taxonomy":"product_tag","embeddable":true,"href":"https:\/\/aiviouvapes.com\/lt\/wp-json\/wp\/v2\/product_tag?post=29120"}],"curies":[{"name":"wp","href":"https:\/\/api.w.org\/{rel}","templated":true}]}}