{"id":25551,"date":"2024-11-23T13:59:57","date_gmt":"2024-11-23T05:59:57","guid":{"rendered":"https:\/\/aiviouvapes.com\/?post_type=product&#038;p=25551"},"modified":"2026-04-17T13:01:02","modified_gmt":"2026-04-17T05:01:02","slug":"jnr-vape-watch-30000-30k-puffs-wholesale","status":"publish","type":"product","link":"https:\/\/aiviouvapes.com\/lt\/product\/jnr-vape-watch-30000-30k-puffs-wholesale\/","title":{"rendered":"JNR Vape Watch 30000 puffs\u0173 | 2% nikotinas, 19 ml, dvigubas tinklelis, 1000 mAh, i\u0161manusis, greitas \u012fkrovimas"},"content":{"rendered":"<p><iframe title=\"VideoPress vaizdo \u012fra\u0161\u0173 grotuvas\" aria-label='VideoPress vaizdo \u012fra\u0161\u0173 grotuvas' width='1020' height='574' src='https:\/\/videopress.com\/embed\/3s6S9iWa?hd=0&amp;cover=1' frameborder='0' allowfullscreen allow='clipboard-write'><\/iframe><script src='https:\/\/v0.wordpress.com\/js\/next\/videopress-iframe.js?m=1739540970'><\/script><\/p>\n<p><strong>JNR Vape Watch 30000<\/strong>\u00a0\u2013 \u201eUtimate Smart Disposable Vape\u201c, skirta \u0161iuolaikiniams garduokl\u0117ms<\/p>\n<p>JNR Vape Watch 30000 30K \u012fp\u016btim\u0173 | 2% nikotinas, 19 ml e-skys\u010dio, dvigubo tinklelio rit\u0117, 1000 mAh \u012fkraunama baterija, C tipo greitas \u012fkrovimas, 30 000 \u012fp\u016btim\u0173, i\u0161maniosios funkcijos, didmenin\u0117 prekyba vienkartiniais garais<\/p>\n<p>Pristatome\u00a0<strong>JNR Vape Watch 30000<\/strong>, novatori\u0161kas garavimo technologijos ir i\u0161maniojo laikrod\u017eio galimybi\u0173 sintez\u0117. \u0160is naujovi\u0161kas \u012frenginys si\u016blo \u012fsp\u016bding\u0105\u00a0<strong>30 000 \u012fkv\u0117pim\u0173<\/strong>\u00a0\u012fprastu re\u017eimu ir\u00a0<strong>18000 \u012fkv\u0117pim\u0173<\/strong>\u00a0impulsiniu re\u017eimu, u\u017etikrinant i\u0161skirtin\u0119 garinimo patirt\u012f, kuri trunka ilgai.<\/p>\n<p>Su\u00a0<strong>19 ml e-skys\u010dio talpa<\/strong>\u00a0ir\u00a0<strong>2% nikotino stiprumas<\/strong>, JNR Vape Watch skleid\u017eia skland\u017eius ir malonius garus. Prietaisas turi a\u00a0<strong>1000 mAh \u012fkraunama baterija<\/strong>\u00a0su C tipo greituoju \u012fkrovimu, u\u017etikrinan\u010diu patikim\u0105 gali\u0105 tiek garams, tiek i\u0161maniosioms funkcijoms.<\/p>\n<p>I\u0161skirtin\u0117 \u201eJNR Vape Watch\u201c savyb\u0117 yra ta\u00a0<strong>dviguba tinklin\u0117 rit\u0117<\/strong>, kuris pagerina skonio pateikim\u0105 ir gar\u0173 gamyb\u0105. Be to, \u012frenginyje yra daugyb\u0117 i\u0161mani\u0173j\u0173 funkcij\u0173, toki\u0173 kaip skambu\u010di\u0173 funkcija, tekstini\u0173 prane\u0161im\u0173 siuntimas, nuotolin\u0117 kamera ir reaguojanti program\u0117l\u0117, skirta skland\u017eiai valdyti.<\/p>\n<p>Siekiant didesnio patogumo,\u00a0<strong>Raskite savo telefon\u0105<\/strong>\u00a0funkcija padeda rasti j\u016bs\u0173 \u012frengin\u012f, o\u00a0<strong>privati spyna<\/strong>\u00a0u\u017etikrina j\u016bs\u0173 duomen\u0173 saugum\u0105. Be to, nuimamas laikrod\u017eio dizainas suteikia stilingumo ir ne\u0161iojamumo.<\/p>\n<p>Pasirinkite i\u0161\u00a0<strong>10 nuostabi\u0173 skoni\u0173<\/strong>\u00a0ir patirkite tobul\u0105 na\u0161umo, ry\u0161io ir patogumo derin\u012f su\u00a0<strong>JNR Vape Watch 30000<\/strong>. Tai daugiau nei tik vape \u2013 tai j\u016bs\u0173 i\u0161manusis gar\u0173 palydovas.<\/p>\n<h5><strong>JNR Vape Watch 30000 30K Puffs<br \/>\n<\/strong><strong>Savyb\u0117s:<\/strong><\/h5>\n<ul>\n<li>Nikotinas: 2%<\/li>\n<li>\u012ep\u016btimai: \u012eprastas re\u017eimas: 30 000 \u012fkv\u0117pim\u0173<\/li>\n<li>Pulso re\u017eimas: 18000 \u012fkv\u0117pim\u0173<\/li>\n<li>Dvigubo tinklelio rit\u0117<\/li>\n<li>E-skystis: 19 ml<\/li>\n<li>Baterijos talpa: 1000 mAh<\/li>\n<li>\u012ekraunamas: C tipo greitasis \u012fkrovimas<\/li>\n<li>Skambinimo funkcija<\/li>\n<li>Teksto \u017einut\u0117<\/li>\n<li>Nuotolinis fotoaparatas<\/li>\n<li>Responsive App<\/li>\n<li>Raskite savo telefon\u0105<\/li>\n<li>Privatus u\u017eraktas<\/li>\n<li>Nuimamas laikrodis<\/li>\n<li>Galimi 10 skoni\u0173<\/li>\n<\/ul>\n<h5><strong>JNR\u00a0<\/strong><strong>Vape laikrodis\u00a0<\/strong><strong>30 000 30 000 i\u0161p\u016btim\u0173<br \/>\n<\/strong><strong>Skoni\u0173 s\u0105ra\u0161as:<\/strong><\/h5>\n<ol>\n<li>Blue Razz Ledas<\/li>\n<li>Bra\u0161ki\u0173 ledai<\/li>\n<li>Arb\u016bz\u0173 ledas<\/li>\n<li>Miami Mint<\/li>\n<li>Bra\u0161ki\u0173 bananai<\/li>\n<li>Trigubos uogos<\/li>\n<li>R\u016bg\u0161tus obuoli\u0173 ledas<\/li>\n<li>M\u0117lyni\u0173 arb\u016bzas<\/li>\n<li>D\u017eord\u017eijos persikas<\/li>\n<li>Apelsin\u0173 mangai<\/li>\n<\/ol>\n<h3>Kod\u0117l verta rinktis \u201eAiviouVapes\u201c.<\/h3>\n<p>Sveiki atvyk\u0119 \u012f <a href=\"https:\/\/aiviouvapes.com\/lt\/\">AiviouVapes<\/a> - j\u016bs\u0173 patikimas auk\u0161\u010diausios kokyb\u0117s, prieinam\u0173 kain\u0173 \u0161altinis <a href=\"https:\/\/aiviouvapes.com\/lt\/shop\/\">didmenin\u0117 vienkartini\u0173 vapes<\/a> tikrai ma\u017eomis kainomis. Daugiau nei penkerius metus sukaup\u0119 patirties vape pramon\u0117s srityje, mes did\u017eiuojam\u0117s gal\u0117dami pasi\u016blyti rankomis atrinkt\u0173 pirmaujan\u010di\u0173 preki\u0173 \u017eenkl\u0173 pasirinkim\u0105, \u012fskaitant <a href=\"https:\/\/aiviouvapes.com\/lt\/produkto-kategorija\/waspe\/\">WASPE<\/a>, <a href=\"https:\/\/aiviouvapes.com\/lt\/produkto-kategorija\/bang\/\">\"Bang Vape<\/a>, <a href=\"https:\/\/aiviouvapes.com\/lt\/produkto-kategorija\/vapme-vapes\/\">Vapme<\/a>, ir <a href=\"https:\/\/aiviouvapes.com\/lt\/produkto-kategorija\/mrvi\/\">MRVI<\/a>.<\/p>\n<p>Nuo didelio na\u0161umo prietais\u0173, pvz. <a href=\"https:\/\/aiviouvapes.com\/lt\/produktas\/waspe-4-in-1-100000-puffs\/\">WASPE 100K 4-in-1 skonio<\/a> \u012f dr\u0105siai m\u0117gstamus, pvz. <a href=\"https:\/\/aiviouvapes.com\/lt\/produktas\/bang-king-triple-flavors-85000\/\">Bang 85 000 Trigubas puodas<\/a>, ir net \u012fdomus <a class=\"woocommerce-LoopProduct-link woocommerce-loop-product__link\" href=\"https:\/\/aiviouvapes.com\/lt\/produktas\/mystery-vape-blind-box\/\">Paslaptis Vienkartin\u0117 Vape d\u0117\u017eut\u0117<\/a>kiekvienas gaminys pasirenkamas d\u0117l auk\u0161\u010diausios kokyb\u0117s ir neprilygstamos vert\u0117s. \"AiviouVapes\" gal\u0117site m\u0117gautis puikiu aptarnavimu, didmenin\u0117mis nuolaidomis ir kolekcija, sukurta taip, kad atitikt\u0173 j\u016bs\u0173 garinimo poreikius.<\/p>\n<div class=\"row row-large row-full-width align-middle\"  id=\"row-120318115\">\n\n\n\t<div id=\"col-392926532\" class=\"col medium-3 small-6 large-3\"  >\n\t\t\t\t<div class=\"col-inner text-center\"  >\n\t\t\t\n\t\t\t\n\n\n\t\t<div class=\"icon-box featured-box icon-box-top text-left\"  >\n\t\t\t\t\t<div class=\"icon-box-img\" style=\"width: 90px\">\n\t\t\t\t<div class=\"icon\">\n\t\t\t\t\t<div class=\"icon-inner\" >\n\t\t\t\t\t\t<img loading=\"lazy\" decoding=\"async\" width=\"200\" height=\"200\" src=\"https:\/\/i0.wp.com\/aiviouvapes.com\/wp-content\/uploads\/2024\/08\/vape-1-1.png?fit=200%2C200&amp;ssl=1\" class=\"attachment-medium size-medium\" alt=\"Kod\u0117l verta rinktis AIVIOUVAPES\" srcset=\"https:\/\/i0.wp.com\/aiviouvapes.com\/wp-content\/uploads\/2024\/08\/vape-1-1.png?w=200&amp;ssl=1 200w, https:\/\/i0.wp.com\/aiviouvapes.com\/wp-content\/uploads\/2024\/08\/vape-1-1.png?resize=150%2C150&amp;ssl=1 150w, https:\/\/i0.wp.com\/aiviouvapes.com\/wp-content\/uploads\/2024\/08\/vape-1-1.png?resize=12%2C12&amp;ssl=1 12w, https:\/\/i0.wp.com\/aiviouvapes.com\/wp-content\/uploads\/2024\/08\/vape-1-1.png?resize=100%2C100&amp;ssl=1 100w\" sizes=\"auto, (max-width: 200px) 100vw, 200px\" title=\"\">\t\t\t\t\t<\/div>\n\t\t\t\t<\/div>\n\t\t\t<\/div>\n\t\t\t\t<div class=\"icon-box-text last-reset\">\n\t\t\t\t\t\t\t\t\t\n\n\t<div id=\"text-1216282781\" class=\"text\">\n\t\t\n\n<h3 style=\"text-align: center;\">Didel\u0117 Vape \u012fvairov\u0117<\/h3>\n<p style=\"text-align: center;\">Atraskite m\u016bs\u0173 plat\u0173 gamini\u0173 asortiment\u0105, sukurt\u0105 pagal kiekvien\u0105 pageidavim\u0105.<\/p>\n\t\t\n<style>\n#text-1216282781 {\n  font-size: 0.9rem;\n}\n<\/style>\n\t<\/div>\n\t\n\n\t\t<\/div>\n\t<\/div>\n\t\n\t\n\n\t\t<\/div>\n\t\t\t\t\t<\/div>\n\n\t\n\n\t<div id=\"col-1427069164\" class=\"col medium-3 small-6 large-3\"  >\n\t\t\t\t<div class=\"col-inner text-center\"  >\n\t\t\t\n\t\t\t\n\n\n\t\t<div class=\"icon-box featured-box icon-box-top text-left\"  >\n\t\t\t\t\t<div class=\"icon-box-img\" style=\"width: 90px\">\n\t\t\t\t<div class=\"icon\">\n\t\t\t\t\t<div class=\"icon-inner\" >\n\t\t\t\t\t\t<img loading=\"lazy\" decoding=\"async\" width=\"200\" height=\"200\" src=\"https:\/\/i0.wp.com\/aiviouvapes.com\/wp-content\/uploads\/2024\/08\/save-money-1-1-1.png?fit=200%2C200&amp;ssl=1\" class=\"attachment-medium size-medium\" alt=\"Kod\u0117l verta rinktis AIVIOUVAPES\" srcset=\"https:\/\/i0.wp.com\/aiviouvapes.com\/wp-content\/uploads\/2024\/08\/save-money-1-1-1.png?w=200&amp;ssl=1 200w, https:\/\/i0.wp.com\/aiviouvapes.com\/wp-content\/uploads\/2024\/08\/save-money-1-1-1.png?resize=150%2C150&amp;ssl=1 150w, https:\/\/i0.wp.com\/aiviouvapes.com\/wp-content\/uploads\/2024\/08\/save-money-1-1-1.png?resize=12%2C12&amp;ssl=1 12w, https:\/\/i0.wp.com\/aiviouvapes.com\/wp-content\/uploads\/2024\/08\/save-money-1-1-1.png?resize=100%2C100&amp;ssl=1 100w\" sizes=\"auto, (max-width: 200px) 100vw, 200px\" title=\"\">\t\t\t\t\t<\/div>\n\t\t\t\t<\/div>\n\t\t\t<\/div>\n\t\t\t\t<div class=\"icon-box-text last-reset\">\n\t\t\t\t\t\t\t\t\t\n\n\t<div id=\"text-3019668953\" class=\"text\">\n\t\t\n\n<h3 style=\"text-align: center;\">Neprilygstama vert\u0117<\/h3>\n<p style=\"text-align: center;\">M\u0117gaukit\u0117s auk\u0161\u010diausios kokyb\u0117s produktais u\u017e j\u016bs\u0173 biud\u017eet\u0105 atitinkan\u010dias kainas.<\/p>\n\t\t\n<style>\n#text-3019668953 {\n  font-size: 0.9rem;\n}\n<\/style>\n\t<\/div>\n\t\n\n\t\t<\/div>\n\t<\/div>\n\t\n\t\n\n\t\t<\/div>\n\t\t\t\t\t<\/div>\n\n\t\n\n\t<div id=\"col-1509401255\" class=\"col medium-3 small-6 large-3\"  >\n\t\t\t\t<div class=\"col-inner text-center\"  >\n\t\t\t\n\t\t\t\n\n\n\t\t<div class=\"icon-box featured-box icon-box-top text-left\"  >\n\t\t\t\t\t<div class=\"icon-box-img\" style=\"width: 90px\">\n\t\t\t\t<div class=\"icon\">\n\t\t\t\t\t<div class=\"icon-inner\" >\n\t\t\t\t\t\t<img loading=\"lazy\" decoding=\"async\" width=\"200\" height=\"200\" src=\"https:\/\/i0.wp.com\/aiviouvapes.com\/wp-content\/uploads\/2024\/08\/delivery-truck-1-1.png?fit=200%2C200&amp;ssl=1\" class=\"attachment-medium size-medium\" alt=\"Kod\u0117l verta rinktis AIVIOUVAPES\" srcset=\"https:\/\/i0.wp.com\/aiviouvapes.com\/wp-content\/uploads\/2024\/08\/delivery-truck-1-1.png?w=200&amp;ssl=1 200w, https:\/\/i0.wp.com\/aiviouvapes.com\/wp-content\/uploads\/2024\/08\/delivery-truck-1-1.png?resize=150%2C150&amp;ssl=1 150w, https:\/\/i0.wp.com\/aiviouvapes.com\/wp-content\/uploads\/2024\/08\/delivery-truck-1-1.png?resize=12%2C12&amp;ssl=1 12w, https:\/\/i0.wp.com\/aiviouvapes.com\/wp-content\/uploads\/2024\/08\/delivery-truck-1-1.png?resize=100%2C100&amp;ssl=1 100w\" sizes=\"auto, (max-width: 200px) 100vw, 200px\" title=\"\">\t\t\t\t\t<\/div>\n\t\t\t\t<\/div>\n\t\t\t<\/div>\n\t\t\t\t<div class=\"icon-box-text last-reset\">\n\t\t\t\t\t\t\t\t\t\n\n\t<div id=\"text-25135545\" class=\"text\">\n\t\t\n\n<h3 style=\"text-align: center;\">\u201eSwift\u201c pasaulinis pristatymas<\/h3>\n<p style=\"text-align: center;\">Mes pristatome visame pasaulyje su garantuotu muitin\u0117s formalum\u0173 atlikimu, kad patirtis b\u016bt\u0173 sklandi.<\/p>\n\t\t\n<style>\n#text-25135545 {\n  font-size: 0.9rem;\n}\n<\/style>\n\t<\/div>\n\t\n\n\t\t<\/div>\n\t<\/div>\n\t\n\t\n\n\t\t<\/div>\n\t\t\t\t\t<\/div>\n\n\t\n\n\t<div id=\"col-1098506379\" class=\"col medium-3 small-6 large-3\"  >\n\t\t\t\t<div class=\"col-inner text-center\"  >\n\t\t\t\n\t\t\t\n\n\n\t\t<div class=\"icon-box featured-box icon-box-top text-left\"  >\n\t\t\t\t\t<div class=\"icon-box-img\" style=\"width: 90px\">\n\t\t\t\t<div class=\"icon\">\n\t\t\t\t\t<div class=\"icon-inner\" >\n\t\t\t\t\t\t<img loading=\"lazy\" decoding=\"async\" width=\"200\" height=\"200\" src=\"https:\/\/i0.wp.com\/aiviouvapes.com\/wp-content\/uploads\/2024\/08\/support-1-1.png?fit=200%2C200&amp;ssl=1\" class=\"attachment-medium size-medium\" alt=\"Kod\u0117l verta rinktis AIVIOUVAPES\" srcset=\"https:\/\/i0.wp.com\/aiviouvapes.com\/wp-content\/uploads\/2024\/08\/support-1-1.png?w=200&amp;ssl=1 200w, https:\/\/i0.wp.com\/aiviouvapes.com\/wp-content\/uploads\/2024\/08\/support-1-1.png?resize=150%2C150&amp;ssl=1 150w, https:\/\/i0.wp.com\/aiviouvapes.com\/wp-content\/uploads\/2024\/08\/support-1-1.png?resize=12%2C12&amp;ssl=1 12w, https:\/\/i0.wp.com\/aiviouvapes.com\/wp-content\/uploads\/2024\/08\/support-1-1.png?resize=100%2C100&amp;ssl=1 100w\" sizes=\"auto, (max-width: 200px) 100vw, 200px\" title=\"\">\t\t\t\t\t<\/div>\n\t\t\t\t<\/div>\n\t\t\t<\/div>\n\t\t\t\t<div class=\"icon-box-text last-reset\">\n\t\t\t\t\t\t\t\t\t\n\n\t<div id=\"text-2796430499\" class=\"text\">\n\t\t\n\n<h3 style=\"text-align: center;\">Pagalba vis\u0105 par\u0105<\/h3>\n<p style=\"text-align: center;\">Susisiekite su m\u016bs\u0173 palaikymo komanda bet kuriuo metu, 24 valandas per par\u0105, per savait\u0119 per WhatsApp arba el.<\/p>\n\t\t\n<style>\n#text-2796430499 {\n  font-size: 0.9rem;\n}\n<\/style>\n\t<\/div>\n\t\n\n\t\t<\/div>\n\t<\/div>\n\t\n\t\n\n\t\t<\/div>\n\t\t\t\t\t<\/div>\n\n\t\n\n<\/div>\n<div class=\"row row-full-width align-middle\"  id=\"row-1226725497\">\n\n\n\t<div id=\"col-1260311319\" class=\"col medium-6 small-12 large-6\"  >\n\t\t\t\t<div class=\"col-inner\"  >\n\t\t\t\n\t\t\t\n\n\t<div class=\"img has-hover x md-x lg-x y md-y lg-y\" id=\"image_425879706\">\n\t\t\t\t\t\t\t\t<div class=\"img-inner dark\" >\n\t\t\t<img loading=\"lazy\" decoding=\"async\" width=\"930\" height=\"1024\" src=\"https:\/\/i0.wp.com\/aiviouvapes.com\/wp-content\/uploads\/2024\/08\/%E6%8B%BC%E5%9B%BE.jpg?fit=930%2C1024&amp;ssl=1\" class=\"attachment-large size-large\" alt=\"Kod\u0117l verta rinktis AIVIOUVAPES\" title=\"\">\t\t\t\t\t\t\n\t\t\t\t\t<\/div>\n\t\t\t\t\t\t\t\t\n<style>\n#image_425879706 {\n  width: 100%;\n}\n<\/style>\n\t<\/div>\n\t\n\n\n\t\t<\/div>\n\t\t\t\t\t<\/div>\n\n\t\n\n\t<div id=\"col-788877863\" class=\"col medium-6 small-12 large-6\"  >\n\t\t\t\t<div class=\"col-inner\"  >\n\t\t\t\n\t\t\t\n\n<div class=\"container section-title-container\" ><h4 class=\"section-title section-title-normal\"><b aria-hidden=\"true\"><\/b><span class=\"section-title-main\" style=\"font-size:91%;\">M\u016bs\u0173 privalumai<\/span><b aria-hidden=\"true\"><\/b><\/h4><\/div>\n\n<div class=\"accordion\">\n\n\t<div id=\"accordion-570601283\" class=\"accordion-item\">\n\t\t<a id=\"accordion-570601283-label\" class=\"accordion-title plain\" href=\"#accordion-item-commitment-to-quality\" aria-expanded=\"false\" aria-controls=\"accordion-570601283-content\">\n\t\t\t<button class=\"toggle\" aria-label=\"Perjungti\"><i class=\"icon-angle-down\" aria-hidden=\"true\"><\/i><\/button>\n\t\t\t<span>\u012esipareigojimas siekti kokyb\u0117s<\/span>\n\t\t<\/a>\n\t\t<div id=\"accordion-570601283-content\" class=\"accordion-inner\" aria-labelledby=\"accordion-570601283-label\">\n\t\t\t\n\n<p>Ties <a href=\"https:\/\/aiviouvapes.com\/lt\/\">AiviouVape<\/a>, kokyb\u0117 lemia visk\u0105, k\u0105 darome. M\u016bs\u0173 vienkartiniai garintuvai yra kruop\u0161\u010diai pagaminti ir grie\u017etai i\u0161bandyti, kad atitikt\u0173 auk\u0161\u010diausius standartus, tod\u0117l kiekvien\u0105 kart\u0105 u\u017etikrinamas sklandus ir patikimas garinimas. Atsi\u017evelgdami \u012f m\u016bs\u0173 \u012fsipareigojimus, kad neb\u016bt\u0173 joki\u0173 defekt\u0173 ir skund\u0173, galite pasitik\u0117ti, kad gaunate geriausi\u0105.<\/p>\n\n\t\t<\/div>\n\t<\/div>\n\t\n\t<div id=\"accordion-1054761292\" class=\"accordion-item\">\n\t\t<a id=\"accordion-1054761292-label\" class=\"accordion-title plain\" href=\"#accordion-item-diverse-range-of-products\" aria-expanded=\"false\" aria-controls=\"accordion-1054761292-content\">\n\t\t\t<button class=\"toggle\" aria-label=\"Perjungti\"><i class=\"icon-angle-down\" aria-hidden=\"true\"><\/i><\/button>\n\t\t\t<span>\u012evairi\u0173 produkt\u0173 asortimentas<\/span>\n\t\t<\/a>\n\t\t<div id=\"accordion-1054761292-content\" class=\"accordion-inner\" aria-labelledby=\"accordion-1054761292-label\">\n\t\t\t\n\n<p>Did\u017eiuojam\u0117s gal\u0117dami pasi\u016blyti plat\u0173 auk\u0161\u010diausios kokyb\u0117s vienkartini\u0173 garintuv\u0173 asortiment\u0105, atitinkant\u012f visus pageidavimus. M\u016bs\u0173 asortimente yra patikim\u0173 prek\u0117s \u017eenkl\u0173, toki\u0173 kaip \"Waspe\", \"Vapme\", \"RandM Tornado\", Bang Box, \"ELF Box\" ir \"Bang King\" - nuo naujausi\u0173 inovacij\u0173 iki seniai gerb\u0117j\u0173 pam\u0117gt\u0173. Nesvarbu, ar ie\u0161kote dr\u0105si\u0173 \"Vapme\" aromat\u0173, ar eleganti\u0161ko \"RandM Tornado\" dizaino, m\u016bs\u0173 kolekcija sukurta taip, kad pad\u0117t\u0173 atrasti tobul\u0105 garintuv\u0105, atitinkant\u012f j\u016bs\u0173 skon\u012f ir gyvenimo b\u016bd\u0105.<\/p>\n\n\n\t\t<\/div>\n\t<\/div>\n\t\n\t<div id=\"accordion-4051694651\" class=\"accordion-item\">\n\t\t<a id=\"accordion-4051694651-label\" class=\"accordion-title plain\" href=\"#accordion-item-wholesale-and-retail-solutions\" aria-expanded=\"false\" aria-controls=\"accordion-4051694651-content\">\n\t\t\t<button class=\"toggle\" aria-label=\"Perjungti\"><i class=\"icon-angle-down\" aria-hidden=\"true\"><\/i><\/button>\n\t\t\t<span>Didmenin\u0117s ir ma\u017emenin\u0117s prekybos sprendimai<\/span>\n\t\t<\/a>\n\t\t<div id=\"accordion-4051694651-content\" class=\"accordion-inner\" aria-labelledby=\"accordion-4051694651-label\">\n\t\t\t\n\n<p>AiviouVape patenkina tiek ma\u017emenini\u0173, tiek didmenini\u0173 klient\u0173 poreikius, kiekvien\u0105 kart\u0105 tiekdama i\u0161skirtinius produktus ir paslaugas. Jei pas mus esate naujokas, rekomenduojame prad\u0117ti nuo ma\u017eos partijos, kad patys patirtum\u0117te m\u016bs\u0173 kokyb\u0119. D\u0117l konkurencing\u0173 kain\u0173 ir auk\u0161\u010diausios kokyb\u0117s standart\u0173 esame patikimas pasirinkimas vienkartini\u0173 gar\u0173 pramon\u0117je.\u00a0<\/p>\n\n\t\t<\/div>\n\t<\/div>\n\t\n\t<div id=\"accordion-2862375349\" class=\"accordion-item\">\n\t\t<a id=\"accordion-2862375349-label\" class=\"accordion-title plain\" href=\"#accordion-item-continuous-improvement\" aria-expanded=\"false\" aria-controls=\"accordion-2862375349-content\">\n\t\t\t<button class=\"toggle\" aria-label=\"Perjungti\"><i class=\"icon-angle-down\" aria-hidden=\"true\"><\/i><\/button>\n\t\t\t<span>Nuolatinis tobul\u0117jimas<\/span>\n\t\t<\/a>\n\t\t<div id=\"accordion-2862375349-content\" class=\"accordion-inner\" aria-labelledby=\"accordion-2862375349-label\">\n\t\t\t\n\n<p>\u201eAiviouVape\u201c i\u0161skiria m\u016bs\u0173 atsidavim\u0105 i\u0161skirtiniam klient\u0173 aptarnavimui. Nesvarbu, ar jums reikia patarimo prie\u0161 perkant, ar pagalbos atliekant u\u017esakym\u0105, m\u016bs\u0173 komanda visada pasiekiama per WhatsApp arba el. Stengiam\u0117s u\u017emegzti ilgalaikius santykius su savo klientais, u\u017etikrindami J\u016bs\u0173 pasitenkinim\u0105 kiekviename \u017eingsnyje.<\/p>\n\n\t\t<\/div>\n\t<\/div>\n\t\n\t<div id=\"accordion-2245156909\" class=\"accordion-item\">\n\t\t<a id=\"accordion-2245156909-label\" class=\"accordion-title plain\" href=\"#accordion-item-quality-assurance\" aria-expanded=\"false\" aria-controls=\"accordion-2245156909-content\">\n\t\t\t<button class=\"toggle\" aria-label=\"Perjungti\"><i class=\"icon-angle-down\" aria-hidden=\"true\"><\/i><\/button>\n\t\t\t<span>Kokyb\u0117s u\u017etikrinimas<\/span>\n\t\t<\/a>\n\t\t<div id=\"accordion-2245156909-content\" class=\"accordion-inner\" aria-labelledby=\"accordion-2245156909-label\">\n\t\t\t\n\n<p>Kiekviename etape \u2013 produkto k\u016brimo, gamybos, rinkodaros ir platinimo \u2013 m\u016bs\u0173 \u012fsipareigojimas kokybei nesikei\u010dia. M\u016bs\u0173 vienkartiniai garai yra kruop\u0161\u010diai tikrinami, siekiant u\u017etikrinti, kad jie netoksi\u0161ki, gryni ir i\u0161skirtinio skonio. \u0160is atsidavimas meistri\u0161kumui sudaro m\u016bs\u0173 verslo kult\u016bros stubur\u0105.<\/p>\n\n\t\t<\/div>\n\t<\/div>\n\t\n\t<div id=\"accordion-53872364\" class=\"accordion-item\">\n\t\t<a id=\"accordion-53872364-label\" class=\"accordion-title plain\" href=\"#accordion-item-efficient-logistics-and-delivery\" aria-expanded=\"false\" aria-controls=\"accordion-53872364-content\">\n\t\t\t<button class=\"toggle\" aria-label=\"Perjungti\"><i class=\"icon-angle-down\" aria-hidden=\"true\"><\/i><\/button>\n\t\t\t<span>Efektyvi logistika ir pristatymas<\/span>\n\t\t<\/a>\n\t\t<div id=\"accordion-53872364-content\" class=\"accordion-inner\" aria-labelledby=\"accordion-53872364-label\">\n\t\t\t\n\n<p>\u201eAiviouVape\u201c teikia efektyvi\u0105 logistik\u0105 ir pristatym\u0105, \u012fskaitant DDP (Delivered Duty Paid) paslaugas, u\u017etikrinan\u010dias skland\u0173 muitin\u0117s formalumus be joki\u0173 mokes\u010di\u0173 ar mokes\u010di\u0173. Su greitu pristatymu ir i\u0161skirtiniu klient\u0173 aptarnavimu si\u016blome skland\u017ei\u0105 ir patikim\u0105 patirt\u012f, tod\u0117l esame patikimi pramon\u0117s partneriai.<\/p>\n\n\t\t<\/div>\n\t<\/div>\n\t\n\t<div id=\"accordion-4068827199\" class=\"accordion-item\">\n\t\t<a id=\"accordion-4068827199-label\" class=\"accordion-title plain\" href=\"#accordion-item-odm-and-oem-services\" aria-expanded=\"false\" aria-controls=\"accordion-4068827199-content\">\n\t\t\t<button class=\"toggle\" aria-label=\"Perjungti\"><i class=\"icon-angle-down\" aria-hidden=\"true\"><\/i><\/button>\n\t\t\t<span>ODM ir OEM paslaugos<\/span>\n\t\t<\/a>\n\t\t<div id=\"accordion-4068827199-content\" class=\"accordion-inner\" aria-labelledby=\"accordion-4068827199-label\">\n\t\t\t\n\n<p>\u201eAiviouVapes\u201c si\u016blo visas ODM (Original Design Manufacturing) ir OEM (Original Equipment Manufacturing) paslaugas. Tur\u0117dami dvi dideles patalpas, padedame klientams kurti unikalius gaminius ir ak\u012f traukian\u010dius logotipus pakavimui. Taip pat teikiame nemokamas pakuot\u0117s dizaino gaires ir padedame klientams, kurie patys pakuoja savo gaminius, u\u017etikrindami, kad j\u0173 prek\u0117s \u017eenklas spind\u0117t\u0173 rinkoje.<\/p>\n\n\t\t<\/div>\n\t<\/div>\n\t\n\n<\/div>\n\n\t\t<\/div>\n\t\t\t\t\t<\/div>\n\n\t\n\n<\/div>","protected":false},"excerpt":{"rendered":"<p>Pristatome <strong>JNR Vape Watch 30000<\/strong>, novatori\u0161kas garavimo technologijos ir i\u0161maniojo laikrod\u017eio galimybi\u0173 sintez\u0117. \u0160is naujovi\u0161kas \u012frenginys si\u016blo \u012fsp\u016bding\u0105\u00a0<strong>30 000 \u012fkv\u0117pim\u0173<\/strong>\u00a0\u012fprastu re\u017eimu ir\u00a0<strong>18000 \u012fkv\u0117pim\u0173<\/strong>\u00a0impulsiniu re\u017eimu, u\u017etikrinant i\u0161skirtin\u0119 garinimo patirt\u012f, kuri trunka ilgai.<\/p>","protected":false},"featured_media":25552,"comment_status":"open","ping_status":"closed","template":"","meta":[],"product_brand":[237],"product_cat":[221,131,90,117,81,76,134,135,133,136,137,146,138,139,140,141,142,143,144,145,573,572,132,82],"product_tag":[],"class_list":{"0":"post-25551","1":"product","2":"type-product","3":"status-publish","4":"has-post-thumbnail","6":"product_brand-jnr","7":"product_cat-jnr","8":"product_cat-30000-puffs-disposable-vape","9":"product_cat-big-puffs-vapes","10":"product_cat-different-puffs-of-diposable-vapes","11":"product_cat-digital-box-vapes","12":"product_cat-disposable-vape-types","13":"product_cat-disposable-vapes-in-austria","14":"product_cat-disposable-vapes-in-belgium","15":"product_cat-disposable-vapes-in-europe","16":"product_cat-disposable-vapes-in-france","17":"product_cat-disposable-vapes-in-germany","18":"product_cat-disposable-vapes-in-hungary","19":"product_cat-disposable-vapes-in-ltaly","20":"product_cat-disposable-vapes-in-netherlands","21":"product_cat-disposable-vapes-in-norway","22":"product_cat-disposable-vapes-in-poland","23":"product_cat-disposable-vapes-in-portugal","24":"product_cat-disposable-vapes-in-spain","25":"product_cat-disposable-vapes-in-sweden","26":"product_cat-disposable-vapes-in-switzerland","27":"product_cat-new-3","28":"product_cat-new-2","29":"product_cat-rechargeable-vapes","30":"product_cat-smart-screen-vapes","32":"first","33":"instock","34":"shipping-taxable","35":"purchasable","36":"product-type-variable","37":"has-default-attributes"},"jetpack_sharing_enabled":true,"tiered_pricing_type":"fixed","tiered_pricing_fixed_rules":{"2000":9.75},"tiered_pricing_product_settings":{"layout":"default","base_unit_name":{"singular":null,"plural":null},"default_variation":null},"tiered_pricing_minimum_quantity":1000,"tiered_pricing_roles_data":[],"tiered_pricing_percentage_rules":[],"tiered_pricing_maximum_quantity":null,"tiered_pricing_quantity_step":"10","_links":{"self":[{"href":"https:\/\/aiviouvapes.com\/lt\/wp-json\/wp\/v2\/product\/25551","targetHints":{"allow":["GET"]}}],"collection":[{"href":"https:\/\/aiviouvapes.com\/lt\/wp-json\/wp\/v2\/product"}],"about":[{"href":"https:\/\/aiviouvapes.com\/lt\/wp-json\/wp\/v2\/types\/product"}],"replies":[{"embeddable":true,"href":"https:\/\/aiviouvapes.com\/lt\/wp-json\/wp\/v2\/comments?post=25551"}],"wp:featuredmedia":[{"embeddable":true,"href":"https:\/\/aiviouvapes.com\/lt\/wp-json\/wp\/v2\/media\/25552"}],"wp:attachment":[{"href":"https:\/\/aiviouvapes.com\/lt\/wp-json\/wp\/v2\/media?parent=25551"}],"wp:term":[{"taxonomy":"product_brand","embeddable":true,"href":"https:\/\/aiviouvapes.com\/lt\/wp-json\/wp\/v2\/product_brand?post=25551"},{"taxonomy":"product_cat","embeddable":true,"href":"https:\/\/aiviouvapes.com\/lt\/wp-json\/wp\/v2\/product_cat?post=25551"},{"taxonomy":"product_tag","embeddable":true,"href":"https:\/\/aiviouvapes.com\/lt\/wp-json\/wp\/v2\/product_tag?post=25551"}],"curies":[{"name":"wp","href":"https:\/\/api.w.org\/{rel}","templated":true}]}}