{"id":24616,"date":"2024-11-09T14:42:54","date_gmt":"2024-11-09T06:42:54","guid":{"rendered":"https:\/\/aiviouvapes.com\/?post_type=product&#038;p=24616"},"modified":"2025-12-30T17:14:46","modified_gmt":"2025-12-30T09:14:46","slug":"mrvi-winning-30k-puffs-2-5-nicotine-rechargeable-bulk-buy-disposable-vape-wholesale","status":"publish","type":"product","link":"https:\/\/aiviouvapes.com\/lt\/product\/mrvi-winning-30k-puffs-2-5-nicotine-rechargeable-bulk-buy-disposable-vape-wholesale\/","title":{"rendered":"MRVI WINNING 30000 Puffs | 2%-5% nikotinas, 35 ml, 800 mAh, didmenin\u0117 vienkartin\u0117 talpykla"},"content":{"rendered":"<p><iframe title=\"VideoPress vaizdo \u012fra\u0161\u0173 grotuvas\" aria-label='VideoPress vaizdo \u012fra\u0161\u0173 grotuvas' width='1020' height='574' src='https:\/\/videopress.com\/embed\/13e6MPsk?hd=0&amp;cover=1' frameborder='0' allowfullscreen allow='clipboard-write'><\/iframe><script src='https:\/\/v0.wordpress.com\/js\/next\/videopress-iframe.js?m=1739540970'><\/script><\/p>\n<h2><strong>MRVI WINNING 30K - 30 000 vienkartini\u0173 pufeli\u0173 Vape<\/strong><\/h2>\n<p>MRVI WINNING 30K vienkartinis garintuvas sukurtas taip, kad u\u017etikrint\u0173 neprilygstam\u0105 garinimo patirt\u012f ir u\u017etikrint\u0173 iki ne\u012ftik\u0117tin\u0173 30 000 \u012fkv\u0117pim\u0173. Pa\u017eangi technologija u\u017etikrina ilgalaik\u012f skonio malonum\u0105, tod\u0117l puikiai tinka tiek i\u0161tikimiems, tiek naujokams.<\/p>\n<p>MRVI WINNING 30K su didele 35 ml elektroninio skys\u010dio talpa ir 800 mAh akumuliatoriumi \u017eada skland\u0173 ir nepertraukiam\u0105 garinimo malonum\u0105. \u0160\u012f eleganti\u0161k\u0105, ne\u0161iojam\u0105j\u012f prietais\u0105 lengvai \u012fsid\u0117site \u012f ki\u0161en\u0119, tod\u0117l jis idealiai tinka naudoti namuose arba garinti keliaujant.<\/p>\n<p>MRVI WINNING 30K turi auk\u0161\u010diausios kokyb\u0117s tinklin\u0119 rit\u0119, tod\u0117l su kiekvienu u\u017egurk\u0161nojimu suteikia intensyv\u0173, malon\u0173 skon\u012f. Pritaikykite savo patirt\u012f naudodami dvi nikotino stiprumo parinktis - 2% ir 5% - ir m\u0117gaukit\u0117s greito \u012fkrovimo C tipo prievadu, kad tarp seans\u0173 b\u016bt\u0173 kuo ma\u017eiau prastov\u0173.<\/p>\n<h3>MRVI WINNING 30000 Puff Svarbiausi produkto aspektai:<\/h3>\n<ul>\n<li><strong>Puff skai\u010dius:<\/strong> Iki 30 000 \u012fkv\u0117pim\u0173 ilgesniems garinimo seansams<\/li>\n<li><strong>E-skys\u010dio talpa:<\/strong> 35 ml - ma\u017eiau papildym\u0173 ir daugiau garinimo laiko<\/li>\n<li><strong>Akumuliatoriaus talpa:<\/strong> 800 mAh u\u017etikrina ilgalaik\u012f veikim\u0105<\/li>\n<li><strong>Nikotino stiprumas:<\/strong> Pasirinkite 2% ir 5%, kad atitikt\u0173 j\u016bs\u0173 pageidavimus<\/li>\n<li><strong>\u012ekrovimo prievadas:<\/strong> C tipo greitasis \u012fkrovimas greitam \u012fkrovimui<\/li>\n<li><strong>Tinklelio rit\u0117s technologija:<\/strong> Skland\u016bs, nuosekl\u016bs garai ir geresn\u0117 skonio kokyb\u0117<\/li>\n<\/ul>\n<h3>MRVI WINNING 30000 Puff Galimi skoniai:<\/h3>\n<p>M\u0117lyni\u0173 arb\u016bzo, vy\u0161ni\u0173 citrinos, Blue Razz ledo, mi\u0161ri\u0173 uog\u0173, bra\u0161ki\u0173 ledo, arb\u016bz\u0173 ledo, sulting\u0173 persik\u0173, ananas\u0173 mang\u0173, vynuogi\u0173 ledo, r\u016bg\u0161\u010di\u0173 obuoli\u0173.<\/p>\n<p>Atraskite \u012fdom\u0173 skoni\u0173 asortiment\u0105, kuris patenkins kiekvieno skonio poreikius - nuo m\u0117gstam\u0173 vaisi\u0173, pavyzd\u017eiui, m\u0117lyni\u0173 arb\u016bzo ir sulting\u0173 persik\u0173, iki ledini\u0173, pavyzd\u017eiui, bra\u0161ki\u0173 ledo ir vynuogi\u0173 ledo. Kiekvienas skonis kruop\u0161\u010diai sukurtas taip, kad suteikt\u0173 turting\u0105 ir maloni\u0105 patirt\u012f.<\/p>\n<h3>MRVI Laim\u0117ti 30000 Puff masinio ir individualaus pirkimo galimyb\u0119:<\/h3>\n<p>MRVI WINNING 30000 Puff yra puikus pasirinkimas tiems, kurie ie\u0161ko ilgaam\u017ei\u0161kumo, kokyb\u0117s ir plataus skoni\u0173 pasirinkimo. \u0160is auk\u0161\u010diausios kokyb\u0117s garintuvas, pasi\u017eymintis iki 30000 \u012fpur\u0161kim\u0173, greitu C tipo \u012fkrovimu ir patikimu veikimu, u\u017etikrina i\u0161skirtin\u0119 vert\u0119 ir \u012fsimintin\u0105 patirt\u012f, nesvarbu, ar perkate dideliais kiekiais verslui, ar individualiai asmeniniam malonumui.<\/p>\n<h4>MRVI LAIM\u0116JANTIS 30 t\u016bkst. sm\u016bgi\u0173 | 2% 5% nikotinas, 35 ml e-skys\u010dio, tinklelio rit\u0117, 800 mAh baterija, C tipo \u012fkraunama, iki 30 000 \u012fkv\u0117pim\u0173, masinis vienkartini\u0173 vape pirkimas didmenin\u0117 prekyba<\/h4>\n<p><img data-recalc-dims=\"1\" loading=\"lazy\" decoding=\"async\" class=\"alignnone size-full wp-image-24620\" title=\"MRVI WINNING 30K Puffs 2% 5% nikotino \u012fkraunamas masinis pirkimas vienkartinis Vape didmenin\u0117 prekyba\" src=\"https:\/\/i0.wp.com\/aiviouvapes.com\/wp-content\/uploads\/2024\/11\/%E5%BE%AE%E4%BF%A1%E5%9B%BE%E7%89%87_20240924171847.jpg?resize=1020%2C1020&#038;ssl=1\" alt=\"MRVI WINNING 30K Puffs 2% 5% nikotino \u012fkraunamas masinis pirkimas vienkartinis Vape didmenin\u0117 prekyba\" width=\"1020\" height=\"1020\" srcset=\"https:\/\/i0.wp.com\/aiviouvapes.com\/wp-content\/uploads\/2024\/11\/%E5%BE%AE%E4%BF%A1%E5%9B%BE%E7%89%87_20240924171847.jpg?w=1600&amp;ssl=1 1600w, https:\/\/i0.wp.com\/aiviouvapes.com\/wp-content\/uploads\/2024\/11\/%E5%BE%AE%E4%BF%A1%E5%9B%BE%E7%89%87_20240924171847.jpg?resize=300%2C300&amp;ssl=1 300w, https:\/\/i0.wp.com\/aiviouvapes.com\/wp-content\/uploads\/2024\/11\/%E5%BE%AE%E4%BF%A1%E5%9B%BE%E7%89%87_20240924171847.jpg?resize=1024%2C1024&amp;ssl=1 1024w, https:\/\/i0.wp.com\/aiviouvapes.com\/wp-content\/uploads\/2024\/11\/%E5%BE%AE%E4%BF%A1%E5%9B%BE%E7%89%87_20240924171847.jpg?resize=150%2C150&amp;ssl=1 150w, https:\/\/i0.wp.com\/aiviouvapes.com\/wp-content\/uploads\/2024\/11\/%E5%BE%AE%E4%BF%A1%E5%9B%BE%E7%89%87_20240924171847.jpg?resize=768%2C768&amp;ssl=1 768w, https:\/\/i0.wp.com\/aiviouvapes.com\/wp-content\/uploads\/2024\/11\/%E5%BE%AE%E4%BF%A1%E5%9B%BE%E7%89%87_20240924171847.jpg?resize=1536%2C1536&amp;ssl=1 1536w, https:\/\/i0.wp.com\/aiviouvapes.com\/wp-content\/uploads\/2024\/11\/%E5%BE%AE%E4%BF%A1%E5%9B%BE%E7%89%87_20240924171847.jpg?resize=12%2C12&amp;ssl=1 12w, https:\/\/i0.wp.com\/aiviouvapes.com\/wp-content\/uploads\/2024\/11\/%E5%BE%AE%E4%BF%A1%E5%9B%BE%E7%89%87_20240924171847.jpg?resize=800%2C800&amp;ssl=1 800w, https:\/\/i0.wp.com\/aiviouvapes.com\/wp-content\/uploads\/2024\/11\/%E5%BE%AE%E4%BF%A1%E5%9B%BE%E7%89%87_20240924171847.jpg?resize=100%2C100&amp;ssl=1 100w\" sizes=\"auto, (max-width: 1020px) 100vw, 1020px\" \/><\/p>\n<p>&nbsp;<\/p>","protected":false},"excerpt":{"rendered":"<p>MRVI LAIM\u0116TASIS 30K vienkartinis Vape si\u016blo iki 30 000 i\u0161p\u016btim\u0173 su 35 ml e-skys\u010dio talpa ir 800 mAh baterija, kad garint\u0173si ilgiau ir skland\u017eiai. Tinklelio rit\u0117, greitas C tipo \u012fkrovimas ir \u012fvairi\u0173 skoni\u0173 pasirinkimas puikiai tinka tiek kasdieniams, tiek patyrusiems garintuvams.<\/p>","protected":false},"featured_media":24621,"comment_status":"open","ping_status":"closed","template":"","meta":[],"product_brand":[229],"product_cat":[33,131,320,90,117,81,76,134,135,133,136,137,146,138,139,140,141,142,143,144,145,79,132,82],"product_tag":[],"class_list":{"0":"post-24616","1":"product","2":"type-product","3":"status-publish","4":"has-post-thumbnail","6":"product_brand-mrvi","7":"product_cat-mrvi","8":"product_cat-30000-puffs-disposable-vape","9":"product_cat-best-disposable-vapes","10":"product_cat-big-puffs-vapes","11":"product_cat-different-puffs-of-diposable-vapes","12":"product_cat-digital-box-vapes","13":"product_cat-disposable-vape-types","14":"product_cat-disposable-vapes-in-austria","15":"product_cat-disposable-vapes-in-belgium","16":"product_cat-disposable-vapes-in-europe","17":"product_cat-disposable-vapes-in-france","18":"product_cat-disposable-vapes-in-germany","19":"product_cat-disposable-vapes-in-hungary","20":"product_cat-disposable-vapes-in-ltaly","21":"product_cat-disposable-vapes-in-netherlands","22":"product_cat-disposable-vapes-in-norway","23":"product_cat-disposable-vapes-in-poland","24":"product_cat-disposable-vapes-in-portugal","25":"product_cat-disposable-vapes-in-spain","26":"product_cat-disposable-vapes-in-sweden","27":"product_cat-disposable-vapes-in-switzerland","28":"product_cat-dual-mesh-vapes","29":"product_cat-rechargeable-vapes","30":"product_cat-smart-screen-vapes","32":"first","33":"instock","34":"shipping-taxable","35":"purchasable","36":"product-type-variable","37":"has-default-attributes"},"jetpack_sharing_enabled":true,"tiered_pricing_type":"fixed","tiered_pricing_fixed_rules":[],"tiered_pricing_product_settings":{"layout":"default","base_unit_name":{"singular":null,"plural":null},"default_variation":null},"tiered_pricing_minimum_quantity":1000,"tiered_pricing_roles_data":[],"tiered_pricing_percentage_rules":[],"tiered_pricing_maximum_quantity":null,"tiered_pricing_quantity_step":"10","_links":{"self":[{"href":"https:\/\/aiviouvapes.com\/lt\/wp-json\/wp\/v2\/product\/24616","targetHints":{"allow":["GET"]}}],"collection":[{"href":"https:\/\/aiviouvapes.com\/lt\/wp-json\/wp\/v2\/product"}],"about":[{"href":"https:\/\/aiviouvapes.com\/lt\/wp-json\/wp\/v2\/types\/product"}],"replies":[{"embeddable":true,"href":"https:\/\/aiviouvapes.com\/lt\/wp-json\/wp\/v2\/comments?post=24616"}],"wp:featuredmedia":[{"embeddable":true,"href":"https:\/\/aiviouvapes.com\/lt\/wp-json\/wp\/v2\/media\/24621"}],"wp:attachment":[{"href":"https:\/\/aiviouvapes.com\/lt\/wp-json\/wp\/v2\/media?parent=24616"}],"wp:term":[{"taxonomy":"product_brand","embeddable":true,"href":"https:\/\/aiviouvapes.com\/lt\/wp-json\/wp\/v2\/product_brand?post=24616"},{"taxonomy":"product_cat","embeddable":true,"href":"https:\/\/aiviouvapes.com\/lt\/wp-json\/wp\/v2\/product_cat?post=24616"},{"taxonomy":"product_tag","embeddable":true,"href":"https:\/\/aiviouvapes.com\/lt\/wp-json\/wp\/v2\/product_tag?post=24616"}],"curies":[{"name":"wp","href":"https:\/\/api.w.org\/{rel}","templated":true}]}}