{"id":23965,"date":"2024-10-16T15:56:20","date_gmt":"2024-10-16T07:56:20","guid":{"rendered":"https:\/\/aiviouvapes.com\/?post_type=product&#038;p=23965"},"modified":"2025-06-26T16:40:21","modified_gmt":"2025-06-26T08:40:21","slug":"mrvi-25000-puffs-2-5-nicotine-rechargeable-bulk-buy-disposable-vape-wholesale","status":"publish","type":"product","link":"https:\/\/aiviouvapes.com\/lt\/product\/mrvi-25000-puffs-2-5-nicotine-rechargeable-bulk-buy-disposable-vape-wholesale\/","title":{"rendered":"MRVI 25000 \u012fpur\u0161kim\u0173 | 2%-5% nikotinas, 30 ml, dviguba rit\u0117 (MTL\/DTL), didmenin\u0117 vienkartin\u0117 talpykla"},"content":{"rendered":"<h2>MRVI 25000 \u012fp\u016btim\u0173 | 2% 5% Nikotinas, 30 ml E-skys\u010dio, dvigubos rit\u0117s MTL\/DTL, C tipo \u012fkraunamas, masinis pirkimas vienkartini\u0173 gar\u0173 didmenin\u0117 prekyba<\/h2>\n<h3><strong>MRVI 25000 Puffs \u2013 ap\u017evalga ir funkcijos<\/strong><\/h3>\n<p>MRVI 25000 Puffs i\u0161 naujo apibr\u0117\u017eia vienkartini\u0173 gar\u0173 i\u0161p\u016btimo patirt\u012f, pagamina neprilygstam\u0105 25 000 i\u0161p\u016btim\u0173 ir yra sukurta tiems, kurie siekia patvarumo ir sodraus skonio. \u0160is \u012frenginys, apr\u016bpintas didele 30 ml e-skys\u010dio talpa, u\u017etikrina ilgalaik\u012f malonum\u0105 su minimaliu papildymu. Galinga 1000 mAh baterija palaiko dviej\u0173 ritini\u0173 konfig\u016bracijas tiek i\u0161 burnos \u012f plau\u010dius (MTL), tiek i\u0161 tiesioginio \u012f plau\u010dius (DTL) garinimo, patenkindama daugyb\u0119 pageidavim\u0173. 2% ir 5% nikotino stiprumo MRVI 25000 suteikia malon\u0173 sm\u016bg\u012f kiekviename i\u0161p\u016btime. Patogus C tipo \u012fkrovimo prievadas leid\u017eia efektyviai \u012fkrauti, tod\u0117l galite ilgiau krauti be da\u017en\u0173 prastov\u0173.<\/p>\n<h3><strong>MRVI 25000 Puffs skonio pasirinkimas<\/strong><\/h3>\n<p>Banan\u0173 ledas, bra\u0161ki\u0173 vy\u0161ni\u0173, persik\u0173 ledas, spanguoli\u0173 obuoli\u0173, arb\u016bz\u0173 ledas, ananas\u0173 ledas, pasifloros vaisi\u0173 apelsin\u0173 sultys, mi\u0161rios uogos, m\u0117lynas Razz ledas, bra\u0161ki\u0173 pieno kokteilis.<\/p>\n<h3><strong>Kod\u0117l verta rinktis MRVI 25000 Puffs?<\/strong><\/h3>\n<p>MRVI 25000 Puffs si\u016blo auk\u0161\u010diausios kokyb\u0117s, ilgalaik\u012f garavim\u0105 su iki 25 000 \u012fkv\u0117pim\u0173 ir \u012fvairaus skonio. D\u0117l lengvo ir kompakti\u0161ko dizaino jis yra ne\u0161iojamas ir puikiai tinka garinimui keliaujant. Naudodamas pa\u017eangi\u0105 dvigubo tinklinio tinklelio rit\u0117s technologij\u0105, MRVI 25000 u\u017etikrina nuolat \u0161velnius garus ir sodr\u0173 skon\u012f. \u0160is vienkartinis prietaisas nereikalauja prie\u017ei\u016bros, tod\u0117l kiekvien\u0105 kart\u0105 naudojant j\u012f patogu naudotis be r\u016bpes\u010di\u0173.<\/p>\n<p><img data-recalc-dims=\"1\" loading=\"lazy\" decoding=\"async\" class=\"alignnone size-full wp-image-23997\" title=\"MRVI 25000 Puffs 2% 5% Nikotino \u012fkraunamas masinis Pirkti vienkartini\u0173 gar\u0173 didmenin\u0117 prekyba\" src=\"https:\/\/i0.wp.com\/aiviouvapes.com\/wp-content\/uploads\/2024\/10\/%E5%BE%AE%E4%BF%A1%E5%9B%BE%E7%89%87_20241016000736.jpg?resize=1020%2C1275&#038;ssl=1\" alt=\"MRVI 25000 Puffs 2% 5% Nikotino \u012fkraunamas masinis Pirkti vienkartini\u0173 gar\u0173 didmenin\u0117 prekyba\" width=\"1020\" height=\"1275\" srcset=\"https:\/\/i0.wp.com\/aiviouvapes.com\/wp-content\/uploads\/2024\/10\/%E5%BE%AE%E4%BF%A1%E5%9B%BE%E7%89%87_20241016000736.jpg?w=1280&amp;ssl=1 1280w, https:\/\/i0.wp.com\/aiviouvapes.com\/wp-content\/uploads\/2024\/10\/%E5%BE%AE%E4%BF%A1%E5%9B%BE%E7%89%87_20241016000736.jpg?resize=240%2C300&amp;ssl=1 240w, https:\/\/i0.wp.com\/aiviouvapes.com\/wp-content\/uploads\/2024\/10\/%E5%BE%AE%E4%BF%A1%E5%9B%BE%E7%89%87_20241016000736.jpg?resize=819%2C1024&amp;ssl=1 819w, https:\/\/i0.wp.com\/aiviouvapes.com\/wp-content\/uploads\/2024\/10\/%E5%BE%AE%E4%BF%A1%E5%9B%BE%E7%89%87_20241016000736.jpg?resize=768%2C960&amp;ssl=1 768w, https:\/\/i0.wp.com\/aiviouvapes.com\/wp-content\/uploads\/2024\/10\/%E5%BE%AE%E4%BF%A1%E5%9B%BE%E7%89%87_20241016000736.jpg?resize=1229%2C1536&amp;ssl=1 1229w, https:\/\/i0.wp.com\/aiviouvapes.com\/wp-content\/uploads\/2024\/10\/%E5%BE%AE%E4%BF%A1%E5%9B%BE%E7%89%87_20241016000736.jpg?resize=10%2C12&amp;ssl=1 10w, https:\/\/i0.wp.com\/aiviouvapes.com\/wp-content\/uploads\/2024\/10\/%E5%BE%AE%E4%BF%A1%E5%9B%BE%E7%89%87_20241016000736.jpg?resize=800%2C1000&amp;ssl=1 800w\" sizes=\"auto, (max-width: 1020px) 100vw, 1020px\" \/><\/p>\n<h3>Kod\u0117l verta rinktis \u201eAiviouVapes\u201c.<\/h3>\n<p>Sveiki atvyk\u0119 \u012f <a href=\"https:\/\/aiviouvapes.com\/lt\/\">AiviouVapes<\/a> - j\u016bs\u0173 patikimas auk\u0161\u010diausios kokyb\u0117s, prieinam\u0173 kain\u0173 \u0161altinis <a href=\"https:\/\/aiviouvapes.com\/lt\/shop\/\">didmenin\u0117 vienkartini\u0173 vapes<\/a> tikrai ma\u017eomis kainomis. Daugiau nei penkerius metus sukaup\u0119 patirties vape pramon\u0117s srityje, mes did\u017eiuojam\u0117s gal\u0117dami pasi\u016blyti rankomis atrinkt\u0173 pirmaujan\u010di\u0173 preki\u0173 \u017eenkl\u0173 pasirinkim\u0105, \u012fskaitant <a href=\"https:\/\/aiviouvapes.com\/lt\/produkto-kategorija\/waspe\/\">WASPE<\/a>, <a href=\"https:\/\/aiviouvapes.com\/lt\/produkto-kategorija\/bang\/\">\"Bang Vape<\/a>, <a href=\"https:\/\/aiviouvapes.com\/lt\/produkto-kategorija\/vapme-vapes\/\">Vapme<\/a>, ir <a href=\"https:\/\/aiviouvapes.com\/lt\/produkto-kategorija\/mrvi\/\">MRVI<\/a>.<\/p>\n<p>Nuo didelio na\u0161umo prietais\u0173, pvz. <a href=\"https:\/\/aiviouvapes.com\/lt\/produktas\/waspe-4-in-1-100000-puffs\/\">WASPE 100K 4-in-1 skonio<\/a> \u012f dr\u0105siai m\u0117gstamus, pvz. <a href=\"https:\/\/aiviouvapes.com\/lt\/produktas\/bang-king-triple-flavors-85000\/\">Bang 85 000 Trigubas puodas<\/a>, ir net \u012fdomus <a class=\"woocommerce-LoopProduct-link woocommerce-loop-product__link\" href=\"https:\/\/aiviouvapes.com\/lt\/produktas\/mystery-vape-blind-box\/\">Paslaptis Vienkartin\u0117 Vape d\u0117\u017eut\u0117<\/a>kiekvienas gaminys pasirenkamas d\u0117l auk\u0161\u010diausios kokyb\u0117s ir neprilygstamos vert\u0117s. \"AiviouVapes\" gal\u0117site m\u0117gautis puikiu aptarnavimu, didmenin\u0117mis nuolaidomis ir kolekcija, sukurta taip, kad atitikt\u0173 j\u016bs\u0173 garinimo poreikius.<\/p>\n<div class=\"row row-large row-full-width align-middle\"  id=\"row-1021079692\">\n\n\n\t<div id=\"col-2065134661\" class=\"col medium-3 small-6 large-3\"  >\n\t\t\t\t<div class=\"col-inner text-center\"  >\n\t\t\t\n\t\t\t\n\n\n\t\t<div class=\"icon-box featured-box icon-box-top text-left\"  >\n\t\t\t\t\t<div class=\"icon-box-img\" style=\"width: 90px\">\n\t\t\t\t<div class=\"icon\">\n\t\t\t\t\t<div class=\"icon-inner\" >\n\t\t\t\t\t\t<img loading=\"lazy\" decoding=\"async\" width=\"200\" height=\"200\" src=\"https:\/\/i0.wp.com\/aiviouvapes.com\/wp-content\/uploads\/2024\/08\/vape-1-1.png?fit=200%2C200&amp;ssl=1\" class=\"attachment-medium size-medium\" alt=\"Kod\u0117l verta rinktis AIVIOUVAPES\" srcset=\"https:\/\/i0.wp.com\/aiviouvapes.com\/wp-content\/uploads\/2024\/08\/vape-1-1.png?w=200&amp;ssl=1 200w, https:\/\/i0.wp.com\/aiviouvapes.com\/wp-content\/uploads\/2024\/08\/vape-1-1.png?resize=150%2C150&amp;ssl=1 150w, https:\/\/i0.wp.com\/aiviouvapes.com\/wp-content\/uploads\/2024\/08\/vape-1-1.png?resize=12%2C12&amp;ssl=1 12w, https:\/\/i0.wp.com\/aiviouvapes.com\/wp-content\/uploads\/2024\/08\/vape-1-1.png?resize=100%2C100&amp;ssl=1 100w\" sizes=\"auto, (max-width: 200px) 100vw, 200px\" title=\"\">\t\t\t\t\t<\/div>\n\t\t\t\t<\/div>\n\t\t\t<\/div>\n\t\t\t\t<div class=\"icon-box-text last-reset\">\n\t\t\t\t\t\t\t\t\t\n\n\t<div id=\"text-1956355770\" class=\"text\">\n\t\t\n\n<h3 style=\"text-align: center;\">Didel\u0117 Vape \u012fvairov\u0117<\/h3>\n<p style=\"text-align: center;\">Atraskite m\u016bs\u0173 plat\u0173 gamini\u0173 asortiment\u0105, sukurt\u0105 pagal kiekvien\u0105 pageidavim\u0105.<\/p>\n\t\t\n<style>\n#text-1956355770 {\n  font-size: 0.9rem;\n}\n<\/style>\n\t<\/div>\n\t\n\n\t\t<\/div>\n\t<\/div>\n\t\n\t\n\n\t\t<\/div>\n\t\t\t\t\t<\/div>\n\n\t\n\n\t<div id=\"col-690040410\" class=\"col medium-3 small-6 large-3\"  >\n\t\t\t\t<div class=\"col-inner text-center\"  >\n\t\t\t\n\t\t\t\n\n\n\t\t<div class=\"icon-box featured-box icon-box-top text-left\"  >\n\t\t\t\t\t<div class=\"icon-box-img\" style=\"width: 90px\">\n\t\t\t\t<div class=\"icon\">\n\t\t\t\t\t<div class=\"icon-inner\" >\n\t\t\t\t\t\t<img loading=\"lazy\" decoding=\"async\" width=\"200\" height=\"200\" src=\"https:\/\/i0.wp.com\/aiviouvapes.com\/wp-content\/uploads\/2024\/08\/save-money-1-1-1.png?fit=200%2C200&amp;ssl=1\" class=\"attachment-medium size-medium\" alt=\"Kod\u0117l verta rinktis AIVIOUVAPES\" srcset=\"https:\/\/i0.wp.com\/aiviouvapes.com\/wp-content\/uploads\/2024\/08\/save-money-1-1-1.png?w=200&amp;ssl=1 200w, https:\/\/i0.wp.com\/aiviouvapes.com\/wp-content\/uploads\/2024\/08\/save-money-1-1-1.png?resize=150%2C150&amp;ssl=1 150w, https:\/\/i0.wp.com\/aiviouvapes.com\/wp-content\/uploads\/2024\/08\/save-money-1-1-1.png?resize=12%2C12&amp;ssl=1 12w, https:\/\/i0.wp.com\/aiviouvapes.com\/wp-content\/uploads\/2024\/08\/save-money-1-1-1.png?resize=100%2C100&amp;ssl=1 100w\" sizes=\"auto, (max-width: 200px) 100vw, 200px\" title=\"\">\t\t\t\t\t<\/div>\n\t\t\t\t<\/div>\n\t\t\t<\/div>\n\t\t\t\t<div class=\"icon-box-text last-reset\">\n\t\t\t\t\t\t\t\t\t\n\n\t<div id=\"text-2500971382\" class=\"text\">\n\t\t\n\n<h3 style=\"text-align: center;\">Neprilygstama vert\u0117<\/h3>\n<p style=\"text-align: center;\">M\u0117gaukit\u0117s auk\u0161\u010diausios kokyb\u0117s produktais u\u017e j\u016bs\u0173 biud\u017eet\u0105 atitinkan\u010dias kainas.<\/p>\n\t\t\n<style>\n#text-2500971382 {\n  font-size: 0.9rem;\n}\n<\/style>\n\t<\/div>\n\t\n\n\t\t<\/div>\n\t<\/div>\n\t\n\t\n\n\t\t<\/div>\n\t\t\t\t\t<\/div>\n\n\t\n\n\t<div id=\"col-1951999737\" class=\"col medium-3 small-6 large-3\"  >\n\t\t\t\t<div class=\"col-inner text-center\"  >\n\t\t\t\n\t\t\t\n\n\n\t\t<div class=\"icon-box featured-box icon-box-top text-left\"  >\n\t\t\t\t\t<div class=\"icon-box-img\" style=\"width: 90px\">\n\t\t\t\t<div class=\"icon\">\n\t\t\t\t\t<div class=\"icon-inner\" >\n\t\t\t\t\t\t<img loading=\"lazy\" decoding=\"async\" width=\"200\" height=\"200\" src=\"https:\/\/i0.wp.com\/aiviouvapes.com\/wp-content\/uploads\/2024\/08\/delivery-truck-1-1.png?fit=200%2C200&amp;ssl=1\" class=\"attachment-medium size-medium\" alt=\"Kod\u0117l verta rinktis AIVIOUVAPES\" srcset=\"https:\/\/i0.wp.com\/aiviouvapes.com\/wp-content\/uploads\/2024\/08\/delivery-truck-1-1.png?w=200&amp;ssl=1 200w, https:\/\/i0.wp.com\/aiviouvapes.com\/wp-content\/uploads\/2024\/08\/delivery-truck-1-1.png?resize=150%2C150&amp;ssl=1 150w, https:\/\/i0.wp.com\/aiviouvapes.com\/wp-content\/uploads\/2024\/08\/delivery-truck-1-1.png?resize=12%2C12&amp;ssl=1 12w, https:\/\/i0.wp.com\/aiviouvapes.com\/wp-content\/uploads\/2024\/08\/delivery-truck-1-1.png?resize=100%2C100&amp;ssl=1 100w\" sizes=\"auto, (max-width: 200px) 100vw, 200px\" title=\"\">\t\t\t\t\t<\/div>\n\t\t\t\t<\/div>\n\t\t\t<\/div>\n\t\t\t\t<div class=\"icon-box-text last-reset\">\n\t\t\t\t\t\t\t\t\t\n\n\t<div id=\"text-2530909648\" class=\"text\">\n\t\t\n\n<h3 style=\"text-align: center;\">\u201eSwift\u201c pasaulinis pristatymas<\/h3>\n<p style=\"text-align: center;\">Mes pristatome visame pasaulyje su garantuotu muitin\u0117s formalum\u0173 atlikimu, kad patirtis b\u016bt\u0173 sklandi.<\/p>\n\t\t\n<style>\n#text-2530909648 {\n  font-size: 0.9rem;\n}\n<\/style>\n\t<\/div>\n\t\n\n\t\t<\/div>\n\t<\/div>\n\t\n\t\n\n\t\t<\/div>\n\t\t\t\t\t<\/div>\n\n\t\n\n\t<div id=\"col-1710167756\" class=\"col medium-3 small-6 large-3\"  >\n\t\t\t\t<div class=\"col-inner text-center\"  >\n\t\t\t\n\t\t\t\n\n\n\t\t<div class=\"icon-box featured-box icon-box-top text-left\"  >\n\t\t\t\t\t<div class=\"icon-box-img\" style=\"width: 90px\">\n\t\t\t\t<div class=\"icon\">\n\t\t\t\t\t<div class=\"icon-inner\" >\n\t\t\t\t\t\t<img loading=\"lazy\" decoding=\"async\" width=\"200\" height=\"200\" src=\"https:\/\/i0.wp.com\/aiviouvapes.com\/wp-content\/uploads\/2024\/08\/support-1-1.png?fit=200%2C200&amp;ssl=1\" class=\"attachment-medium size-medium\" alt=\"Kod\u0117l verta rinktis AIVIOUVAPES\" srcset=\"https:\/\/i0.wp.com\/aiviouvapes.com\/wp-content\/uploads\/2024\/08\/support-1-1.png?w=200&amp;ssl=1 200w, https:\/\/i0.wp.com\/aiviouvapes.com\/wp-content\/uploads\/2024\/08\/support-1-1.png?resize=150%2C150&amp;ssl=1 150w, https:\/\/i0.wp.com\/aiviouvapes.com\/wp-content\/uploads\/2024\/08\/support-1-1.png?resize=12%2C12&amp;ssl=1 12w, https:\/\/i0.wp.com\/aiviouvapes.com\/wp-content\/uploads\/2024\/08\/support-1-1.png?resize=100%2C100&amp;ssl=1 100w\" sizes=\"auto, (max-width: 200px) 100vw, 200px\" title=\"\">\t\t\t\t\t<\/div>\n\t\t\t\t<\/div>\n\t\t\t<\/div>\n\t\t\t\t<div class=\"icon-box-text last-reset\">\n\t\t\t\t\t\t\t\t\t\n\n\t<div id=\"text-1657929257\" class=\"text\">\n\t\t\n\n<h3 style=\"text-align: center;\">Pagalba vis\u0105 par\u0105<\/h3>\n<p style=\"text-align: center;\">Susisiekite su m\u016bs\u0173 palaikymo komanda bet kuriuo metu, 24 valandas per par\u0105, per savait\u0119 per WhatsApp arba el.<\/p>\n\t\t\n<style>\n#text-1657929257 {\n  font-size: 0.9rem;\n}\n<\/style>\n\t<\/div>\n\t\n\n\t\t<\/div>\n\t<\/div>\n\t\n\t\n\n\t\t<\/div>\n\t\t\t\t\t<\/div>\n\n\t\n\n<\/div>\n<div class=\"row row-full-width align-middle\"  id=\"row-948844022\">\n\n\n\t<div id=\"col-2011991313\" class=\"col medium-6 small-12 large-6\"  >\n\t\t\t\t<div class=\"col-inner\"  >\n\t\t\t\n\t\t\t\n\n\t<div class=\"img has-hover x md-x lg-x y md-y lg-y\" id=\"image_1002115382\">\n\t\t\t\t\t\t\t\t<div class=\"img-inner dark\" >\n\t\t\t<img loading=\"lazy\" decoding=\"async\" width=\"930\" height=\"1024\" src=\"https:\/\/i0.wp.com\/aiviouvapes.com\/wp-content\/uploads\/2024\/08\/%E6%8B%BC%E5%9B%BE.jpg?fit=930%2C1024&amp;ssl=1\" class=\"attachment-large size-large\" alt=\"Kod\u0117l verta rinktis AIVIOUVAPES\" title=\"\">\t\t\t\t\t\t\n\t\t\t\t\t<\/div>\n\t\t\t\t\t\t\t\t\n<style>\n#image_1002115382 {\n  width: 100%;\n}\n<\/style>\n\t<\/div>\n\t\n\n\n\t\t<\/div>\n\t\t\t\t\t<\/div>\n\n\t\n\n\t<div id=\"col-1927212270\" class=\"col medium-6 small-12 large-6\"  >\n\t\t\t\t<div class=\"col-inner\"  >\n\t\t\t\n\t\t\t\n\n<div class=\"container section-title-container\" ><h4 class=\"section-title section-title-normal\"><b aria-hidden=\"true\"><\/b><span class=\"section-title-main\" style=\"font-size:91%;\">M\u016bs\u0173 privalumai<\/span><b aria-hidden=\"true\"><\/b><\/h4><\/div>\n\n<div class=\"accordion\">\n\n\t<div id=\"accordion-3740415653\" class=\"accordion-item\">\n\t\t<a id=\"accordion-3740415653-label\" class=\"accordion-title plain\" href=\"#accordion-item-commitment-to-quality\" aria-expanded=\"false\" aria-controls=\"accordion-3740415653-content\">\n\t\t\t<button class=\"toggle\" aria-label=\"Perjungti\"><i class=\"icon-angle-down\" aria-hidden=\"true\"><\/i><\/button>\n\t\t\t<span>\u012esipareigojimas siekti kokyb\u0117s<\/span>\n\t\t<\/a>\n\t\t<div id=\"accordion-3740415653-content\" class=\"accordion-inner\" aria-labelledby=\"accordion-3740415653-label\">\n\t\t\t\n\n<p>Ties <a href=\"https:\/\/aiviouvapes.com\/lt\/\">AiviouVape<\/a>, kokyb\u0117 lemia visk\u0105, k\u0105 darome. M\u016bs\u0173 vienkartiniai garintuvai yra kruop\u0161\u010diai pagaminti ir grie\u017etai i\u0161bandyti, kad atitikt\u0173 auk\u0161\u010diausius standartus, tod\u0117l kiekvien\u0105 kart\u0105 u\u017etikrinamas sklandus ir patikimas garinimas. Atsi\u017evelgdami \u012f m\u016bs\u0173 \u012fsipareigojimus, kad neb\u016bt\u0173 joki\u0173 defekt\u0173 ir skund\u0173, galite pasitik\u0117ti, kad gaunate geriausi\u0105.<\/p>\n\n\t\t<\/div>\n\t<\/div>\n\t\n\t<div id=\"accordion-2524143578\" class=\"accordion-item\">\n\t\t<a id=\"accordion-2524143578-label\" class=\"accordion-title plain\" href=\"#accordion-item-diverse-range-of-products\" aria-expanded=\"false\" aria-controls=\"accordion-2524143578-content\">\n\t\t\t<button class=\"toggle\" aria-label=\"Perjungti\"><i class=\"icon-angle-down\" aria-hidden=\"true\"><\/i><\/button>\n\t\t\t<span>\u012evairi\u0173 produkt\u0173 asortimentas<\/span>\n\t\t<\/a>\n\t\t<div id=\"accordion-2524143578-content\" class=\"accordion-inner\" aria-labelledby=\"accordion-2524143578-label\">\n\t\t\t\n\n<p>Did\u017eiuojam\u0117s gal\u0117dami pasi\u016blyti plat\u0173 auk\u0161\u010diausios kokyb\u0117s vienkartini\u0173 garintuv\u0173 asortiment\u0105, atitinkant\u012f visus pageidavimus. M\u016bs\u0173 asortimente yra patikim\u0173 prek\u0117s \u017eenkl\u0173, toki\u0173 kaip \"Waspe\", \"Vapme\", \"RandM Tornado\", Bang Box, \"ELF Box\" ir \"Bang King\" - nuo naujausi\u0173 inovacij\u0173 iki seniai gerb\u0117j\u0173 pam\u0117gt\u0173. Nesvarbu, ar ie\u0161kote dr\u0105si\u0173 \"Vapme\" aromat\u0173, ar eleganti\u0161ko \"RandM Tornado\" dizaino, m\u016bs\u0173 kolekcija sukurta taip, kad pad\u0117t\u0173 atrasti tobul\u0105 garintuv\u0105, atitinkant\u012f j\u016bs\u0173 skon\u012f ir gyvenimo b\u016bd\u0105.<\/p>\n\n\n\t\t<\/div>\n\t<\/div>\n\t\n\t<div id=\"accordion-762971987\" class=\"accordion-item\">\n\t\t<a id=\"accordion-762971987-label\" class=\"accordion-title plain\" href=\"#accordion-item-wholesale-and-retail-solutions\" aria-expanded=\"false\" aria-controls=\"accordion-762971987-content\">\n\t\t\t<button class=\"toggle\" aria-label=\"Perjungti\"><i class=\"icon-angle-down\" aria-hidden=\"true\"><\/i><\/button>\n\t\t\t<span>Didmenin\u0117s ir ma\u017emenin\u0117s prekybos sprendimai<\/span>\n\t\t<\/a>\n\t\t<div id=\"accordion-762971987-content\" class=\"accordion-inner\" aria-labelledby=\"accordion-762971987-label\">\n\t\t\t\n\n<p>AiviouVape patenkina tiek ma\u017emenini\u0173, tiek didmenini\u0173 klient\u0173 poreikius, kiekvien\u0105 kart\u0105 tiekdama i\u0161skirtinius produktus ir paslaugas. Jei pas mus esate naujokas, rekomenduojame prad\u0117ti nuo ma\u017eos partijos, kad patys patirtum\u0117te m\u016bs\u0173 kokyb\u0119. D\u0117l konkurencing\u0173 kain\u0173 ir auk\u0161\u010diausios kokyb\u0117s standart\u0173 esame patikimas pasirinkimas vienkartini\u0173 gar\u0173 pramon\u0117je.\u00a0<\/p>\n\n\t\t<\/div>\n\t<\/div>\n\t\n\t<div id=\"accordion-4132661116\" class=\"accordion-item\">\n\t\t<a id=\"accordion-4132661116-label\" class=\"accordion-title plain\" href=\"#accordion-item-continuous-improvement\" aria-expanded=\"false\" aria-controls=\"accordion-4132661116-content\">\n\t\t\t<button class=\"toggle\" aria-label=\"Perjungti\"><i class=\"icon-angle-down\" aria-hidden=\"true\"><\/i><\/button>\n\t\t\t<span>Nuolatinis tobul\u0117jimas<\/span>\n\t\t<\/a>\n\t\t<div id=\"accordion-4132661116-content\" class=\"accordion-inner\" aria-labelledby=\"accordion-4132661116-label\">\n\t\t\t\n\n<p>\u201eAiviouVape\u201c i\u0161skiria m\u016bs\u0173 atsidavim\u0105 i\u0161skirtiniam klient\u0173 aptarnavimui. Nesvarbu, ar jums reikia patarimo prie\u0161 perkant, ar pagalbos atliekant u\u017esakym\u0105, m\u016bs\u0173 komanda visada pasiekiama per WhatsApp arba el. Stengiam\u0117s u\u017emegzti ilgalaikius santykius su savo klientais, u\u017etikrindami J\u016bs\u0173 pasitenkinim\u0105 kiekviename \u017eingsnyje.<\/p>\n\n\t\t<\/div>\n\t<\/div>\n\t\n\t<div id=\"accordion-728547521\" class=\"accordion-item\">\n\t\t<a id=\"accordion-728547521-label\" class=\"accordion-title plain\" href=\"#accordion-item-quality-assurance\" aria-expanded=\"false\" aria-controls=\"accordion-728547521-content\">\n\t\t\t<button class=\"toggle\" aria-label=\"Perjungti\"><i class=\"icon-angle-down\" aria-hidden=\"true\"><\/i><\/button>\n\t\t\t<span>Kokyb\u0117s u\u017etikrinimas<\/span>\n\t\t<\/a>\n\t\t<div id=\"accordion-728547521-content\" class=\"accordion-inner\" aria-labelledby=\"accordion-728547521-label\">\n\t\t\t\n\n<p>Kiekviename etape \u2013 produkto k\u016brimo, gamybos, rinkodaros ir platinimo \u2013 m\u016bs\u0173 \u012fsipareigojimas kokybei nesikei\u010dia. M\u016bs\u0173 vienkartiniai garai yra kruop\u0161\u010diai tikrinami, siekiant u\u017etikrinti, kad jie netoksi\u0161ki, gryni ir i\u0161skirtinio skonio. \u0160is atsidavimas meistri\u0161kumui sudaro m\u016bs\u0173 verslo kult\u016bros stubur\u0105.<\/p>\n\n\t\t<\/div>\n\t<\/div>\n\t\n\t<div id=\"accordion-1051555608\" class=\"accordion-item\">\n\t\t<a id=\"accordion-1051555608-label\" class=\"accordion-title plain\" href=\"#accordion-item-efficient-logistics-and-delivery\" aria-expanded=\"false\" aria-controls=\"accordion-1051555608-content\">\n\t\t\t<button class=\"toggle\" aria-label=\"Perjungti\"><i class=\"icon-angle-down\" aria-hidden=\"true\"><\/i><\/button>\n\t\t\t<span>Efektyvi logistika ir pristatymas<\/span>\n\t\t<\/a>\n\t\t<div id=\"accordion-1051555608-content\" class=\"accordion-inner\" aria-labelledby=\"accordion-1051555608-label\">\n\t\t\t\n\n<p>\u201eAiviouVape\u201c teikia efektyvi\u0105 logistik\u0105 ir pristatym\u0105, \u012fskaitant DDP (Delivered Duty Paid) paslaugas, u\u017etikrinan\u010dias skland\u0173 muitin\u0117s formalumus be joki\u0173 mokes\u010di\u0173 ar mokes\u010di\u0173. Su greitu pristatymu ir i\u0161skirtiniu klient\u0173 aptarnavimu si\u016blome skland\u017ei\u0105 ir patikim\u0105 patirt\u012f, tod\u0117l esame patikimi pramon\u0117s partneriai.<\/p>\n\n\t\t<\/div>\n\t<\/div>\n\t\n\t<div id=\"accordion-3348867749\" class=\"accordion-item\">\n\t\t<a id=\"accordion-3348867749-label\" class=\"accordion-title plain\" href=\"#accordion-item-odm-and-oem-services\" aria-expanded=\"false\" aria-controls=\"accordion-3348867749-content\">\n\t\t\t<button class=\"toggle\" aria-label=\"Perjungti\"><i class=\"icon-angle-down\" aria-hidden=\"true\"><\/i><\/button>\n\t\t\t<span>ODM ir OEM paslaugos<\/span>\n\t\t<\/a>\n\t\t<div id=\"accordion-3348867749-content\" class=\"accordion-inner\" aria-labelledby=\"accordion-3348867749-label\">\n\t\t\t\n\n<p>\u201eAiviouVapes\u201c si\u016blo visas ODM (Original Design Manufacturing) ir OEM (Original Equipment Manufacturing) paslaugas. Tur\u0117dami dvi dideles patalpas, padedame klientams kurti unikalius gaminius ir ak\u012f traukian\u010dius logotipus pakavimui. Taip pat teikiame nemokamas pakuot\u0117s dizaino gaires ir padedame klientams, kurie patys pakuoja savo gaminius, u\u017etikrindami, kad j\u0173 prek\u0117s \u017eenklas spind\u0117t\u0173 rinkoje.<\/p>\n\n\t\t<\/div>\n\t<\/div>\n\t\n\n<\/div>\n\n\t\t<\/div>\n\t\t\t\t\t<\/div>\n\n\t\n\n<\/div>","protected":false},"excerpt":{"rendered":"<p>MRVI 25000 Puffs si\u016blo i\u0161skirtin\u0119 garinimo patirt\u012f su iki 25 000 \u012fkv\u0117pim\u0173, 30 ml e-skys\u010dio talpa ir galinga 1000 mAh baterija. Dvigubos rit\u0117s, skirtos universaliam MTL ir DTL garinimui, suteikia skland\u0173 ir sodr\u0173 skon\u012f kiekviename \u012fkv\u0117pime.<\/p>","protected":false},"featured_media":23975,"comment_status":"open","ping_status":"closed","template":"","meta":[],"product_brand":[229],"product_cat":[33,130,90,78,117,81,76,134,135,133,136,137,146,138,139,140,141,142,143,144,145,79,132,82],"product_tag":[],"class_list":{"0":"post-23965","1":"product","2":"type-product","3":"status-publish","4":"has-post-thumbnail","6":"product_brand-mrvi","7":"product_cat-mrvi","8":"product_cat-25000-puffs-disposable-vape","9":"product_cat-big-puffs-vapes","10":"product_cat-crystal-vapes","11":"product_cat-different-puffs-of-diposable-vapes","12":"product_cat-digital-box-vapes","13":"product_cat-disposable-vape-types","14":"product_cat-disposable-vapes-in-austria","15":"product_cat-disposable-vapes-in-belgium","16":"product_cat-disposable-vapes-in-europe","17":"product_cat-disposable-vapes-in-france","18":"product_cat-disposable-vapes-in-germany","19":"product_cat-disposable-vapes-in-hungary","20":"product_cat-disposable-vapes-in-ltaly","21":"product_cat-disposable-vapes-in-netherlands","22":"product_cat-disposable-vapes-in-norway","23":"product_cat-disposable-vapes-in-poland","24":"product_cat-disposable-vapes-in-portugal","25":"product_cat-disposable-vapes-in-spain","26":"product_cat-disposable-vapes-in-sweden","27":"product_cat-disposable-vapes-in-switzerland","28":"product_cat-dual-mesh-vapes","29":"product_cat-rechargeable-vapes","30":"product_cat-smart-screen-vapes","32":"first","33":"instock","34":"shipping-taxable","35":"purchasable","36":"product-type-variable","37":"has-default-attributes"},"jetpack_sharing_enabled":true,"tiered_pricing_type":"fixed","tiered_pricing_fixed_rules":{"100":6.36000000000000031974423109204508364200592041015625,"200":5.7400000000000002131628207280300557613372802734375,"400":5.42999999999999971578290569595992565155029296875},"tiered_pricing_product_settings":{"layout":"default","base_unit_name":{"singular":null,"plural":null},"default_variation":null},"tiered_pricing_minimum_quantity":50,"tiered_pricing_roles_data":[],"tiered_pricing_percentage_rules":[],"tiered_pricing_maximum_quantity":null,"tiered_pricing_quantity_step":"10","_links":{"self":[{"href":"https:\/\/aiviouvapes.com\/lt\/wp-json\/wp\/v2\/product\/23965","targetHints":{"allow":["GET"]}}],"collection":[{"href":"https:\/\/aiviouvapes.com\/lt\/wp-json\/wp\/v2\/product"}],"about":[{"href":"https:\/\/aiviouvapes.com\/lt\/wp-json\/wp\/v2\/types\/product"}],"replies":[{"embeddable":true,"href":"https:\/\/aiviouvapes.com\/lt\/wp-json\/wp\/v2\/comments?post=23965"}],"wp:featuredmedia":[{"embeddable":true,"href":"https:\/\/aiviouvapes.com\/lt\/wp-json\/wp\/v2\/media\/23975"}],"wp:attachment":[{"href":"https:\/\/aiviouvapes.com\/lt\/wp-json\/wp\/v2\/media?parent=23965"}],"wp:term":[{"taxonomy":"product_brand","embeddable":true,"href":"https:\/\/aiviouvapes.com\/lt\/wp-json\/wp\/v2\/product_brand?post=23965"},{"taxonomy":"product_cat","embeddable":true,"href":"https:\/\/aiviouvapes.com\/lt\/wp-json\/wp\/v2\/product_cat?post=23965"},{"taxonomy":"product_tag","embeddable":true,"href":"https:\/\/aiviouvapes.com\/lt\/wp-json\/wp\/v2\/product_tag?post=23965"}],"curies":[{"name":"wp","href":"https:\/\/api.w.org\/{rel}","templated":true}]}}