{"id":1746,"date":"2024-08-17T12:45:04","date_gmt":"2024-08-17T04:45:04","guid":{"rendered":"https:\/\/aiviouvapes.com\/?post_type=product&#038;p=1746"},"modified":"2026-04-17T13:02:17","modified_gmt":"2026-04-17T05:02:17","slug":"sora-25k-dual-mesh","status":"publish","type":"product","link":"https:\/\/aiviouvapes.com\/lt\/product\/sora-25k-dual-mesh\/","title":{"rendered":"SORA 25K Dual Mesh 25000 Puffs | 5% nikotinas, didmenin\u0117 vienkartin\u0117 vape"},"content":{"rendered":"<h2>SORA 25K Dual Mesh 25000 p\u016btim\u0173 | 5% nikotino \u012fkraunamas masinis pirkimas vienkartini\u0173 vape didmenin\u0117 prekyba<\/h2>\n<h3>SORA 25000 Puff dvigubo tinklelio vienkartini\u0173 gar\u0173 ap\u017evalga<\/h3>\n<ul>\n<li><strong>I\u0161pl\u0117sta talpa<\/strong>: Iki 25 000 \u012fkv\u0117pim\u0173, kad b\u016bt\u0173 u\u017etikrintas ilgalaikis pasitenkinimas.<\/li>\n<li><strong>Didel\u0117 elektroninio skys\u010dio talpa<\/strong>: 20 ml talpos rezervuaras suma\u017eina papildymo poreik\u012f ir suteikia daugiau patogumo.<\/li>\n<li><strong>Galingas akumuliatorius<\/strong>: 900 mAh \u012fkraunama baterija patikimam ir ilgalaikiam naudojimui.<\/li>\n<li><strong>Nikotino stiprumas<\/strong>: Yra 5% nikotino, kad b\u016bt\u0173 malonu.<\/li>\n<li><strong>Sklandi gar\u0173 gamyba<\/strong>: Dviej\u0173 tinkleli\u0173 rit\u0117 u\u017etikrina skland\u0173, kvapn\u0173 gar\u0105 su kiekvienu i\u0161p\u016btimu.<\/li>\n<li><strong>LCD ekranas<\/strong>: Realaus laiko ekranas rodo baterijos veikimo laik\u0105 ir i\u0161p\u016btim\u0173 skai\u010di\u0173, tod\u0117l jus informuoja.<\/li>\n<\/ul>\n<h3>SORA 25000 Puff Dual Mesh vienkartin\u0117s Vape funkcijos<\/h3>\n<ul>\n<li><strong>I\u0161skirtinis ilgaam\u017ei\u0161kumas<\/strong>: 25 000 \u012fkv\u0117pim\u0173 vienam \u012frenginiui, kad b\u016bt\u0173 puiki vert\u0117 ir ilgalaikis malonumas.<\/li>\n<li><strong>Ne\u0161iojamas ir patogus vartotojui<\/strong>: kompakti\u0161kas dizainas su LCD ekranu, kad b\u016bt\u0173 lengva steb\u0117ti keliaujant.<\/li>\n<li><strong>Greitas \u012fkrovimas<\/strong>: C tipo \u012fkrovimas greitai \u012fjungiamas, suma\u017einant prastovos laik\u0105.<\/li>\n<li><strong>Nereikalaujantis prie\u017ei\u016bros<\/strong>: vienkartinis, \u012fkraunamas ir be r\u016bpes\u010di\u0173, kad patirtis b\u016bt\u0173 sklandi.<\/li>\n<\/ul>\n<h3>SORA 25000 Puff Dual Mesh vienkartinio Vape skonio pasirinkimas<\/h3>\n<p>Blue Razz ledas, ledinis m\u0117t\u0173, arb\u016bz\u0173 ledas, drakono meliono ledas, uog\u0173 palaima, pasifloros vaisius apelsin\u0173 mangai, Meksikos mangai, bra\u0161ki\u0173 bananai, skaidrus, skaidrus raudonas, skaidrus m\u0117lynas, skaidrus ro\u017einis, skaidrus rubinas, skaidrus geltonas, Skaidriai \u017ealia, skaidriai violetin\u0117..<\/p>\n<h3>Kod\u0117l verta rinktis SORA 25K dvigub\u0105 tinklel\u012f?<\/h3>\n<p>SORA 25K Dvigubas tinklelis yra sukurtas tiems, kurie nori ir patogumo, ir na\u0161umo. D\u0117l didelio i\u0161p\u016btim\u0173 skai\u010diaus, \u012fkraunamos baterijos ir ry\u0161ki\u0173 skoni\u0173 pasirinkimo \u0161is prietaisas yra sukurtas i\u0161skirtiniam garavimui. Puikiai tinkantis kasdieniam naudojimui, SORA 25K sujungia ilgalaik\u0119 kokyb\u0119 ir lengv\u0105 naudojim\u0105. Parduodama urmu, tai idealus pasirinkimas ma\u017emenininkams, norintiems pasi\u016blyti klientams auk\u0161\u010diausios kokyb\u0117s, didel\u0117s talpos gar\u0105. Patirkite SORA ir patobulinkite savo vape \u017eaidim\u0105 kiekvienu \u012fkv\u0117pimu.<\/p>\n<p><a href=\"https:\/\/i0.wp.com\/aiviouvapes.com\/wp-content\/uploads\/2024\/08\/SORA-25000-%E4%BA%A7%E5%93%81%E6%95%88%E6%9E%9C%E5%9B%BE-16%E6%AC%BE.jpg?ssl=1\"><img data-recalc-dims=\"1\" loading=\"lazy\" decoding=\"async\" class=\"alignnone wp-image-1780 size-full\" title=\"SORA 25K Dual Mesh 5% Nikotino \u012fkraunamas didmenin\u0117s pirkimo vienkartin\u0117s Vape didmenin\u0117 prekyba\" src=\"https:\/\/i0.wp.com\/aiviouvapes.com\/wp-content\/uploads\/2024\/08\/SORA-25000-%E4%BA%A7%E5%93%81%E6%95%88%E6%9E%9C%E5%9B%BE-16%E6%AC%BE.jpg?resize=1020%2C1293&#038;ssl=1\" alt=\"SORA 25K Dual Mesh 5% Nikotino \u012fkraunamas didmenin\u0117s pirkimo vienkartin\u0117s Vape didmenin\u0117 prekyba\" width=\"1020\" height=\"1293\" srcset=\"https:\/\/i0.wp.com\/aiviouvapes.com\/wp-content\/uploads\/2024\/08\/SORA-25000-%E4%BA%A7%E5%93%81%E6%95%88%E6%9E%9C%E5%9B%BE-16%E6%AC%BE.jpg?w=1515&amp;ssl=1 1515w, https:\/\/i0.wp.com\/aiviouvapes.com\/wp-content\/uploads\/2024\/08\/SORA-25000-%E4%BA%A7%E5%93%81%E6%95%88%E6%9E%9C%E5%9B%BE-16%E6%AC%BE.jpg?resize=237%2C300&amp;ssl=1 237w, https:\/\/i0.wp.com\/aiviouvapes.com\/wp-content\/uploads\/2024\/08\/SORA-25000-%E4%BA%A7%E5%93%81%E6%95%88%E6%9E%9C%E5%9B%BE-16%E6%AC%BE.jpg?resize=808%2C1024&amp;ssl=1 808w, https:\/\/i0.wp.com\/aiviouvapes.com\/wp-content\/uploads\/2024\/08\/SORA-25000-%E4%BA%A7%E5%93%81%E6%95%88%E6%9E%9C%E5%9B%BE-16%E6%AC%BE.jpg?resize=768%2C973&amp;ssl=1 768w, https:\/\/i0.wp.com\/aiviouvapes.com\/wp-content\/uploads\/2024\/08\/SORA-25000-%E4%BA%A7%E5%93%81%E6%95%88%E6%9E%9C%E5%9B%BE-16%E6%AC%BE.jpg?resize=1212%2C1536&amp;ssl=1 1212w, https:\/\/i0.wp.com\/aiviouvapes.com\/wp-content\/uploads\/2024\/08\/SORA-25000-%E4%BA%A7%E5%93%81%E6%95%88%E6%9E%9C%E5%9B%BE-16%E6%AC%BE.jpg?resize=9%2C12&amp;ssl=1 9w, https:\/\/i0.wp.com\/aiviouvapes.com\/wp-content\/uploads\/2024\/08\/SORA-25000-%E4%BA%A7%E5%93%81%E6%95%88%E6%9E%9C%E5%9B%BE-16%E6%AC%BE.jpg?resize=800%2C1014&amp;ssl=1 800w\" sizes=\"auto, (max-width: 1020px) 100vw, 1020px\" \/><\/a><br \/>\n<h3>Kod\u0117l verta rinktis \u201eAiviouVapes\u201c.<\/h3>\n<p>Sveiki atvyk\u0119 \u012f <a href=\"https:\/\/aiviouvapes.com\/lt\/\">AiviouVapes<\/a> - j\u016bs\u0173 patikimas auk\u0161\u010diausios kokyb\u0117s, prieinam\u0173 kain\u0173 \u0161altinis <a href=\"https:\/\/aiviouvapes.com\/lt\/shop\/\">didmenin\u0117 vienkartini\u0173 vapes<\/a> tikrai ma\u017eomis kainomis. Daugiau nei penkerius metus sukaup\u0119 patirties vape pramon\u0117s srityje, mes did\u017eiuojam\u0117s gal\u0117dami pasi\u016blyti rankomis atrinkt\u0173 pirmaujan\u010di\u0173 preki\u0173 \u017eenkl\u0173 pasirinkim\u0105, \u012fskaitant <a href=\"https:\/\/aiviouvapes.com\/lt\/produkto-kategorija\/waspe\/\">WASPE<\/a>, <a href=\"https:\/\/aiviouvapes.com\/lt\/produkto-kategorija\/bang\/\">\"Bang Vape<\/a>, <a href=\"https:\/\/aiviouvapes.com\/lt\/produkto-kategorija\/vapme-vapes\/\">Vapme<\/a>, ir <a href=\"https:\/\/aiviouvapes.com\/lt\/produkto-kategorija\/mrvi\/\">MRVI<\/a>.<\/p>\n<p>Nuo didelio na\u0161umo prietais\u0173, pvz. <a href=\"https:\/\/aiviouvapes.com\/lt\/produktas\/waspe-4-in-1-100000-puffs\/\">WASPE 100K 4-in-1 skonio<\/a> \u012f dr\u0105siai m\u0117gstamus, pvz. <a href=\"https:\/\/aiviouvapes.com\/lt\/produktas\/bang-king-triple-flavors-85000\/\">Bang 85 000 Trigubas puodas<\/a>, ir net \u012fdomus <a class=\"woocommerce-LoopProduct-link woocommerce-loop-product__link\" href=\"https:\/\/aiviouvapes.com\/lt\/produktas\/mystery-vape-blind-box\/\">Paslaptis Vienkartin\u0117 Vape d\u0117\u017eut\u0117<\/a>kiekvienas gaminys pasirenkamas d\u0117l auk\u0161\u010diausios kokyb\u0117s ir neprilygstamos vert\u0117s. \"AiviouVapes\" gal\u0117site m\u0117gautis puikiu aptarnavimu, didmenin\u0117mis nuolaidomis ir kolekcija, sukurta taip, kad atitikt\u0173 j\u016bs\u0173 garinimo poreikius.<\/p>\n<div class=\"row row-large row-full-width align-middle\"  id=\"row-1317365502\">\n\n\n\t<div id=\"col-1742416835\" class=\"col medium-3 small-6 large-3\"  >\n\t\t\t\t<div class=\"col-inner text-center\"  >\n\t\t\t\n\t\t\t\n\n\n\t\t<div class=\"icon-box featured-box icon-box-top text-left\"  >\n\t\t\t\t\t<div class=\"icon-box-img\" style=\"width: 90px\">\n\t\t\t\t<div class=\"icon\">\n\t\t\t\t\t<div class=\"icon-inner\" >\n\t\t\t\t\t\t<img loading=\"lazy\" decoding=\"async\" width=\"200\" height=\"200\" src=\"https:\/\/i0.wp.com\/aiviouvapes.com\/wp-content\/uploads\/2024\/08\/vape-1-1.png?fit=200%2C200&amp;ssl=1\" class=\"attachment-medium size-medium\" alt=\"Kod\u0117l verta rinktis AIVIOUVAPES\" srcset=\"https:\/\/i0.wp.com\/aiviouvapes.com\/wp-content\/uploads\/2024\/08\/vape-1-1.png?w=200&amp;ssl=1 200w, https:\/\/i0.wp.com\/aiviouvapes.com\/wp-content\/uploads\/2024\/08\/vape-1-1.png?resize=150%2C150&amp;ssl=1 150w, https:\/\/i0.wp.com\/aiviouvapes.com\/wp-content\/uploads\/2024\/08\/vape-1-1.png?resize=12%2C12&amp;ssl=1 12w, https:\/\/i0.wp.com\/aiviouvapes.com\/wp-content\/uploads\/2024\/08\/vape-1-1.png?resize=100%2C100&amp;ssl=1 100w\" sizes=\"auto, (max-width: 200px) 100vw, 200px\" title=\"\">\t\t\t\t\t<\/div>\n\t\t\t\t<\/div>\n\t\t\t<\/div>\n\t\t\t\t<div class=\"icon-box-text last-reset\">\n\t\t\t\t\t\t\t\t\t\n\n\t<div id=\"text-903491233\" class=\"text\">\n\t\t\n\n<h3 style=\"text-align: center;\">Didel\u0117 Vape \u012fvairov\u0117<\/h3>\n<p style=\"text-align: center;\">Atraskite m\u016bs\u0173 plat\u0173 gamini\u0173 asortiment\u0105, sukurt\u0105 pagal kiekvien\u0105 pageidavim\u0105.<\/p>\n\t\t\n<style>\n#text-903491233 {\n  font-size: 0.9rem;\n}\n<\/style>\n\t<\/div>\n\t\n\n\t\t<\/div>\n\t<\/div>\n\t\n\t\n\n\t\t<\/div>\n\t\t\t\t\t<\/div>\n\n\t\n\n\t<div id=\"col-38992774\" class=\"col medium-3 small-6 large-3\"  >\n\t\t\t\t<div class=\"col-inner text-center\"  >\n\t\t\t\n\t\t\t\n\n\n\t\t<div class=\"icon-box featured-box icon-box-top text-left\"  >\n\t\t\t\t\t<div class=\"icon-box-img\" style=\"width: 90px\">\n\t\t\t\t<div class=\"icon\">\n\t\t\t\t\t<div class=\"icon-inner\" >\n\t\t\t\t\t\t<img loading=\"lazy\" decoding=\"async\" width=\"200\" height=\"200\" src=\"https:\/\/i0.wp.com\/aiviouvapes.com\/wp-content\/uploads\/2024\/08\/save-money-1-1-1.png?fit=200%2C200&amp;ssl=1\" class=\"attachment-medium size-medium\" alt=\"Kod\u0117l verta rinktis AIVIOUVAPES\" srcset=\"https:\/\/i0.wp.com\/aiviouvapes.com\/wp-content\/uploads\/2024\/08\/save-money-1-1-1.png?w=200&amp;ssl=1 200w, https:\/\/i0.wp.com\/aiviouvapes.com\/wp-content\/uploads\/2024\/08\/save-money-1-1-1.png?resize=150%2C150&amp;ssl=1 150w, https:\/\/i0.wp.com\/aiviouvapes.com\/wp-content\/uploads\/2024\/08\/save-money-1-1-1.png?resize=12%2C12&amp;ssl=1 12w, https:\/\/i0.wp.com\/aiviouvapes.com\/wp-content\/uploads\/2024\/08\/save-money-1-1-1.png?resize=100%2C100&amp;ssl=1 100w\" sizes=\"auto, (max-width: 200px) 100vw, 200px\" title=\"\">\t\t\t\t\t<\/div>\n\t\t\t\t<\/div>\n\t\t\t<\/div>\n\t\t\t\t<div class=\"icon-box-text last-reset\">\n\t\t\t\t\t\t\t\t\t\n\n\t<div id=\"text-1943733844\" class=\"text\">\n\t\t\n\n<h3 style=\"text-align: center;\">Neprilygstama vert\u0117<\/h3>\n<p style=\"text-align: center;\">M\u0117gaukit\u0117s auk\u0161\u010diausios kokyb\u0117s produktais u\u017e j\u016bs\u0173 biud\u017eet\u0105 atitinkan\u010dias kainas.<\/p>\n\t\t\n<style>\n#text-1943733844 {\n  font-size: 0.9rem;\n}\n<\/style>\n\t<\/div>\n\t\n\n\t\t<\/div>\n\t<\/div>\n\t\n\t\n\n\t\t<\/div>\n\t\t\t\t\t<\/div>\n\n\t\n\n\t<div id=\"col-1268963734\" class=\"col medium-3 small-6 large-3\"  >\n\t\t\t\t<div class=\"col-inner text-center\"  >\n\t\t\t\n\t\t\t\n\n\n\t\t<div class=\"icon-box featured-box icon-box-top text-left\"  >\n\t\t\t\t\t<div class=\"icon-box-img\" style=\"width: 90px\">\n\t\t\t\t<div class=\"icon\">\n\t\t\t\t\t<div class=\"icon-inner\" >\n\t\t\t\t\t\t<img loading=\"lazy\" decoding=\"async\" width=\"200\" height=\"200\" src=\"https:\/\/i0.wp.com\/aiviouvapes.com\/wp-content\/uploads\/2024\/08\/delivery-truck-1-1.png?fit=200%2C200&amp;ssl=1\" class=\"attachment-medium size-medium\" alt=\"Kod\u0117l verta rinktis AIVIOUVAPES\" srcset=\"https:\/\/i0.wp.com\/aiviouvapes.com\/wp-content\/uploads\/2024\/08\/delivery-truck-1-1.png?w=200&amp;ssl=1 200w, https:\/\/i0.wp.com\/aiviouvapes.com\/wp-content\/uploads\/2024\/08\/delivery-truck-1-1.png?resize=150%2C150&amp;ssl=1 150w, https:\/\/i0.wp.com\/aiviouvapes.com\/wp-content\/uploads\/2024\/08\/delivery-truck-1-1.png?resize=12%2C12&amp;ssl=1 12w, https:\/\/i0.wp.com\/aiviouvapes.com\/wp-content\/uploads\/2024\/08\/delivery-truck-1-1.png?resize=100%2C100&amp;ssl=1 100w\" sizes=\"auto, (max-width: 200px) 100vw, 200px\" title=\"\">\t\t\t\t\t<\/div>\n\t\t\t\t<\/div>\n\t\t\t<\/div>\n\t\t\t\t<div class=\"icon-box-text last-reset\">\n\t\t\t\t\t\t\t\t\t\n\n\t<div id=\"text-3136376011\" class=\"text\">\n\t\t\n\n<h3 style=\"text-align: center;\">\u201eSwift\u201c pasaulinis pristatymas<\/h3>\n<p style=\"text-align: center;\">Mes pristatome visame pasaulyje su garantuotu muitin\u0117s formalum\u0173 atlikimu, kad patirtis b\u016bt\u0173 sklandi.<\/p>\n\t\t\n<style>\n#text-3136376011 {\n  font-size: 0.9rem;\n}\n<\/style>\n\t<\/div>\n\t\n\n\t\t<\/div>\n\t<\/div>\n\t\n\t\n\n\t\t<\/div>\n\t\t\t\t\t<\/div>\n\n\t\n\n\t<div id=\"col-394572950\" class=\"col medium-3 small-6 large-3\"  >\n\t\t\t\t<div class=\"col-inner text-center\"  >\n\t\t\t\n\t\t\t\n\n\n\t\t<div class=\"icon-box featured-box icon-box-top text-left\"  >\n\t\t\t\t\t<div class=\"icon-box-img\" style=\"width: 90px\">\n\t\t\t\t<div class=\"icon\">\n\t\t\t\t\t<div class=\"icon-inner\" >\n\t\t\t\t\t\t<img loading=\"lazy\" decoding=\"async\" width=\"200\" height=\"200\" src=\"https:\/\/i0.wp.com\/aiviouvapes.com\/wp-content\/uploads\/2024\/08\/support-1-1.png?fit=200%2C200&amp;ssl=1\" class=\"attachment-medium size-medium\" alt=\"Kod\u0117l verta rinktis AIVIOUVAPES\" srcset=\"https:\/\/i0.wp.com\/aiviouvapes.com\/wp-content\/uploads\/2024\/08\/support-1-1.png?w=200&amp;ssl=1 200w, https:\/\/i0.wp.com\/aiviouvapes.com\/wp-content\/uploads\/2024\/08\/support-1-1.png?resize=150%2C150&amp;ssl=1 150w, https:\/\/i0.wp.com\/aiviouvapes.com\/wp-content\/uploads\/2024\/08\/support-1-1.png?resize=12%2C12&amp;ssl=1 12w, https:\/\/i0.wp.com\/aiviouvapes.com\/wp-content\/uploads\/2024\/08\/support-1-1.png?resize=100%2C100&amp;ssl=1 100w\" sizes=\"auto, (max-width: 200px) 100vw, 200px\" title=\"\">\t\t\t\t\t<\/div>\n\t\t\t\t<\/div>\n\t\t\t<\/div>\n\t\t\t\t<div class=\"icon-box-text last-reset\">\n\t\t\t\t\t\t\t\t\t\n\n\t<div id=\"text-3306156924\" class=\"text\">\n\t\t\n\n<h3 style=\"text-align: center;\">Pagalba vis\u0105 par\u0105<\/h3>\n<p style=\"text-align: center;\">Susisiekite su m\u016bs\u0173 palaikymo komanda bet kuriuo metu, 24 valandas per par\u0105, per savait\u0119 per WhatsApp arba el.<\/p>\n\t\t\n<style>\n#text-3306156924 {\n  font-size: 0.9rem;\n}\n<\/style>\n\t<\/div>\n\t\n\n\t\t<\/div>\n\t<\/div>\n\t\n\t\n\n\t\t<\/div>\n\t\t\t\t\t<\/div>\n\n\t\n\n<\/div>\n<div class=\"row row-full-width align-middle\"  id=\"row-787427191\">\n\n\n\t<div id=\"col-1596274955\" class=\"col medium-6 small-12 large-6\"  >\n\t\t\t\t<div class=\"col-inner\"  >\n\t\t\t\n\t\t\t\n\n\t<div class=\"img has-hover x md-x lg-x y md-y lg-y\" id=\"image_1819450521\">\n\t\t\t\t\t\t\t\t<div class=\"img-inner dark\" >\n\t\t\t<img loading=\"lazy\" decoding=\"async\" width=\"930\" height=\"1024\" src=\"https:\/\/i0.wp.com\/aiviouvapes.com\/wp-content\/uploads\/2024\/08\/%E6%8B%BC%E5%9B%BE.jpg?fit=930%2C1024&amp;ssl=1\" class=\"attachment-large size-large\" alt=\"Kod\u0117l verta rinktis AIVIOUVAPES\" title=\"\">\t\t\t\t\t\t\n\t\t\t\t\t<\/div>\n\t\t\t\t\t\t\t\t\n<style>\n#image_1819450521 {\n  width: 100%;\n}\n<\/style>\n\t<\/div>\n\t\n\n\n\t\t<\/div>\n\t\t\t\t\t<\/div>\n\n\t\n\n\t<div id=\"col-1965319776\" class=\"col medium-6 small-12 large-6\"  >\n\t\t\t\t<div class=\"col-inner\"  >\n\t\t\t\n\t\t\t\n\n<div class=\"container section-title-container\" ><h4 class=\"section-title section-title-normal\"><b aria-hidden=\"true\"><\/b><span class=\"section-title-main\" style=\"font-size:91%;\">M\u016bs\u0173 privalumai<\/span><b aria-hidden=\"true\"><\/b><\/h4><\/div>\n\n<div class=\"accordion\">\n\n\t<div id=\"accordion-628874681\" class=\"accordion-item\">\n\t\t<a id=\"accordion-628874681-label\" class=\"accordion-title plain\" href=\"#accordion-item-commitment-to-quality\" aria-expanded=\"false\" aria-controls=\"accordion-628874681-content\">\n\t\t\t<button class=\"toggle\" aria-label=\"Perjungti\"><i class=\"icon-angle-down\" aria-hidden=\"true\"><\/i><\/button>\n\t\t\t<span>\u012esipareigojimas siekti kokyb\u0117s<\/span>\n\t\t<\/a>\n\t\t<div id=\"accordion-628874681-content\" class=\"accordion-inner\" aria-labelledby=\"accordion-628874681-label\">\n\t\t\t\n\n<p>Ties <a href=\"https:\/\/aiviouvapes.com\/lt\/\">AiviouVape<\/a>, kokyb\u0117 lemia visk\u0105, k\u0105 darome. M\u016bs\u0173 vienkartiniai garintuvai yra kruop\u0161\u010diai pagaminti ir grie\u017etai i\u0161bandyti, kad atitikt\u0173 auk\u0161\u010diausius standartus, tod\u0117l kiekvien\u0105 kart\u0105 u\u017etikrinamas sklandus ir patikimas garinimas. Atsi\u017evelgdami \u012f m\u016bs\u0173 \u012fsipareigojimus, kad neb\u016bt\u0173 joki\u0173 defekt\u0173 ir skund\u0173, galite pasitik\u0117ti, kad gaunate geriausi\u0105.<\/p>\n\n\t\t<\/div>\n\t<\/div>\n\t\n\t<div id=\"accordion-3088056490\" class=\"accordion-item\">\n\t\t<a id=\"accordion-3088056490-label\" class=\"accordion-title plain\" href=\"#accordion-item-diverse-range-of-products\" aria-expanded=\"false\" aria-controls=\"accordion-3088056490-content\">\n\t\t\t<button class=\"toggle\" aria-label=\"Perjungti\"><i class=\"icon-angle-down\" aria-hidden=\"true\"><\/i><\/button>\n\t\t\t<span>\u012evairi\u0173 produkt\u0173 asortimentas<\/span>\n\t\t<\/a>\n\t\t<div id=\"accordion-3088056490-content\" class=\"accordion-inner\" aria-labelledby=\"accordion-3088056490-label\">\n\t\t\t\n\n<p>Did\u017eiuojam\u0117s gal\u0117dami pasi\u016blyti plat\u0173 auk\u0161\u010diausios kokyb\u0117s vienkartini\u0173 garintuv\u0173 asortiment\u0105, atitinkant\u012f visus pageidavimus. M\u016bs\u0173 asortimente yra patikim\u0173 prek\u0117s \u017eenkl\u0173, toki\u0173 kaip \"Waspe\", \"Vapme\", \"RandM Tornado\", Bang Box, \"ELF Box\" ir \"Bang King\" - nuo naujausi\u0173 inovacij\u0173 iki seniai gerb\u0117j\u0173 pam\u0117gt\u0173. Nesvarbu, ar ie\u0161kote dr\u0105si\u0173 \"Vapme\" aromat\u0173, ar eleganti\u0161ko \"RandM Tornado\" dizaino, m\u016bs\u0173 kolekcija sukurta taip, kad pad\u0117t\u0173 atrasti tobul\u0105 garintuv\u0105, atitinkant\u012f j\u016bs\u0173 skon\u012f ir gyvenimo b\u016bd\u0105.<\/p>\n\n\n\t\t<\/div>\n\t<\/div>\n\t\n\t<div id=\"accordion-719201468\" class=\"accordion-item\">\n\t\t<a id=\"accordion-719201468-label\" class=\"accordion-title plain\" href=\"#accordion-item-wholesale-and-retail-solutions\" aria-expanded=\"false\" aria-controls=\"accordion-719201468-content\">\n\t\t\t<button class=\"toggle\" aria-label=\"Perjungti\"><i class=\"icon-angle-down\" aria-hidden=\"true\"><\/i><\/button>\n\t\t\t<span>Didmenin\u0117s ir ma\u017emenin\u0117s prekybos sprendimai<\/span>\n\t\t<\/a>\n\t\t<div id=\"accordion-719201468-content\" class=\"accordion-inner\" aria-labelledby=\"accordion-719201468-label\">\n\t\t\t\n\n<p>AiviouVape patenkina tiek ma\u017emenini\u0173, tiek didmenini\u0173 klient\u0173 poreikius, kiekvien\u0105 kart\u0105 tiekdama i\u0161skirtinius produktus ir paslaugas. Jei pas mus esate naujokas, rekomenduojame prad\u0117ti nuo ma\u017eos partijos, kad patys patirtum\u0117te m\u016bs\u0173 kokyb\u0119. D\u0117l konkurencing\u0173 kain\u0173 ir auk\u0161\u010diausios kokyb\u0117s standart\u0173 esame patikimas pasirinkimas vienkartini\u0173 gar\u0173 pramon\u0117je.\u00a0<\/p>\n\n\t\t<\/div>\n\t<\/div>\n\t\n\t<div id=\"accordion-2593550165\" class=\"accordion-item\">\n\t\t<a id=\"accordion-2593550165-label\" class=\"accordion-title plain\" href=\"#accordion-item-continuous-improvement\" aria-expanded=\"false\" aria-controls=\"accordion-2593550165-content\">\n\t\t\t<button class=\"toggle\" aria-label=\"Perjungti\"><i class=\"icon-angle-down\" aria-hidden=\"true\"><\/i><\/button>\n\t\t\t<span>Nuolatinis tobul\u0117jimas<\/span>\n\t\t<\/a>\n\t\t<div id=\"accordion-2593550165-content\" class=\"accordion-inner\" aria-labelledby=\"accordion-2593550165-label\">\n\t\t\t\n\n<p>\u201eAiviouVape\u201c i\u0161skiria m\u016bs\u0173 atsidavim\u0105 i\u0161skirtiniam klient\u0173 aptarnavimui. Nesvarbu, ar jums reikia patarimo prie\u0161 perkant, ar pagalbos atliekant u\u017esakym\u0105, m\u016bs\u0173 komanda visada pasiekiama per WhatsApp arba el. Stengiam\u0117s u\u017emegzti ilgalaikius santykius su savo klientais, u\u017etikrindami J\u016bs\u0173 pasitenkinim\u0105 kiekviename \u017eingsnyje.<\/p>\n\n\t\t<\/div>\n\t<\/div>\n\t\n\t<div id=\"accordion-3508655611\" class=\"accordion-item\">\n\t\t<a id=\"accordion-3508655611-label\" class=\"accordion-title plain\" href=\"#accordion-item-quality-assurance\" aria-expanded=\"false\" aria-controls=\"accordion-3508655611-content\">\n\t\t\t<button class=\"toggle\" aria-label=\"Perjungti\"><i class=\"icon-angle-down\" aria-hidden=\"true\"><\/i><\/button>\n\t\t\t<span>Kokyb\u0117s u\u017etikrinimas<\/span>\n\t\t<\/a>\n\t\t<div id=\"accordion-3508655611-content\" class=\"accordion-inner\" aria-labelledby=\"accordion-3508655611-label\">\n\t\t\t\n\n<p>Kiekviename etape \u2013 produkto k\u016brimo, gamybos, rinkodaros ir platinimo \u2013 m\u016bs\u0173 \u012fsipareigojimas kokybei nesikei\u010dia. M\u016bs\u0173 vienkartiniai garai yra kruop\u0161\u010diai tikrinami, siekiant u\u017etikrinti, kad jie netoksi\u0161ki, gryni ir i\u0161skirtinio skonio. \u0160is atsidavimas meistri\u0161kumui sudaro m\u016bs\u0173 verslo kult\u016bros stubur\u0105.<\/p>\n\n\t\t<\/div>\n\t<\/div>\n\t\n\t<div id=\"accordion-4809336\" class=\"accordion-item\">\n\t\t<a id=\"accordion-4809336-label\" class=\"accordion-title plain\" href=\"#accordion-item-efficient-logistics-and-delivery\" aria-expanded=\"false\" aria-controls=\"accordion-4809336-content\">\n\t\t\t<button class=\"toggle\" aria-label=\"Perjungti\"><i class=\"icon-angle-down\" aria-hidden=\"true\"><\/i><\/button>\n\t\t\t<span>Efektyvi logistika ir pristatymas<\/span>\n\t\t<\/a>\n\t\t<div id=\"accordion-4809336-content\" class=\"accordion-inner\" aria-labelledby=\"accordion-4809336-label\">\n\t\t\t\n\n<p>\u201eAiviouVape\u201c teikia efektyvi\u0105 logistik\u0105 ir pristatym\u0105, \u012fskaitant DDP (Delivered Duty Paid) paslaugas, u\u017etikrinan\u010dias skland\u0173 muitin\u0117s formalumus be joki\u0173 mokes\u010di\u0173 ar mokes\u010di\u0173. Su greitu pristatymu ir i\u0161skirtiniu klient\u0173 aptarnavimu si\u016blome skland\u017ei\u0105 ir patikim\u0105 patirt\u012f, tod\u0117l esame patikimi pramon\u0117s partneriai.<\/p>\n\n\t\t<\/div>\n\t<\/div>\n\t\n\t<div id=\"accordion-295596306\" class=\"accordion-item\">\n\t\t<a id=\"accordion-295596306-label\" class=\"accordion-title plain\" href=\"#accordion-item-odm-and-oem-services\" aria-expanded=\"false\" aria-controls=\"accordion-295596306-content\">\n\t\t\t<button class=\"toggle\" aria-label=\"Perjungti\"><i class=\"icon-angle-down\" aria-hidden=\"true\"><\/i><\/button>\n\t\t\t<span>ODM ir OEM paslaugos<\/span>\n\t\t<\/a>\n\t\t<div id=\"accordion-295596306-content\" class=\"accordion-inner\" aria-labelledby=\"accordion-295596306-label\">\n\t\t\t\n\n<p>\u201eAiviouVapes\u201c si\u016blo visas ODM (Original Design Manufacturing) ir OEM (Original Equipment Manufacturing) paslaugas. Tur\u0117dami dvi dideles patalpas, padedame klientams kurti unikalius gaminius ir ak\u012f traukian\u010dius logotipus pakavimui. Taip pat teikiame nemokamas pakuot\u0117s dizaino gaires ir padedame klientams, kurie patys pakuoja savo gaminius, u\u017etikrindami, kad j\u0173 prek\u0117s \u017eenklas spind\u0117t\u0173 rinkoje.<\/p>\n\n\t\t<\/div>\n\t<\/div>\n\t\n\n<\/div>\n\n\t\t<\/div>\n\t\t\t\t\t<\/div>\n\n\t\n\n<\/div>","protected":false},"excerpt":{"rendered":"<p>SORA 25K dvigubo tinklelio vienkartinis vape i\u0161pur\u0161kia iki 25 000 20 ml e-skys\u010dio talpos, 900 mAh \u012fkraunama baterija ir dvigubo tinklelio rit\u0117, kad skonis b\u016bt\u0173 sodrus ir \u0161velnus. Su skyst\u0173j\u0173 kristal\u0173 ekranu ir C tipo greituoju \u012fkrovimu jis puikiai tinka ilgalaikiam ir be r\u016bpes\u010di\u0173 garinimui. Galima \u012fsigyti keli\u0173 unikali\u0173 skoni\u0173.<\/p>","protected":false},"featured_media":1747,"comment_status":"open","ping_status":"closed","template":"","meta":[],"product_brand":[238],"product_cat":[43,130,90,117,81,76,134,135,133,136,137,146,138,139,140,141,142,143,144,145,79,132,82],"product_tag":[],"class_list":{"0":"post-1746","1":"product","2":"type-product","3":"status-publish","4":"has-post-thumbnail","6":"product_brand-sora","7":"product_cat-sora","8":"product_cat-25000-puffs-disposable-vape","9":"product_cat-big-puffs-vapes","10":"product_cat-different-puffs-of-diposable-vapes","11":"product_cat-digital-box-vapes","12":"product_cat-disposable-vape-types","13":"product_cat-disposable-vapes-in-austria","14":"product_cat-disposable-vapes-in-belgium","15":"product_cat-disposable-vapes-in-europe","16":"product_cat-disposable-vapes-in-france","17":"product_cat-disposable-vapes-in-germany","18":"product_cat-disposable-vapes-in-hungary","19":"product_cat-disposable-vapes-in-ltaly","20":"product_cat-disposable-vapes-in-netherlands","21":"product_cat-disposable-vapes-in-norway","22":"product_cat-disposable-vapes-in-poland","23":"product_cat-disposable-vapes-in-portugal","24":"product_cat-disposable-vapes-in-spain","25":"product_cat-disposable-vapes-in-sweden","26":"product_cat-disposable-vapes-in-switzerland","27":"product_cat-dual-mesh-vapes","28":"product_cat-rechargeable-vapes","29":"product_cat-smart-screen-vapes","31":"first","32":"instock","33":"shipping-taxable","34":"purchasable","35":"product-type-variable","36":"has-default-attributes"},"jetpack_sharing_enabled":true,"tiered_pricing_type":"fixed","tiered_pricing_fixed_rules":{"2000":5.62000000000000010658141036401502788066864013671875},"tiered_pricing_product_settings":{"layout":"default","base_unit_name":{"singular":null,"plural":null},"default_variation":null},"tiered_pricing_minimum_quantity":1000,"tiered_pricing_roles_data":[],"tiered_pricing_percentage_rules":[],"tiered_pricing_maximum_quantity":null,"tiered_pricing_quantity_step":"5","_links":{"self":[{"href":"https:\/\/aiviouvapes.com\/lt\/wp-json\/wp\/v2\/product\/1746","targetHints":{"allow":["GET"]}}],"collection":[{"href":"https:\/\/aiviouvapes.com\/lt\/wp-json\/wp\/v2\/product"}],"about":[{"href":"https:\/\/aiviouvapes.com\/lt\/wp-json\/wp\/v2\/types\/product"}],"replies":[{"embeddable":true,"href":"https:\/\/aiviouvapes.com\/lt\/wp-json\/wp\/v2\/comments?post=1746"}],"wp:featuredmedia":[{"embeddable":true,"href":"https:\/\/aiviouvapes.com\/lt\/wp-json\/wp\/v2\/media\/1747"}],"wp:attachment":[{"href":"https:\/\/aiviouvapes.com\/lt\/wp-json\/wp\/v2\/media?parent=1746"}],"wp:term":[{"taxonomy":"product_brand","embeddable":true,"href":"https:\/\/aiviouvapes.com\/lt\/wp-json\/wp\/v2\/product_brand?post=1746"},{"taxonomy":"product_cat","embeddable":true,"href":"https:\/\/aiviouvapes.com\/lt\/wp-json\/wp\/v2\/product_cat?post=1746"},{"taxonomy":"product_tag","embeddable":true,"href":"https:\/\/aiviouvapes.com\/lt\/wp-json\/wp\/v2\/product_tag?post=1746"}],"curies":[{"name":"wp","href":"https:\/\/api.w.org\/{rel}","templated":true}]}}