{"id":110883,"date":"2026-02-26T23:42:34","date_gmt":"2026-02-26T15:42:34","guid":{"rendered":"https:\/\/aiviouvapes.com\/?post_type=product&#038;p=110883"},"modified":"2026-03-17T11:12:02","modified_gmt":"2026-03-17T03:12:02","slug":"bang-box-160k","status":"publish","type":"product","link":"https:\/\/aiviouvapes.com\/lt\/product\/bang-box-160k\/","title":{"rendered":"Bang Box 160K | 4-in-1 160000 \u012fkv\u0117pim\u0173, keturi\u0173 skoni\u0173, 1,0\u03a9 tinklelio rit\u0117, LCD ekranas, 0%-5% nikotinas, \u012fkraunamas vienkartinis vape aparatas"},"content":{"rendered":"<h3>\ud83d\udd25 Bang Box 160K \"4-in-1\" vienkartini\u0173 garintuv\u0173 ap\u017evalga<\/h3>\n<p>Susipa\u017einkite su <strong>Bang Box 160K \"4-in-1\" vienkartinis Vape<\/strong> - tai galingas prietaisas, sukurtas siekiant ypatingo ilgaam\u017ei\u0161kumo, ry\u0161kaus skonio ir komercinio patrauklumo. Sukurtas su <strong>keturi skoniai viename \u012frenginyje<\/strong>, \u0161is didel\u0117s talpos vienkartinis \u012frenginys u\u017etikrina iki <strong>160 000 \u012fpur\u0161kim\u0173<\/strong> skland\u017eiai i\u0161gaunamas ir nuosekliai gaminamas garas.<\/p>\n<p>\u012erengtas <strong>1,0\u03a9 tinklelio rit\u0117<\/strong>, <strong>LCD ekranas<\/strong>, ir <strong>650 mAh \u012fkraunama C tipo baterija<\/strong>, Bang Box 160K suderina pa\u017eangiausias technologijas ir skonio universalum\u0105. Puikiai tinka intensyviems vartotojams, vape parduotuv\u0117ms, platintojams ir dideliais kiekiais perkantiems pirk\u0117jams, ie\u0161kantiems auk\u0161\u010diausios kokyb\u0117s, didel\u0117s mar\u017eos produkto. \ud83d\udca8\u26a1<\/p>\n<h3>\u2699\ufe0f Bang Box 160K 4-in-1 specifikacijos<\/h3>\n<table>\n<tbody>\n<tr>\n<td><strong>\u012erenginio pavadinimas<\/strong><\/td>\n<td>Bang Box 160K \"4-in-1\" vienkartinis Vape<\/td>\n<\/tr>\n<tr>\n<td><strong>Puff skai\u010dius<\/strong><\/td>\n<td>Iki 160 000 i\u0161trauk\u0173<\/td>\n<\/tr>\n<tr>\n<td><strong>Skonio sistema<\/strong><\/td>\n<td>4 skoniai 1 \u012frenginyje<\/td>\n<\/tr>\n<tr>\n<td><strong>Nikotino stiprumas<\/strong><\/td>\n<td>0% \/ 2% \/ 3% \/ 5%<\/td>\n<\/tr>\n<tr>\n<td><strong>Akumuliatoriaus talpa<\/strong><\/td>\n<td>650 mAh \u012fkraunamas<\/td>\n<\/tr>\n<tr>\n<td><strong>\u012ekrovimo prievadas<\/strong><\/td>\n<td>C tipo<\/td>\n<\/tr>\n<tr>\n<td><strong>Rit\u0117s tipas<\/strong><\/td>\n<td>1,0\u03a9 tinklelio rit\u0117<\/td>\n<\/tr>\n<tr>\n<td><strong>Ekranas<\/strong><\/td>\n<td>LCD ekranas<\/td>\n<\/tr>\n<tr>\n<td><strong>Skonio parinktys<\/strong><\/td>\n<td>10 keturi\u0173 skoni\u0173 leidini\u0173<\/td>\n<\/tr>\n<\/tbody>\n<\/table>\n<h3>\ud83c\udf53 Bang Box 160K \"4-in-1\" skoni\u0173 deriniai (4-in-1 leidimai)<\/h3>\n<table>\n<tbody>\n<tr>\n<td><strong>Leidimas<\/strong><\/td>\n<td><strong>1 skonis<\/strong><\/td>\n<td><strong>Skonis 2<\/strong><\/td>\n<td><strong>Skonis 3<\/strong><\/td>\n<td><strong>Skonis 4<\/strong><\/td>\n<\/tr>\n<tr>\n<td>01<\/td>\n<td>Vy\u0161nin\u0117 spanguol\u0117<\/td>\n<td>Trigubos uogos<\/td>\n<td>Bra\u0161ki\u0173 Pitaya<\/td>\n<td>Arb\u016bz\u0173 kramtomoji guma<\/td>\n<\/tr>\n<tr>\n<td>02<\/td>\n<td>Vynuogi\u0173 ledas<\/td>\n<td>Li\u010di\u0173 ledas<\/td>\n<td>Persik\u0173 uogos<\/td>\n<td>Kiviai Pasifloros vaisiai Gvajavos<\/td>\n<\/tr>\n<tr>\n<td>03<\/td>\n<td>Citrina ir laimas<\/td>\n<td>Bra\u0161ki\u0173 ledai<\/td>\n<td>Avie\u010di\u0173 arb\u016bzas<\/td>\n<td>Mango persik\u0173<\/td>\n<\/tr>\n<tr>\n<td>04<\/td>\n<td>Citrina ir laimas<\/td>\n<td>Arb\u016bz\u0173 ledas<\/td>\n<td>Juodojo ledo drakono vaisi\u0173 bra\u0161k\u0117s<\/td>\n<td>Love66<\/td>\n<\/tr>\n<tr>\n<td>05<\/td>\n<td>Bra\u0161ki\u0173 arb\u016bzas<\/td>\n<td>Ro\u017einis limonadas<\/td>\n<td>Triple Honeydew<\/td>\n<td>Juodojo drakono ledas<\/td>\n<\/tr>\n<tr>\n<td>06<\/td>\n<td>R\u016bg\u0161tus mango ananasas<\/td>\n<td>Citrin\u0173 kola soda<\/td>\n<td>Persik\u0173 uogos<\/td>\n<td>Bra\u0161ki\u0173 bananai<\/td>\n<\/tr>\n<tr>\n<td>07<\/td>\n<td>Bra\u0161ki\u0173 mango<\/td>\n<td>Bra\u0161ki\u0173 vanil\u0117s kola<\/td>\n<td>Blue Razz Ledas<\/td>\n<td>Bra\u0161ki\u0173 kiviai<\/td>\n<\/tr>\n<tr>\n<td>08<\/td>\n<td>Bra\u0161ki\u0173 arb\u016bzas<\/td>\n<td>Red Bull<\/td>\n<td>Sultingas persik\u0173 ledas<\/td>\n<td>Greipfrut\u0173 gaiva<\/td>\n<\/tr>\n<tr>\n<td>09<\/td>\n<td>Vanilin\u0117 kola<\/td>\n<td>Citrin\u0173 persik\u0173<\/td>\n<td>Bra\u0161ki\u0173 avie\u010di\u0173 ir vy\u0161ni\u0173 ledai<\/td>\n<td>Vynuogi\u0173 ledas<\/td>\n<\/tr>\n<tr>\n<td>10<\/td>\n<td>Arb\u016bz\u0173 ledas<\/td>\n<td>Bra\u0161ki\u0173 mango<\/td>\n<td>M\u0117lyni\u0173 ledas<\/td>\n<td>Fizzy Cherry<\/td>\n<\/tr>\n<\/tbody>\n<\/table>\n<h3>\ud83d\udc8e Kod\u0117l verta rinktis Bang Box 160K?<\/h3>\n<ul>\n<li>\ud83d\udd25 Massive <strong>160 000 puff<\/strong> ilgalaikio naudojimo paj\u0117gumas<\/li>\n<li>\ud83c\udfaf Daugiafunkcinis skonio perjungimas \"4-in-1\" - did\u017eiausia \u012fvairov\u0117<\/li>\n<li>\u26a1 \u012ekraunamas 650 mAh akumuliatorius su C tipo greituoju \u012fkrovimu<\/li>\n<li>\ud83d\udcca I\u0161manusis LCD ekranas, skirtas akumuliatoriaus ir naudojimo steb\u0117jimui<\/li>\n<li>\ud83d\udca8 1,0\u03a9 tinklelio rit\u0117 skland\u017eiai ir tankiai gar\u0173 gamybai<\/li>\n<li>\ud83d\udce6 Idealiai tinka didmeniniam platinimui ir didel\u0117s mar\u017eos ma\u017emeninei prekybai<\/li>\n<li>\ud83c\udf0d Keletas nikotino variant\u0173, atitinkan\u010di\u0173 rinkos paklaus\u0105<\/li>\n<\/ul>\n<h3>\ud83d\ude80 Puikiai tinka ma\u017emenin\u0117s ir didmenin\u0117s prekybos pirk\u0117jams<\/h3>\n<p>Bang Box 160K yra skirtas <strong>aktyv\u016bs vartotojai<\/strong> kurie reikalauja i\u0161tverm\u0117s, <strong>skonio ie\u0161kotojai<\/strong> kurie trok\u0161ta \u012fvairov\u0117s, ir <strong>vape parduotuv\u0117s ir platintojai<\/strong> ie\u0161kote auk\u0161\u010diausios klas\u0117s didel\u0117s talpos \u012frenginio, kuris i\u0161siskirt\u0173 lentynose. Keturi\u0173 skoni\u0173 sistema, ilgas tarnavimo laikas ir modernus LCD ekranas daro j\u012f galingu bet kokio didelio kiekio atsarg\u0173 papildymu.<\/p>\n<p>Jei siekiate pritraukti daug vienkartini\u0173 vape aparat\u0173 pirk\u0117j\u0173 arba ple\u010diate savo didmenin\u0117s prekybos katalog\u0105 su naujo lygio prietaisu, Bang Box 160K \"4-in-1\" sukurtas taip, kad u\u017etikrint\u0173 pakartotinius pardavimus ir didel\u0119 pelno mar\u017e\u0105. \ud83d\udcbc\ud83d\udca8<\/p>\n<h3>\u2753 DUK<\/h3>\n<p><strong>1 klausimas: Kiek laiko veikia Bang Box 160K?<\/strong><br \/>\nPriklausomai nuo naudojimo \u012fpro\u010di\u0173 ir nikotino stiprumo pasirinkimo, jis leid\u017eia iki 160 000 \u012fp\u016btim\u0173.<\/p>\n<p><strong>2 klausimas: Ar prietaisas \u012fkraunamas?<\/strong><br \/>\nTaip. 650 mAh \u012fkraunamas akumuliatorius su C tipo \u012fkrovimo palaikymu.<\/p>\n<p><strong>3 klausimas: Ar naudotojai gali keisti skon\u012f?<\/strong><br \/>\nTaip. Kiekviename prietaise yra keturi integruotos skonio savyb\u0117s.<\/p>\n<p><strong>4 klausimas: Kokio stiprumo nikotino yra?<\/strong><br \/>\nGalima \u012fsigyti 0%, 2%, 3% ir 5% nikotino variant\u0173.<\/p>\n<p><strong>5 klausimas: Ar tai tinka didmeniniams u\u017esakymams?<\/strong><br \/>\nAbsoliu\u010diai. \"Bang Box 160K\" yra skirtas didmeniniams pirk\u0117jams, platintojams ir ma\u017emenininkams, ie\u0161kantiems didel\u0117s talpos ir didel\u0117s paklausos vienkartini\u0173 prietais\u0173.<\/p>","protected":false},"excerpt":{"rendered":"<p>Bang Box 160K \"4-in-1\" vienkartinis vape aparatas u\u017etikrina 160000 \u012fpur\u0161kim\u0173, keturis skonius, tinklelio rit\u0117s gali\u0105 ir patogum\u0105 \u012fkraunant ma\u017emeniniams ir didmeniniams pirk\u0117jams.<\/p>","protected":false},"featured_media":110978,"comment_status":"open","ping_status":"closed","template":"","meta":[],"product_brand":[239],"product_cat":[37,126,127],"product_tag":[506,351,507,468],"class_list":{"0":"post-110883","1":"product","2":"type-product","3":"status-publish","4":"has-post-thumbnail","6":"product_brand-bang","7":"product_cat-bang","8":"product_cat-15000-puffs-disposable-vape","9":"product_cat-16000-puffs-disposable-vape","10":"product_tag-160000-puffs-disposable-vape","11":"product_tag-4-in-1-flavor-vape","12":"product_tag-high-capacity-mesh-coil-vape","13":"product_tag-rechargeable-bulk-disposable-vape","15":"first","16":"instock","17":"shipping-taxable","18":"purchasable","19":"product-type-variable","20":"has-default-attributes"},"jetpack_sharing_enabled":true,"tiered_pricing_type":"fixed","tiered_pricing_fixed_rules":{"30":9.4000000000000003552713678800500929355621337890625,"50":7.839999999999999857891452847979962825775146484375,"100":7.32000000000000028421709430404007434844970703125,"200":6.79999999999999982236431605997495353221893310546875,"400":6.160000000000000142108547152020037174224853515625},"tiered_pricing_product_settings":{"layout":"default","base_unit_name":{"singular":null,"plural":null},"default_variation":null},"tiered_pricing_minimum_quantity":10,"tiered_pricing_roles_data":[],"tiered_pricing_percentage_rules":[],"tiered_pricing_maximum_quantity":null,"tiered_pricing_quantity_step":"10","_links":{"self":[{"href":"https:\/\/aiviouvapes.com\/lt\/wp-json\/wp\/v2\/product\/110883","targetHints":{"allow":["GET"]}}],"collection":[{"href":"https:\/\/aiviouvapes.com\/lt\/wp-json\/wp\/v2\/product"}],"about":[{"href":"https:\/\/aiviouvapes.com\/lt\/wp-json\/wp\/v2\/types\/product"}],"replies":[{"embeddable":true,"href":"https:\/\/aiviouvapes.com\/lt\/wp-json\/wp\/v2\/comments?post=110883"}],"wp:featuredmedia":[{"embeddable":true,"href":"https:\/\/aiviouvapes.com\/lt\/wp-json\/wp\/v2\/media\/110978"}],"wp:attachment":[{"href":"https:\/\/aiviouvapes.com\/lt\/wp-json\/wp\/v2\/media?parent=110883"}],"wp:term":[{"taxonomy":"product_brand","embeddable":true,"href":"https:\/\/aiviouvapes.com\/lt\/wp-json\/wp\/v2\/product_brand?post=110883"},{"taxonomy":"product_cat","embeddable":true,"href":"https:\/\/aiviouvapes.com\/lt\/wp-json\/wp\/v2\/product_cat?post=110883"},{"taxonomy":"product_tag","embeddable":true,"href":"https:\/\/aiviouvapes.com\/lt\/wp-json\/wp\/v2\/product_tag?post=110883"}],"curies":[{"name":"wp","href":"https:\/\/api.w.org\/{rel}","templated":true}]}}