{"id":102955,"date":"2026-01-24T14:06:41","date_gmt":"2026-01-24T06:06:41","guid":{"rendered":"https:\/\/aiviouvapes.com\/?post_type=product&#038;p=102955"},"modified":"2026-04-19T03:39:14","modified_gmt":"2026-04-18T19:39:14","slug":"waspe-crystal-180k","status":"publish","type":"product","link":"https:\/\/aiviouvapes.com\/lt\/product\/waspe-crystal-180k\/","title":{"rendered":"WASPE Crystal 180K | \"8-in-1\" skonio jungiklis, 180000 \u012fkv\u0117pim\u0173, LED ekranas, vienkartinis vape"},"content":{"rendered":"<h2>Susipa\u017einkite su WASPE Crystal 8-in-1 180K\ud83d\udc8e<\/h2>\n<p>Norite vienkartinio, kuris rankoje b\u016bt\u0173 tarsi \u201cmini skonio baton\u0117lis\u201d? . <strong>WASPE Crystal 8-in-1 180K<\/strong> sukurtas ilgiems seansams ir m\u0117gstantiems \u012fvairov\u0119. Su <strong>iki 180000 \u012fpur\u0161kim\u0173<\/strong>, didelis <strong>68ml<\/strong> e. skys\u010dio talpa ir paprasta skonio perjungimo sistema - tai geras pasirinkimas intensyviems vartotojams ir protingas SKU parduotuv\u0117ms ir didmenininkams.<\/p>\n<h2>Kod\u0117l verta rinktis WASPE Crystal 180K? \u2705<\/h2>\n<ul>\n<li><strong>8-in-1 skonio jungiklis<\/strong> dizainas - vienas prietaisas, daugyb\u0117 skonio pasirinkim\u0173 \ud83d\ude0b<\/li>\n<li><strong>Iki 180000 \u012fkv\u0117pim\u0173<\/strong> ilgam naudojimui ir ma\u017eesniam pakeitim\u0173 skai\u010diui \ud83d\udd25<\/li>\n<li><strong>68ml e-skys\u010dio<\/strong> talpa ilgesniam garinimo laikui<\/li>\n<li><strong>Keturi\u0173 aki\u0173 rit\u0117s s\u0105ranka<\/strong> (1,0\u03a9 x 4) - ry\u0161kus skonis ir skland\u016bs garai \u2601\ufe0f<\/li>\n<li><strong>LED ekranas<\/strong> padeda naudotojams lengvai patikrinti b\u016bsen\u0105 \ud83d\udc40<\/li>\n<li><strong>C tipo \u012fkraunamas<\/strong> 650 mAh akumuliatorius patogiam kasdieniam naudojimui \u26a1<\/li>\n<li><strong>Kelios nikotino parinktys<\/strong> (0% \/ 2% \/ 5%) skirtingoms rinkoms ir klient\u0173 poreikiams<\/li>\n<li><strong>Puikiai tinka parduotuv\u0117ms ir didmeninei prekybai<\/strong>-didel\u0117s paklausos \u201cdidelio p\u016bstumo + \u012fvairi\u0173 skoni\u0173\u201d kategorija \ud83d\udce6<\/li>\n<\/ul>\n<h2>WASPE Crystal 8-in-1 180K specifikacijos \ud83d\udccc<\/h2>\n<table>\n<tbody>\n<tr>\n<td><strong>Produkto pavadinimas<\/strong><\/td>\n<td>WASPE Crystal 8-in-1 180K vienkartinis Vape<\/td>\n<\/tr>\n<tr>\n<td><strong>\"Max Puffs<\/strong><\/td>\n<td>Iki 180000 \u012fkv\u0117pim\u0173<\/td>\n<\/tr>\n<tr>\n<td><strong>E-skys\u010dio talpa<\/strong><\/td>\n<td>68ml<\/td>\n<\/tr>\n<tr>\n<td><strong>Rit\u0117s<\/strong><\/td>\n<td>Tinklelio rit\u0117 1.0\u03a9 x 4<\/td>\n<\/tr>\n<tr>\n<td><strong>Nikotino stiprumas<\/strong><\/td>\n<td>0% \/ 2% \/ 5%<\/td>\n<\/tr>\n<tr>\n<td><strong>Akumuliatorius<\/strong><\/td>\n<td>650 mAh<\/td>\n<\/tr>\n<tr>\n<td><strong>\u012ekrovimas<\/strong><\/td>\n<td>\u012ekraunamas per C tipo USB<\/td>\n<\/tr>\n<tr>\n<td><strong>Ekranas<\/strong><\/td>\n<td>LED ekranas<\/td>\n<\/tr>\n<tr>\n<td><strong>Produkto dydis<\/strong><\/td>\n<td>53 \u00d7 46 \u00d7 138 mm<\/td>\n<\/tr>\n<tr>\n<td><strong>Produkto svoris<\/strong><\/td>\n<td>150 g \/ vnt.<\/td>\n<\/tr>\n<\/tbody>\n<\/table>\n<h2>\"8-in-1\" skoni\u0173 rinkiniai (kiekviename \u012frenginyje yra 4 skoniai) \ud83c\udf53\ud83c\udf49\ud83e\uddca<\/h2>\n<p>Kiekvienas skoni\u0173 rinkinys sukurtas taip, kad apimt\u0173 populiarius skonius, pavyzd\u017eiui, ledini\u0173 vaisi\u0173, saldaini\u0173, gazuot\u0173 g\u0117rim\u0173 ir atogr\u0105\u017e\u0173 mi\u0161ini\u0173. Puikiai tinka klientams, kurie lengvai nuobod\u017eiauja ir nori \u012fvairov\u0117s!<\/p>\n<h3>1 skonio rinkinys<\/h3>\n<ul>\n<li><strong>Arb\u016bz\u0173 ledas<\/strong> - saldus arb\u016bzas su lediniu skoniu \ud83c\udf49\u2744\ufe0f<\/li>\n<li><strong>Citrina ir laimas<\/strong> - ry\u0161k\u016bs citrusiniai vaisiai, \u0161var\u016bs ir pikanti\u0161ki \ud83c\udf4b<\/li>\n<li><strong>R\u016bg\u0161tus mang\u0173 ledas<\/strong> - a\u0161traus skonio mangas su v\u0117siu prieskoniu \ud83e\udd6d\ud83e\uddca<\/li>\n<li><strong>Kivi\u0173 melion\u0173 ledai<\/strong> - \u0161vie\u017ei kiviai + melionas, at\u0161aldyti ir glotn\u016bs \ud83e\udd5d\ud83c\udf48<\/li>\n<\/ul>\n<h3>2 skonio rinkinys<\/h3>\n<ul>\n<li><strong>M\u0117lyni\u0173 ledas<\/strong> - sultingos m\u0117lyn\u0117s su \u0161al\u010dio natomis \ud83e\uded0\u2744\ufe0f<\/li>\n<li><strong>Cherry Cola<\/strong> - klasikin\u0117 kola su sald\u017eia vy\u0161nia \ud83e\udd64\ud83c\udf52<\/li>\n<li><strong>Bra\u0161ki\u0173 vanil\u0117<\/strong> - kreminis bra\u0161ki\u0173 desertas \ud83c\udf53\ud83c\udf66<\/li>\n<li><strong>Citrin\u0173 vy\u0161nios<\/strong> - sald\u017ei\u0173j\u0173 vy\u0161ni\u0173 su citrusini\u0173 vaisi\u0173 prieskoniu \ud83c\udf52\ud83c\udf4b<\/li>\n<\/ul>\n<h3>3 skonio rinkinys<\/h3>\n<ul>\n<li><strong>\"\"Red Bull ledas<\/strong> - energini\u0173 g\u0117rim\u0173 stilius su v\u0117sinan\u010dia apdaila \u26a1\ud83e\uddca<\/li>\n<li><strong>Bra\u0161ki\u0173 ledai<\/strong> - tra\u0161kios bra\u0161k\u0117s, itin gaivios \ud83c\udf53\u2744\ufe0f<\/li>\n<li><strong>Sour Fcuking Fab<\/strong> - dr\u0105sus r\u016bg\u0161\u010di\u0173 saldaini\u0173 stiliaus mi\u0161inys \ud83c\udf6c\ud83d\ude2e<\/li>\n<li><strong>Kolos Ledas<\/strong> - putojan\u010dios kolos skonis su lediniu \u0161al\u010diu \ud83e\udd64\u2744\ufe0f<\/li>\n<\/ul>\n<h3>4 skoni\u0173 rinkinys<\/h3>\n<ul>\n<li><strong>Vynuogi\u0173 ledas<\/strong> - sodrus vynuogi\u0173 saldumas, v\u0117sus ir \u0161varus \ud83c\udf47\ud83e\uddca<\/li>\n<li><strong>Bra\u0161ki\u0173 kiviai<\/strong> - klasikinis vaisi\u0173 duetas, subalansuotas ir ry\u0161kus \ud83c\udf53\ud83e\udd5d<\/li>\n<li><strong>Arb\u016bz\u0173 ledas<\/strong> - saldus ir ledinis arb\u016bzas - m\u0117gstamiausias patiekalas \ud83c\udf49\u2744\ufe0f<\/li>\n<li><strong>M\u0117lynasis rankiotojas<\/strong> - m\u0117lyno saldainio stiliaus skonis, smagus ir ry\u0161kus \ud83d\udc99\ud83c\udf6c<\/li>\n<\/ul>\n<h3>5 skoni\u0173 rinkinys<\/h3>\n<ul>\n<li><strong>Melionas Pasiflora<\/strong> - \u0161velnus melionas su tropiniais pasiflorais \ud83c\udf48\ud83e\udd6d<\/li>\n<li><strong>R\u016bg\u0161tus mango ananasas<\/strong> - a\u0161trus mang\u0173 ir ananas\u0173 k\u0105snelis \ud83e\udd6d\ud83c\udf4d<\/li>\n<li><strong>Banan\u0173 irisiniai saldainiai<\/strong> - sald\u016bs bananiniai saldainiai su iris\u0173 natomis \ud83c\udf4c\ud83c\udf6c<\/li>\n<li><strong>Bra\u0161ki\u0173 uogos<\/strong> - uog\u0173 mi\u0161inys su bra\u0161ki\u0173 priekiu \ud83c\udf53\ud83e\uded0<\/li>\n<\/ul>\n<h3>6 skoni\u0173 rinkinys<\/h3>\n<ul>\n<li><strong>Bra\u0161ki\u0173 arb\u016bzas<\/strong> - sultingas vaisi\u0173 derinys visai dienai \ud83c\udf53\ud83c\udf49<\/li>\n<li><strong>V\u0117si M\u0117ta<\/strong> - \u0161varus m\u0117t\u0173 \u0161altumas, labai gaivus \ud83c\udf3f\ud83e\uddca<\/li>\n<li><strong>Blue Razz Ledas<\/strong> - m\u0117lyni avie\u010di\u0173 saldainiai su ledo apdaila \ud83d\udc99\u2744\ufe0f<\/li>\n<li><strong>Juod\u0173j\u0173 serbent\u0173 ledas<\/strong> - gilus uog\u0173 skonis, v\u0117sus ir stiprus \ud83d\udda4\ud83e\uded0<\/li>\n<\/ul>\n<h3>7 skoni\u0173 rinkinys<\/h3>\n<ul>\n<li><strong>Gervuogi\u0173 ledas<\/strong> - tamsi\u0173 uog\u0173 saldumas su v\u0117sinan\u010diu \u2744\ufe0f\ud83e\uded0<\/li>\n<li><strong>Dvigubas obuolys<\/strong> - klasikinis obuoli\u0173 mi\u0161inys, saldus ir sodrus \ud83c\udf4f\ud83c\udf4e<\/li>\n<li><strong>Juodojo drakono ledas<\/strong> - paslaptingas tamsi\u0173 vaisi\u0173 ledo mi\u0161inys, galinga vibracija \ud83d\udc09\ud83e\uddca<\/li>\n<li><strong>Bra\u0161ki\u0173 kiviai<\/strong> - sklandus vaisi\u0173 ir uog\u0173 balansas \ud83c\udf53\ud83e\udd5d<\/li>\n<\/ul>\n<h3>8 skoni\u0173 rinkinys<\/h3>\n<ul>\n<li><strong>Bra\u0161ki\u0173 \"Red Bull<\/strong> - uog\u0173 ir energijos stiliaus mi\u0161inys \u26a1\ud83c\udf53<\/li>\n<li><strong>Cherry Cola<\/strong> - sodos klasika su vy\u0161ni\u0173 u\u017epilu \ud83e\udd64\ud83c\udf52<\/li>\n<li><strong>Vy\u0161nin\u0117 citrina<\/strong> - sald\u017eiar\u016bg\u0161t\u0117 vy\u0161ni\u0173 citrusin\u0117 \ud83c\udf52\ud83c\udf4b<\/li>\n<li><strong>Atogr\u0105\u017e\u0173 vaisiai<\/strong> - mi\u0161rus atogr\u0105\u017e\u0173 mi\u0161inys, atostog\u0173 poj\u016btis \ud83c\udf34\ud83e\udd6d<\/li>\n<\/ul>\n<h3>9 skoni\u0173 rinkinys<\/h3>\n<ul>\n<li><strong>Mi\u0161rios uogos<\/strong> - daugiasluoksnis uog\u0173 mi\u0161inys, sultingas ir \u0161velnus \ud83e\uded0\ud83c\udf53<\/li>\n<li><strong>Citrina ir laimas<\/strong> - a\u0161trus citrusini\u0173 vaisi\u0173 gaivusis g\u0117rimas \ud83c\udf4b<\/li>\n<li><strong>M\u0117lyni\u0173 avie\u010di\u0173<\/strong> - saldus m\u0117lyni\u0173 ir avie\u010di\u0173 mi\u0161inys \ud83e\uded0\u2764\ufe0f<\/li>\n<li><strong>\u017daliasis obuolys<\/strong> - tra\u0161kus, \u0161iek tiek r\u016bg\u0161tokas obuolio k\u0105snis \ud83c\udf4f<\/li>\n<\/ul>\n<h3>Skonio rinkinys 10<\/h3>\n<ul>\n<li><strong>Bra\u0161ki\u0173 avie\u010di\u0173 vy\u0161ni\u0173<\/strong> - trigubas uog\u0173 ir vy\u0161ni\u0173 pun\u0161as \ud83c\udf53\ud83c\udf52<\/li>\n<li><strong>Bra\u0161ki\u0173 arb\u016bzas<\/strong> - \u0161velnus vaisinis pasirinkimas visai dienai \ud83c\udf53\ud83c\udf49<\/li>\n<li><strong>Kivi arb\u016bzas<\/strong> - sultingas arb\u016bzas su kivi\u0173 spindesiu \ud83e\udd5d\ud83c\udf49<\/li>\n<li><strong>Citrina ir laimas<\/strong> - \u0161varus citrusini\u0173 vaisi\u0173 atstatymas tarp skoni\u0173 \ud83c\udf4b<\/li>\n<\/ul>\n<h3>Skonio rinkinys 11<\/h3>\n<ul>\n<li><strong>Bra\u0161ki\u0173 bananai<\/strong> - kreminio vaisi\u0173 kokteilio vibracijos \ud83c\udf53\ud83c\udf4c<\/li>\n<li><strong>Mango persik\u0173<\/strong> - saldus tropinis mangas su \u0161velniu persiku \ud83e\udd6d\ud83c\udf51<\/li>\n<li><strong>Trigubos uogos<\/strong> - sodrus ir saldus uog\u0173 mi\u0161inys \ud83e\uded0\ud83c\udf53<\/li>\n<li><strong>Bra\u0161ki\u0173 ananasai<\/strong> - sald\u017eios bra\u0161k\u0117s + tropiniai ananasai \ud83c\udf53\ud83c\udf4d<\/li>\n<\/ul>\n<h3>Skonio rinkinys 12<\/h3>\n<ul>\n<li><strong>Blue Razz limonadas<\/strong> - m\u0117lyni saldainiai + limonado purslai \ud83d\udc99\ud83c\udf4b<\/li>\n<li><strong>Vy\u0161nin\u0117 citrina<\/strong> - sald\u017ei\u0173j\u0173 vy\u0161ni\u0173 citrusini\u0173 vaisi\u0173 spindesys \ud83c\udf52\ud83c\udf4b<\/li>\n<li><strong>M\u0117lyni\u0173 ledas<\/strong> - \u0161auni m\u0117lyni\u0173 gaiva \ud83e\uded0\u2744\ufe0f<\/li>\n<li><strong>Arb\u016bz\u0173 persik\u0173<\/strong> - sultingas arb\u016bzas su persik\u0173 saldumu \ud83c\udf49\ud83c\udf51<\/li>\n<\/ul>\n<h2>Kaip pakeisti skon\u012f \ud83d\udd04<\/h2>\n<p><strong>I\u0161traukite kandikl\u012f ir pasukite<\/strong> pakeisti skon\u012f. Paprasta, greita ir smagu - puikiai tinka klientams, m\u0117gstantiems bet kada pakeisti skon\u012f.<\/p>\n<h2>Sukurta ma\u017emenin\u0117s ir didmenin\u0117s prekybos s\u0117kmei \ud83c\udfea\ud83d\udce6<\/h2>\n<p><strong>WASPE Crystal 8-in-1 180K<\/strong> puikiai tinka <strong>aktyv\u016bs vartotojai<\/strong> kurie nori ilgalaikio na\u0161umo, <strong>skonio ie\u0161kotojai<\/strong> kurie m\u0117gsta keisti skonius, ir <strong>vape parduotuv\u0117s<\/strong> kurie nori, kad lentynoje b\u016bt\u0173 stiprus \u201cwow\u201d produktas. Tinklalapiui <strong>platintojai ir didmenininkai<\/strong>, tai lengvas kategorijos nugal\u0117tojas: didelis p\u016bk\u0173 skai\u010dius, \u012fvairi\u0173 skoni\u0173 funkcija ir populiar\u016bs profiliai, kurie greitai i\u0161populiar\u0117ja.<\/p>\n<h2>WASPE Crystal 180K DUK \u2753<\/h2>\n<h3>Kaip pakeisti skonius?<\/h3>\n<p>I\u0161traukite kandikl\u012f ir pasukite, kad pakeistum\u0117te skon\u012f. \ud83d\udd04<\/p>\n<h3>Ar \u0161is prietaisas \u012fkraunamas?<\/h3>\n<p>Taip. <strong>650 mAh<\/strong> akumuliatorius ir palaiko <strong>C tipo USB<\/strong> \u012fkrovimas. \u26a1<\/p>\n<h3>Kokio stiprumo nikotino yra?<\/h3>\n<p>Jis palaiko <strong>0%<\/strong>, <strong>2%<\/strong>, ir <strong>5%<\/strong> nikotino variant\u0173, priklausomai nuo j\u016bs\u0173 rinkos poreiki\u0173.<\/p>\n<h3>Kiek vij\u0173 jis naudoja?<\/h3>\n<p>Jis naudoja <strong>tinklin\u0117 rit\u0117 1.0\u03a9 x 4<\/strong>, sukurtos skland\u017eiam sm\u016bgi\u0173 atlikimui ir stipriam skoniui. \u2601\ufe0f<\/p>\n<h3>Kiek elektroninio skys\u010dio yra viduje?<\/h3>\n<p>Jame yra <strong>68ml<\/strong> e. skys\u010dio talpa, skirta ilgesniam naudojimui.<\/p>\n<h3>Ar jis tinka vape parduotuv\u0117ms ir didmeniniams u\u017esakymams?<\/h3>\n<p>Taip. \"8-in-1\" funkcija ir itin didelis puok\u0161\u010di\u0173 skai\u010dius yra populiar\u016bs daugelyje rink\u0173, tod\u0117l tai geras pasirinkimas <strong>ma\u017emenin\u0117s prekybos lentynos<\/strong> ir <strong>masinis paskirstymas<\/strong>. \ud83d\udce6<\/p>\n<h3>Koks prietaiso dydis ir svoris?<\/h3>\n<p>Dydis: <strong>53 \u00d7 46 \u00d7 138 mm<\/strong>. Svoris: <strong>150 g u\u017e vienet\u0105<\/strong>.<\/p>\n<p><img data-recalc-dims=\"1\" loading=\"lazy\" decoding=\"async\" class=\"alignnone size-full wp-image-102961\" src=\"https:\/\/i0.wp.com\/aiviouvapes.com\/wp-content\/uploads\/2026\/01\/Waspe-Crystal-8-in-1-180K-puff6.jpg?resize=1020%2C1531&#038;ssl=1\" alt=\",\" width=\"1020\" height=\"1531\" title=\"\" srcset=\"https:\/\/i0.wp.com\/aiviouvapes.com\/wp-content\/uploads\/2026\/01\/Waspe-Crystal-8-in-1-180K-puff6.jpg?w=1279&amp;ssl=1 1279w, https:\/\/i0.wp.com\/aiviouvapes.com\/wp-content\/uploads\/2026\/01\/Waspe-Crystal-8-in-1-180K-puff6.jpg?resize=200%2C300&amp;ssl=1 200w, https:\/\/i0.wp.com\/aiviouvapes.com\/wp-content\/uploads\/2026\/01\/Waspe-Crystal-8-in-1-180K-puff6.jpg?resize=682%2C1024&amp;ssl=1 682w, https:\/\/i0.wp.com\/aiviouvapes.com\/wp-content\/uploads\/2026\/01\/Waspe-Crystal-8-in-1-180K-puff6.jpg?resize=768%2C1153&amp;ssl=1 768w, https:\/\/i0.wp.com\/aiviouvapes.com\/wp-content\/uploads\/2026\/01\/Waspe-Crystal-8-in-1-180K-puff6.jpg?resize=1023%2C1536&amp;ssl=1 1023w, https:\/\/i0.wp.com\/aiviouvapes.com\/wp-content\/uploads\/2026\/01\/Waspe-Crystal-8-in-1-180K-puff6.jpg?resize=8%2C12&amp;ssl=1 8w, https:\/\/i0.wp.com\/aiviouvapes.com\/wp-content\/uploads\/2026\/01\/Waspe-Crystal-8-in-1-180K-puff6.jpg?resize=800%2C1201&amp;ssl=1 800w\" sizes=\"auto, (max-width: 1020px) 100vw, 1020px\" \/><\/p>","protected":false},"excerpt":{"rendered":"<p>WASPE Crystal 8-in-1 180K vienkartinis vape su LED ekranu, C tipo \u012fkrovimo funkcija ir 8 skoniais viename \u012frenginyje. Did\u017eiulis 68 ml e. skys\u010dio + keturi\u0173 tinkleli\u0173 rit\u0117s - puikiai tinka ma\u017emenininkams ir didmenininkams. \u2728<\/p>\n<h3>\ud83d\udc49\u0160i prek\u0117 yra m\u016bs\u0173 ES sand\u0117lyje!<\/h3>\n<h4>\ud83c\udf89Neskub\u0117kite laukti:\u00a0<strong>5-7 dien\u0173 pristatymas i\u0161 m\u016bs\u0173 Europoje \u012fsik\u016brusios<\/strong> sand\u0117lis (numatytoji <strong>2% nikotino stiprumas<\/strong> tik versija).<\/h4>\n<p><span style=\"font-size: 75%;\"><em>\ud83d\udd39 Dauguma u\u017esakym\u0173 siun\u010diami i\u0161 m\u016bs\u0173 Europos sand\u0117lio, jei yra galimyb\u0117. Kartais, jei n\u0117ra sand\u0117lyje, vietoj to siun\u010diame i\u0161 Kinijos.<\/em><\/span><\/p>","protected":false},"featured_media":102960,"comment_status":"open","ping_status":"closed","template":"","meta":[],"product_brand":[227],"product_cat":[19,336,505],"product_tag":[499,500,349,331,498],"class_list":{"0":"post-102955","1":"product","2":"type-product","3":"status-publish","4":"has-post-thumbnail","6":"product_brand-waspe","7":"product_cat-waspe","8":"product_cat-100k-puffs-disposable-vape","9":"product_cat-in-stock-at-eu-warehouse","10":"product_tag-180000-puffs-vape","11":"product_tag-8-in-1-disposable-vape","12":"product_tag-bulk-disposable-vape","13":"product_tag-rechargeable-disposable-vape","14":"product_tag-waspe-disposable-vape","16":"first","17":"instock","18":"shipping-taxable","19":"purchasable","20":"product-type-variable","21":"has-default-attributes"},"jetpack_sharing_enabled":true,"tiered_pricing_type":"fixed","tiered_pricing_fixed_rules":{"30":10.17999999999999971578290569595992565155029296875,"50":8.75,"100":7.96999999999999975131004248396493494510650634765625,"200":7.5800000000000000710542735760100185871124267578125,"400":7.0999999999999996447286321199499070644378662109375},"tiered_pricing_product_settings":{"layout":"default","base_unit_name":{"singular":null,"plural":null},"default_variation":null},"tiered_pricing_minimum_quantity":10,"tiered_pricing_roles_data":[],"tiered_pricing_percentage_rules":[],"tiered_pricing_maximum_quantity":null,"tiered_pricing_quantity_step":"10","_links":{"self":[{"href":"https:\/\/aiviouvapes.com\/lt\/wp-json\/wp\/v2\/product\/102955","targetHints":{"allow":["GET"]}}],"collection":[{"href":"https:\/\/aiviouvapes.com\/lt\/wp-json\/wp\/v2\/product"}],"about":[{"href":"https:\/\/aiviouvapes.com\/lt\/wp-json\/wp\/v2\/types\/product"}],"replies":[{"embeddable":true,"href":"https:\/\/aiviouvapes.com\/lt\/wp-json\/wp\/v2\/comments?post=102955"}],"wp:featuredmedia":[{"embeddable":true,"href":"https:\/\/aiviouvapes.com\/lt\/wp-json\/wp\/v2\/media\/102960"}],"wp:attachment":[{"href":"https:\/\/aiviouvapes.com\/lt\/wp-json\/wp\/v2\/media?parent=102955"}],"wp:term":[{"taxonomy":"product_brand","embeddable":true,"href":"https:\/\/aiviouvapes.com\/lt\/wp-json\/wp\/v2\/product_brand?post=102955"},{"taxonomy":"product_cat","embeddable":true,"href":"https:\/\/aiviouvapes.com\/lt\/wp-json\/wp\/v2\/product_cat?post=102955"},{"taxonomy":"product_tag","embeddable":true,"href":"https:\/\/aiviouvapes.com\/lt\/wp-json\/wp\/v2\/product_tag?post=102955"}],"curies":[{"name":"wp","href":"https:\/\/api.w.org\/{rel}","templated":true}]}}