{"id":102365,"date":"2026-01-23T12:09:52","date_gmt":"2026-01-23T04:09:52","guid":{"rendered":"https:\/\/aiviouvapes.com\/?post_type=product&#038;p=102365"},"modified":"2026-04-17T22:14:01","modified_gmt":"2026-04-17T14:14:01","slug":"bang-box-200k","status":"publish","type":"product","link":"https:\/\/aiviouvapes.com\/lt\/product\/bang-box-200k\/","title":{"rendered":"BANG BOX 200K | 8-in-1 200000 d\u016b\u017ei\u0173, ketur\u0161ak\u0117 rit\u0117, galios ekranas, vienkartinis vape"},"content":{"rendered":"<p>Susipa\u017einkite su <strong>BANG BOX 200K<\/strong> - tikra mil\u017ein\u0117 vienkartini\u0173 vape aparat\u0173 rinkoje. \u0160is prietaisas, sukurtas atsi\u017evelgiant \u012f i\u0161tverm\u0119, skonio \u012fvairov\u0119 ir profesional\u0173 platinim\u0105, u\u017etikrina ne\u012ftik\u0117tin\u0105 <strong>200 000 \u012fkv\u0117pim\u0173<\/strong> viename galingame \u012frenginyje. Su pa\u017eangia <strong>Keturi\u0173 ri\u010di\u0173 technologija<\/strong>, a <strong>i\u0161manusis galios ekranas<\/strong>, ir unikalus <strong>\"8-in-1\" skonio sistema<\/strong>, jis puikiai tinka naudotojams, kurie nori daugiau, ir \u012fmon\u0117ms, kurioms reikia patikimumo ir vert\u0117s \ud83d\udce6<\/p>\n<h2>Kod\u0117l verta rinktis BANG BOX 200K?<\/h2>\n<ul>\n<li>\ud83d\udd25 Did\u017eiulis iki <strong>200 000 \u012fkv\u0117pim\u0173<\/strong> - vieno prietaiso u\u017etenka kelioms savait\u0117ms<\/li>\n<li>\ud83c\udfa8 <strong>8-in-1 skonio dizainas<\/strong> - daugyb\u0119 skoni\u0173 vienu vienkartiniu<\/li>\n<li>\u26a1 <strong>Keturi\u0173 tinkleli\u0173 rit\u0117s sistema<\/strong> \u0161velniems garams ir sodriam skoniui<\/li>\n<li>\ud83d\udcfa <strong>I\u0161manusis maitinimo ekranas<\/strong> ai\u0161kiai rodo akumuliatoriaus ir el. skys\u010dio b\u016bsen\u0105<\/li>\n<li>\ud83d\udd0b Auk\u0161tos kokyb\u0117s <strong>850 mAh gryno kobalto \u012fkraunamas akumuliatorius<\/strong><\/li>\n<li>\ud83d\udca7 Did\u017eiulis <strong>100 ml bendra talpa<\/strong> (4 \u00d7 25 ml kameros)<\/li>\n<li>\ud83d\ude9a Idealiai tinka <strong>masiniai u\u017esakymai, vape parduotuv\u0117s ir didmenininkai<\/strong><\/li>\n<\/ul>\n<h2>BANG BOX 200K specifikacijos<\/h2>\n<table>\n<tbody>\n<tr>\n<th>Funkcija<\/th>\n<th>I\u0161sami informacija<\/th>\n<\/tr>\n<tr>\n<td>Puff skai\u010dius<\/td>\n<td>Iki 200 000 \u012fkv\u0117pim\u0173<\/td>\n<\/tr>\n<tr>\n<td>Skonio sistema<\/td>\n<td>8-in-1 daugialypio skonio vienkartinis<\/td>\n<\/tr>\n<tr>\n<td>Akumuliatorius<\/td>\n<td>850 mAh gryno kobalto (\u012fkraunamas)<\/td>\n<\/tr>\n<tr>\n<td>Bendra el. skys\u010dio talpa<\/td>\n<td>100 ml (4 \u00d7 25 ml)<\/td>\n<\/tr>\n<tr>\n<td>Rit\u0117s technologija<\/td>\n<td>Keturi\u0173 aki\u0173 tinklelio rit\u0117<\/td>\n<\/tr>\n<tr>\n<td>\u012ekrovimo prievadas<\/td>\n<td>C tipo greitasis \u012fkrovimas<\/td>\n<\/tr>\n<tr>\n<td>Nikotino stiprumas<\/td>\n<td>Galimos didmenin\u0117s pasirinktin\u0117s parinktys<\/td>\n<\/tr>\n<\/tbody>\n<\/table>\n<figure class=\"wp-block-videopress-video wp-block-jetpack-videopress jetpack-videopress-player\"><div class=\"jetpack-videopress-player__wrapper\"><iframe title=\"VideoPress vaizdo \u012fra\u0161\u0173 grotuvas\" aria-label=\"VideoPress vaizdo \u012fra\u0161\u0173 grotuvas\" src=\"https:\/\/videopress.com\/embed\/Szf0xBf7?at=0&#038;controls=1&#038;preloadContent=metadata\" width=\"640\"height=\"360\" frameborder=\"0\" allowfullscreen data-resize-to-parent=\"true\" allow=\"clipboard-write\"><\/iframe><\/div><\/figure>\n<h2><img data-recalc-dims=\"1\" loading=\"lazy\" decoding=\"async\" class=\"alignnone size-full wp-image-102369\" src=\"https:\/\/i0.wp.com\/aiviouvapes.com\/wp-content\/uploads\/2026\/01\/BANG-BOX-200K-1.jpg?resize=1020%2C572&#038;ssl=1\" alt=\"BANG BOX 200K\" width=\"1020\" height=\"572\" title=\"\" srcset=\"https:\/\/i0.wp.com\/aiviouvapes.com\/wp-content\/uploads\/2026\/01\/BANG-BOX-200K-1.jpg?w=1600&amp;ssl=1 1600w, https:\/\/i0.wp.com\/aiviouvapes.com\/wp-content\/uploads\/2026\/01\/BANG-BOX-200K-1.jpg?resize=300%2C168&amp;ssl=1 300w, https:\/\/i0.wp.com\/aiviouvapes.com\/wp-content\/uploads\/2026\/01\/BANG-BOX-200K-1.jpg?resize=1024%2C574&amp;ssl=1 1024w, https:\/\/i0.wp.com\/aiviouvapes.com\/wp-content\/uploads\/2026\/01\/BANG-BOX-200K-1.jpg?resize=768%2C431&amp;ssl=1 768w, https:\/\/i0.wp.com\/aiviouvapes.com\/wp-content\/uploads\/2026\/01\/BANG-BOX-200K-1.jpg?resize=1536%2C861&amp;ssl=1 1536w, https:\/\/i0.wp.com\/aiviouvapes.com\/wp-content\/uploads\/2026\/01\/BANG-BOX-200K-1.jpg?resize=18%2C10&amp;ssl=1 18w, https:\/\/i0.wp.com\/aiviouvapes.com\/wp-content\/uploads\/2026\/01\/BANG-BOX-200K-1.jpg?resize=800%2C449&amp;ssl=1 800w\" sizes=\"auto, (max-width: 1020px) 100vw, 1020px\" \/><\/h2>\n<h2>Galimi skoni\u0173 deriniai<\/h2>\n<p>Kiekvienas <a href=\"https:\/\/aiviouvapes.com\/lt\/produkto-kategorija\/bang\/\">BANG BOX<\/a> 200K si\u016blo \u012fdomius skoni\u0173 derinius, kad kiekvienas d\u016bmelis b\u016bt\u0173 \u0161vie\u017eias ir smagus \ud83d\ude0b<\/p>\n<ul>\n<li><strong>M\u0117lyni\u0173 serija:<\/strong> M\u0117lyni\u0173 ledas, m\u0117lyni\u0173 arb\u016bzas, avie\u010di\u0173, citrin\u0173 laimas<\/li>\n<li><strong>Arb\u016bzai ir saldainiai:<\/strong> Arb\u016bz\u0173 ledas, kramtomoji guma, vy\u0161ni\u0173 ledas<\/li>\n<li><strong>Ledas ir m\u0117tos:<\/strong> M\u0117t\u0173 ledai, m\u0117lyni\u0173 ir avie\u010di\u0173 ledai, vynuogi\u0173 ledai, \"Nerdz Candy\" saldainiai<\/li>\n<li><strong>Egzotiniai vaisiai:<\/strong> Pasiflor\u0173 vaisiai, ananas\u0173 kokos\u0173 ledai, LOVE 66, triguba medaus rasa<\/li>\n<li><strong>Obuoli\u0173 ir uog\u0173:<\/strong> Dvigubas obuolys, r\u016bg\u0161tus obuolys ir aviet\u0117, gervuogi\u0173 ledas<\/li>\n<li><strong>Bra\u0161ki\u0173 mi\u0161inys:<\/strong> Bra\u0161ki\u0173 ledai, bra\u0161ki\u0173 kiviai, ro\u017einis limonadas<\/li>\n<li><strong>Cola ir citrusiniai vaisiai:<\/strong> Vy\u0161ni\u0173 kola, spanguoli\u0173, bra\u0161ki\u0173 ir avie\u010di\u0173<\/li>\n<li><strong>Atogr\u0105\u017e\u0173 mango:<\/strong> Trij\u0173 mang\u0173, mang\u0173 pasiflor\u0173, ananas\u0173 ledas<\/li>\n<\/ul>\n<p>Nuo ledinio gaivumo iki sald\u017ei\u0173 saldaini\u0173 ir tropini\u0173 mi\u0161ini\u0173 - skoni\u0173 asortimentas sukurtas taip, kad patenkint\u0173 ir paprastus vartotojus, ir rimtus skonio m\u0117g\u0117jus \ud83c\udf08<\/p>\n<h2>Puikiai tinka naudotojams ir \u012fmon\u0117ms<\/h2>\n<p>The <strong>BANG BOX 200K<\/strong> yra puikus pasirinkimas <strong>aktyv\u016bs vartotojai<\/strong> kurie nori ma\u017eiau pakeitim\u0173, <strong>skonio m\u0117g\u0117jai<\/strong> kurie m\u0117gsta \u012fvairov\u0119 ir <strong>vape parduotuv\u0117s ar platintojai<\/strong> ie\u0161kote vertingo, ak\u012f traukian\u010dio gaminio. Ilgas tarnavimo laikas, auk\u0161\u010diausios kokyb\u0117s konstrukcija ir dideliais kiekiais parduodamas dizainas leid\u017eia j\u012f puikiai naudoti didmenin\u0117s ir perpardavimo rinkose visame pasaulyje.<\/p>\n<h2>Da\u017enai u\u017eduodami klausimai (DUK)<\/h2>\n<p><strong>K: Ar \"BANG BOX 200K\" galima \u012fkrauti?<\/strong><br \/>\nA: Taip \ud83d\udc4d Jis turi C tipo \u012fkrovimo prievad\u0105, tod\u0117l galite \u012fkrauti baterij\u0105, kol bus i\u0161naudotas visas e. skystis.<\/p>\n<p><strong>K: Kaip su\u017einoti, kad akumuliatorius arba skystis i\u0161sek\u0119s?<\/strong><br \/>\nA: I\u0161manusis maitinimo ekranas ai\u0161kiai rodo likus\u012f akumuliatoriaus lyg\u012f ir naudojimo b\u016bsen\u0105.<\/p>\n<p><strong>Klausimas: Ar tai tinka didmeninei prekybai arba didmeniniam pirkimui?<\/strong><br \/>\nA: Be abejo. \u0160is modelis skirtas pirkti dideliais kiekiais ir yra labai populiarus tarp vape platintoj\u0173 ir ma\u017emenin\u0117s prekybos parduotuvi\u0173.<\/p>\n<p><strong>K: Ar ketur\u0161ak\u0117 rit\u0117 tikrai turi reik\u0161m\u0117s?<\/strong><br \/>\nA: Taip! Keturi\u0173 spirali\u0173 technologija u\u017etikrina tolygesn\u012f kaitinim\u0105, stipresn\u012f aromat\u0105 ir sklandesn\u012f garavim\u0105 su ma\u017eesniu deg\u0117si\u0173 skoniu.<\/p>\n<p><strong>K: Ar jis pritaikytas pradedantiesiems?<\/strong><br \/>\nA: Taip \ud83d\ude0a Joki\u0173 mygtuk\u0173, jokio papildymo, joki\u0173 nustatym\u0173. Tiesiog \u012fkv\u0117pkite ir m\u0117gaukit\u0117s.<\/p>","protected":false},"excerpt":{"rendered":"<p>\u012esigykite mega 200 000 \u012fpur\u0161kim\u0173 BANG BOX 200K vienkartin\u012f garintuv\u0105 su \"8-in-1\" \u012fvairi\u0173 skoni\u0173 sistema, keturi\u0173 spirali\u0173 galia ir i\u0161maniuoju ekranu. Sukurtas intensyviems vartotojams, vape parduotuv\u0117ms ir didmeniniams pirk\u0117jams, ie\u0161kantiems ilgalaikio veikimo \ud83d\udca8<\/p>","protected":false},"featured_media":102374,"comment_status":"open","ping_status":"closed","template":"","meta":[],"product_brand":[239],"product_cat":[37,129],"product_tag":[490,349,456,331,459],"class_list":{"0":"post-102365","1":"product","2":"type-product","3":"status-publish","4":"has-post-thumbnail","6":"product_brand-bang","7":"product_cat-bang","8":"product_cat-20000-puffs-disposable-vape","9":"product_tag-200000-puffs-vape","10":"product_tag-bulk-disposable-vape","11":"product_tag-disposable-vape","12":"product_tag-rechargeable-disposable-vape","13":"product_tag-wholesale-vape-device","15":"first","16":"instock","17":"shipping-taxable","18":"purchasable","19":"product-type-variable","20":"has-default-attributes"},"jetpack_sharing_enabled":true,"tiered_pricing_type":"fixed","tiered_pricing_fixed_rules":{"30":10.2400000000000002131628207280300557613372802734375,"50":8.8100000000000004973799150320701301097869873046875,"100":8.03999999999999914734871708787977695465087890625,"200":7.6500000000000003552713678800500929355621337890625,"400":7.12999999999999989341858963598497211933135986328125},"tiered_pricing_product_settings":{"layout":"default","base_unit_name":{"singular":null,"plural":null},"default_variation":null},"tiered_pricing_minimum_quantity":10,"tiered_pricing_roles_data":[],"tiered_pricing_percentage_rules":[],"tiered_pricing_maximum_quantity":null,"tiered_pricing_quantity_step":"10","_links":{"self":[{"href":"https:\/\/aiviouvapes.com\/lt\/wp-json\/wp\/v2\/product\/102365","targetHints":{"allow":["GET"]}}],"collection":[{"href":"https:\/\/aiviouvapes.com\/lt\/wp-json\/wp\/v2\/product"}],"about":[{"href":"https:\/\/aiviouvapes.com\/lt\/wp-json\/wp\/v2\/types\/product"}],"replies":[{"embeddable":true,"href":"https:\/\/aiviouvapes.com\/lt\/wp-json\/wp\/v2\/comments?post=102365"}],"wp:featuredmedia":[{"embeddable":true,"href":"https:\/\/aiviouvapes.com\/lt\/wp-json\/wp\/v2\/media\/102374"}],"wp:attachment":[{"href":"https:\/\/aiviouvapes.com\/lt\/wp-json\/wp\/v2\/media?parent=102365"}],"wp:term":[{"taxonomy":"product_brand","embeddable":true,"href":"https:\/\/aiviouvapes.com\/lt\/wp-json\/wp\/v2\/product_brand?post=102365"},{"taxonomy":"product_cat","embeddable":true,"href":"https:\/\/aiviouvapes.com\/lt\/wp-json\/wp\/v2\/product_cat?post=102365"},{"taxonomy":"product_tag","embeddable":true,"href":"https:\/\/aiviouvapes.com\/lt\/wp-json\/wp\/v2\/product_tag?post=102365"}],"curies":[{"name":"wp","href":"https:\/\/api.w.org\/{rel}","templated":true}]}}