{"id":9135,"date":"2024-08-21T10:54:29","date_gmt":"2024-08-21T10:54:29","guid":{"rendered":"https:\/\/aiviouvapes.com\/?page_id=9135"},"modified":"2024-12-02T02:32:31","modified_gmt":"2024-12-01T18:32:31","slug":"buy-vapes-in-belgium-with-bancontact","status":"publish","type":"page","link":"https:\/\/aiviouvapes.com\/lt\/buy-vapes-in-belgium-with-bancontact\/","title":{"rendered":"Pirkite Vapes Belgijoje su Bancontact"},"content":{"rendered":"<p>\u201eBancontact\u201c yra populiari elektronini\u0173 mok\u0117jim\u0173 sistema Belgijoje, suteikianti saug\u0173, efektyv\u0173 ir patog\u0173 b\u016bd\u0105 atlikti operacijas tiek internetu, tiek neprisijungus. Kaip nacionaliniu mastu pripa\u017einta mok\u0117jimo galimyb\u0117, \u201eBancontact\u201c suteikia galimyb\u0119 skland\u017eiai ir patikimai atlikti sandorius tiek Belgijos vartotojams, tiek \u012fmon\u0117ms. Sistema palaiko \u012fvairius mok\u0117jimo scenarijus \u2013 nuo bekontak\u010di\u0173 ir mobili\u0173j\u0173 mok\u0117jim\u0173 iki pirkini\u0173 internetu, tod\u0117l tai yra universalus ir patogus pasirinkimas kasdieniam naudojimui.<\/p>\n<h3>Kod\u0117l verta rinktis Bancontact?<\/h3>\n<p><strong>1. Paprasti ir lankst\u016bs mok\u0117jimai visomis sumomis<\/strong><br \/>\n\u201eBancontact\u201c skirta bet kokio dyd\u017eio operacijoms, nesvarbu, ar perkate ma\u017e\u0105, ar didesn\u012f mok\u0117jim\u0105. Naudodami Bancontact vartotojai gali dr\u0105siai naudoti savo kortel\u0119 bet kokiai sumai, tod\u0117l tai yra patogus pasirinkimas vis\u0173 r\u016b\u0161i\u0173 i\u0161laidoms, nuo bakal\u0117jos iki dideli\u0173 biliet\u0173.<\/p>\n<p><strong>2. Greiti bekontak\u010diai mok\u0117jimai<\/strong><br \/>\nTiems, kurie vertina greit\u012f ir patogum\u0105, Bancontact si\u016blo bekontak\u010dio mok\u0117jimo galimybes. Tiesiog laikykite Bancontact kortel\u0119 \u0161alia bekontak\u010dio terminalo ir mok\u0117jimas bus baigtas akimirksniu. \u0160i funkcija puikiai tinka greitam pirkimui, tod\u0117l kasos eil\u0117s tampa greitesn\u0117s ir efektyvesn\u0117s.<\/p>\n<p><strong>3. Saugus apsipirkimas internetu<\/strong><br \/>\n\u201eBancontact\u201c pla\u010diai pripa\u017e\u012fsta internetiniai ma\u017emenininkai, tod\u0117l Belgijos vartotojai gali lengvai apsipirkti \u012fvairiose internetin\u0117se parduotuv\u0117se. Sklandus Bancontact integravimas \u012f elektronin\u0117s prekybos platformas si\u016blo saug\u0173 ir efektyv\u0173 mok\u0117jimo b\u016bd\u0105 apsipirkti internetu, leid\u017eiant\u012f vartotojams u\u017etikrintai apsipirkti i\u0161 nam\u0173.<\/p>\n<p><strong>4. Mobilieji mok\u0117jimai paprasti<\/strong><br \/>\nNaudodami \u201ePayconiq by Bancontact\u201c program\u0105 vartotojai gali atlikti mobiliuosius mok\u0117jimus parduotuv\u0117se, internetu ir net restoranuose. \u0160i programa dar labiau i\u0161ple\u010dia \u201eBancontact\u201c naudojimo galimybes, tod\u0117l vartotojai gali atlikti mok\u0117jimus kelyje naudodami mobiliuosius \u012frenginius visur, kur priimami \u201eBancontact\u201c ar \u201ePayconiq\u201c.<\/p>\n<p><strong>5. Patogus gryn\u0173j\u0173 pinig\u0173 i\u0161\u0117mimas<\/strong><br \/>\n\u201eBancontact\u201c taip pat leid\u017eia vartotojams saugiai ir lengvai i\u0161siimti gryn\u0173j\u0173 pinig\u0173, suteikdama jiems prieig\u0105 prie savo l\u0117\u0161\u0173 bet kuriuo metu. \u0160is lankstumas ypa\u010d naudingas tiems, kurie nori tur\u0117ti gryn\u0173j\u0173 pinig\u0173 tam tikriems pirkiniams.<\/p>\n<hr \/>\n<h2>Pirkite vienkartinius Vapes su Bancontact i\u0161 \u201eAiviouVapes\u201c.<\/h2>\n<p>\u201eAiviouVapes\u201c su d\u017eiaugsmu prane\u0161a, kad dabar priimame \u201eBancontact\u201c kaip atsiskaitymo b\u016bd\u0105 perkant vienkartinius el. \u0160is naujas papildymas atitinka m\u016bs\u0173 \u012fsipareigojim\u0105 teikti lanks\u010dias ir patogias mok\u0117jimo galimybes m\u016bs\u0173 Belgijos klientams. \u0160tai kod\u0117l Bancontact yra puikus pasirinkimas perkant vienkartinius garus i\u0161 AiviouVapes:<\/p>\n<p><strong>1. Sandoriai be r\u016bpes\u010di\u0173<\/strong><br \/>\nBancontact naudojimas \u201eAiviouVapes\u201c u\u017etikrina skland\u0173 ir efektyv\u0173 pirkimo patirt\u012f. Nesvarbu, ar perkate vien\u0105 vape, ar kaupiate m\u0117gstam\u0173 skoni\u0173 atsargas, \u201eBancontact\u201c mok\u0117jimus tvarko saugiai ir greitai.<\/p>\n<p><strong>2. Saug\u016bs ir patikimi mok\u0117jimai<\/strong><br \/>\n\u201eBancontact\u201c naudoja pa\u017eangias saugumo priemones, apsaugan\u010dias vartotoj\u0173 finansin\u0119 informacij\u0105 ir apsaugodamas sandorius nuo suk\u010diavimo. \u0160i ramyb\u0117 leid\u017eia m\u016bs\u0173 klientams u\u017etikrintai pirkti m\u016bs\u0173 svetain\u0117je.<\/p>\n<p><strong>3. Momentinio mok\u0117jimo patvirtinimas<\/strong><br \/>\nBancontact operacijos apdorojamos akimirksniu, u\u017etikrinant, kad j\u016bs\u0173 u\u017esakymas b\u016bt\u0173 patvirtintas ir paruo\u0161tas pristatymui nedelsiant. \u0160is greitas patvirtinimas puikiai tinka klientams, norintiems greitai pristatyti garus.<\/p>\n<hr \/>\n<h3>Kaip naudoti \"Bancontact\" \"AiviouVapes<\/h3>\n<p><strong>\u017dingsnis po \u017eingsnio mok\u0117jimo naudojant \u201eBancontact\u201c vadovas:<\/strong><\/p>\n<ol>\n<li><strong>Prid\u0117ti produktus \u012f krep\u0161el\u012f:<\/strong>\n<ul>\n<li>Nar\u0161ykite m\u016bs\u0173 vienkartini\u0173 gar\u0173 asortiment\u0105 ir pasirinkite norimus \u012fsigyti gaminius.<\/li>\n<\/ul>\n<\/li>\n<li><strong>Pereikite prie kasos:<\/strong>\n<ul>\n<li>Pasirink\u0119 prekes, eikite \u012f atsiskaitymo puslap\u012f.<\/li>\n<\/ul>\n<\/li>\n<li><strong>Pasirinkite \"Bancontact\":<\/strong>\n<ul>\n<li>Mok\u0117jimo parinktyse kaip pageidaujam\u0105 b\u016bd\u0105 pasirinkite Bancontact.<\/li>\n<\/ul>\n<\/li>\n<li><strong>\u012eveskite mok\u0117jimo informacij\u0105:<\/strong>\n<ul>\n<li>Vykdykite raginimus, kad \u012fvestum\u0117te savo Bancontact kortel\u0117s informacij\u0105 arba naudokite Payconiq by Bancontact program\u0117l\u0119 mok\u0117dami mobiliuoju telefonu.<\/li>\n<\/ul>\n<\/li>\n<li><strong>Patvirtinkite mok\u0117jim\u0105:<\/strong>\n<ul>\n<li>U\u017ebaikite mok\u0117jim\u0105, kad u\u017ebaigtum\u0117te operacij\u0105. I\u0161 karto gausite u\u017esakymo patvirtinim\u0105.<\/li>\n<\/ul>\n<\/li>\n<li><strong>U\u017esakym\u0173 apdorojimas:<\/strong>\n<ul>\n<li>J\u016bs\u0173 u\u017esakymas bus apdorotas ir i\u0161si\u0173stas J\u016bs\u0173 pasirinktu adresu. M\u0117gaukit\u0117s savo AiviouVapes vienkartiniais garais!<\/li>\n<\/ul>\n<\/li>\n<\/ol>\n<p>Vapus \u017ei\u016br\u0117kite \u010dia:<\/p>\n<p><a href=\"https:\/\/aiviouvapes.com\/lt\/shop\/\">https:\/\/aiviouvapes.com\/shop\/<\/a><\/p>","protected":false},"excerpt":{"rendered":"<p>Bancontact is a popular electronic payment system in Belgium, providing a secure, efficient, and user-friendly method for completing transactions both online and offline. As a nationally recognized payment option, Bancontact enables seamless and reliable transactions for Belgian consumers and businesses alike. The system supports a wide range of payment scenarios, from contactless and mobile payments [&#8230;]\n","protected":false},"author":1,"featured_media":0,"parent":0,"menu_order":0,"comment_status":"closed","ping_status":"closed","template":"page-blank-title-center.php","meta":{"footnotes":""},"class_list":["post-9135","page","type-page","status-publish","hentry"],"jetpack_sharing_enabled":true,"_links":{"self":[{"href":"https:\/\/aiviouvapes.com\/lt\/wp-json\/wp\/v2\/pages\/9135","targetHints":{"allow":["GET"]}}],"collection":[{"href":"https:\/\/aiviouvapes.com\/lt\/wp-json\/wp\/v2\/pages"}],"about":[{"href":"https:\/\/aiviouvapes.com\/lt\/wp-json\/wp\/v2\/types\/page"}],"author":[{"embeddable":true,"href":"https:\/\/aiviouvapes.com\/lt\/wp-json\/wp\/v2\/users\/1"}],"replies":[{"embeddable":true,"href":"https:\/\/aiviouvapes.com\/lt\/wp-json\/wp\/v2\/comments?post=9135"}],"version-history":[{"count":0,"href":"https:\/\/aiviouvapes.com\/lt\/wp-json\/wp\/v2\/pages\/9135\/revisions"}],"wp:attachment":[{"href":"https:\/\/aiviouvapes.com\/lt\/wp-json\/wp\/v2\/media?parent=9135"}],"curies":[{"name":"wp","href":"https:\/\/api.w.org\/{rel}","templated":true}]}}