{"id":9132,"date":"2024-08-21T10:53:56","date_gmt":"2024-08-21T10:53:56","guid":{"rendered":"https:\/\/aiviouvapes.com\/?page_id=9132"},"modified":"2024-12-03T13:01:14","modified_gmt":"2024-12-03T05:01:14","slug":"buy-vapes-in-netherlands-with-ideal","status":"publish","type":"page","link":"https:\/\/aiviouvapes.com\/lt\/buy-vapes-in-netherlands-with-ideal\/","title":{"rendered":"Pirkti Vapes Nyderlanduose su iDEAL"},"content":{"rendered":"<p><strong>iDEAL: pageidaujamas mok\u0117jimo b\u016bdas Nyderlanduose saugioms ir greitoms operacijoms<\/strong><\/p>\n<p>iDEAL yra labai populiarus internetinis mok\u0117jimo b\u016bdas Nyderlanduose, leid\u017eiantis vartotojams atlikti saugius mok\u0117jimus realiuoju laiku tiesiogiai per savo bank\u0105. Skland\u017eiai integruota su Nyderland\u0173 bank\u0173 internetin\u0117s bankininkyst\u0117s aplinka, iDEAL si\u016blo supaprastint\u0105 patirt\u012f, nes lengvai perveda l\u0117\u0161as i\u0161 vartotojo s\u0105skaitos \u012f prekybininko s\u0105skait\u0105. \u0160tai kod\u0117l iDEAL toks efektyvus:<\/p>\n<ol>\n<li><strong>Naudojimo paprastumas<\/strong>: mok\u0117jimai atliekami naudojant mobiliosios bankininkyst\u0117s program\u0105 arba vartotojo banko internetin\u0117s bankininkyst\u0117s svetain\u0119, tod\u0117l tai yra \u012fprastas ir paprastas procesas.<\/li>\n<li><strong>Patvirtinimas realiuoju laiku<\/strong>: vartotojai i\u0161kart gauna mok\u0117jimo patvirtinim\u0105, kuris padidina pasitik\u0117jim\u0105 ir pagreitina operacijos laik\u0105.<\/li>\n<li><strong>Neat\u0161aukiami mok\u0117jimai<\/strong>: patvirtinus iDEAL operacij\u0105, jos negalima at\u0161aukti, u\u017etikrinant, kad l\u0117\u0161os b\u016bt\u0173 saugiai pervedamos ir apdorojamos akimirksniu.<\/li>\n<li><strong>Universalumas<\/strong>: \u201eiDEAL\u201c palaiko \u012fvairius mok\u0117jimo scenarijus, \u012fskaitant tiesioginius mok\u0117jimus internetu, mok\u0117jimus naudojant nuorodas el. lai\u0161kuose ar \u017einut\u0117se ir net operacijas naudojant \u201eiDEAL\u201c QR kodus, skirtus fizinei ir skaitmeninei aplinkai.<\/li>\n<\/ol>\n<p>D\u0117l savo saugios infrastrukt\u016bros ir patogumo iDEAL tapo patikimiausiu mok\u0117jimo metodu Nyderland\u0173 vartotojams, remiamu pirmaujan\u010di\u0173 \u0161alies vartotoj\u0173 bank\u0173.<\/p>\n<hr \/>\n<h2>iDEAL naudojimo privalumai perkant vienkartinius gardus i\u0161 \u201eAiviouVapes\u201c.<\/h2>\n<p>Vienkartini\u0173 gar\u0173 pirkimas Nyderlanduose su iDEAL turi kelet\u0105 privalum\u0173, kurie padidina saugum\u0105 ir patogum\u0105 m\u016bs\u0173 klientams:<\/p>\n<ol>\n<li><strong>Patobulintas saugumas<\/strong>: \u201eiDEAL\u201c naudoja auk\u0161tus interneto ir mobiliosios bankininkyst\u0117s saugumo standartus, u\u017etikrindamas, kad j\u016bs\u0173 operacija b\u016bt\u0173 apsaugota nuo suk\u010diavimo ir neteis\u0117tos prieigos.<\/li>\n<li><strong>Patogumas<\/strong>: iDEAL leid\u017eia atlikti tiesioginius banko pavedimus, tod\u0117l nereikia kredito korteli\u0173 ar tre\u010di\u0173j\u0173 \u0161ali\u0173 mok\u0117jimo paslaug\u0173. Viskas, ko reikia, yra prieiga prie internetin\u0117s bankininkyst\u0117s.<\/li>\n<li><strong>Skubus apdorojimas<\/strong>: mok\u0117jimai apdorojami akimirksniu, tod\u0117l nereikia laukti, kol l\u0117\u0161os bus i\u0161valytos. Tai rei\u0161kia, kad j\u016bs\u0173 vape produktai greitai paruo\u0161iami i\u0161siuntimui.<\/li>\n<li><strong>Pla\u010diai paplit\u0119s pripa\u017einimas<\/strong>: \u201eiDEAL\u201c priima dauguma Olandijos elektronin\u0117s prekybos platform\u0173, \u012fskaitant \u201eAiviouVapes\u201c, tod\u0117l Nyderlanduose tai yra visuotinai pripa\u017eintas mok\u0117jimo b\u016bdas.<\/li>\n<\/ol>\n<hr \/>\n<h3>\u017dingsnis po \u017eingsnio vadovas, kaip pirkti vienkartinius gardus naudojant iDEAL<\/h3>\n<p><strong>Kaip u\u017ebaigti pirkim\u0105 naudojant \u201eiDEAL\u201c:<\/strong><\/p>\n<ol>\n<li><strong>Pasirinkite savo produktus<\/strong>: Nar\u0161ykite m\u016bs\u0173 plat\u0173 vienkartini\u0173 gar\u0173 pasirinkim\u0105 ir pasirinkite norimas \u012fsigyti prekes.<\/li>\n<li><strong>Eikite \u012f \u201eCheckout\u201c.<\/strong>: Baig\u0119 savo pasirinkim\u0105, pereikite \u012f patikros puslap\u012f.<\/li>\n<li><strong>Pasirinkite iDEAL kaip mok\u0117jimo b\u016bd\u0105<\/strong>: mok\u0117jimo parink\u010di\u0173 puslapyje pasirinkite iDEAL.<\/li>\n<li><strong>Pasirinkite savo bank\u0105<\/strong>: b\u016bsite nukreipti \u012f iDEAL mok\u0117jim\u0173 portal\u0105, kuriame gal\u0117site pasirinkti bank\u0105 i\u0161 dalyvaujan\u010di\u0173 Nyderland\u0173 bank\u0173 s\u0105ra\u0161o.<\/li>\n<li><strong>U\u017epildykite mok\u0117jim\u0105<\/strong>: b\u016bsite nukreipti \u012f savo banko internetin\u0117s bankininkyst\u0117s aplink\u0105. Prisijunkite, patvirtinkite mok\u0117jim\u0105 ir suma bus nura\u0161yta tiesiai i\u0161 j\u016bs\u0173 s\u0105skaitos su momentiniu patvirtinimu.<\/li>\n<li><strong>U\u017esakymo patvirtinimas<\/strong>: Kai mok\u0117jimas bus baigtas, i\u0161 \u201eAiviouVapes\u201c gausite u\u017esakymo patvirtinim\u0105, o j\u016bs\u0173 vienkartiniai garai bus paruo\u0161ti i\u0161siuntimui.<\/li>\n<\/ol>\n<p>Pasirink\u0119 iDEAL, j\u016bs pasirenkate saugi\u0105, patikim\u0105 ir efektyvi\u0105 operacij\u0173 patirt\u012f.<\/p>\n<hr \/>\n<h3>Kod\u0117l verta pirkti \u201eVapes\u201c i\u0161 \u201eAiviouVapes\u201c?<\/h3>\n<p>\u201eAiviouVapes\u201c siekia pasi\u016blyti auk\u0161tos kokyb\u0117s produktus ir skland\u017ei\u0105 apsipirkimo patirt\u012f. \u0160tai kod\u0117l mes esame geriausias pasirinkimas perkant elektronines transporto priemones Nyderlanduose:<\/p>\n<ul>\n<li><strong>Platus pasirinkimas<\/strong>: Si\u016blome \u012fvair\u0173 auk\u0161\u010diausios kokyb\u0117s vienkartini\u0173 gar\u0173 asortiment\u0105 kiekvienam skoniui.<\/li>\n<li><strong>Saugus mok\u0117jim\u0173 apdorojimas<\/strong>: M\u016bs\u0173 integracija su iDEAL u\u017etikrina, kad j\u016bs\u0173 mok\u0117jimo informacija b\u016bt\u0173 saugi ir apsaugota.<\/li>\n<li><strong>I\u0161skirtinis klient\u0173 aptarnavimas<\/strong>: M\u016bs\u0173 draugi\u0161ka palaikymo komanda yra \u010dia, kad pad\u0117t\u0173 jums i\u0161kilus bet kokiems apsipirkimo klausimams ar r\u016bpes\u010diams.<\/li>\n<li><strong>Skaidri informacija<\/strong>: Pateikiame ai\u0161ki\u0105 informacij\u0105 apie mok\u0117jimo b\u016bdus, pristatym\u0105 ir mokes\u010dius, tod\u0117l turite visk\u0105, ko reikia apgalvotam pirkimui.<\/li>\n<\/ul>\n<p>Nar\u0161ykite m\u016bs\u0173 kolekcij\u0105 ir m\u0117gaukit\u0117s patogumu \u012fsigydami m\u0117gstamus vienkartinius garintuvus naudodami iDEAL \u2013 patikim\u0105 mok\u0117jimo b\u016bd\u0105 visoje Nyderlanduose.<\/p>\n<p>Vapus \u017ei\u016br\u0117kite \u010dia:<\/p>\n<p><a href=\"https:\/\/aiviouvapes.com\/lt\/shop\/\">https:\/\/aiviouvapes.com\/shop\/<\/a><\/p>","protected":false},"excerpt":{"rendered":"<p>iDEAL: The Preferred Payment Method in the Netherlands for Secure and Quick Transactions iDEAL is a highly popular online payment method in the Netherlands, allowing consumers to make secure, real-time payments directly through their own bank. Seamlessly integrated with the online banking environment of Dutch banks, iDEAL offers a streamlined experience, transferring funds from the [&#8230;]\n","protected":false},"author":1,"featured_media":0,"parent":0,"menu_order":0,"comment_status":"closed","ping_status":"closed","template":"page-blank-title-center.php","meta":{"footnotes":""},"class_list":["post-9132","page","type-page","status-publish","hentry"],"jetpack_sharing_enabled":true,"_links":{"self":[{"href":"https:\/\/aiviouvapes.com\/lt\/wp-json\/wp\/v2\/pages\/9132","targetHints":{"allow":["GET"]}}],"collection":[{"href":"https:\/\/aiviouvapes.com\/lt\/wp-json\/wp\/v2\/pages"}],"about":[{"href":"https:\/\/aiviouvapes.com\/lt\/wp-json\/wp\/v2\/types\/page"}],"author":[{"embeddable":true,"href":"https:\/\/aiviouvapes.com\/lt\/wp-json\/wp\/v2\/users\/1"}],"replies":[{"embeddable":true,"href":"https:\/\/aiviouvapes.com\/lt\/wp-json\/wp\/v2\/comments?post=9132"}],"version-history":[{"count":0,"href":"https:\/\/aiviouvapes.com\/lt\/wp-json\/wp\/v2\/pages\/9132\/revisions"}],"wp:attachment":[{"href":"https:\/\/aiviouvapes.com\/lt\/wp-json\/wp\/v2\/media?parent=9132"}],"curies":[{"name":"wp","href":"https:\/\/api.w.org\/{rel}","templated":true}]}}