{"id":9129,"date":"2024-08-21T10:53:20","date_gmt":"2024-08-21T10:53:20","guid":{"rendered":"https:\/\/aiviouvapes.com\/?page_id=9129"},"modified":"2024-12-18T18:35:29","modified_gmt":"2024-12-18T10:35:29","slug":"buy-vapes-with-credit-card","status":"publish","type":"page","link":"https:\/\/aiviouvapes.com\/lt\/buy-vapes-with-credit-card\/","title":{"rendered":"Pirkti \"Vapes\" su kredito kortele"},"content":{"rendered":"<p>Sveiki atvyk\u0119 \u012f Aiviou Vape \u2013 j\u016bs\u0173 patikim\u0105 viet\u0105, kur rasite auk\u0161\u010diausios kokyb\u0117s garinimo gaminius. D\u017eiaugiam\u0117s gal\u0117dami prane\u0161ti, kad dabar priimame mok\u0117jimus kreditin\u0117mis kortel\u0117mis, tod\u0117l lengviau nei bet kada anks\u010diau \u012fsigyti vis\u0173 b\u016btin\u0173 gar\u0173!<\/p>\n<p><strong>Saug\u016bs sandoriai:<\/strong> Pirkite ramiai \u2013 m\u016bs\u0173 svetain\u0117 naudoja pa\u017eangi\u0105 3D Secure mok\u0117jimo technologij\u0105, kad apsaugot\u0173 j\u016bs\u0173 informacij\u0105. Esame \u012fsipareigoj\u0119 apsaugoti j\u016bs\u0173 privatum\u0105 ir u\u017etikrinti, kad kiekviena operacija b\u016bt\u0173 visi\u0161kai saugi.<\/p>\n<p><strong>Mok\u0117jimo b\u016bdai:<\/strong> Priimame plat\u0173 pagrindini\u0173 kredito korteli\u0173 asortiment\u0105, \u012fskaitant \u201eVisa\u201c, \u201eMasterCard\u201c ir \u201eMaestro\u201c, tod\u0117l klientams atsiskaitymas yra greitas ir paprastas.<\/p>\n<p><strong>Svarbi informacija:<\/strong> Atkreipkite d\u0117mes\u012f, kad d\u0117l ES PVM taisykli\u0173 mokant kredito kortele bus taikomas papildomas 20% PVM mokestis. Be to, kad b\u016bt\u0173 laikomasi \u0161i\u0173 taisykli\u0173, bendra vieno u\u017esakymo, apmok\u0117to kreditine kortele, vert\u0117 neturi vir\u0161yti $600 USD arba 600 EUR.<\/p>\n<p><strong>Alternatyv\u016bs mok\u0117jimo b\u016bdai:<\/strong> Jei norite i\u0161vengti PVM mokes\u010dio ar u\u017esakym\u0173 apribojim\u0173 mokant kredito kortele, rekomenduojame apsvarstyti SEPA pervedimus, IBAN pervedimus arba mok\u0117jimus kriptovaliuta. \u0160ios parinktys suteikia daugiau lankstumo, ypa\u010d atliekant didesnius sandorius.<\/p>\n<p>\u201eAiviouVape\u201c siekia u\u017etikrinti skland\u0173 ir saug\u0173 apsipirkim\u0105 visiems savo klientams. Nar\u0161ykite m\u016bs\u0173 plat\u0173 garinimo produkt\u0173 asortiment\u0105 ir apsipirkite dr\u0105siai!<\/p>\n<p>Jei turite klausim\u0173 ar reikia pagalbos, m\u016bs\u0173 klient\u0173 aptarnavimo komanda yra pasiruo\u0161usi pad\u0117ti. Nedvejodami kreipkit\u0117s!<\/p>\n<p><img data-recalc-dims=\"1\" loading=\"lazy\" decoding=\"async\" title=\"Pirkti &quot;Vapes&quot; su kredito kortele\" class=\"alignnone wp-image-9208 size-full\" src=\"https:\/\/i0.wp.com\/aiviouvapes.com\/wp-content\/uploads\/2024\/08\/card.jpeg?resize=272%2C185&#038;ssl=1\" alt=\"Pirkti &quot;Vapes&quot; su kredito kortele\" width=\"272\" height=\"185\" srcset=\"https:\/\/i0.wp.com\/aiviouvapes.com\/wp-content\/uploads\/2024\/08\/card.jpeg?w=272&amp;ssl=1 272w, https:\/\/i0.wp.com\/aiviouvapes.com\/wp-content\/uploads\/2024\/08\/card.jpeg?resize=18%2C12&amp;ssl=1 18w\" sizes=\"auto, (max-width: 272px) 100vw, 272px\" \/><\/p>\n<div class=\"row align-middle\"  id=\"row-1842281393\">\n\n\t<div id=\"col-885520625\" class=\"col small-12 large-12\"  >\n\t\t\t\t<div class=\"col-inner text-center\"  >\n\t\t\t\n\t\t\t\n<a href=\"https:\/\/aiviouvapes.com\/lt\/shop\/\" class=\"button primary is-shade is-larger box-shadow-4 box-shadow-5-hover\" style=\"border-radius:10px;\">\n\t\t<span>Apsipirkite dabar<\/span>\n\t<\/a>\n\n\t\t<\/div>\n\t\t\t\t\n<style>\n#col-885520625 > .col-inner {\n  padding: 20px 0px 0px 0px;\n}\n<\/style>\n\t<\/div>\n\n\t\n<\/div>","protected":false},"excerpt":{"rendered":"<p>Welcome to Aiviou Vape, your trusted destination for top-quality vaping products. We\u2019re pleased to announce that we now accept credit card payments, making it easier than ever to shop for all your vaping essentials! Secure Transactions: Shop with peace of mind\u2014our site uses advanced 3D Secure payment technology to protect your information. We are committed [&#8230;]\n","protected":false},"author":1,"featured_media":0,"parent":0,"menu_order":0,"comment_status":"closed","ping_status":"closed","template":"page-blank-title-center.php","meta":{"footnotes":""},"class_list":["post-9129","page","type-page","status-publish","hentry"],"jetpack_sharing_enabled":true,"_links":{"self":[{"href":"https:\/\/aiviouvapes.com\/lt\/wp-json\/wp\/v2\/pages\/9129","targetHints":{"allow":["GET"]}}],"collection":[{"href":"https:\/\/aiviouvapes.com\/lt\/wp-json\/wp\/v2\/pages"}],"about":[{"href":"https:\/\/aiviouvapes.com\/lt\/wp-json\/wp\/v2\/types\/page"}],"author":[{"embeddable":true,"href":"https:\/\/aiviouvapes.com\/lt\/wp-json\/wp\/v2\/users\/1"}],"replies":[{"embeddable":true,"href":"https:\/\/aiviouvapes.com\/lt\/wp-json\/wp\/v2\/comments?post=9129"}],"version-history":[{"count":0,"href":"https:\/\/aiviouvapes.com\/lt\/wp-json\/wp\/v2\/pages\/9129\/revisions"}],"wp:attachment":[{"href":"https:\/\/aiviouvapes.com\/lt\/wp-json\/wp\/v2\/media?parent=9129"}],"curies":[{"name":"wp","href":"https:\/\/api.w.org\/{rel}","templated":true}]}}