{"id":9127,"date":"2024-08-21T10:52:51","date_gmt":"2024-08-21T10:52:51","guid":{"rendered":"https:\/\/aiviouvapes.com\/?page_id=9127"},"modified":"2024-12-18T18:35:26","modified_gmt":"2024-12-18T10:35:26","slug":"buy-vapes-with-sepa-qr-code","status":"publish","type":"page","link":"https:\/\/aiviouvapes.com\/lt\/buy-vapes-with-sepa-qr-code\/","title":{"rendered":"Pirkite garintuvus su SEPA QR kodu"},"content":{"rendered":"<h2>Kaip naudoti SEPA QR kod\u0105 atsiskaitant su banko program\u0117le u\u017e \u201eVape\u201c pirkinius<\/h2>\n<p>Mok\u0117jimas SEPA QR kodu yra greitas ir patogus b\u016bdas pervesti l\u0117\u0161as Bendrojoje mok\u0117jim\u0173 eurais erdv\u0117je (SEPA). \u0160tai nuoseklus vadovas, pad\u0117siantis naudoti banko program\u0105 nuskaityti ir atlikti mok\u0117jimus naudojant SEPA QR kod\u0105.<\/p>\n<h3>\u017dingsnis po \u017eingsnio vadovas<\/h3>\n<ol>\n<li><strong>Atidarykite banko program\u0117l\u0119<\/strong>\n<ul>\n<li>I\u0161maniajame telefone atidarykite mobiliosios bankininkyst\u0117s program\u0105 ir \u012fsitikinkite, kad esate prisijung\u0119 prie savo paskyros.<\/li>\n<\/ul>\n<\/li>\n<li><strong>Eikite \u012f skyri\u0173 \u201ePervedimai arba mok\u0117jimai\u201c.<\/strong>\n<ul>\n<li>Raskite mok\u0117jim\u0173 ar pervedim\u0173 skyri\u0173 \u2013 tai gali b\u016bti pa\u017eym\u0117ta kaip \u201ePervedimas\u201c, \u201eMok\u0117jimai\u201c ar pana\u0161iai.<\/li>\n<\/ul>\n<\/li>\n<li><strong>Raskite QR kodo skaitytuv\u0105<\/strong>\n<ul>\n<li>Mok\u0117jimo skiltyje raskite QR kodo skaitytuvo parinkt\u012f, kuri da\u017enai rodoma kaip fotoaparato arba QR kodo piktograma.<\/li>\n<li>Kai kurios banko programos taip pat turi mygtuk\u0105 \u201eNuskaityti\u201c, kur\u012f galima lengvai pasiekti pagrindiniame ekrane arba mok\u0117jim\u0173 skiltyje, kad b\u016bt\u0173 galima greitai pasiekti.<\/li>\n<\/ul>\n<\/li>\n<li><strong>Nuskaitykite SEPA QR kod\u0105<\/strong>\n<ul>\n<li>Laikykite telefono kamer\u0105 iki SEPA QR kodo s\u0105skaitoje fakt\u016broje arba mok\u0117jimo puslapyje.<\/li>\n<li>Kad tiksliai u\u017efiksuotum\u0117te detales, sulygiuokite QR kod\u0105 r\u0117melyje.<\/li>\n<\/ul>\n<\/li>\n<li><strong>Patikrinkite i\u0161sami\u0105 mok\u0117jimo informacij\u0105<\/strong>\n<ul>\n<li>Po nuskaitymo programa automati\u0161kai u\u017epildys mok\u0117jimo form\u0105 su informacija i\u0161 QR kodo.<\/li>\n<li>Tai apima esmin\u0119 informacij\u0105, pvz., gav\u0117jo IBAN ir vard\u0105, tod\u0117l suma\u017e\u0117ja klaid\u0173 tikimyb\u0117.<\/li>\n<\/ul>\n<\/li>\n<li><strong>Mok\u0117jimo patvirtinimas<\/strong>\n<ul>\n<li>Per\u017ei\u016br\u0117kite i\u0161sami\u0105 informacij\u0105 d\u0117l tikslumo.<\/li>\n<li>Pasirinkite paskyr\u0105 arba kortel\u0119, kuri\u0105 norite naudoti \u0161iai operacijai.<\/li>\n<li>Patvirtinkite mok\u0117jim\u0105 atlikdami programos autentifikavimo veiksmus, pvz., \u012fvesdami PIN kod\u0105, pir\u0161to atspaud\u0105 arba veido atpa\u017einimo funkcij\u0105.<\/li>\n<\/ul>\n<\/li>\n<\/ol>\n<p><img data-recalc-dims=\"1\" loading=\"lazy\" decoding=\"async\" title=\"Pirkite garintuvus su SEPA QR kodu\" class=\"alignnone wp-image-9198 size-full\" src=\"https:\/\/i0.wp.com\/aiviouvapes.com\/wp-content\/uploads\/2024\/08\/qr-code-payment-online-shopping-260nw-704697319-e1724305335194.webp?resize=390%2C260&#038;ssl=1\" alt=\"Pirkite garintuvus su SEPA QR kodu\" width=\"390\" height=\"260\" srcset=\"https:\/\/i0.wp.com\/aiviouvapes.com\/wp-content\/uploads\/2024\/08\/qr-code-payment-online-shopping-260nw-704697319-e1724305335194.webp?w=390&amp;ssl=1 390w, https:\/\/i0.wp.com\/aiviouvapes.com\/wp-content\/uploads\/2024\/08\/qr-code-payment-online-shopping-260nw-704697319-e1724305335194.webp?resize=300%2C200&amp;ssl=1 300w, https:\/\/i0.wp.com\/aiviouvapes.com\/wp-content\/uploads\/2024\/08\/qr-code-payment-online-shopping-260nw-704697319-e1724305335194.webp?resize=18%2C12&amp;ssl=1 18w\" sizes=\"auto, (max-width: 390px) 100vw, 390px\" \/><\/p>\n<h3>Papildomi patarimai<\/h3>\n<ul>\n<li><strong>QR kodo vaizd\u0173 naudojimas<\/strong>\n<ul>\n<li>Jei gaunate QR kod\u0105 kaip vaizd\u0105 (pvz., el. pa\u0161tu), kai kurios banko programos leid\u017eia \u012fkelti vaizd\u0105, o ne nuskaityti j\u012f tiesiogiai. Patikrinkite, ar QR nuskaitymo funkcijoje yra parinktis \u201e\u012ekelti\u201c.<\/li>\n<\/ul>\n<\/li>\n<li><strong>Saugumo priemon\u0117s<\/strong>\n<ul>\n<li>\u012esitikinkite, kad j\u016bs\u0173 banko programa yra atnaujinta, ir naudokite saug\u0173 interneto ry\u0161\u012f, kad i\u0161vengtum\u0117te galimo suk\u010diavimo.<\/li>\n<\/ul>\n<\/li>\n<\/ul>\n<h3>SEPA QR kod\u0173 naudojimo privalumai<\/h3>\n<ul>\n<li><strong>Greitis:<\/strong> QR kodai supaprastina mok\u0117jimo proces\u0105, suma\u017eina duomen\u0173 \u012fvedimo klaidas.<\/li>\n<li><strong>Naudojimo paprastumas:<\/strong> Greitai atlikite mok\u0117jimus u\u017e prekes, paslaugas, s\u0105skaitas ar kitus pervedimus tiesiog nuskaitydami.<\/li>\n<li><strong>Daugiafunkci\u0161kumas:<\/strong> SEPA QR kodai palaiko daugyb\u0119 operacij\u0173 \u2013 nuo komunalini\u0173 paslaug\u0173 apmok\u0117jimo iki administracini\u0173 mokes\u010di\u0173.<\/li>\n<\/ul>\n<h3>Apvyniojimas<\/h3>\n<p>Atlikus \u0161iuos veiksmus SEPA QR kod\u0173 naudojimas su banko program\u0117le tampa paprastas ir efektyvus. \u0160is mok\u0117jimo b\u016bdas ne tik taupo j\u016bs\u0173 laik\u0105, bet ir pagerina operacij\u0173 saugum\u0105 bei tikslum\u0105. M\u0117gaukit\u0117s skland\u017eiai atlikdami saugius mok\u0117jimus SEPA.<\/p>\n<p>Europos bank\u0173, palaikan\u010di\u0173 SEPA QR kodo mok\u0117jimus, s\u0105ra\u0161\u0105 rasite Europos mok\u0117jim\u0173 tarybos svetain\u0117je.<\/p>\n<p><strong>\u201eAiviouVapes\u201c dabar si\u016blo SEPA QR kodo mok\u0117jim\u0105, tod\u0117l klientams, perkantiems vienkartinius garus, suteikiamas naujas patogumo lygis.<\/strong><\/p>\n<div class=\"row align-middle\"  id=\"row-875416615\">\n\n\t<div id=\"col-248196734\" class=\"col small-12 large-12\"  >\n\t\t\t\t<div class=\"col-inner text-center\"  >\n\t\t\t\n\t\t\t\n<a href=\"https:\/\/aiviouvapes.com\/lt\/shop\/\" class=\"button primary is-shade is-larger box-shadow-4 box-shadow-5-hover\" style=\"border-radius:10px;\">\n\t\t<span>Apsipirkite dabar<\/span>\n\t<\/a>\n\n\t\t<\/div>\n\t\t\t\t\n<style>\n#col-248196734 > .col-inner {\n  padding: 20px 0px 0px 0px;\n}\n<\/style>\n\t<\/div>\n\n\t\n<\/div>","protected":false},"excerpt":{"rendered":"<p>How to Use a SEPA QR Code to Pay with Your Banking App for Vape Purchases Paying with a SEPA QR code is a fast and convenient way to transfer funds within the Single Euro Payments Area (SEPA). Here\u2019s a step-by-step guide to help you use your bank app to scan and make payments via [&#8230;]\n","protected":false},"author":1,"featured_media":0,"parent":0,"menu_order":0,"comment_status":"closed","ping_status":"closed","template":"page-blank-title-center.php","meta":{"footnotes":""},"class_list":["post-9127","page","type-page","status-publish","hentry"],"jetpack_sharing_enabled":true,"_links":{"self":[{"href":"https:\/\/aiviouvapes.com\/lt\/wp-json\/wp\/v2\/pages\/9127","targetHints":{"allow":["GET"]}}],"collection":[{"href":"https:\/\/aiviouvapes.com\/lt\/wp-json\/wp\/v2\/pages"}],"about":[{"href":"https:\/\/aiviouvapes.com\/lt\/wp-json\/wp\/v2\/types\/page"}],"author":[{"embeddable":true,"href":"https:\/\/aiviouvapes.com\/lt\/wp-json\/wp\/v2\/users\/1"}],"replies":[{"embeddable":true,"href":"https:\/\/aiviouvapes.com\/lt\/wp-json\/wp\/v2\/comments?post=9127"}],"version-history":[{"count":0,"href":"https:\/\/aiviouvapes.com\/lt\/wp-json\/wp\/v2\/pages\/9127\/revisions"}],"wp:attachment":[{"href":"https:\/\/aiviouvapes.com\/lt\/wp-json\/wp\/v2\/media?parent=9127"}],"curies":[{"name":"wp","href":"https:\/\/api.w.org\/{rel}","templated":true}]}}