{"id":9124,"date":"2024-08-21T10:52:08","date_gmt":"2024-08-21T10:52:08","guid":{"rendered":"https:\/\/aiviouvapes.com\/?page_id=9124"},"modified":"2024-11-30T12:03:45","modified_gmt":"2024-11-30T04:03:45","slug":"buy-vapes-in-europe-with-paypal","status":"publish","type":"page","link":"https:\/\/aiviouvapes.com\/lt\/buy-vapes-in-europe-with-paypal\/","title":{"rendered":"Pirkti Vapes Europoje su Paypal"},"content":{"rendered":"<p>Vapingo ir \u201ePayPal\u201c sankirtos nar\u0161ymas suk\u0117l\u0117 unikali\u0173 i\u0161\u0161\u016bki\u0173 \u012fmon\u0117ms ir vartotojams. D\u0117l \u201ePayPal\u201c politikos d\u0117l elektronini\u0173 cigare\u010di\u0173 ir susijusi\u0173 produkt\u0173 daugelis operacij\u0173 \u0161ioje pramon\u0117s \u0161akoje susiduria su tais pa\u010diais apribojimais kaip ir tabakas, tod\u0117l s\u0105skaitos ribojamos ir mok\u0117jimai blokuojami.<\/p>\n<p>\u201eAiviouVapes\u201c s\u0117kmingai radome b\u016bd\u0105, kaip veikti laikantis \u0161i\u0173 apribojim\u0173. Skirtingai nuo daugelio pramon\u0117s atstov\u0173, <strong>Gavome i\u0161ankstin\u012f \u201ePayPal\u201c patvirtinim\u0105 elektronini\u0173 cigare\u010di\u0173 pardavimui Europoje<\/strong>, leisdami klientams pasi\u016blyti skland\u0173, nepertraukiam\u0105 apsipirkimo patirt\u012f.<\/p>\n<p>I\u0161ankstinis \u201ePayPal\u201c patvirtinimas apima \u012fvairius gaminius, \u012fskaitant elektronines cigaretes ir tam tikras alternatyvas be tabako. \u0160is \u012fgaliojimas leid\u017eia mums teikti \u201ePayPal\u201c kaip patog\u0173 ir saug\u0173 mok\u0117jimo b\u016bd\u0105, suteikdamas klientams \u017einomumo ir patogumo, kurio jie gali nor\u0117ti.<\/p>\n<p>Nors bendrieji PayPal apribojimai elektronini\u0173 cigare\u010di\u0173 sandoriams teb\u0117ra diskusij\u0173 \u0161altinis, m\u016bs\u0173 klientai gali dr\u0105siai naudotis PayPal m\u016bs\u0173 svetain\u0117je be trikd\u017ei\u0173. Tai ypa\u010d naudinga tiems, kurie vertina PayPal si\u016blom\u0105 saugum\u0105 ir paprastum\u0105, o ne kitas mok\u0117jimo galimybes.<\/p>\n<p>Ta\u010diau nor\u0117tume pabr\u0117\u017eti nauj\u0105 svarstym\u0105. <strong>D\u0117l mokes\u010di\u0173 taisykli\u0173<\/strong>, PayPal pirkiniai elektronin\u0117ms cigaret\u0117ms i\u0161 AiviouVapes yra <strong>nevir\u0161ija 200 eur\u0173<\/strong> pagal u\u017esakym\u0105 ir jiems taikomos a <strong>20% PVM vartojimo mokestis<\/strong>. \u0160ie mokes\u010di\u0173 reikalavimai gali tur\u0117ti \u012ftakos j\u016bs\u0173 pasirinktam mok\u0117jimo b\u016bdui. <strong>Nor\u0117dami i\u0161vengti \u0161ios ribos ir mokes\u010di\u0173 na\u0161tos, rekomenduojame i\u0161tirti SEPA pervedimus, IBAN banko pavedimus arba mok\u0117jimus kriptovaliuta<\/strong>, kurios suteikia daugiau lankstumo perkant didesn\u0117s vert\u0117s pirkinius.<\/p>\n<p>\u0160is i\u0161laid\u0173 limitas ir mokes\u010di\u0173 apskai\u010diavimas yra svarb\u016bs veiksniai renkantis pageidaujam\u0105 mok\u0117jimo b\u016bd\u0105. \u201eAiviouVapes\u201c \u012fsipareigoja u\u017etikrinti skaidrum\u0105 ir teikti lanks\u010dias mok\u0117jimo parinktis, kad gal\u0117tum\u0117te m\u0117gautis informuotu ir patogiu apsipirkimu.<\/p>\n<p>Dr\u0105siai nar\u0161ykite plat\u0173 \u201eAiviouVapes\u201c e-sul\u010di\u0173 skoni\u0173 pasirinkim\u0105, \u017einodami, kad galite pasirinkti i\u0161 keli\u0173 mok\u0117jimo parink\u010di\u0173, kad atitikt\u0173 j\u016bs\u0173 pageidavimus ir poreikius.<\/p>\n<p>\u012etraukdami \u0161iuos punktus, siekiame suteikti jums visapusi\u0161k\u0105 supratim\u0105 apie PayPal apribojimus ir su mokes\u010diais susijusius veiksnius perkant elektronines cigaretes i\u0161 AiviouVapes ir pad\u0117ti jums pasirinkti geriausi\u0105 mok\u0117jimo pasirinkim\u0105 j\u016bs\u0173 situacijai.<\/p>\n<div class=\"row align-middle\"  id=\"row-463668291\">\n\n\t<div id=\"col-363805286\" class=\"col small-12 large-12\"  >\n\t\t\t\t<div class=\"col-inner text-center\"  >\n\t\t\t\n\t\t\t\n<a href=\"https:\/\/aiviouvapes.com\/lt\/shop\/\" class=\"button primary is-shade is-larger box-shadow-4 box-shadow-5-hover\" style=\"border-radius:10px;\">\n\t\t<span>Apsipirkite dabar<\/span>\n\t<\/a>\n\n\t\t<\/div>\n\t\t\t\t\n<style>\n#col-363805286 > .col-inner {\n  padding: 20px 0px 0px 0px;\n}\n<\/style>\n\t<\/div>\n\n\t\n<\/div>","protected":false},"excerpt":{"rendered":"<p>Navigating the intersection between vaping and PayPal has presented unique challenges for businesses and consumers alike. Due to PayPal&#8217;s policies on e-cigarettes and related products, many transactions in this industry face the same restrictions as tobacco, resulting in account limitations and blocked payments. At AiviouVapes, we\u2019ve successfully found a way to operate within these constraints. [&#8230;]\n","protected":false},"author":1,"featured_media":0,"parent":0,"menu_order":0,"comment_status":"closed","ping_status":"closed","template":"page-blank-title-center.php","meta":{"footnotes":""},"class_list":["post-9124","page","type-page","status-publish","hentry"],"jetpack_sharing_enabled":true,"_links":{"self":[{"href":"https:\/\/aiviouvapes.com\/lt\/wp-json\/wp\/v2\/pages\/9124","targetHints":{"allow":["GET"]}}],"collection":[{"href":"https:\/\/aiviouvapes.com\/lt\/wp-json\/wp\/v2\/pages"}],"about":[{"href":"https:\/\/aiviouvapes.com\/lt\/wp-json\/wp\/v2\/types\/page"}],"author":[{"embeddable":true,"href":"https:\/\/aiviouvapes.com\/lt\/wp-json\/wp\/v2\/users\/1"}],"replies":[{"embeddable":true,"href":"https:\/\/aiviouvapes.com\/lt\/wp-json\/wp\/v2\/comments?post=9124"}],"version-history":[{"count":0,"href":"https:\/\/aiviouvapes.com\/lt\/wp-json\/wp\/v2\/pages\/9124\/revisions"}],"wp:attachment":[{"href":"https:\/\/aiviouvapes.com\/lt\/wp-json\/wp\/v2\/media?parent=9124"}],"curies":[{"name":"wp","href":"https:\/\/api.w.org\/{rel}","templated":true}]}}