{"id":9121,"date":"2024-08-21T10:51:22","date_gmt":"2024-08-21T10:51:22","guid":{"rendered":"https:\/\/aiviouvapes.com\/?page_id=9121"},"modified":"2024-12-02T07:55:27","modified_gmt":"2024-12-01T23:55:27","slug":"age-policy","status":"publish","type":"page","link":"https:\/\/aiviouvapes.com\/lt\/age-policy\/","title":{"rendered":"Am\u017eiaus politika"},"content":{"rendered":"<p>Am\u017eiaus patikrinimas <a href=\"https:\/\/AiviouVapes.com\/\" rel=\"noopener\">AiviouVapes<\/a><\/p>\n<p>**Legaluoto r\u016bkymo am\u017eiaus reikalavimas:** visi klientai turi b\u016bti 21 met\u0173 ar vyresni, kad gal\u0117t\u0173 pirkti produktus m\u016bs\u0173 svetain\u0117je, atitinkant\u012f JAV teisin\u012f r\u016bkymo am\u017ei\u0173, taikom\u0105 elektronin\u0117ms cigaret\u0117ms ir susijusioms prek\u0117ms. Apsilankykite <a href=\"https:\/\/AiviouVapes.com\/\" rel=\"noopener\">AiviouVapes<\/a> u\u017e reikalavimus atitinkan\u010dius ir atsakingus pirkinius.<\/p>\n<p>**Tikslaus am\u017eiaus pateikimo svarba:** informacijos apie am\u017ei\u0173 klastojimas norint \u012fsigyti m\u016bs\u0173 produktus ne tik prie\u0161tarauja m\u016bs\u0173 politikai, bet ir yra neteis\u0117tas. Tokie veiksmai gali sukelti rimt\u0173 teisini\u0173 pasekmi\u0173.<\/p>\n<p>**Draudimas nepilname\u010diams pirkti pagal \u012fgaliojim\u0105:** bet koks pirkimas <a href=\"https:\/\/AiviouVapes.com\/\" rel=\"noopener\">garinimo produktai<\/a> nepilname\u010diams yra grie\u017etai draud\u017eiamas ir u\u017etraukia galimas teisines sankcijas. Esame \u012fsipareigoj\u0119 u\u017ekirsti keli\u0105 neteis\u0117tai prieigai prie m\u016bs\u0173 produkt\u0173.<\/p>\n<p>**Tvirtas am\u017eiaus patvirtinimo procesas:** siekdami laikytis teisini\u0173 reikalavim\u0173 ir apsaugoti jaunim\u0105, naudojame grie\u017et\u0105 am\u017eiaus patvirtinimo sistem\u0105. Klientai privalo pateikti asmens duomenis \u2013 vard\u0105, pavard\u0119, adres\u0105, gimimo dat\u0105 ir paskutinius keturis savo socialinio draudimo numerio skaitmenis, kuriuos patikriname pagal vie\u0161uosius \u012fra\u0161us. Jei patvirtinimas nepavyks arba negalite pateikti savo socialinio draudimo informacijos, galime papra\u0161yti vald\u017eios i\u0161duoto asmens tapatyb\u0117s dokumento.<\/p>\n<p>**Teis\u0117 atsisakyti paslaugos:** pasiliekame teis\u0119 at\u0161aukti arba atmesti u\u017esakymus, jei patvirtinimas n\u0117ra s\u0117kmingai u\u017ebaigtas arba jei laiku nepateikiamas tinkamas tapatyb\u0117s dokumentas.<\/p>\n<p>** Atsidavimas jaunimo prevencijai:** Prekybos nepilname\u010diams prevencija yra vienas did\u017eiausi\u0173 m\u016bs\u0173 prioritet\u0173. M\u016bs\u0173 am\u017eiaus tikrinimo sistema pabr\u0117\u017eia m\u016bs\u0173 \u012fsipareigojim\u0105 palaikyti atsaking\u0105 garinimo aplink\u0105.<\/p>\n<p>**Paslaugos atsisakymas arba apribojimas:** kaip internetinis pardav\u0117jas, pasiliekame teis\u0119 tam tikrais atvejais atsisakyti teikti paslaug\u0105. Jei klientas mano, kad jo prieiga buvo neteis\u0117tai apribota, jis raginamas kreiptis pagalbos \u012f m\u016bs\u0173 klient\u0173 aptarnavimo tarnyb\u0105.<\/p>\n<p>**Pastaba d\u0117l am\u017eiaus apribojimo:** \u201eAiviou Vape\u201c svetain\u0117je pateikiamas ai\u0161kus atsisakymas, pabr\u0117\u017eiantis reikalavim\u0105, kad JAV klientai b\u016bt\u0173 bent 21 met\u0173, kad gal\u0117t\u0173 pirkti elektronini\u0173 cigare\u010di\u0173 gaminius.<\/p>\n<p>Ties <a href=\"https:\/\/AiviouVapes.com\/\" rel=\"noopener\">AiviouVapes<\/a>, mes teikiame pirmenyb\u0119 savo klient\u0173 saugai ir gerovei, vykdydami grie\u017et\u0105 am\u017eiaus patikrinim\u0105. M\u016bs\u0173 priemon\u0117s atspindi m\u016bs\u0173 atsidavim\u0105 saugiai ir reikalavimus atitinkan\u010diai gar\u0173 bendruomenei, suteikdama klientams ramyb\u0119 perkant pas mus.<\/p>\n<p>M\u016bs\u0173 \u012fmon\u0117s \u012fsipareigojimas u\u017etikrinti, kad m\u016bs\u0173 gaminius gal\u0117t\u0173 \u012fsigyti tik tie, kuriems \u012fstatymi\u0161kai leid\u017eiama, sustiprina atsakingos garinimo praktikos svarb\u0105. Suprantame, kad veiksmingas am\u017eiaus patvirtinimas yra b\u016btinas norint u\u017ekirsti keli\u0105 nepilname\u010diams prieiti prie prieigos, ir suk\u016br\u0117me visapus\u0119 sistem\u0105, kad i\u0161laikytume \u0161i\u0105 atsakomyb\u0119.<\/p>\n<p>M\u016bs\u0173 procesui reikalinga specifin\u0117 informacija \u2013 vardas, pavard\u0117, adresas, gimimo data ir paskutiniai keturi socialinio draudimo numerio skaitmenys \u2013 kuri\u0105 patikriname pagal patikimus \u012fra\u0161us, kad patvirtintume am\u017ei\u0173. Jei klientas negali pateikti savo socialinio draudimo informacijos, kaip papildom\u0105 patikrinimo priemon\u0119 si\u016blome \u012fkelti valstybinio asmens tapatyb\u0117s dokument\u0105.<\/p>\n<p>**Klaidingo am\u017eiaus pateikimo pasekm\u0117s:** klaidingas am\u017eiaus pateikimas norint \u012fsigyti m\u016bs\u0173 produktus yra neteis\u0117tas ir turi rimt\u0173 teisini\u0173 pasekmi\u0173. Be to, pirkimas nepilname\u010diams yra grie\u017etai draud\u017eiamas ir baud\u017eiamas pagal \u012fstatym\u0105. \u012e \u0161iuos standartus \u017ei\u016brime rimtai ir galime atmesti bet kok\u012f u\u017esakym\u0105, jei tapatyb\u0117s negalima greitai patikrinti.<\/p>\n<p>\u201eAiviou Vape\u201c ir toliau \u012fsipareigoja u\u017ekirsti keli\u0105 nepilname\u010di\u0173 prekybai. M\u016bs\u0173 am\u017eiaus patvirtinimo protokolas yra pagrindinis m\u016bs\u0173 misijos skatinti atsaking\u0105 ir saug\u0173 pirkim\u0105 gar\u0173 bendruomen\u0117je.<\/p>\n<p>Jei klientas patiria paslaug\u0173 apribojim\u0105, jo manymu, per klaid\u0105, kvie\u010diame susisiekti su m\u016bs\u0173 klient\u0173 aptarnavimo komanda. Pirmenyb\u0119 teikiame skaidriam bendravimui ir stengiam\u0117s s\u0105\u017einingai i\u0161spr\u0119sti i\u0161kilusias problemas.<\/p>\n<p>M\u016bs\u0173 svetain\u0117je ai\u0161kiai rodomas \u012fsp\u0117jimas apie am\u017eiaus cenz\u0105 perkant elektronines cigaretes, primenantis visiems JAV naudotojams teisin\u012f reikalavim\u0105 b\u016bti 21 met\u0173 am\u017eiaus.<\/p>\n<p>Pasirinkus \u201eAiviou Vape\u201c, reikia pasirinkti \u012fmon\u0119, kuri vertina s\u0105\u017einingum\u0105, \u012fstatym\u0173 laikym\u0105si ir klient\u0173 saugum\u0105. M\u016bs\u0173 \u012fsipareigojimas laikytis atsakingos am\u017eiaus politikos yra ne tik proced\u016brinis; tai i\u0161 esm\u0117s atspindi m\u016bs\u0173 vertybes ir atsidavim\u0105 kuriant saug\u0173 ir patikim\u0105 apsipirkimo patirt\u012f. Pasitik\u0117kite \u201eAiviou Vape\u201c, kad gautum\u0117te saugi\u0105 ir atsaking\u0105 prieig\u0105 prie kokybi\u0161k\u0173 garinimo produkt\u0173.<\/p>\n<div class=\"row align-middle\"  id=\"row-22931718\">\n\n\t<div id=\"col-1578810911\" class=\"col small-12 large-12\"  >\n\t\t\t\t<div class=\"col-inner text-center\"  >\n\t\t\t\n\t\t\t\n<a href=\"https:\/\/aiviouvapes.com\/lt\/shop\/\" class=\"button primary is-shade is-larger box-shadow-4 box-shadow-5-hover\" style=\"border-radius:10px;\">\n\t\t<span>Apsipirkite dabar<\/span>\n\t<\/a>\n\n\t\t<\/div>\n\t\t\t\t\n<style>\n#col-1578810911 > .col-inner {\n  padding: 20px 0px 0px 0px;\n}\n<\/style>\n\t<\/div>\n\n\t\n<\/div>","protected":false},"excerpt":{"rendered":"<p>Age Verification at AiviouVapes **Legal Smoking Age Requirement:** All customers must be 21 or older to purchase products on our site, aligning with the U.S. legal smoking age for e-cigarettes and related items. Visit AiviouVapes for compliant and responsible purchases. **Importance of Accurate Age Representation:** Falsifying age information to buy our products is not only [&#8230;]\n","protected":false},"author":1,"featured_media":0,"parent":0,"menu_order":0,"comment_status":"closed","ping_status":"closed","template":"page-blank-title-center.php","meta":{"footnotes":""},"class_list":["post-9121","page","type-page","status-publish","hentry"],"jetpack_sharing_enabled":true,"_links":{"self":[{"href":"https:\/\/aiviouvapes.com\/lt\/wp-json\/wp\/v2\/pages\/9121","targetHints":{"allow":["GET"]}}],"collection":[{"href":"https:\/\/aiviouvapes.com\/lt\/wp-json\/wp\/v2\/pages"}],"about":[{"href":"https:\/\/aiviouvapes.com\/lt\/wp-json\/wp\/v2\/types\/page"}],"author":[{"embeddable":true,"href":"https:\/\/aiviouvapes.com\/lt\/wp-json\/wp\/v2\/users\/1"}],"replies":[{"embeddable":true,"href":"https:\/\/aiviouvapes.com\/lt\/wp-json\/wp\/v2\/comments?post=9121"}],"version-history":[{"count":0,"href":"https:\/\/aiviouvapes.com\/lt\/wp-json\/wp\/v2\/pages\/9121\/revisions"}],"wp:attachment":[{"href":"https:\/\/aiviouvapes.com\/lt\/wp-json\/wp\/v2\/media?parent=9121"}],"curies":[{"name":"wp","href":"https:\/\/api.w.org\/{rel}","templated":true}]}}