{"id":9117,"date":"2024-08-21T10:50:31","date_gmt":"2024-08-21T10:50:31","guid":{"rendered":"https:\/\/aiviouvapes.com\/?page_id=9117"},"modified":"2024-11-24T00:13:56","modified_gmt":"2024-11-23T16:13:56","slug":"terms-conditions","status":"publish","type":"page","link":"https:\/\/aiviouvapes.com\/lt\/terms-conditions\/","title":{"rendered":"Taisykl\u0117s ir s\u0105lygos"},"content":{"rendered":"<p dir=\"auto\">Sveiki atvyk\u0119 \u012f <strong>AiviouVape<\/strong>! Prie\u0161 naudodamiesi m\u016bs\u0173 svetaine, atid\u017eiai perskaitykite \u0161ias s\u0105lygas. Prisijungdami prie m\u016bs\u0173 svetain\u0117s ir naudodamiesi ja sutinkate laikytis \u010dia nurodyt\u0173 s\u0105lyg\u0173 ir vis\u0173 taikom\u0173 \u012fstatym\u0173. Jei nesutinkate su \u0161iomis s\u0105lygomis, nustokite naudotis m\u016bs\u0173 svetaine. Pirkdami sutinkate su \u0161iomis taisykl\u0117mis ir s\u0105lygomis bei m\u016bs\u0173 pristatymo, gr\u0105\u017einimo ir garantijos politika.<\/p>\n<p dir=\"auto\"><strong>Tarptautiniai u\u017esakymai<\/strong><\/p>\n<p dir=\"auto\">\u201eAiviouVape\u201c veikia visame pasaulyje i\u0161 m\u016bs\u0173 b\u016bstin\u0117s Honkonge. Klientai u\u017e Honkongo rib\u0173 laikomi tarptautiniais klientais. Prie\u0161 pateikdami u\u017esakym\u0105 \u012fsitikinkite, kad esate susipa\u017ein\u0119 su savo \u0161alies taisykl\u0117mis d\u0117l garintuv\u0173 gamini\u0173 nuosavyb\u0117s, importo ir naudojimo. Tam tikrose \u0161alyse gali b\u016bti taikomos papildomos politikos nuostatos, nurodytos pristatymo, gr\u0105\u017einimo ir garantijos politikoje.<\/p>\n<p dir=\"auto\"><strong>Autorin\u0117s teis\u0117s<\/strong><\/p>\n<p dir=\"auto\">Visas \u0161ios svetain\u0117s turinys, \u012fskaitant tekst\u0105, grafik\u0105 ir kod\u0105, yra saugomas pagal autori\u0173 teisi\u0173 \u012fstatymus kaip kolektyvinis k\u016brinys, priklausantis AiviouVape. Autori\u0173 teis\u0117s, 2022 m., \u201eAiviouVape\u201c. Visos teis\u0117s saugomos. Galite elektroniniu b\u016bdu kopijuoti ir spausdinti svetain\u0117s dalis, kad pateiktum\u0117te u\u017esakym\u0105 arba \u012fsigytum\u0117te \u201eAiviouVape\u201c produktus. Bet koks kitas naudojimas, \u012fskaitant svetain\u0117s turinio atk\u016brim\u0105, platinim\u0105 ar perdavim\u0105, yra draud\u017eiamas, nebent AiviouVape Inc.<\/p>\n<p dir=\"auto\"><strong>Preki\u0173 \u017eenklai<\/strong><\/p>\n<p dir=\"auto\">Visi m\u016bs\u0173 svetain\u0117je rodomi preki\u0173 \u017eenklai, paslaug\u0173 \u017eenklai ir preki\u0173 pavadinimai priklauso AiviouVape.<\/p>\n<p dir=\"auto\"><strong>Garantijos atsisakymas<\/strong><\/p>\n<p dir=\"auto\">M\u016bs\u0173 svetain\u0117 ir visos med\u017eiagos bei produktai pateikiami \u201etokie, kokie yra\u201c be joki\u0173 garantij\u0173, nei ai\u0161ki\u0173, nei numanom\u0173. \u201eAiviouVape\u201c atsisako vis\u0173 garantij\u0173, \u012fskaitant, bet neapsiribojant, tinkamum\u0105 parduoti, tinkamum\u0105 tam tikram tikslui ir teisi\u0173 nepa\u017eeidim\u0105. Negarantuojame, kad svetain\u0117s funkcijos bus nepertraukiamos ar be klaid\u0173, taip pat kad defektai bus i\u0161taisyti arba kad svetain\u0117je n\u0117ra virus\u0173 ar kit\u0173 kenksming\u0173 komponent\u0173. Mes negarantuojame pateikto turinio tikslumo, i\u0161samumo ar patikimumo.<\/p>\n<p dir=\"auto\"><strong>Atsakomyb\u0117s apribojimas<\/strong><\/p>\n<p dir=\"auto\">\u201eAiviouVape\u201c neatsako u\u017e jokius specialius ar pasekminius nuostolius, atsiradusius d\u0117l \u0161ioje svetain\u0117je esan\u010di\u0173 med\u017eiag\u0173 naudojimo arba negal\u0117jimo j\u0173 naudoti arba gamini\u0173 veikimo, net jei buvo prane\u0161ta apie tokios \u017ealos galimyb\u0119. Tam tikrose jurisdikcijose neleid\u017eiama i\u0161skirti arba apriboti atsakomyb\u0117s u\u017e pasekmin\u0119 ar atsitiktin\u0119 \u017eal\u0105, tod\u0117l \u0161ie apribojimai jums gali b\u016bti netaikomi.<\/p>\n<p dir=\"auto\"><strong>Nutraukimas<\/strong><\/p>\n<p dir=\"auto\">\u0160ios s\u0105lygos taikomos visiems vartotojams prisijungiant prie svetain\u0117s, registruojantis ar perkant. \u201eAiviouVape\u201c pasilieka teis\u0119 visi\u0161kai arba i\u0161 dalies nutraukti \u0161ias s\u0105lygas bet kuriuo metu be \u012fsp\u0117jimo. Nuostatos, susijusios su autori\u0173 teis\u0117mis, preki\u0173 \u017eenklais, garantijos atsisakymu, atsakomyb\u0117s ribojimu, \u017ealos atlyginimu ir \u012fvairiais dalykais, galioja ir pasibaigus nutraukimui.<\/p>\n<p dir=\"auto\"><strong>Prane\u0161imas<\/strong><\/p>\n<p dir=\"auto\">\u201eAiviouVape\u201c gali pateikti jums prane\u0161imus el. pa\u0161tu, bendrus prane\u0161imus svetain\u0117je arba kitais patikimais b\u016bdais, naudodamasi j\u016bs\u0173 pateikta kontaktine informacija.<\/p>\n<p dir=\"auto\"><strong>\u012evair\u016bs<\/strong><\/p>\n<p dir=\"auto\">\u0160ias s\u0105lygas reglamentuoja Honkongo \u012fstatymai, neatsi\u017evelgiant \u012f jo \u012fstatym\u0173 kolizijos principus. Bet kokie gin\u010dai, kylantys d\u0117l \u0161i\u0173 s\u0105lyg\u0173, bus sprend\u017eiami Honkongo teismuose. Pretenzijos turi b\u016bti pateiktos per vienerius metus nuo j\u0173 atsiradimo. \u201eAiviouVape\u201c sprendimas ne\u012fgyvendinti jokios \u0161i\u0173 s\u0105lyg\u0173 dalies neatsisako jos teisi\u0173. Mes galime perleisti savo teises ir pareigas pagal \u0161ias s\u0105lygas be \u012fsp\u0117jimo.<\/p>\n<p dir=\"auto\"><strong>Svetain\u0117s naudojimas<\/strong><\/p>\n<p dir=\"auto\">Priekabiavimas ar netinkamas elgesys svetain\u0117je yra draud\u017eiamas. Vartotojai negali \u012fkelti nepriimtino turinio ar pra\u0161yti kit\u0173 teikti komercines paslaugas. \u201eAiviouVape\u201c pasilieka teis\u0119 blokuoti arba pa\u0161alinti bet kok\u012f turin\u012f, kuris pa\u017eeid\u017eia \u0161ias s\u0105lygas.<\/p>\n<p dir=\"auto\"><strong>Atsakomyb\u0117s d\u0117l dalyvavimo apribojimas<\/strong><\/p>\n<p dir=\"auto\">\u201eAiviouVape\u201c neatsako u\u017e vartotoj\u0173 sukurt\u0105 turin\u012f svetain\u0117je. Veikiame tik kaip platinimo platforma ir pasiliekame teis\u0119 pa\u0161alinti nepriimtin\u0105 turin\u012f, jei manome, kad tai b\u016btina.<\/p>\n<p dir=\"auto\"><strong>Produkt\u0173 naudojimas<\/strong><\/p>\n<p dir=\"auto\">\u201eAiviouVape\u201c nepretenduoja \u012f produkto veiksmingum\u0105 jokiam konkre\u010diam tikslui. Visi gaminiai naudojami pirk\u0117jo rizika. Nikotino produktai yra skirti tik suaugusiems. Prie\u0161 naudodami nikotino gaminius, pasitarkite su gydytoju.<\/p>\n<p dir=\"auto\"><strong>\u017dalos atlyginimas<\/strong><\/p>\n<p dir=\"auto\">Naudodamiesi m\u016bs\u0173 svetaine, j\u016bs sutinkate atlyginti \u201eAiviouVape\u201c ir jos paslaug\u0173 teik\u0117jams bet kokius nuostolius, \u017eal\u0105, i\u0161laidas ir i\u0161laidas, atsirandan\u010dias d\u0117l bet kokio \u0161i\u0173 s\u0105lyg\u0173 pa\u017eeidimo ar susijusios veiklos j\u016bs\u0173 paskyroje.<\/p>\n<p dir=\"auto\"><strong>Tre\u010di\u0173j\u0173 \u0161ali\u0173 nuorodos<\/strong><\/p>\n<p dir=\"auto\">Vartotoj\u0173 patogumui \u201eAiviouVape\u201c gali pateikti nuorodas \u012f i\u0161orines svetaines. Mes nekontroliuojame \u0161i\u0173 svetaini\u0173 ir nesame atsakingi u\u017e j\u0173 turin\u012f ar praktik\u0105.<\/p>\n<p dir=\"auto\"><strong>Atsakomyb\u0117s apribojimas d\u0117l produkto<\/strong><\/p>\n<p dir=\"auto\">Tam tikri produktai gali tur\u0117ti konkre\u010di\u0173 atsisakym\u0173, susijusi\u0173 su gr\u0105\u017einimu arba tinkamumu keistis. Prie\u0161 pirkdami per\u017ei\u016br\u0117kite visus konkre\u010di\u0173 produkt\u0173 atsisakymus. Sutikdami su m\u016bs\u0173 taisykl\u0117mis ir s\u0105lygomis atsiskaitydami patvirtinate, kad suprantate visus taikomus atsakomyb\u0117s apribojimus.<\/p>\n<p dir=\"auto\">D\u0117kojame, kad pasirinkote <strong>AiviouVape<\/strong>!<\/p>\n<div class=\"row align-middle\"  id=\"row-1086907329\">\n\n\t<div id=\"col-1860399438\" class=\"col small-12 large-12\"  >\n\t\t\t\t<div class=\"col-inner text-center\"  >\n\t\t\t\n\t\t\t\n<a href=\"https:\/\/aiviouvapes.com\/lt\/shop\/\" class=\"button primary is-shade is-larger box-shadow-4 box-shadow-5-hover\" style=\"border-radius:10px;\">\n\t\t<span>Apsipirkite dabar<\/span>\n\t<\/a>\n\n\t\t<\/div>\n\t\t\t\t\n<style>\n#col-1860399438 > .col-inner {\n  padding: 20px 0px 0px 0px;\n}\n<\/style>\n\t<\/div>\n\n\t\n<\/div>","protected":false},"excerpt":{"rendered":"<p>Welcome to AiviouVape! Please read these terms and conditions carefully before using our website. By accessing and using our site, you agree to comply with the terms outlined here, as well as all applicable laws. If you do not agree with these terms, please discontinue using our website. By making a purchase, you accept these [&#8230;]\n","protected":false},"author":1,"featured_media":0,"parent":0,"menu_order":0,"comment_status":"closed","ping_status":"closed","template":"page-blank-title-center.php","meta":{"footnotes":""},"class_list":["post-9117","page","type-page","status-publish","hentry"],"jetpack_sharing_enabled":true,"_links":{"self":[{"href":"https:\/\/aiviouvapes.com\/lt\/wp-json\/wp\/v2\/pages\/9117","targetHints":{"allow":["GET"]}}],"collection":[{"href":"https:\/\/aiviouvapes.com\/lt\/wp-json\/wp\/v2\/pages"}],"about":[{"href":"https:\/\/aiviouvapes.com\/lt\/wp-json\/wp\/v2\/types\/page"}],"author":[{"embeddable":true,"href":"https:\/\/aiviouvapes.com\/lt\/wp-json\/wp\/v2\/users\/1"}],"replies":[{"embeddable":true,"href":"https:\/\/aiviouvapes.com\/lt\/wp-json\/wp\/v2\/comments?post=9117"}],"version-history":[{"count":0,"href":"https:\/\/aiviouvapes.com\/lt\/wp-json\/wp\/v2\/pages\/9117\/revisions"}],"wp:attachment":[{"href":"https:\/\/aiviouvapes.com\/lt\/wp-json\/wp\/v2\/media?parent=9117"}],"curies":[{"name":"wp","href":"https:\/\/api.w.org\/{rel}","templated":true}]}}