{"id":9111,"date":"2024-08-21T10:48:05","date_gmt":"2024-08-21T10:48:05","guid":{"rendered":"https:\/\/aiviouvapes.com\/?page_id=9111"},"modified":"2024-11-30T20:28:47","modified_gmt":"2024-11-30T12:28:47","slug":"shipping-policy","status":"publish","type":"page","link":"https:\/\/aiviouvapes.com\/lt\/shipping-policy\/","title":{"rendered":"Pristatymo politika"},"content":{"rendered":"<div id=\"text-3729063131\" class=\"text\">\n\t\t\n<header class=\"entry-header text-center\"><\/header>\n<p><strong>Pristatymo politika<\/strong><\/p>\n<p>1. U\u017esakymai bus apdoroti ir i\u0161si\u0173sti per 1-3 darbo dienas. Pristatymo laikas paprastai svyruoja nuo 7 iki 15 darbo dien\u0173. Atkreipkite d\u0117mes\u012f, kad savaitgaliais u\u017esakym\u0173 nesiun\u010diame.<\/p>\n<p>2. Kai u\u017esakymas bus i\u0161si\u0173stas, el. pa\u0161tu atsi\u0173sime sekimo informacij\u0105. Naudodamiesi pateiktu siuntos sekimo numeriu, galite sekti savo siunt\u0105 toliau nurodytoje svetain\u0117je:<\/p>\n<p><a href=\"https:\/\/www.17track.net\/en\" target=\"_blank\" rel=\"nofollow noopener\">https:\/\/www.17track.net\/en<\/a><\/p>\n<p>Po siuntos i\u0161siuntimo skirkite 1-2 dienas, kad svetain\u0117je b\u016bt\u0173 rodomi sekimo atnaujinimai.<\/p>\n<p>3. Galite at\u0161aukti u\u017esakym\u0105 arba atnaujinti pristatymo adres\u0105 bet kuriuo metu iki produkt\u0173 i\u0161siuntimo. Ta\u010diau i\u0161siuntus u\u017esakym\u0105, negalime gr\u0105\u017einti pinig\u0173 ar pakeisti adreso.<\/p>\n<p>4.\u0160alys, su kuriomis galime si\u0173sti\u00a0<strong>DDP<\/strong>\u00a0(<strong>Sumok\u0117tas pristatymo muitas<\/strong>) Metodas, jis nereikalauja atlikti muitin\u0117s formalum\u0173 ir nereikalauja mok\u0117ti joki\u0173 mokes\u010di\u0173.<\/p>\n<ul>\n<li>JAV - \"UPS Express\" (i\u0161skyrus Aliask\u0105 ir Havajus)<\/li>\n<li>Jungtin\u0117 Karalyst\u0117 - Vietinis DPD Express<\/li>\n<li>Europa - \"UPS Express\"\/\"DPD Express\"\/\"DHL Express<\/li>\n<\/ul>\n<p>Europos DDP metodo \u0161ali\u0173 s\u0105ra\u0161ai: Vokietija, Belgija, Liuksemburgas, Nyderlandai, \u010cekija, Lenkija, Kroatija, Slovakija, Slov\u0117nija, Suomija, Danija, \u0160vedija, Austrija, Pranc\u016bzija, Italija, Vengrija, Bulgarija, Lietuva, Estija, Latvija, Graikija, Airija, Portugalija, Ispanija.<\/p>\n<p><strong>Pristatymo laikas konkre\u010diose \u0161alyse:<\/strong><\/p>\n<table style=\"height: 810px;\" width=\"518\">\n<thead>\n<tr>\n<th>\u0160ALIS<\/th>\n<th>PRISTATYMO B\u016aDAS<\/th>\n<th>PRISTATYMO LAIKAS<\/th>\n<\/tr>\n<\/thead>\n<tbody>\n<tr>\n<td>JAV<\/td>\n<td>Vietinis UPS Ground<\/td>\n<td>10-15 dien\u0173<\/td>\n<\/tr>\n<tr>\n<td>JK<\/td>\n<td>Vietinis \"DPD Express<\/td>\n<td>7-12 dien\u0173<\/td>\n<\/tr>\n<tr>\n<td>Vokietija<\/td>\n<td>UPS\/DPD\/DHL Vokietija<\/td>\n<td>8-13 dien\u0173<\/td>\n<\/tr>\n<tr>\n<td>Pranc\u016bzija<\/td>\n<td>UPS\/DPD\/DHL Vokietija<\/td>\n<td>8-13 dien\u0173<\/td>\n<\/tr>\n<tr>\n<td>Belgija<\/td>\n<td>UPS\/DPD\/DHL Vokietija<\/td>\n<td>8-13 dien\u0173<\/td>\n<\/tr>\n<tr>\n<td>Liuksemburgas<\/td>\n<td>UPS\/DPD\/DHL Vokietija<\/td>\n<td>8-13 dien\u0173<\/td>\n<\/tr>\n<tr>\n<td>Nyderlandai<\/td>\n<td>UPS\/DPD\/DHL Vokietija<\/td>\n<td>8-13 dien\u0173<\/td>\n<\/tr>\n<tr>\n<td>\u010cekija<\/td>\n<td>UPS\/DPD\/DHL Vokietija<\/td>\n<td>8-13 dien\u0173<\/td>\n<\/tr>\n<tr>\n<td>Lenkija<\/td>\n<td>UPS\/DPD\/DHL Vokietija<\/td>\n<td>8-13 dien\u0173<\/td>\n<\/tr>\n<tr>\n<td>Kroatija<\/td>\n<td>UPS\/DPD\/DHL Vokietija<\/td>\n<td>8-13 dien\u0173<\/td>\n<\/tr>\n<tr>\n<td>Slovakija<\/td>\n<td>UPS\/DPD\/DHL Vokietija<\/td>\n<td>8-13 dien\u0173<\/td>\n<\/tr>\n<tr>\n<td>Slov\u0117nija<\/td>\n<td>UPS\/DPD\/DHL Vokietija<\/td>\n<td>8-13 dien\u0173<\/td>\n<\/tr>\n<tr>\n<td>Suomija<\/td>\n<td>UPS\/DPD\/DHL Vokietija<\/td>\n<td>8-13 dien\u0173<\/td>\n<\/tr>\n<tr>\n<td>Danija<\/td>\n<td>UPS\/DPD\/DHL Vokietija<\/td>\n<td>8-13 dien\u0173<\/td>\n<\/tr>\n<tr>\n<td>\u0160vedija<\/td>\n<td>UPS\/DPD\/DHL Vokietija<\/td>\n<td>8-13 dien\u0173<\/td>\n<\/tr>\n<tr>\n<td>Austrija<\/td>\n<td>UPS\/DPD\/DHL Vokietija<\/td>\n<td>8-13 dien\u0173<\/td>\n<\/tr>\n<tr>\n<td>Italija<\/td>\n<td>UPS\/DPD\/DHL Vokietija<\/td>\n<td>8-13 dien\u0173<\/td>\n<\/tr>\n<tr>\n<td>Vengrija<\/td>\n<td>UPS\/DPD\/DHL Vokietija<\/td>\n<td>8-13 dien\u0173<\/td>\n<\/tr>\n<tr>\n<td>Lietuva<\/td>\n<td>UPS\/DPD\/DHL Vokietija<\/td>\n<td>8-13 dien\u0173<\/td>\n<\/tr>\n<tr>\n<td>Estija<\/td>\n<td>UPS\/DPD\/DHL Vokietija<\/td>\n<td>8-13 dien\u0173<\/td>\n<\/tr>\n<tr>\n<td>Latvija<\/td>\n<td>UPS\/DPD\/DHL Vokietija<\/td>\n<td>8-13 dien\u0173<\/td>\n<\/tr>\n<tr>\n<td>Graikija<\/td>\n<td>UPS\/DPD\/DHL Vokietija<\/td>\n<td>8-13 dien\u0173<\/td>\n<\/tr>\n<tr>\n<td>Airija<\/td>\n<td>UPS\/DPD\/DHL Vokietija<\/td>\n<td>8-13 dien\u0173<\/td>\n<\/tr>\n<tr>\n<td>Portugalija<\/td>\n<td>UPS\/DPD\/DHL Vokietija<\/td>\n<td>8-13 dien\u0173<\/td>\n<\/tr>\n<tr>\n<td>Ispanija<\/td>\n<td>UPS\/DPD\/DHL Vokietija<\/td>\n<td>8-13 dien\u0173<\/td>\n<\/tr>\n<tr>\n<td>JAE (Dubajus)<\/td>\n<td>Dubajaus specialioji linija<\/td>\n<td>12-18 dien\u0173<\/td>\n<\/tr>\n<tr>\n<td>Piet\u0173 Afrika<\/td>\n<td>Piet\u0173 Afrika skirta linija<\/td>\n<td>15-25 dienos<\/td>\n<\/tr>\n<tr>\n<td>Vietnamas<\/td>\n<td>Vietnamo specialioji linija<\/td>\n<td>3-5 dienos<\/td>\n<\/tr>\n<tr>\n<td>Vakar\u0173 Malaizija<\/td>\n<td>Malaizijos specialioji linija<\/td>\n<td>4-8 dienos<\/td>\n<\/tr>\n<\/tbody>\n<\/table>\n<\/div>\n<\/div>\n<\/div>\n<\/div>\n<div id=\"col-429512057\" class=\"col medium-6 small-12 large-6\"><\/div>\n<\/div>\n<\/div>\n\t\t\n<style>\n#text-3729063131 {\n  text-align: left;\n}\n<\/style>\n\t<\/div>\n\t\n<div class=\"row align-middle\"  id=\"row-1047947756\">\n\n\t<div id=\"col-185001625\" class=\"col small-12 large-12\"  >\n\t\t\t\t<div class=\"col-inner text-center\"  >\n\t\t\t\n\t\t\t\n<a href=\"https:\/\/aiviouvapes.com\/lt\/shop\/\" class=\"button primary is-shade is-larger box-shadow-4 box-shadow-5-hover\" style=\"border-radius:10px;\">\n\t\t<span>Apsipirkite dabar<\/span>\n\t<\/a>\n\n\t\t<\/div>\n\t\t\t\t\n<style>\n#col-185001625 > .col-inner {\n  padding: 20px 0px 0px 0px;\n}\n<\/style>\n\t<\/div>\n\n\t\n<\/div>","protected":false},"excerpt":{"rendered":"","protected":false},"author":1,"featured_media":0,"parent":0,"menu_order":0,"comment_status":"closed","ping_status":"closed","template":"page-blank-title-center.php","meta":{"footnotes":""},"class_list":["post-9111","page","type-page","status-publish","hentry"],"jetpack_sharing_enabled":true,"_links":{"self":[{"href":"https:\/\/aiviouvapes.com\/lt\/wp-json\/wp\/v2\/pages\/9111","targetHints":{"allow":["GET"]}}],"collection":[{"href":"https:\/\/aiviouvapes.com\/lt\/wp-json\/wp\/v2\/pages"}],"about":[{"href":"https:\/\/aiviouvapes.com\/lt\/wp-json\/wp\/v2\/types\/page"}],"author":[{"embeddable":true,"href":"https:\/\/aiviouvapes.com\/lt\/wp-json\/wp\/v2\/users\/1"}],"replies":[{"embeddable":true,"href":"https:\/\/aiviouvapes.com\/lt\/wp-json\/wp\/v2\/comments?post=9111"}],"version-history":[{"count":0,"href":"https:\/\/aiviouvapes.com\/lt\/wp-json\/wp\/v2\/pages\/9111\/revisions"}],"wp:attachment":[{"href":"https:\/\/aiviouvapes.com\/lt\/wp-json\/wp\/v2\/media?parent=9111"}],"curies":[{"name":"wp","href":"https:\/\/api.w.org\/{rel}","templated":true}]}}