{"id":9102,"date":"2024-08-21T10:43:42","date_gmt":"2024-08-21T10:43:42","guid":{"rendered":"https:\/\/aiviouvapes.com\/?page_id=9102"},"modified":"2024-12-18T18:35:34","modified_gmt":"2024-12-18T10:35:34","slug":"how-to-order","status":"publish","type":"page","link":"https:\/\/aiviouvapes.com\/lt\/how-to-order\/","title":{"rendered":"Kaip u\u017esisakyti"},"content":{"rendered":"<header class=\"entry-header text-center\">\n<h1 class=\"entry-title\">Kaip pirkti garintuvus AIVIOU VAPES (su nuotraukomis)<\/h1>\n<\/header>\n<div class=\"entry-content\">\n<p>Sveiki atvyk\u0119 \u012f AIVIOU VAPES! Atlikite \u0161iuos paprastus veiksmus, kad \u012fsigytum\u0117te m\u0117gstam\u0173 vienkartini\u0173 garintuv\u0173 i\u0161 m\u016bs\u0173 internetin\u0117s parduotuv\u0117s.<\/p>\n<h2>1 \u017eingsnis: per\u017ei\u016br\u0117kite m\u016bs\u0173 kolekcij\u0105<\/h2>\n<ol>\n<li><strong>Apsilankykite m\u016bs\u0173 interneto svetain\u0117je<\/strong>: Eikite \u012f\u00a0<a href=\"https:\/\/aiviouvapes.com\/lt\/\" rel=\"noreferrer\">AIVIOUVAPES.com<\/a>.<\/li>\n<li><strong>Pereiti prie produkt\u0173<\/strong>: Spustel\u0117kite \"<a class=\"nav-top-link\" href=\"https:\/\/aiviouvapes.com\/lt\/shop\/\" aria-expanded=\"false\">PARDUOTUV\u0116<\/a>\" meniu puslapio vir\u0161uje.<a href=\"https:\/\/i0.wp.com\/aiviouvapes.com\/wp-content\/uploads\/2024\/08\/shop.jpg?ssl=1\"><img data-recalc-dims=\"1\" loading=\"lazy\" decoding=\"async\" title=\"Kaip u\u017esisakyti\" class=\"alignnone size-full wp-image-9276\" src=\"https:\/\/i0.wp.com\/aiviouvapes.com\/wp-content\/uploads\/2024\/08\/shop.jpg?resize=1020%2C749&#038;ssl=1\" alt=\"Kaip u\u017esisakyti\" width=\"1020\" height=\"749\" srcset=\"https:\/\/i0.wp.com\/aiviouvapes.com\/wp-content\/uploads\/2024\/08\/shop.jpg?w=1121&amp;ssl=1 1121w, https:\/\/i0.wp.com\/aiviouvapes.com\/wp-content\/uploads\/2024\/08\/shop.jpg?resize=300%2C220&amp;ssl=1 300w, https:\/\/i0.wp.com\/aiviouvapes.com\/wp-content\/uploads\/2024\/08\/shop.jpg?resize=1024%2C752&amp;ssl=1 1024w, https:\/\/i0.wp.com\/aiviouvapes.com\/wp-content\/uploads\/2024\/08\/shop.jpg?resize=768%2C564&amp;ssl=1 768w, https:\/\/i0.wp.com\/aiviouvapes.com\/wp-content\/uploads\/2024\/08\/shop.jpg?resize=16%2C12&amp;ssl=1 16w, https:\/\/i0.wp.com\/aiviouvapes.com\/wp-content\/uploads\/2024\/08\/shop.jpg?resize=800%2C587&amp;ssl=1 800w\" sizes=\"auto, (max-width: 1020px) 100vw, 1020px\" \/><\/a><\/li>\n<\/ol>\n<h2>2 \u017eingsnis: pasirinkite savo \"Vape<\/h2>\n<ol>\n<li><strong>Pasirinkite \"Vape<\/strong>: Pasirinkite <b>vape<\/b> jus domina.<\/li>\n<li><strong>Per\u017ei\u016br\u0117ti produktus<\/strong>: Per\u017ei\u016br\u0117kite turimus produktus. Spustel\u0117kite gaminio paveiksl\u0117l\u012f arba pavadinim\u0105, kad pamatytum\u0117te daugiau informacijos.<\/li>\n<\/ol>\n<p><a href=\"https:\/\/i0.wp.com\/aiviouvapes.com\/wp-content\/uploads\/2024\/08\/select_product.jpg?ssl=1\"><img data-recalc-dims=\"1\" loading=\"lazy\" decoding=\"async\" title=\"Kaip u\u017esisakyti\" class=\"alignnone size-full wp-image-9275\" src=\"https:\/\/i0.wp.com\/aiviouvapes.com\/wp-content\/uploads\/2024\/08\/select_product.jpg?resize=1020%2C426&#038;ssl=1\" alt=\"Kaip u\u017esisakyti\" width=\"1020\" height=\"426\" data-wp-editing=\"1\" srcset=\"https:\/\/i0.wp.com\/aiviouvapes.com\/wp-content\/uploads\/2024\/08\/select_product.jpg?w=1916&amp;ssl=1 1916w, https:\/\/i0.wp.com\/aiviouvapes.com\/wp-content\/uploads\/2024\/08\/select_product.jpg?resize=300%2C125&amp;ssl=1 300w, https:\/\/i0.wp.com\/aiviouvapes.com\/wp-content\/uploads\/2024\/08\/select_product.jpg?resize=1024%2C428&amp;ssl=1 1024w, https:\/\/i0.wp.com\/aiviouvapes.com\/wp-content\/uploads\/2024\/08\/select_product.jpg?resize=768%2C321&amp;ssl=1 768w, https:\/\/i0.wp.com\/aiviouvapes.com\/wp-content\/uploads\/2024\/08\/select_product.jpg?resize=1536%2C641&amp;ssl=1 1536w, https:\/\/i0.wp.com\/aiviouvapes.com\/wp-content\/uploads\/2024\/08\/select_product.jpg?resize=18%2C8&amp;ssl=1 18w, https:\/\/i0.wp.com\/aiviouvapes.com\/wp-content\/uploads\/2024\/08\/select_product.jpg?resize=800%2C334&amp;ssl=1 800w\" sizes=\"auto, (max-width: 1020px) 100vw, 1020px\" \/><\/a><\/p>\n<h2>3 \u017eingsnis: pasirinkite produkto informacij\u0105<\/h2>\n<ol>\n<li><strong>Skaityti daugiau informacijos<\/strong>: Produkto puslapyje per\u017ei\u016br\u0117kite apra\u0161ym\u0105, patikrinkite kain\u0105 ir perskaitykite klient\u0173 atsiliepimus.<\/li>\n<li><strong>Pasirinkite kiek\u012f<\/strong>: Pasirinkite norim\u0105 \u012fsigyti kiek\u012f.<\/li>\n<li><strong>\u012e krep\u0161el\u012f<\/strong>: Paspauskite mygtuk\u0105 \"\u012e krep\u0161el\u012f\", nor\u0117dami \u012ftraukti prek\u0119 \u012f pirkini\u0173 krep\u0161el\u012f.<\/li>\n<\/ol>\n<p><a href=\"https:\/\/i0.wp.com\/aiviouvapes.com\/wp-content\/uploads\/2024\/08\/product_detail.png?ssl=1\"><img data-recalc-dims=\"1\" loading=\"lazy\" decoding=\"async\" title=\"Kaip u\u017esisakyti\" class=\"alignnone size-full wp-image-9274\" src=\"https:\/\/i0.wp.com\/aiviouvapes.com\/wp-content\/uploads\/2024\/08\/product_detail.png?resize=1020%2C619&#038;ssl=1\" alt=\"Kaip u\u017esisakyti\" width=\"1020\" height=\"619\" srcset=\"https:\/\/i0.wp.com\/aiviouvapes.com\/wp-content\/uploads\/2024\/08\/product_detail.png?w=1527&amp;ssl=1 1527w, https:\/\/i0.wp.com\/aiviouvapes.com\/wp-content\/uploads\/2024\/08\/product_detail.png?resize=300%2C182&amp;ssl=1 300w, https:\/\/i0.wp.com\/aiviouvapes.com\/wp-content\/uploads\/2024\/08\/product_detail.png?resize=1024%2C622&amp;ssl=1 1024w, https:\/\/i0.wp.com\/aiviouvapes.com\/wp-content\/uploads\/2024\/08\/product_detail.png?resize=768%2C466&amp;ssl=1 768w, https:\/\/i0.wp.com\/aiviouvapes.com\/wp-content\/uploads\/2024\/08\/product_detail.png?resize=18%2C12&amp;ssl=1 18w, https:\/\/i0.wp.com\/aiviouvapes.com\/wp-content\/uploads\/2024\/08\/product_detail.png?resize=800%2C486&amp;ssl=1 800w\" sizes=\"auto, (max-width: 1020px) 100vw, 1020px\" \/><\/a><\/p>\n<\/div>\n<h2>4 \u017eingsnis: per\u017ei\u016br\u0117kite savo krep\u0161el\u012f<\/h2>\n<ol>\n<li><strong>Per\u017ei\u016br\u0117ti krep\u0161el\u012f<\/strong>: Nor\u0117dami per\u017ei\u016br\u0117ti krep\u0161el\u012f, spustel\u0117kite vir\u0161utiniame de\u0161iniajame puslapio kampe esan\u010di\u0105 pirkini\u0173 krep\u0161elio piktogram\u0105.<\/li>\n<li><strong>Per\u017ei\u016bros punktai<\/strong>: \u012esitikinkite, kad visi elementai ir kiekiai yra teisingi.<\/li>\n<li><strong>Pereiti prie kasos<\/strong>: Nor\u0117dami pereiti prie kito \u017eingsnio, spustel\u0117kite mygtuk\u0105 \"Pereiti prie u\u017esakymo\".<\/li>\n<\/ol>\n<p><a href=\"https:\/\/i0.wp.com\/aiviouvapes.com\/wp-content\/uploads\/2024\/08\/cart.png?ssl=1\"><img data-recalc-dims=\"1\" loading=\"lazy\" decoding=\"async\" title=\"Kaip u\u017esisakyti\" class=\"alignnone size-full wp-image-9272\" src=\"https:\/\/i0.wp.com\/aiviouvapes.com\/wp-content\/uploads\/2024\/08\/cart.png?resize=1020%2C383&#038;ssl=1\" alt=\"Kaip u\u017esisakyti\" width=\"1020\" height=\"383\" srcset=\"https:\/\/i0.wp.com\/aiviouvapes.com\/wp-content\/uploads\/2024\/08\/cart.png?w=1768&amp;ssl=1 1768w, https:\/\/i0.wp.com\/aiviouvapes.com\/wp-content\/uploads\/2024\/08\/cart.png?resize=300%2C113&amp;ssl=1 300w, https:\/\/i0.wp.com\/aiviouvapes.com\/wp-content\/uploads\/2024\/08\/cart.png?resize=1024%2C384&amp;ssl=1 1024w, https:\/\/i0.wp.com\/aiviouvapes.com\/wp-content\/uploads\/2024\/08\/cart.png?resize=768%2C288&amp;ssl=1 768w, https:\/\/i0.wp.com\/aiviouvapes.com\/wp-content\/uploads\/2024\/08\/cart.png?resize=1536%2C576&amp;ssl=1 1536w, https:\/\/i0.wp.com\/aiviouvapes.com\/wp-content\/uploads\/2024\/08\/cart.png?resize=18%2C7&amp;ssl=1 18w, https:\/\/i0.wp.com\/aiviouvapes.com\/wp-content\/uploads\/2024\/08\/cart.png?resize=800%2C300&amp;ssl=1 800w\" sizes=\"auto, (max-width: 1020px) 100vw, 1020px\" \/><\/a><\/p>\n<h2>5 veiksmas: Atsiskaitymas<\/h2>\n<ol>\n<li><strong>Atsiskaitymo informacija<\/strong>: U\u017epildykite savo atsiskaitymo duomenis, \u012fskaitant vard\u0105, pavard\u0119, adres\u0105 ir kontaktin\u0119 informacij\u0105.<\/li>\n<li><strong>Pristatymo informacija<\/strong>: Jei skiriasi nuo s\u0105skaitos, \u012fra\u0161ykite pristatymo duomenis.<\/li>\n<li><strong>Mok\u0117jimo b\u016bdas<\/strong>: Pasirinkite pageidaujam\u0105 mok\u0117jimo b\u016bd\u0105.<\/li>\n<li><strong>Per\u017ei\u016br\u0117kite savo u\u017esakym\u0105<\/strong>: Dukart patikrinkite vis\u0105 informacij\u0105, \u012fskaitant elementus, kiekius ir bendr\u0105 sum\u0105.<\/li>\n<li><strong>Pateikite u\u017esakym\u0105<\/strong>: Nor\u0117dami u\u017ebaigti pirkim\u0105, spustel\u0117kite mygtuk\u0105 \"U\u017esakyti\".<\/li>\n<\/ol>\n<p><a href=\"https:\/\/i0.wp.com\/aiviouvapes.com\/wp-content\/uploads\/2024\/08\/checkout.png?ssl=1\"><img data-recalc-dims=\"1\" loading=\"lazy\" decoding=\"async\" title=\"Kaip u\u017esisakyti\" class=\"alignnone size-full wp-image-9273\" src=\"https:\/\/i0.wp.com\/aiviouvapes.com\/wp-content\/uploads\/2024\/08\/checkout.png?resize=1020%2C638&#038;ssl=1\" alt=\"Kaip u\u017esisakyti\" width=\"1020\" height=\"638\" srcset=\"https:\/\/i0.wp.com\/aiviouvapes.com\/wp-content\/uploads\/2024\/08\/checkout.png?w=1328&amp;ssl=1 1328w, https:\/\/i0.wp.com\/aiviouvapes.com\/wp-content\/uploads\/2024\/08\/checkout.png?resize=300%2C188&amp;ssl=1 300w, https:\/\/i0.wp.com\/aiviouvapes.com\/wp-content\/uploads\/2024\/08\/checkout.png?resize=1024%2C640&amp;ssl=1 1024w, https:\/\/i0.wp.com\/aiviouvapes.com\/wp-content\/uploads\/2024\/08\/checkout.png?resize=768%2C480&amp;ssl=1 768w, https:\/\/i0.wp.com\/aiviouvapes.com\/wp-content\/uploads\/2024\/08\/checkout.png?resize=18%2C12&amp;ssl=1 18w, https:\/\/i0.wp.com\/aiviouvapes.com\/wp-content\/uploads\/2024\/08\/checkout.png?resize=800%2C500&amp;ssl=1 800w\" sizes=\"auto, (max-width: 1020px) 100vw, 1020px\" \/><\/a><\/p>\n<h2>6 \u017eingsnis: u\u017esakymo patvirtinimas<\/h2>\n<ol>\n<li><strong>Patvirtinimo prane\u0161imas<\/strong>: Ekrane pamatysite u\u017esakymo patvirtinimo prane\u0161im\u0105 su u\u017esakymo numeriu.<\/li>\n<li><strong>El. pa\u0161to patvirtinimas<\/strong>: Patikrinkite savo el. pa\u0161to d\u0117\u017eut\u0119, kad gautum\u0117te patvirtinimo prane\u0161im\u0105 su visa u\u017esakymo informacija.<\/li>\n<\/ol>\n<div class=\"row align-middle\"  id=\"row-944486926\">\n\n\t<div id=\"col-1821896459\" class=\"col small-12 large-12\"  >\n\t\t\t\t<div class=\"col-inner text-center\"  >\n\t\t\t\n\t\t\t\n<a href=\"https:\/\/aiviouvapes.com\/lt\/shop\/\" class=\"button primary is-shade is-larger box-shadow-4 box-shadow-5-hover\" style=\"border-radius:10px;\">\n\t\t<span>Apsipirkite dabar<\/span>\n\t<\/a>\n\n\t\t<\/div>\n\t\t\t\t\n<style>\n#col-1821896459 > .col-inner {\n  padding: 20px 0px 0px 0px;\n}\n<\/style>\n\t<\/div>\n\n\t\n<\/div>","protected":false},"excerpt":{"rendered":"<p>How to Buy Vapes on AIVIOU VAPES (with Pictures) Welcome to AIVIOU VAPES! Follow these simple steps to purchase your favorite disposable vapes from our online store. Step 1: Browse Our Collection Visit our Homepage: Go to\u00a0AIVIOUVAPES.com. Navigate to Products: Click on the \u201cSHOP\u201d menu at the top of the page. Step 2: Select Your [&#8230;]\n","protected":false},"author":1,"featured_media":0,"parent":0,"menu_order":0,"comment_status":"closed","ping_status":"closed","template":"page-blank-title-center.php","meta":{"footnotes":""},"class_list":["post-9102","page","type-page","status-publish","hentry"],"jetpack_sharing_enabled":true,"_links":{"self":[{"href":"https:\/\/aiviouvapes.com\/lt\/wp-json\/wp\/v2\/pages\/9102","targetHints":{"allow":["GET"]}}],"collection":[{"href":"https:\/\/aiviouvapes.com\/lt\/wp-json\/wp\/v2\/pages"}],"about":[{"href":"https:\/\/aiviouvapes.com\/lt\/wp-json\/wp\/v2\/types\/page"}],"author":[{"embeddable":true,"href":"https:\/\/aiviouvapes.com\/lt\/wp-json\/wp\/v2\/users\/1"}],"replies":[{"embeddable":true,"href":"https:\/\/aiviouvapes.com\/lt\/wp-json\/wp\/v2\/comments?post=9102"}],"version-history":[{"count":0,"href":"https:\/\/aiviouvapes.com\/lt\/wp-json\/wp\/v2\/pages\/9102\/revisions"}],"wp:attachment":[{"href":"https:\/\/aiviouvapes.com\/lt\/wp-json\/wp\/v2\/media?parent=9102"}],"curies":[{"name":"wp","href":"https:\/\/api.w.org\/{rel}","templated":true}]}}