{"id":82324,"date":"2025-11-10T11:55:47","date_gmt":"2025-11-10T03:55:47","guid":{"rendered":"https:\/\/aiviouvapes.com\/?page_id=82324"},"modified":"2025-11-10T13:12:04","modified_gmt":"2025-11-10T05:12:04","slug":"why-waspe-40k-beats-vapsolo-dg18000-puffs","status":"publish","type":"page","link":"https:\/\/aiviouvapes.com\/lt\/why-waspe-40k-beats-vapsolo-dg18000-puffs\/","title":{"rendered":"\"VapSolo DG18000\" tr\u016bksta - su\u017einokite, kod\u0117l vaperiai pereina prie WASPE 40K"},"content":{"rendered":"<div id=\"tab-description\" class=\"woocommerce-Tabs-panel woocommerce-Tabs-panel--description panel entry-content active\" style=\"font-family: Arial, sans-serif; line-height: 1.6; color: #333;\" role=\"tabpanel\" aria-labelledby=\"tab-title-description\">\n<h2 style=\"color: #2c3e50; border-bottom: 2px solid #3498db; padding-bottom: 10px; margin-bottom: 20px;\">Galvojate apie \"VapSolo DG18000\"? Su\u017einokite, kod\u0117l WASPE 40K Double Flavor Twins yra protingesnis atnaujinimas!<\/h2>\n<p style=\"margin-bottom: 20px;\">\"VapSolo DG18000\" yra tvirtas vienkartinis garintuvas, pasi\u017eymintis skland\u017eiais sm\u016bgiais ir gera gar\u0173 kokybe. Ta\u010diau jei ie\u0161kote ka\u017eko, kas ilgiau tarnaut\u0173, b\u016bt\u0173 geresnio skonio ir suteikt\u0173 didesn\u0119 vert\u0119 u\u017e vien\u0105 d\u016bm\u0105, laikas susipa\u017einti su <strong>WASPE 40K dvigubo skonio dvyniai<\/strong>-naujas ilgai i\u0161liekan\u010dio dvigubo skonio aromato etalonas. Panagrin\u0117kime, kod\u0117l protingiems vaperiams neapsimoka pereiti prie WASPE 40K.<\/p>\n<h3 style=\"color: #2980b9; margin-bottom: 15px;\">Susipa\u017einkite su geriausiu pasirinkimu: WASPE 40K dvigubo skonio dvyniai<\/h3>\n<p style=\"margin-bottom: 20px;\">The <strong>WASPE 40K<\/strong> tai ne tik dar vienas vienkartinis prietaisas - tai naujo lygio prietaisas, sukurtas i\u0161tvermei, skoniui ir pasirinkimo laisvei. Dvigubai didesnis i\u0161pur\u0161kiam\u0173 d\u016bm\u0173 skai\u010dius, turtingesni skoniai ir lanks\u010dios nikotino parinktys (0%, 2%, 5%) suteikia auk\u0161\u010diausios kokyb\u0117s garinimo patirt\u012f tiek ma\u017emenininkui, tiek individualiam vartotojui.<\/p>\n<div style=\"display: flex; justify-content: space-around; flex-wrap: wrap; margin: 30px 0;\">\n<div style=\"border: 1px solid #ddd; border-radius: 10px; padding: 20px; text-align: center; width: 45%; box-shadow: 0 4px 8px rgba(0,0,0,0.1); margin-bottom: 20px;\">\n<h4 style=\"color: #e74c3c; margin-top: 0; margin-bottom: 10px;\">Konkurentas<\/h4>\n<p style=\"font-size: 1.5em; font-weight: bold; color: #34495e; margin-bottom: 10px;\"><a href=\"https:\/\/aiviouvapes.com\/lt\/produktas\/vapsolo-dg18000-puffs-2-5-low-nicotine-bulk-buy-rechargeable-disposable-vapes-pen-wholesal\/\">VapSolo DG18000<\/a><\/p>\n<p><img data-recalc-dims=\"1\" loading=\"lazy\" decoding=\"async\" class=\"alignnone wp-image-8724\" src=\"https:\/\/i0.wp.com\/aiviouvapes.com\/wp-content\/uploads\/2024\/08\/DG18000-prime-strawberry-watermelon-600x600-1.png?resize=300%2C300&#038;ssl=1\" alt=\"Vapsolo DG18000 Puffs 2% 5% Ma\u017eas nikotino kiekis Pirkti \u012fkraunam\u0105 vienkartin\u012f Vapes ra\u0161ikl\u012f Didmenin\u0117 prekyba\" width=\"300\" height=\"300\" title=\"\" srcset=\"https:\/\/i0.wp.com\/aiviouvapes.com\/wp-content\/uploads\/2024\/08\/DG18000-prime-strawberry-watermelon-600x600-1.png?w=600&amp;ssl=1 600w, https:\/\/i0.wp.com\/aiviouvapes.com\/wp-content\/uploads\/2024\/08\/DG18000-prime-strawberry-watermelon-600x600-1.png?resize=300%2C300&amp;ssl=1 300w, https:\/\/i0.wp.com\/aiviouvapes.com\/wp-content\/uploads\/2024\/08\/DG18000-prime-strawberry-watermelon-600x600-1.png?resize=150%2C150&amp;ssl=1 150w, https:\/\/i0.wp.com\/aiviouvapes.com\/wp-content\/uploads\/2024\/08\/DG18000-prime-strawberry-watermelon-600x600-1.png?resize=12%2C12&amp;ssl=1 12w, https:\/\/i0.wp.com\/aiviouvapes.com\/wp-content\/uploads\/2024\/08\/DG18000-prime-strawberry-watermelon-600x600-1.png?resize=100%2C100&amp;ssl=1 100w\" sizes=\"auto, (max-width: 300px) 100vw, 300px\" \/><\/p>\n<p>Si\u016bloma 18 000 \u012fp\u016btim\u0173 ir padoraus na\u0161umo, ta\u010diau ribota talpa ir skonio \u012fvairov\u0117 neleid\u017eia jam tapti puikiu.<\/p>\n<\/div>\n<div style=\"border: 1px solid #2ecc71; border-radius: 10px; padding: 20px; text-align: center; width: 45%; box-shadow: 0 4px 8px rgba(0,0,0,0.1); margin-bottom: 20px; background-color: #f0fff4;\">\n<h4 style=\"color: #27ae60; margin-top: 0; margin-bottom: 10px;\">Geresn\u0117 alternatyva<\/h4>\n<p style=\"font-size: 1.5em; font-weight: bold; color: #34495e; margin-bottom: 10px;\"><a style=\"color: #2980b9; text-decoration: none;\" href=\"https:\/\/aiviouvapes.com\/lt\/produktas\/waspe-40k-double-flavor-twins-40000-puffs-disposable-vape-bulk-buy-wholesale\/\">WASPE 40K dvigubo skonio dvyniai<\/a><\/p>\n<p><img data-recalc-dims=\"1\" loading=\"lazy\" decoding=\"async\" class=\"alignnone wp-image-82326\" src=\"https:\/\/i0.wp.com\/aiviouvapes.com\/wp-content\/uploads\/2025\/11\/waspe-40k.png?resize=300%2C300&#038;ssl=1\" alt=\",\" width=\"300\" height=\"300\" title=\"\" srcset=\"https:\/\/i0.wp.com\/aiviouvapes.com\/wp-content\/uploads\/2025\/11\/waspe-40k.png?w=500&amp;ssl=1 500w, https:\/\/i0.wp.com\/aiviouvapes.com\/wp-content\/uploads\/2025\/11\/waspe-40k.png?resize=300%2C300&amp;ssl=1 300w, https:\/\/i0.wp.com\/aiviouvapes.com\/wp-content\/uploads\/2025\/11\/waspe-40k.png?resize=150%2C150&amp;ssl=1 150w, https:\/\/i0.wp.com\/aiviouvapes.com\/wp-content\/uploads\/2025\/11\/waspe-40k.png?resize=12%2C12&amp;ssl=1 12w, https:\/\/i0.wp.com\/aiviouvapes.com\/wp-content\/uploads\/2025\/11\/waspe-40k.png?resize=400%2C400&amp;ssl=1 400w, https:\/\/i0.wp.com\/aiviouvapes.com\/wp-content\/uploads\/2025\/11\/waspe-40k.png?resize=100%2C100&amp;ssl=1 100w\" sizes=\"auto, (max-width: 300px) 100vw, 300px\" \/><\/p>\n<p>Iki 40 000 \u012fp\u016btim\u0173, du aromato rezervuarai, dvi tinklin\u0117s rit\u0117s ir reguliuojamas nikotino kiekis - viskas viename stilingame ir kompakti\u0161kame \u012frenginyje.<\/p>\n<\/div>\n<\/div>\n<p style=\"text-align: center;\"><a href=\"https:\/\/aiviouvapes.com\/lt\/produktas\/waspe-40k-double-flavor-twins-40000-puffs-disposable-vape-bulk-buy-wholesale\/\" target=\"_blank\" class=\"button primary is-primary is-medium\" rel=\"noopener\" >\n\t\t<span>\ud83d\udd25 I\u0161tirti WASPE 40K dabar<\/span>\n\t<\/a>\n\n<h3 style=\"color: #2980b9; margin-bottom: 15px;\">\u0160alia esan\u010di\u0173 produkt\u0173 palyginimas<\/h3>\n<p style=\"margin-bottom: 20px;\">\u010cia ai\u0161kiai matyti, kaip WASPE 40K lenkia \"VapSolo DG18000\" visose pagrindin\u0117se kategorijose - nuo d\u016bm\u0173, na\u0161umo iki kainos.<\/p>\n<table style=\"width: 100%; border-collapse: collapse; margin: 30px 0; box-shadow: 0 4px 8px rgba(0,0,0,0.1);\">\n<thead style=\"background-color: #3498db; color: white;\">\n<tr>\n<th style=\"padding: 12px; border: 1px solid #ddd;\">Funkcija<\/th>\n<th style=\"padding: 12px; border: 1px solid #ddd;\">VapSolo DG18000<\/th>\n<th style=\"padding: 12px; border: 1px solid #ddd; background-color: #2ecc71;\">WASPE 40K dvigubo skonio dvyniai<\/th>\n<\/tr>\n<\/thead>\n<tbody>\n<tr style=\"background-color: #f9f9f9;\">\n<td style=\"padding: 12px; border: 1px solid #ddd;\">Puff skai\u010dius<\/td>\n<td style=\"padding: 12px; border: 1px solid #ddd;\">18,000<\/td>\n<td style=\"padding: 12px; border: 1px solid #ddd;\">40 000 (daugiau kaip 2 kartus ilgesnis veikimas!)<\/td>\n<\/tr>\n<tr>\n<td style=\"padding: 12px; border: 1px solid #ddd;\">E-skys\u010dio talpa<\/td>\n<td style=\"padding: 12px; border: 1px solid #ddd;\">28 ml<\/td>\n<td style=\"padding: 12px; border: 1px solid #ddd;\">36 ml (daugiau sul\u010di\u0173, daugiau pasitenkinimo)<\/td>\n<\/tr>\n<tr style=\"background-color: #f9f9f9;\">\n<td style=\"padding: 12px; border: 1px solid #ddd;\">Rit\u0117s tipas<\/td>\n<td style=\"padding: 12px; border: 1px solid #ddd;\">0,9\u03a9 viengubas tinklelis<\/td>\n<td style=\"padding: 12px; border: 1px solid #ddd;\">Dvigubos tinklin\u0117s rit\u0117s (geresnis garavimas ir skonis)<\/td>\n<\/tr>\n<tr>\n<td style=\"padding: 12px; border: 1px solid #ddd;\">Akumuliatorius<\/td>\n<td style=\"padding: 12px; border: 1px solid #ddd;\">650 mAh \u012fkraunama (C tipo)<\/td>\n<td style=\"padding: 12px; border: 1px solid #ddd;\">850 mAh \u012fkraunama (C tipo, greitesnis \u012fkrovimas)<\/td>\n<\/tr>\n<tr style=\"background-color: #f9f9f9;\">\n<td style=\"padding: 12px; border: 1px solid #ddd;\">Skonio parinktys<\/td>\n<td style=\"padding: 12px; border: 1px solid #ddd;\">Vieno skonio<\/td>\n<td style=\"padding: 12px; border: 1px solid #ddd;\">Du skoniai vienam \u012frenginiui (perjungti bet kada!)<\/td>\n<\/tr>\n<tr>\n<td style=\"padding: 12px; border: 1px solid #ddd;\">Nikotino parinktys<\/td>\n<td style=\"padding: 12px; border: 1px solid #ddd;\">2%, 5%<\/td>\n<td style=\"padding: 12px; border: 1px solid #ddd;\">0%, 2%, 5% (pagal j\u016bs\u0173 skon\u012f)<\/td>\n<\/tr>\n<tr style=\"background-color: #f9f9f9;\">\n<td style=\"padding: 12px; border: 1px solid #ddd;\">Minimalus u\u017esakymas<\/td>\n<td style=\"padding: 12px; border: 1px solid #ddd;\">Ma\u017eiausiai 1 000 vienet\u0173<\/td>\n<td style=\"padding: 12px; border: 1px solid #ddd;\">Ma\u017eas MOQ - tik 10 vienet\u0173 prad\u0117ti!<\/td>\n<\/tr>\n<tr>\n<td style=\"padding: 12px; border: 1px solid #ddd;\">Didmenin\u0117 kaina (400 ir daugiau vienet\u0173)<\/td>\n<td style=\"padding: 12px; border: 1px solid #ddd;\">\u20ac6.50-\u20ac6.99<\/td>\n<td style=\"padding: 12px; border: 1px solid #ddd;\">5,43 \u20ac (geresn\u0117 vert\u0117, ma\u017eesnis MOQ)<\/td>\n<\/tr>\n<tr style=\"background-color: #f9f9f9;\">\n<td style=\"padding: 12px; border: 1px solid #ddd;\">Kod\u0117l verta j\u012f rinktis?<\/td>\n<td style=\"padding: 12px; border: 1px solid #ddd;\">Tinka trumpalaikiam naudojimui ir pastoviam gar\u0173 kiekiui.<\/td>\n<td style=\"padding: 12px; border: 1px solid #ddd;\">Neprilygstamas ilgaam\u017ei\u0161kumas, skonis ir lankstumas.<\/td>\n<\/tr>\n<\/tbody>\n<\/table>\n<h3 style=\"color: #2980b9; margin-bottom: 15px;\">Kod\u0117l WASPE 40K yra ai\u0161kus nugal\u0117tojas<\/h3>\n<div style=\"background-color: #eafaf1; border-left: 5px solid #2ecc71; padding: 20px; margin: 20px 0; border-radius: 5px;\">\n<ul style=\"list-style-type: none; padding: 0; margin: 0;\">\n<li style=\"margin-bottom: 10px;\">\u2705 <strong>2 \u00d7 daugiau nei \"Puffs\":<\/strong> 40 000 \u012fkv\u0117pim\u0173 rei\u0161kia ma\u017eiau pakeitim\u0173, ma\u017eiau atliek\u0173 ir ilgesn\u012f malonum\u0105.<\/li>\n<li style=\"margin-bottom: 10px;\">\u2705 <strong>Dvigubo skonio rezervuarai:<\/strong> Bet kada perjunkite du auk\u0161\u010diausios kokyb\u0117s skonius, tarsi tur\u0117tum\u0117te du garintuvus viename.<\/li>\n<li style=\"margin-bottom: 10px;\">\u2705 <strong>Sodresni ir lygesni debesys:<\/strong> Dviej\u0173 tinkleli\u0173 rit\u0117s sistema padidina gar\u0173 tank\u012f ir skonio nuoseklum\u0105.<\/li>\n<li style=\"margin-bottom: 10px;\">\u2705 <strong>Daugiau akumuliatoriaus energijos:<\/strong> 850 mAh su C tipo greituoju \u012fkrovimu, kad seansai b\u016bt\u0173 ilgesni ir nepertraukiami.<\/li>\n<li style=\"margin-bottom: 10px;\">\u2705 <strong>Lanks\u010dios nikotino parinktys:<\/strong> Atsi\u017evelgdami \u012f savo pageidavimus ar tikslin\u0119 rink\u0105, rinkit\u0117s 0%, 2% arba 5%.<\/li>\n<li style=\"margin-bottom: 10px;\">\n<p data-start=\"204\" data-end=\"643\">\u2705 <strong data-start=\"234\" data-end=\"264\">Ma\u017eesn\u0117 MOQ, geresn\u0117 kainodara:<\/strong> WASPE 40K leid\u017eia auk\u0161\u010diausios kokyb\u0117s garinim\u0105 pasiekti visiems - nuo ma\u017e\u0173 parduotuvi\u0173 savinink\u0173 iki pavieni\u0173 entuziast\u0173. Galite prad\u0117ti nuo <strong data-start=\"392\" data-end=\"427\">minimalus u\u017esakymas - tik 10 vienet\u0173<\/strong>, tod\u0117l lengva i\u0161bandyti, parduoti ar mai\u0161yti skonius ne\u012fsipareigojant dideliam kiekiui. Did\u0117jant u\u017esakymui, vieneto kaina gerokai suma\u017e\u0117ja, tod\u0117l si\u016bloma viena geriausi\u0173 didmenin\u0117s vert\u0117s strukt\u016br\u0173 rinkoje:<\/p>\n<ul data-start=\"645\" data-end=\"839\">\n<li data-start=\"645\" data-end=\"677\">\n<p data-start=\"647\" data-end=\"677\"><strong data-start=\"647\" data-end=\"663\">10 - 29 vnt:<\/strong> 10,67 \u20ac u\u017e kiekvien\u0105<\/p>\n<\/li>\n<li data-start=\"678\" data-end=\"709\">\n<p data-start=\"680\" data-end=\"709\"><strong data-start=\"680\" data-end=\"696\">30 - 49 vnt:<\/strong> 7,73 \u20ac u\u017e kiekvien\u0105<\/p>\n<\/li>\n<li data-start=\"710\" data-end=\"741\">\n<p data-start=\"712\" data-end=\"741\"><strong data-start=\"712\" data-end=\"728\">50 - 99 vnt:<\/strong> 6,60 \u20ac u\u017e kiekvien\u0105<\/p>\n<\/li>\n<li data-start=\"742\" data-end=\"775\">\n<p data-start=\"744\" data-end=\"775\"><strong data-start=\"744\" data-end=\"762\">100-199 vnt:<\/strong> 6,36 \u20ac u\u017e kiekvien\u0105<\/p>\n<\/li>\n<li data-start=\"776\" data-end=\"809\">\n<p data-start=\"778\" data-end=\"809\"><strong data-start=\"778\" data-end=\"796\">200-399 vnt:<\/strong> 5,99 \u20ac u\u017e kiekvien\u0105<\/p>\n<\/li>\n<li data-start=\"810\" data-end=\"839\">\n<p data-start=\"812\" data-end=\"839\"><strong data-start=\"812\" data-end=\"826\">400 + vnt:<\/strong> 5,43 \u20ac u\u017e kiekvien\u0105<\/p>\n<\/li>\n<\/ul>\n<p data-start=\"841\" data-end=\"1256\">Palyginimui, <strong data-start=\"856\" data-end=\"875\">VapSolo DG18000<\/strong> reikia <strong data-start=\"887\" data-end=\"913\">ne ma\u017eiau kaip 1 000 vienet\u0173<\/strong> ir i\u0161laidos <strong data-start=\"924\" data-end=\"950\">6,50 \u20ac - 6,99 \u20ac u\u017e vienet\u0105<\/strong>, tod\u0117l yra ma\u017eiau lankst\u016bs ir brangesni i\u0161 anksto.<br data-start=\"1002\" data-end=\"1005\" \/>WASPE 40K ne tik suteikia jums <strong data-start=\"1034\" data-end=\"1062\">dvigubai didesn\u0117 talpa<\/strong> adresu a <strong data-start=\"1068\" data-end=\"1096\" data-is-only-node=\"\">ma\u017eesn\u0117 minimali investicija<\/strong>, bet taip pat teikia <strong data-start=\"1116\" data-end=\"1141\">didesn\u0117s pelno mar\u017eos.<\/strong> ir <strong data-start=\"1146\" data-end=\"1171\">greitesn\u0117 atsarg\u0173 apyvarta<\/strong> - idealiai tinka tiek perpardav\u0117jams, tiek didmeniniams pirk\u0117jams, vertinantiems efektyvum\u0105 ir prieinamum\u0105.<\/p>\n<\/li>\n<\/ul>\n<\/div>\n<p style=\"text-align: center;\"><a href=\"https:\/\/aiviouvapes.com\/lt\/produktas\/waspe-40k-double-flavor-twins-40000-puffs-disposable-vape-bulk-buy-wholesale\/\" target=\"_blank\" class=\"button secondary is-secondary is-medium\" rel=\"noopener\" >\n\t\t<span>\ud83d\udca8 Gaukite WASPE 40K didmenini\u0173 pasi\u016blym\u0173<\/span>\n\t<\/a>\n\n<h3 style=\"color: #2980b9; margin-bottom: 15px;\">Atsakymai \u012f da\u017eniausiai u\u017eduodamus klausimus<\/h3>\n<div style=\"background-color: #f4f6f7; border-radius: 8px; padding: 20px; margin-bottom: 20px;\">\n<h4 style=\"color: #34495e;\">\ud83e\udd14 \u201cAr WASPE 40K yra sunkesnis ar talpesnis?\u201d<\/h4>\n<p>Ne. Nepaisant didesnio akumuliatoriaus ir dvigub\u0173 bak\u0173, WASPE 40K i\u0161lieka kompakti\u0161kas ir patogus laikyti, tod\u0117l yra toks pat ne\u0161iojamas, kaip ir bet kuris 18K talpos aparatas.<\/p>\n<h4 style=\"color: #34495e;\">\ud83e\udd14 \u201cKokia skonio kokyb\u0117, palyginti su \u201dVapSolo\"?\"<\/h4>\n<p>Dviej\u0173 aku\u010di\u0173 rit\u0117s u\u017etikrina stipresn\u012f, grynesn\u012f skon\u012f ir gar\u0173 sklandum\u0105, kur\u012f naudotojai da\u017enai \u012fvertina auk\u0161\u010diau nei konkurent\u0173 su vienu aku\u010diu.<\/p>\n<h4 style=\"color: #34495e;\">\ud83e\udd14 \u201cAr kaina i\u0161 ties\u0173 yra geresn\u0117?\u201d<\/h4>\n<p>Taip! Net ir turint ma\u017eiau \u012frengini\u0173, vieno \u012frenginio kaina yra ma\u017eesn\u0117, o d\u0117l dvigubai didesn\u0117s talpos - vieno i\u0161pur\u0161kimo kaina yra ma\u017eesn\u0117. <strong>vir\u0161 50% apatin\u0117s<\/strong> nei \"VapSolo DG18000\".<\/p>\n<\/div>\n<h3 style=\"color: #2980b9; margin-top: 40px;\">Atnaujinkite WASPE 40K \u0161iandien<\/h3>\n<p>Dvigubai daugiau puok\u0161\u010di\u0173. Dvigubai daugiau skonio. Geresnis veikimas, lankstumas ir daug geresn\u0117 kaina-WASPE 40K Double Flavor Twins - tai protingesn\u0117 investicija tiek rimtiems r\u016bkaliams, tiek ma\u017emenininkams.<\/p>\n<p style=\"text-align: center;\"><a href=\"https:\/\/aiviouvapes.com\/lt\/produktas\/waspe-40k-double-flavor-twins-40000-puffs-disposable-vape-bulk-buy-wholesale\/\" target=\"_blank\" class=\"button primary is-primary is-medium\" rel=\"noopener\" >\n\t\t<span>\ud83c\udf1f Parduotuv\u0117 WASPE 40K dabar<\/span>\n\t<\/a>\n\n<\/div>","protected":false},"excerpt":{"rendered":"<p>Thinking About VapSolo DG18000? See Why WASPE 40K Double Flavor Twins Is the Smarter Upgrade! The VapSolo DG18000 is a solid disposable vape, known for its smooth hits and good vapor quality. But if you\u2019re seeking something that lasts longer, tastes better, and offers more value per puff, it\u2019s time to meet the WASPE 40K [&#8230;]\n","protected":false},"author":2170,"featured_media":0,"parent":0,"menu_order":0,"comment_status":"closed","ping_status":"closed","template":"","meta":{"footnotes":""},"class_list":["post-82324","page","type-page","status-publish","hentry"],"jetpack_sharing_enabled":true,"_links":{"self":[{"href":"https:\/\/aiviouvapes.com\/lt\/wp-json\/wp\/v2\/pages\/82324","targetHints":{"allow":["GET"]}}],"collection":[{"href":"https:\/\/aiviouvapes.com\/lt\/wp-json\/wp\/v2\/pages"}],"about":[{"href":"https:\/\/aiviouvapes.com\/lt\/wp-json\/wp\/v2\/types\/page"}],"author":[{"embeddable":true,"href":"https:\/\/aiviouvapes.com\/lt\/wp-json\/wp\/v2\/users\/2170"}],"replies":[{"embeddable":true,"href":"https:\/\/aiviouvapes.com\/lt\/wp-json\/wp\/v2\/comments?post=82324"}],"version-history":[{"count":4,"href":"https:\/\/aiviouvapes.com\/lt\/wp-json\/wp\/v2\/pages\/82324\/revisions"}],"predecessor-version":[{"id":82350,"href":"https:\/\/aiviouvapes.com\/lt\/wp-json\/wp\/v2\/pages\/82324\/revisions\/82350"}],"wp:attachment":[{"href":"https:\/\/aiviouvapes.com\/lt\/wp-json\/wp\/v2\/media?parent=82324"}],"curies":[{"name":"wp","href":"https:\/\/api.w.org\/{rel}","templated":true}]}}